{"id":5119,"date":"2021-06-14T10:32:41","date_gmt":"2021-06-14T08:32:41","guid":{"rendered":"https:\/\/gismedalgerie.dz\/?page_id=5119"},"modified":"2021-06-14T10:32:41","modified_gmt":"2021-06-14T08:32:41","slug":"applications-arcgis","status":"publish","type":"page","link":"https:\/\/gismedalgerie.dz\/index.php\/applications-arcgis\/","title":{"rendered":"Applications ArcGIS"},"content":{"rendered":"<h1>Applications ArcGIS<\/h1>\n<p>Une collection d\u2019applications int\u00e9gr\u00e9es bas\u00e9es sur la localisation, qui fonctionnent partout, Elles sont optimis\u00e9es par la plateforme cartographique ArcGIS de pointe. <\/p>\n<p>Sur votre bureau, votre appareil mobile ou dans votre navigateur, d\u00e9marrez vos workflows avec la collection d\u2019applications de localisation int\u00e9gr\u00e9es d\u2019ArcGIS Apps qui sont pr\u00eates \u00e0 fonctionner, o\u00f9 que vous le fassiez. Propuls\u00e9 par le logiciel de cartographie de pointe d\u2019Esri, utilisez la puissance de localisation pour visualiser les donn\u00e9es, am\u00e9liorer la coordination, r\u00e9aliser des gains d\u2019efficacit\u00e9 op\u00e9rationnelle et obtenir des informations. Vos donn\u00e9es faisant autorit\u00e9 m\u00e9ritent une solution aussi sp\u00e9cialis\u00e9e que les informations qu\u2019elles fournissent : assurez-vous que vos \u00e9quipes, sur le terrain ou au bureau, utilisent les m\u00eames donn\u00e9es pour r\u00e9duire les erreurs, augmenter la productivit\u00e9 et \u00e9conomiser de l\u2019argent.<\/p>\n<h2>D\u00e9couvrez les applications ArcGIS disponibles<br \/>\n<\/h2>\n<p>Les applications ArcGIS font le travail gr\u00e2ce \u00e0 leur concentration, \u00e0 leur connaissance g\u00e9ographique et \u00e0 leur pr\u00e9paration au travail. Si aucun d\u2019entre eux ne r\u00e9pond \u00e0 vos besoins sp\u00e9cifiques, nous disposons d\u2019outils dont les utilisateurs peuvent tirer parti pour cr\u00e9er leurs propres applications.<\/p>\n<p>\t\t\t\t\t\t\t\t\t\t\t\t\t\t\t<img loading=\"lazy\" decoding=\"async\" width=\"67\" height=\"65\" src=\"https:\/\/gismedalgerie.dz\/wp-content\/uploads\/2021\/06\/field.jpg\" alt=\"\" loading=\"lazy\" \/><\/p>\n<h4>Applications pour le terrain<\/h4>\n<p>Amener le SIG sur le terrain et revenir\u00a0<\/p>\n<p><a href=\"https:\/\/www.esri.com\/fr-fr\/arcgis\/products\/field-operations\/overview\" target=\"_blank\" rel=\"noopener\" data-custom-analytics=\"true\" data-event=\"track-component\" data-component-name=\"text-link-stack-icon-series\" data-component-link=\"Apps for the Field - Learn more\" data-component-link-placement=\"par0_copy\" data-component-link-type=\"text\" data-link-type=\"internal\">En savoir plus<\/a><\/p>\n<p>\t\t\t\t\t\t\t\t\t\t\t\t\t\t\t<img loading=\"lazy\" decoding=\"async\" width=\"65\" height=\"54\" src=\"https:\/\/gismedalgerie.dz\/wp-content\/uploads\/2021\/06\/office.jpg\" alt=\"\" loading=\"lazy\" \/><\/p>\n<h4>Applications pour Office<\/h4>\n<p>Prenez de meilleures d\u00e9cisions avec Geographic Insights\u00a0<\/p>\n<p><a href=\"http:\/\/www.esri.com\/software\/apps\/office\" target=\"_blank\" rel=\"noopener\" data-custom-analytics=\"true\" data-event=\"track-component\" data-component-name=\"text-link-stack-icon-series\" data-component-link=\"Apps for the Office - Learn more\" data-component-link-placement=\"par1_copy\" data-component-link-type=\"text\" data-link-type=\"internal\">En savoir plus<\/a><\/p>\n<p>\t\t\t\t\t\t\t\t\t\t\t\t\t\t\t<img loading=\"lazy\" decoding=\"async\" width=\"69\" height=\"72\" src=\"https:\/\/gismedalgerie.dz\/wp-content\/uploads\/2021\/06\/community.jpg\" alt=\"\" loading=\"lazy\" \/><\/p>\n<h4>Applications pour la communaut\u00e9<\/h4>\n<p>Engagez votre public\u00a0<\/p>\n<p><a href=\"http:\/\/www.esri.com\/software\/apps\/community\" target=\"_blank\" rel=\"noopener\" data-custom-analytics=\"true\" data-event=\"track-component\" data-component-name=\"text-link-stack-icon-series\" data-component-link=\"Apps for the Community - Learn more\" data-component-link-placement=\"par2_copy\" data-component-link-type=\"text\" data-link-type=\"internal\">En savoir plus<\/a><\/p>\n<p>\t\t\t\t\t\t\t\t\t\t\t\t\t\t\t<img loading=\"lazy\" decoding=\"async\" width=\"62\" height=\"60\" src=\"https:\/\/gismedalgerie.dz\/wp-content\/uploads\/2021\/06\/builders.jpg\" alt=\"\" loading=\"lazy\" \/><\/p>\n<h4>G\u00e9n\u00e9rateurs d\u2019applications<\/h4>\n<p>Cr\u00e9ez vos propres applications, aucun codage requis\u00a0<\/p>\n<p><a href=\"http:\/\/www.esri.com\/software\/apps\/builders\" target=\"_blank\" rel=\"noopener\" data-custom-analytics=\"true\" data-event=\"track-component\" data-component-name=\"text-link-stack-icon-series\" data-component-link=\"App Builders - Learn more\" data-component-link-placement=\"par3_copy\" data-component-link-type=\"text\" data-link-type=\"internal\">En savoir plus<\/a><\/p>\n<h2>Voir toutes les applications<\/h2>\n<p>\t\t\t\t\t\t\t\t\t\t\t\t\t\t\t<img loading=\"lazy\" decoding=\"async\" width=\"342\" height=\"192\" src=\"https:\/\/gismedalgerie.dz\/wp-content\/uploads\/2021\/06\/arcgis-field-maps-card.jpg\" alt=\"\" loading=\"lazy\" srcset=\"https:\/\/gismedalgerie.dz\/wp-content\/uploads\/2021\/06\/arcgis-field-maps-card.jpg 342w, https:\/\/gismedalgerie.dz\/wp-content\/uploads\/2021\/06\/arcgis-field-maps-card-300x168.jpg 300w\" sizes=\"auto, (max-width: 342px) 100vw, 342px\" \/><\/p>\n<h5>ArcGIS Field Maps<\/h5>\n<p>Application tout-en-un, utilisant des cartes bas\u00e9es sur les donn\u00e9es, qui aide les agents de terrain \u00e0 effectuer la collecte et la modification de donn\u00e9es mobiles, \u00e0 trouver des ressources et des informations et \u00e0 signaler leurs localisations en temps r\u00e9el.<\/p>\n<p><a href=\"https:\/\/gismedalgerie.dz\/arcgis-field-maps\/\" data-wplink-url-error=\"true\">En savoir plus<\/a><\/p>\n<p>\t\t\t\t\t\t\t\t\t\t\t\t\t\t\t<img loading=\"lazy\" decoding=\"async\" width=\"342\" height=\"192\" src=\"https:\/\/gismedalgerie.dz\/wp-content\/uploads\/2021\/06\/card-operations-dashboard.jpg\" alt=\"\" loading=\"lazy\" srcset=\"https:\/\/gismedalgerie.dz\/wp-content\/uploads\/2021\/06\/card-operations-dashboard.jpg 342w, https:\/\/gismedalgerie.dz\/wp-content\/uploads\/2021\/06\/card-operations-dashboard-300x168.jpg 300w\" sizes=\"auto, (max-width: 342px) 100vw, 342px\" \/><\/p>\n<h5>Arcgis Dashboards<\/h5>\n<p>B\u00e9n\u00e9ficiez d&#8217;une vue en temps r\u00e9el et d&#8217;une vue d&#8217;ensemble op\u00e9rationnelle. Ajoutez des flux de donn\u00e9es aux \u00e9v\u00e9nements ou op\u00e9rations quotidiennes. Int\u00e9grez des cartes, diagrammes, jauges et histogrammes.<\/p>\n<p><a href=\"https:\/\/gismedalgerie.dz\/arcgis-dashboards\/\" data-wplink-url-error=\"true\">En savoir plus<\/a><\/p>\n<p>\t\t\t\t\t\t\t\t\t\t\t\t\t\t\t<img loading=\"lazy\" decoding=\"async\" width=\"342\" height=\"192\" src=\"https:\/\/gismedalgerie.dz\/wp-content\/uploads\/2021\/06\/card-workforce-for-arcgis.jpg\" alt=\"\" loading=\"lazy\" srcset=\"https:\/\/gismedalgerie.dz\/wp-content\/uploads\/2021\/06\/card-workforce-for-arcgis.jpg 342w, https:\/\/gismedalgerie.dz\/wp-content\/uploads\/2021\/06\/card-workforce-for-arcgis-300x168.jpg 300w\" sizes=\"auto, (max-width: 342px) 100vw, 342px\" \/><\/p>\n<h5>ArcGIS Workforce<\/h5>\n<p>Le personnel et les applications peuvent collaborer. Synchronisez avec d&#8217;autres applications pour obtenir les attributions, acc\u00e9dez \u00e0 ces \u00e9l\u00e9ments et collectez les donn\u00e9es dans un workflow, sur un appareil mobile.<\/p>\n<p><a href=\"https:\/\/www.esrifrance.fr\/workforce.aspx\" target=\"_blank\" rel=\"noopener\">En savoir plus<\/a><\/p>\n<p>\t\t\t\t\t\t\t\t\t\t\t\t\t\t\t<img loading=\"lazy\" decoding=\"async\" width=\"342\" height=\"192\" src=\"https:\/\/gismedalgerie.dz\/wp-content\/uploads\/2021\/06\/card-navigator-for-arcgis.jpg\" alt=\"\" loading=\"lazy\" srcset=\"https:\/\/gismedalgerie.dz\/wp-content\/uploads\/2021\/06\/card-navigator-for-arcgis.jpg 342w, https:\/\/gismedalgerie.dz\/wp-content\/uploads\/2021\/06\/card-navigator-for-arcgis-300x168.jpg 300w\" sizes=\"auto, (max-width: 342px) 100vw, 342px\" \/><\/p>\n<h5>ArcGIS Navigator<\/h5>\n<p>Optimisez la fiabilit\u00e9 de votre personnel. Acc\u00e9dez directement aux ressources, m\u00eame hors ligne. Interagissez facilement avec ArcGIS Collector et d&#8217;autres applications, pour gagner du temps.<\/p>\n<p><a href=\"https:\/\/www.esrifrance.fr\/navigator.aspx\" target=\"_blank\" rel=\"noopener\">En savoir plus<\/a><\/p>\n<p>\t\t\t\t\t\t\t\t\t\t\t\t\t\t\t<img loading=\"lazy\" decoding=\"async\" width=\"342\" height=\"192\" src=\"https:\/\/gismedalgerie.dz\/wp-content\/uploads\/2021\/06\/arcgis-field-maps-card.jpg\" alt=\"\" loading=\"lazy\" srcset=\"https:\/\/gismedalgerie.dz\/wp-content\/uploads\/2021\/06\/arcgis-field-maps-card.jpg 342w, https:\/\/gismedalgerie.dz\/wp-content\/uploads\/2021\/06\/arcgis-field-maps-card-300x168.jpg 300w\" sizes=\"auto, (max-width: 342px) 100vw, 342px\" \/><\/p>\n<h5>ArcGIS QuickCapture<\/h5>\n<p>Application tout-en-un, utilisant des cartes bas\u00e9es sur les donn\u00e9es, qui aide les agents de terrain \u00e0 effectuer la collecte et la modification de donn\u00e9es mobiles, \u00e0 trouver des ressources et des informations et \u00e0 signaler leurs localisations en temps r\u00e9el.<\/p>\n<p><a href=\"https:\/\/gismedalgerie.dz\/arcgis-field-maps\/\" data-wplink-url-error=\"true\">En savoir plus<\/a><\/p>\n<p>\t\t\t\t\t\t\t\t\t\t\t\t\t\t\t<img loading=\"lazy\" decoding=\"async\" width=\"342\" height=\"192\" src=\"https:\/\/gismedalgerie.dz\/wp-content\/uploads\/2021\/06\/card-operations-dashboard.jpg\" alt=\"\" loading=\"lazy\" srcset=\"https:\/\/gismedalgerie.dz\/wp-content\/uploads\/2021\/06\/card-operations-dashboard.jpg 342w, https:\/\/gismedalgerie.dz\/wp-content\/uploads\/2021\/06\/card-operations-dashboard-300x168.jpg 300w\" sizes=\"auto, (max-width: 342px) 100vw, 342px\" \/><\/p>\n<h5>Arcgis Survey123<\/h5>\n<p>B\u00e9n\u00e9ficiez d&#8217;une vue en temps r\u00e9el et d&#8217;une vue d&#8217;ensemble op\u00e9rationnelle. Ajoutez des flux de donn\u00e9es aux \u00e9v\u00e9nements ou op\u00e9rations quotidiennes. Int\u00e9grez des cartes, diagrammes, jauges et histogrammes.<\/p>\n<p><a href=\"https:\/\/gismedalgerie.dz\/arcgis-dashboards\/\" data-wplink-url-error=\"true\">En savoir plus<\/a><\/p>\n<p>\t\t\t\t\t\t\t\t\t\t\t\t\t\t\t<img loading=\"lazy\" decoding=\"async\" width=\"342\" height=\"192\" src=\"https:\/\/gismedalgerie.dz\/wp-content\/uploads\/2021\/06\/card-workforce-for-arcgis.jpg\" alt=\"\" loading=\"lazy\" srcset=\"https:\/\/gismedalgerie.dz\/wp-content\/uploads\/2021\/06\/card-workforce-for-arcgis.jpg 342w, https:\/\/gismedalgerie.dz\/wp-content\/uploads\/2021\/06\/card-workforce-for-arcgis-300x168.jpg 300w\" sizes=\"auto, (max-width: 342px) 100vw, 342px\" \/><\/p>\n<h5>ArcGIS Collector<\/h5>\n<p>Le personnel et les applications peuvent collaborer. Synchronisez avec d&#8217;autres applications pour obtenir les attributions, acc\u00e9dez \u00e0 ces \u00e9l\u00e9ments et collectez les donn\u00e9es dans un workflow, sur un appareil mobile.<\/p>\n<p><a href=\"https:\/\/www.esrifrance.fr\/workforce.aspx\" target=\"_blank\" rel=\"noopener\">En savoir plus<\/a><\/p>\n<p>\t\t\t\t\t\t\t\t\t\t\t\t\t\t\t<img loading=\"lazy\" decoding=\"async\" width=\"342\" height=\"192\" src=\"https:\/\/gismedalgerie.dz\/wp-content\/uploads\/2021\/06\/card-navigator-for-arcgis.jpg\" alt=\"\" loading=\"lazy\" srcset=\"https:\/\/gismedalgerie.dz\/wp-content\/uploads\/2021\/06\/card-navigator-for-arcgis.jpg 342w, https:\/\/gismedalgerie.dz\/wp-content\/uploads\/2021\/06\/card-navigator-for-arcgis-300x168.jpg 300w\" sizes=\"auto, (max-width: 342px) 100vw, 342px\" \/><\/p>\n<h5>ArcGIS Explorer<\/h5>\n<p>Optimisez la fiabilit\u00e9 de votre personnel. Acc\u00e9dez directement aux ressources, m\u00eame hors ligne. Interagissez facilement avec ArcGIS Collector et d&#8217;autres applications, pour gagner du temps.<\/p>\n<p><a href=\"https:\/\/www.esrifrance.fr\/navigator.aspx\" target=\"_blank\" rel=\"noopener\">En savoir plus<\/a><\/p>\n<p>\t\t\t\t\t\t\t\t\t\t\t\t\t\t\t<img loading=\"lazy\" decoding=\"async\" width=\"342\" height=\"192\" src=\"https:\/\/gismedalgerie.dz\/wp-content\/uploads\/2021\/06\/arcgis-field-maps-card.jpg\" alt=\"\" loading=\"lazy\" srcset=\"https:\/\/gismedalgerie.dz\/wp-content\/uploads\/2021\/06\/arcgis-field-maps-card.jpg 342w, https:\/\/gismedalgerie.dz\/wp-content\/uploads\/2021\/06\/arcgis-field-maps-card-300x168.jpg 300w\" sizes=\"auto, (max-width: 342px) 100vw, 342px\" \/><\/p>\n<h5>ArcGIS Experience Builder<\/h5>\n<p>Application tout-en-un, utilisant des cartes bas\u00e9es sur les donn\u00e9es, qui aide les agents de terrain \u00e0 effectuer la collecte et la modification de donn\u00e9es mobiles, \u00e0 trouver des ressources et des informations et \u00e0 signaler leurs localisations en temps r\u00e9el.<\/p>\n<p><a href=\"https:\/\/gismedalgerie.dz\/arcgis-field-maps\/\" data-wplink-url-error=\"true\">En savoir plus<\/a><\/p>\n<p>\t\t\t\t\t\t\t\t\t\t\t\t\t\t\t<img loading=\"lazy\" decoding=\"async\" width=\"342\" height=\"192\" src=\"https:\/\/gismedalgerie.dz\/wp-content\/uploads\/2021\/06\/card-operations-dashboard.jpg\" alt=\"\" loading=\"lazy\" srcset=\"https:\/\/gismedalgerie.dz\/wp-content\/uploads\/2021\/06\/card-operations-dashboard.jpg 342w, https:\/\/gismedalgerie.dz\/wp-content\/uploads\/2021\/06\/card-operations-dashboard-300x168.jpg 300w\" sizes=\"auto, (max-width: 342px) 100vw, 342px\" \/><\/p>\n<h5>Arcgis AppStudio<\/h5>\n<p>B\u00e9n\u00e9ficiez d&#8217;une vue en temps r\u00e9el et d&#8217;une vue d&#8217;ensemble op\u00e9rationnelle. Ajoutez des flux de donn\u00e9es aux \u00e9v\u00e9nements ou op\u00e9rations quotidiennes. Int\u00e9grez des cartes, diagrammes, jauges et histogrammes.<\/p>\n<p><a href=\"https:\/\/gismedalgerie.dz\/arcgis-dashboards\/\" data-wplink-url-error=\"true\">En savoir plus<\/a><\/p>\n<p>\t\t\t\t\t\t\t\t\t\t\t\t\t\t\t<img loading=\"lazy\" decoding=\"async\" width=\"342\" height=\"192\" src=\"https:\/\/gismedalgerie.dz\/wp-content\/uploads\/2021\/06\/card-navigator-for-arcgis.jpg\" alt=\"\" loading=\"lazy\" srcset=\"https:\/\/gismedalgerie.dz\/wp-content\/uploads\/2021\/06\/card-navigator-for-arcgis.jpg 342w, https:\/\/gismedalgerie.dz\/wp-content\/uploads\/2021\/06\/card-navigator-for-arcgis-300x168.jpg 300w\" sizes=\"auto, (max-width: 342px) 100vw, 342px\" \/><\/p>\n<h5>ArcGIS Web AppBuilder<\/h5>\n<p>Optimisez la fiabilit\u00e9 de votre personnel. Acc\u00e9dez directement aux ressources, m\u00eame hors ligne. Interagissez facilement avec ArcGIS Collector et d&#8217;autres applications, pour gagner du temps.<\/p>\n<p><a href=\"https:\/\/www.esrifrance.fr\/navigator.aspx\" target=\"_blank\" rel=\"noopener\">En savoir plus<\/a><\/p>\n<p>\t\t\t\t\t\t\t\t\t\t\t\t\t\t\t<img loading=\"lazy\" decoding=\"async\" width=\"342\" height=\"192\" src=\"https:\/\/gismedalgerie.dz\/wp-content\/uploads\/2021\/06\/card-workforce-for-arcgis.jpg\" alt=\"\" loading=\"lazy\" srcset=\"https:\/\/gismedalgerie.dz\/wp-content\/uploads\/2021\/06\/card-workforce-for-arcgis.jpg 342w, https:\/\/gismedalgerie.dz\/wp-content\/uploads\/2021\/06\/card-workforce-for-arcgis-300x168.jpg 300w\" sizes=\"auto, (max-width: 342px) 100vw, 342px\" \/><\/p>\n<h5><strong>ArcGIS Story Maps<br \/><\/strong><\/h5>\n<p>Le personnel et les applications peuvent collaborer. Synchronisez avec d&#8217;autres applications pour obtenir les attributions, acc\u00e9dez \u00e0 ces \u00e9l\u00e9ments et collectez les donn\u00e9es dans un workflow, sur un appareil mobile.<\/p>\n<p><a href=\"https:\/\/www.esrifrance.fr\/workforce.aspx\" target=\"_blank\" rel=\"noopener\">En savoir plus<\/a><\/p>\n<p>\t\t\t\t\t\t\t\t\t\t\t\t\t\t\t<img loading=\"lazy\" decoding=\"async\" width=\"342\" height=\"192\" src=\"https:\/\/gismedalgerie.dz\/wp-content\/uploads\/2021\/06\/arcgis-field-maps-card.jpg\" alt=\"\" loading=\"lazy\" srcset=\"https:\/\/gismedalgerie.dz\/wp-content\/uploads\/2021\/06\/arcgis-field-maps-card.jpg 342w, https:\/\/gismedalgerie.dz\/wp-content\/uploads\/2021\/06\/arcgis-field-maps-card-300x168.jpg 300w\" sizes=\"auto, (max-width: 342px) 100vw, 342px\" \/><\/p>\n<h5>ArcGIS Experience Builder<\/h5>\n<p>Application tout-en-un, utilisant des cartes bas\u00e9es sur les donn\u00e9es, qui aide les agents de terrain \u00e0 effectuer la collecte et la modification de donn\u00e9es mobiles, \u00e0 trouver des ressources et des informations et \u00e0 signaler leurs localisations en temps r\u00e9el.<\/p>\n<p><a href=\"https:\/\/gismedalgerie.dz\/arcgis-field-maps\/\" data-wplink-url-error=\"true\">En savoir plus<\/a><\/p>\n<p>\t\t\t\t\t\t\t\t\t\t\t\t\t\t\t<img loading=\"lazy\" decoding=\"async\" width=\"342\" height=\"192\" src=\"https:\/\/gismedalgerie.dz\/wp-content\/uploads\/2021\/06\/card-operations-dashboard.jpg\" alt=\"\" loading=\"lazy\" srcset=\"https:\/\/gismedalgerie.dz\/wp-content\/uploads\/2021\/06\/card-operations-dashboard.jpg 342w, https:\/\/gismedalgerie.dz\/wp-content\/uploads\/2021\/06\/card-operations-dashboard-300x168.jpg 300w\" sizes=\"auto, (max-width: 342px) 100vw, 342px\" \/><\/p>\n<h5>Arcgis AppStudio<\/h5>\n<p>B\u00e9n\u00e9ficiez d&#8217;une vue en temps r\u00e9el et d&#8217;une vue d&#8217;ensemble op\u00e9rationnelle. Ajoutez des flux de donn\u00e9es aux \u00e9v\u00e9nements ou op\u00e9rations quotidiennes. Int\u00e9grez des cartes, diagrammes, jauges et histogrammes.<\/p>\n<p><a href=\"https:\/\/gismedalgerie.dz\/arcgis-dashboards\/\" data-wplink-url-error=\"true\">En savoir plus<\/a><\/p>\n<p>\t\t\t\t\t\t\t\t\t\t\t\t\t\t\t<img loading=\"lazy\" decoding=\"async\" width=\"342\" height=\"192\" src=\"https:\/\/gismedalgerie.dz\/wp-content\/uploads\/2021\/06\/card-navigator-for-arcgis.jpg\" alt=\"\" loading=\"lazy\" srcset=\"https:\/\/gismedalgerie.dz\/wp-content\/uploads\/2021\/06\/card-navigator-for-arcgis.jpg 342w, https:\/\/gismedalgerie.dz\/wp-content\/uploads\/2021\/06\/card-navigator-for-arcgis-300x168.jpg 300w\" sizes=\"auto, (max-width: 342px) 100vw, 342px\" \/><\/p>\n<h5>ArcGIS Web AppBuilder<\/h5>\n<p>Optimisez la fiabilit\u00e9 de votre personnel. Acc\u00e9dez directement aux ressources, m\u00eame hors ligne. Interagissez facilement avec ArcGIS Collector et d&#8217;autres applications, pour gagner du temps.<\/p>\n<p><a href=\"https:\/\/www.esrifrance.fr\/navigator.aspx\" target=\"_blank\" rel=\"noopener\">En savoir plus<\/a><\/p>\n<p>\t\t\t\t\t\t\t\t\t\t\t\t\t\t\t<img loading=\"lazy\" decoding=\"async\" width=\"342\" height=\"192\" src=\"https:\/\/gismedalgerie.dz\/wp-content\/uploads\/2021\/06\/card-workforce-for-arcgis.jpg\" alt=\"\" loading=\"lazy\" srcset=\"https:\/\/gismedalgerie.dz\/wp-content\/uploads\/2021\/06\/card-workforce-for-arcgis.jpg 342w, https:\/\/gismedalgerie.dz\/wp-content\/uploads\/2021\/06\/card-workforce-for-arcgis-300x168.jpg 300w\" sizes=\"auto, (max-width: 342px) 100vw, 342px\" \/><\/p>\n<h5><strong>ArcGIS Story Maps<br \/><\/strong><\/h5>\n<p>Le personnel et les applications peuvent collaborer. Synchronisez avec d&#8217;autres applications pour obtenir les attributions, acc\u00e9dez \u00e0 ces \u00e9l\u00e9ments et collectez les donn\u00e9es dans un workflow, sur un appareil mobile.<\/p>\n<p><a href=\"https:\/\/www.esrifrance.fr\/workforce.aspx\" target=\"_blank\" rel=\"noopener\">En savoir plus<\/a><\/p>\n","protected":false},"excerpt":{"rendered":"<p>Applications ArcGIS Une collection d\u2019applications int\u00e9gr\u00e9es bas\u00e9es sur la localisation, qui fonctionnent partout, Elles sont optimis\u00e9es par la plateforme cartographique ArcGIS de pointe. Sur votre bureau, votre appareil mobile ou dans votre navigateur, d\u00e9marrez vos workflows avec la collection d\u2019applications de localisation int\u00e9gr\u00e9es d\u2019ArcGIS Apps qui sont pr\u00eates \u00e0 fonctionner, o\u00f9 que vous le fassiez. [&hellip;]<\/p>\n","protected":false},"author":1,"featured_media":0,"parent":0,"menu_order":0,"comment_status":"closed","ping_status":"closed","template":"","meta":{"footnotes":""},"class_list":["post-5119","page","type-page","status-publish","hentry"],"blocksy_meta":{"styles_descriptor":{"styles":{"desktop":"","tablet":"","mobile":""},"google_fonts":[]}},"yoast_head":"<!-- This site is optimized with the Yoast SEO plugin v25.3 - https:\/\/yoast.com\/wordpress\/plugins\/seo\/ -->\n<title>Applications ArcGIS - Gismed spa<\/title>\n<meta name=\"robots\" content=\"index, follow, max-snippet:-1, max-image-preview:large, max-video-preview:-1\" \/>\n<link rel=\"canonical\" href=\"https:\/\/gismedalgerie.dz\/index.php\/applications-arcgis\/\" \/>\n<meta property=\"og:locale\" content=\"fr_FR\" \/>\n<meta property=\"og:type\" content=\"article\" \/>\n<meta property=\"og:title\" content=\"Applications ArcGIS - Gismed spa\" \/>\n<meta property=\"og:description\" content=\"Applications ArcGIS Une collection d\u2019applications int\u00e9gr\u00e9es bas\u00e9es sur la localisation, qui fonctionnent partout, Elles sont optimis\u00e9es par la plateforme cartographique ArcGIS de pointe. Sur votre bureau, votre appareil mobile ou dans votre navigateur, d\u00e9marrez vos workflows avec la collection d\u2019applications de localisation int\u00e9gr\u00e9es d\u2019ArcGIS Apps qui sont pr\u00eates \u00e0 fonctionner, o\u00f9 que vous le fassiez. [&hellip;]\" \/>\n<meta property=\"og:url\" content=\"https:\/\/gismedalgerie.dz\/index.php\/applications-arcgis\/\" \/>\n<meta property=\"og:site_name\" content=\"Gismed spa\" \/>\n<meta property=\"og:image\" content=\"https:\/\/gismedalgerie.dz\/wp-content\/uploads\/2021\/06\/field.jpg\" \/>\n<meta name=\"twitter:card\" content=\"summary_large_image\" \/>\n<meta name=\"twitter:label1\" content=\"Dur\u00e9e de lecture estim\u00e9e\" \/>\n\t<meta name=\"twitter:data1\" content=\"4 minutes\" \/>\n<script type=\"application\/ld+json\" class=\"yoast-schema-graph\">{\"@context\":\"https:\/\/schema.org\",\"@graph\":[{\"@type\":\"WebPage\",\"@id\":\"https:\/\/gismedalgerie.dz\/index.php\/applications-arcgis\/\",\"url\":\"https:\/\/gismedalgerie.dz\/index.php\/applications-arcgis\/\",\"name\":\"Applications ArcGIS - Gismed spa\",\"isPartOf\":{\"@id\":\"https:\/\/gismedalgerie.dz\/#website\"},\"primaryImageOfPage\":{\"@id\":\"https:\/\/gismedalgerie.dz\/index.php\/applications-arcgis\/#primaryimage\"},\"image\":{\"@id\":\"https:\/\/gismedalgerie.dz\/index.php\/applications-arcgis\/#primaryimage\"},\"thumbnailUrl\":\"https:\/\/gismedalgerie.dz\/wp-content\/uploads\/2021\/06\/field.jpg\",\"datePublished\":\"2021-06-14T08:32:41+00:00\",\"breadcrumb\":{\"@id\":\"https:\/\/gismedalgerie.dz\/index.php\/applications-arcgis\/#breadcrumb\"},\"inLanguage\":\"fr-FR\",\"potentialAction\":[{\"@type\":\"ReadAction\",\"target\":[\"https:\/\/gismedalgerie.dz\/index.php\/applications-arcgis\/\"]}]},{\"@type\":\"ImageObject\",\"inLanguage\":\"fr-FR\",\"@id\":\"https:\/\/gismedalgerie.dz\/index.php\/applications-arcgis\/#primaryimage\",\"url\":\"https:\/\/gismedalgerie.dz\/wp-content\/uploads\/2021\/06\/field.jpg\",\"contentUrl\":\"https:\/\/gismedalgerie.dz\/wp-content\/uploads\/2021\/06\/field.jpg\"},{\"@type\":\"BreadcrumbList\",\"@id\":\"https:\/\/gismedalgerie.dz\/index.php\/applications-arcgis\/#breadcrumb\",\"itemListElement\":[{\"@type\":\"ListItem\",\"position\":1,\"name\":\"Accueil\",\"item\":\"https:\/\/gismedalgerie.dz\/\"},{\"@type\":\"ListItem\",\"position\":2,\"name\":\"Applications ArcGIS\"}]},{\"@type\":\"WebSite\",\"@id\":\"https:\/\/gismedalgerie.dz\/#website\",\"url\":\"https:\/\/gismedalgerie.dz\/\",\"name\":\"Gismed spa\",\"description\":\"\",\"potentialAction\":[{\"@type\":\"SearchAction\",\"target\":{\"@type\":\"EntryPoint\",\"urlTemplate\":\"https:\/\/gismedalgerie.dz\/?s={search_term_string}\"},\"query-input\":{\"@type\":\"PropertyValueSpecification\",\"valueRequired\":true,\"valueName\":\"search_term_string\"}}],\"inLanguage\":\"fr-FR\"}]}<\/script>\n<!-- \/ Yoast SEO plugin. -->","yoast_head_json":{"title":"Applications ArcGIS - Gismed spa","robots":{"index":"index","follow":"follow","max-snippet":"max-snippet:-1","max-image-preview":"max-image-preview:large","max-video-preview":"max-video-preview:-1"},"canonical":"https:\/\/gismedalgerie.dz\/index.php\/applications-arcgis\/","og_locale":"fr_FR","og_type":"article","og_title":"Applications ArcGIS - Gismed spa","og_description":"Applications ArcGIS Une collection d\u2019applications int\u00e9gr\u00e9es bas\u00e9es sur la localisation, qui fonctionnent partout, Elles sont optimis\u00e9es par la plateforme cartographique ArcGIS de pointe. Sur votre bureau, votre appareil mobile ou dans votre navigateur, d\u00e9marrez vos workflows avec la collection d\u2019applications de localisation int\u00e9gr\u00e9es d\u2019ArcGIS Apps qui sont pr\u00eates \u00e0 fonctionner, o\u00f9 que vous le fassiez. [&hellip;]","og_url":"https:\/\/gismedalgerie.dz\/index.php\/applications-arcgis\/","og_site_name":"Gismed spa","og_image":[{"url":"https:\/\/gismedalgerie.dz\/wp-content\/uploads\/2021\/06\/field.jpg","type":"","width":"","height":""}],"twitter_card":"summary_large_image","twitter_misc":{"Dur\u00e9e de lecture estim\u00e9e":"4 minutes"},"schema":{"@context":"https:\/\/schema.org","@graph":[{"@type":"WebPage","@id":"https:\/\/gismedalgerie.dz\/index.php\/applications-arcgis\/","url":"https:\/\/gismedalgerie.dz\/index.php\/applications-arcgis\/","name":"Applications ArcGIS - Gismed spa","isPartOf":{"@id":"https:\/\/gismedalgerie.dz\/#website"},"primaryImageOfPage":{"@id":"https:\/\/gismedalgerie.dz\/index.php\/applications-arcgis\/#primaryimage"},"image":{"@id":"https:\/\/gismedalgerie.dz\/index.php\/applications-arcgis\/#primaryimage"},"thumbnailUrl":"https:\/\/gismedalgerie.dz\/wp-content\/uploads\/2021\/06\/field.jpg","datePublished":"2021-06-14T08:32:41+00:00","breadcrumb":{"@id":"https:\/\/gismedalgerie.dz\/index.php\/applications-arcgis\/#breadcrumb"},"inLanguage":"fr-FR","potentialAction":[{"@type":"ReadAction","target":["https:\/\/gismedalgerie.dz\/index.php\/applications-arcgis\/"]}]},{"@type":"ImageObject","inLanguage":"fr-FR","@id":"https:\/\/gismedalgerie.dz\/index.php\/applications-arcgis\/#primaryimage","url":"https:\/\/gismedalgerie.dz\/wp-content\/uploads\/2021\/06\/field.jpg","contentUrl":"https:\/\/gismedalgerie.dz\/wp-content\/uploads\/2021\/06\/field.jpg"},{"@type":"BreadcrumbList","@id":"https:\/\/gismedalgerie.dz\/index.php\/applications-arcgis\/#breadcrumb","itemListElement":[{"@type":"ListItem","position":1,"name":"Accueil","item":"https:\/\/gismedalgerie.dz\/"},{"@type":"ListItem","position":2,"name":"Applications ArcGIS"}]},{"@type":"WebSite","@id":"https:\/\/gismedalgerie.dz\/#website","url":"https:\/\/gismedalgerie.dz\/","name":"Gismed spa","description":"","potentialAction":[{"@type":"SearchAction","target":{"@type":"EntryPoint","urlTemplate":"https:\/\/gismedalgerie.dz\/?s={search_term_string}"},"query-input":{"@type":"PropertyValueSpecification","valueRequired":true,"valueName":"search_term_string"}}],"inLanguage":"fr-FR"}]}},"_links":{"self":[{"href":"https:\/\/gismedalgerie.dz\/index.php\/wp-json\/wp\/v2\/pages\/5119","targetHints":{"allow":["GET"]}}],"collection":[{"href":"https:\/\/gismedalgerie.dz\/index.php\/wp-json\/wp\/v2\/pages"}],"about":[{"href":"https:\/\/gismedalgerie.dz\/index.php\/wp-json\/wp\/v2\/types\/page"}],"author":[{"embeddable":true,"href":"https:\/\/gismedalgerie.dz\/index.php\/wp-json\/wp\/v2\/users\/1"}],"replies":[{"embeddable":true,"href":"https:\/\/gismedalgerie.dz\/index.php\/wp-json\/wp\/v2\/comments?post=5119"}],"version-history":[{"count":0,"href":"https:\/\/gismedalgerie.dz\/index.php\/wp-json\/wp\/v2\/pages\/5119\/revisions"}],"wp:attachment":[{"href":"https:\/\/gismedalgerie.dz\/index.php\/wp-json\/wp\/v2\/media?parent=5119"}],"curies":[{"name":"wp","href":"https:\/\/api.w.org\/{rel}","templated":true}]}}