{"id":4761,"date":"2021-06-09T15:34:07","date_gmt":"2021-06-09T13:34:07","guid":{"rendered":"https:\/\/gismedalgerie.dz\/?page_id=4761"},"modified":"2021-06-09T15:34:07","modified_gmt":"2021-06-09T13:34:07","slug":"formation-creer-une-application-web-javascript-avec-arcgis-for-server","status":"publish","type":"page","link":"https:\/\/gismedalgerie.dz\/index.php\/formation-creer-une-application-web-javascript-avec-arcgis-for-server\/","title":{"rendered":"Formation Cr\u00e9er une application Web Javascript avec ArcGIS for Server"},"content":{"rendered":"<h2>ArcGIS Enterprise<\/h2>\n<h2>Cr\u00e9er une application Web Javascript avec ArcGIS for Server<\/h2>\n<p>Dur\u00e9e: 02 Jours<\/p>\n<h2>\u00c0 propos de ce cours<\/h2>\n<p>Ce cours explique comment utiliser l\u2019interface API d\u2019ArcGIS pour<br \/>\nJavaScript et Dojo Toolkit pour d\u00e9velopper des applications Web<br \/>\nhautement performantes et conviviales.<br \/>\nVous apprendrez les objets expos\u00e9s dans l\u2019API, la programmation<br \/>\nd\u2019une application JavaScript ainsi que la fa\u00e7on d\u2019enrichir vos<br \/>\napplications par l\u2019int\u00e9gration des services ArcGIS et de contenu<br \/>\nissu d\u2019ArcGIS Online.<br \/>\nBien que ce cours traite principalement des fonctionnalit\u00e9s<br \/>\noffertes avec les services d\u2019ArcGIS 10.X, les notions abord\u00e9es<br \/>\ns\u2019appliquent \u00e9galement aux services h\u00e9berg\u00e9s sur des versions<br \/>\ninf\u00e9rieures d\u2019ArcGIS for Server.<\/p>\n<h2>Objectifs<\/h2>\n<p>\t\tA l&#8217;issue de ce cours, vous serez  en mesure de :<\/p>\n<ul>\n<li>\n\t\t\t\t\t\t\t\t\t\tCr\u00e9er une application comprenant une carte Web issue  d\u2019ArcGIS OnLine;\n\t\t\t\t\t\t\t\t\t<\/li>\n<li>\n\t\t\t\t\t\t\t\t\t\tCr\u00e9er une application int\u00e9grant des donn\u00e9es SIG  provenant de diff\u00e9rents services Web;\n\t\t\t\t\t\t\t\t\t<\/li>\n<li>\n\t\t\t\t\t\t\t\t\t\tAjouter les composantes n\u00e9cessaires \u00e0 la navigation  interactive et \u00e0 l\u2019affichage dynamique des couches de la  carte;\n\t\t\t\t\t\t\t\t\t<\/li>\n<li>\n\t\t\t\t\t\t\t\t\t\tIncorporer des fonctions de requ\u00eates qui permettront aux  utilisateurs de s\u00e9lectionner des entit\u00e9s et d\u2019afficher leurs  attributs;\n\t\t\t\t\t\t\t\t\t<\/li>\n<li>\n\t\t\t\t\t\t\t\t\t\tAjouter des fonctionnalit\u00e9s qui permettront aux utilisateurs  d\u2019effectuer des t\u00e2ches de g\u00e9otraitement et d\u2019en afficher les  r\u00e9sultats;\n\t\t\t\t\t\t\t\t\t<\/li>\n<li>\n\t\t\t\t\t\t\t\t\t\tAjouter des fonctionnalit\u00e9s qui permettront de prendre en  charge la collecte et l\u2019\u00e9dition des donn\u00e9es sur le Web.\n\t\t\t\t\t\t\t\t\t<\/li>\n<\/ul>\n<h2>Comp\u00e9tences sugg\u00e9r\u00e9es<\/h2>\n<ul>\n<li>\n\t\t\t\t\t\t\t\t\t\tCe cours s&#8217;adresse aux d\u00e9veloppeurs Web qui d\u00e9sirent cr\u00e9er  des applications JavaScript comprenant des services ArcGIS et aux sp\u00e9cialistes SIG qui souhaitent cr\u00e9er des applications  JavaScript de cartographie Web.\n\t\t\t\t\t\t\t\t\t<\/li>\n<li>\n\t\t\t\t\t\t\t\t\t\tIl est conseill\u00e9 d&#8217;avoir suivi le cours \u00abIntroduction \u00e0 ArcGIS  for Server (aspect Web)\u00bb ou de poss\u00e9der des connaissances  \u00e9quivalentes.\n\t\t\t\t\t\t\t\t\t<\/li>\n<li>\n\t\t\t\t\t\t\t\t\t\tLes participants doivent \u00e9galement avoir de l&#8217;exp\u00e9rience en  programmation JavaScript, incluant le HTML.\n\t\t\t\t\t\t\t\t\t<\/li>\n<\/ul>\n<h2>Remarque<\/h2>\n<p>le support de cours est en anglais.<\/p>\n","protected":false},"excerpt":{"rendered":"<p>ArcGIS Enterprise Cr\u00e9er une application Web Javascript avec ArcGIS for Server Dur\u00e9e: 02 Jours \u00c0 propos de ce cours Ce cours explique comment utiliser l\u2019interface API d\u2019ArcGIS pour JavaScript et Dojo Toolkit pour d\u00e9velopper des applications Web hautement performantes et conviviales. Vous apprendrez les objets expos\u00e9s dans l\u2019API, la programmation d\u2019une application JavaScript ainsi que [&hellip;]<\/p>\n","protected":false},"author":1,"featured_media":0,"parent":0,"menu_order":0,"comment_status":"closed","ping_status":"closed","template":"","meta":{"footnotes":""},"class_list":["post-4761","page","type-page","status-publish","hentry"],"blocksy_meta":{"styles_descriptor":{"styles":{"desktop":"","tablet":"","mobile":""},"google_fonts":[]}},"yoast_head":"<!-- This site is optimized with the Yoast SEO plugin v25.3 - https:\/\/yoast.com\/wordpress\/plugins\/seo\/ -->\n<title>Formation Cr\u00e9er une application Web Javascript avec ArcGIS for Server - Gismed spa<\/title>\n<meta name=\"robots\" content=\"index, follow, max-snippet:-1, max-image-preview:large, max-video-preview:-1\" \/>\n<link rel=\"canonical\" href=\"https:\/\/gismedalgerie.dz\/index.php\/formation-creer-une-application-web-javascript-avec-arcgis-for-server\/\" \/>\n<meta property=\"og:locale\" content=\"fr_FR\" \/>\n<meta property=\"og:type\" content=\"article\" \/>\n<meta property=\"og:title\" content=\"Formation Cr\u00e9er une application Web Javascript avec ArcGIS for Server - Gismed spa\" \/>\n<meta property=\"og:description\" content=\"ArcGIS Enterprise Cr\u00e9er une application Web Javascript avec ArcGIS for Server Dur\u00e9e: 02 Jours \u00c0 propos de ce cours Ce cours explique comment utiliser l\u2019interface API d\u2019ArcGIS pour JavaScript et Dojo Toolkit pour d\u00e9velopper des applications Web hautement performantes et conviviales. Vous apprendrez les objets expos\u00e9s dans l\u2019API, la programmation d\u2019une application JavaScript ainsi que [&hellip;]\" \/>\n<meta property=\"og:url\" content=\"https:\/\/gismedalgerie.dz\/index.php\/formation-creer-une-application-web-javascript-avec-arcgis-for-server\/\" \/>\n<meta property=\"og:site_name\" content=\"Gismed spa\" \/>\n<meta name=\"twitter:card\" content=\"summary_large_image\" \/>\n<meta name=\"twitter:label1\" content=\"Dur\u00e9e de lecture estim\u00e9e\" \/>\n\t<meta name=\"twitter:data1\" content=\"2 minutes\" \/>\n<script type=\"application\/ld+json\" class=\"yoast-schema-graph\">{\"@context\":\"https:\/\/schema.org\",\"@graph\":[{\"@type\":\"WebPage\",\"@id\":\"https:\/\/gismedalgerie.dz\/index.php\/formation-creer-une-application-web-javascript-avec-arcgis-for-server\/\",\"url\":\"https:\/\/gismedalgerie.dz\/index.php\/formation-creer-une-application-web-javascript-avec-arcgis-for-server\/\",\"name\":\"Formation Cr\u00e9er une application Web Javascript avec ArcGIS for Server - Gismed spa\",\"isPartOf\":{\"@id\":\"https:\/\/gismedalgerie.dz\/#website\"},\"datePublished\":\"2021-06-09T13:34:07+00:00\",\"breadcrumb\":{\"@id\":\"https:\/\/gismedalgerie.dz\/index.php\/formation-creer-une-application-web-javascript-avec-arcgis-for-server\/#breadcrumb\"},\"inLanguage\":\"fr-FR\",\"potentialAction\":[{\"@type\":\"ReadAction\",\"target\":[\"https:\/\/gismedalgerie.dz\/index.php\/formation-creer-une-application-web-javascript-avec-arcgis-for-server\/\"]}]},{\"@type\":\"BreadcrumbList\",\"@id\":\"https:\/\/gismedalgerie.dz\/index.php\/formation-creer-une-application-web-javascript-avec-arcgis-for-server\/#breadcrumb\",\"itemListElement\":[{\"@type\":\"ListItem\",\"position\":1,\"name\":\"Accueil\",\"item\":\"https:\/\/gismedalgerie.dz\/\"},{\"@type\":\"ListItem\",\"position\":2,\"name\":\"Formation Cr\u00e9er une application Web Javascript avec ArcGIS for Server\"}]},{\"@type\":\"WebSite\",\"@id\":\"https:\/\/gismedalgerie.dz\/#website\",\"url\":\"https:\/\/gismedalgerie.dz\/\",\"name\":\"Gismed spa\",\"description\":\"\",\"potentialAction\":[{\"@type\":\"SearchAction\",\"target\":{\"@type\":\"EntryPoint\",\"urlTemplate\":\"https:\/\/gismedalgerie.dz\/?s={search_term_string}\"},\"query-input\":{\"@type\":\"PropertyValueSpecification\",\"valueRequired\":true,\"valueName\":\"search_term_string\"}}],\"inLanguage\":\"fr-FR\"}]}<\/script>\n<!-- \/ Yoast SEO plugin. -->","yoast_head_json":{"title":"Formation Cr\u00e9er une application Web Javascript avec ArcGIS for Server - Gismed spa","robots":{"index":"index","follow":"follow","max-snippet":"max-snippet:-1","max-image-preview":"max-image-preview:large","max-video-preview":"max-video-preview:-1"},"canonical":"https:\/\/gismedalgerie.dz\/index.php\/formation-creer-une-application-web-javascript-avec-arcgis-for-server\/","og_locale":"fr_FR","og_type":"article","og_title":"Formation Cr\u00e9er une application Web Javascript avec ArcGIS for Server - Gismed spa","og_description":"ArcGIS Enterprise Cr\u00e9er une application Web Javascript avec ArcGIS for Server Dur\u00e9e: 02 Jours \u00c0 propos de ce cours Ce cours explique comment utiliser l\u2019interface API d\u2019ArcGIS pour JavaScript et Dojo Toolkit pour d\u00e9velopper des applications Web hautement performantes et conviviales. Vous apprendrez les objets expos\u00e9s dans l\u2019API, la programmation d\u2019une application JavaScript ainsi que [&hellip;]","og_url":"https:\/\/gismedalgerie.dz\/index.php\/formation-creer-une-application-web-javascript-avec-arcgis-for-server\/","og_site_name":"Gismed spa","twitter_card":"summary_large_image","twitter_misc":{"Dur\u00e9e de lecture estim\u00e9e":"2 minutes"},"schema":{"@context":"https:\/\/schema.org","@graph":[{"@type":"WebPage","@id":"https:\/\/gismedalgerie.dz\/index.php\/formation-creer-une-application-web-javascript-avec-arcgis-for-server\/","url":"https:\/\/gismedalgerie.dz\/index.php\/formation-creer-une-application-web-javascript-avec-arcgis-for-server\/","name":"Formation Cr\u00e9er une application Web Javascript avec ArcGIS for Server - Gismed spa","isPartOf":{"@id":"https:\/\/gismedalgerie.dz\/#website"},"datePublished":"2021-06-09T13:34:07+00:00","breadcrumb":{"@id":"https:\/\/gismedalgerie.dz\/index.php\/formation-creer-une-application-web-javascript-avec-arcgis-for-server\/#breadcrumb"},"inLanguage":"fr-FR","potentialAction":[{"@type":"ReadAction","target":["https:\/\/gismedalgerie.dz\/index.php\/formation-creer-une-application-web-javascript-avec-arcgis-for-server\/"]}]},{"@type":"BreadcrumbList","@id":"https:\/\/gismedalgerie.dz\/index.php\/formation-creer-une-application-web-javascript-avec-arcgis-for-server\/#breadcrumb","itemListElement":[{"@type":"ListItem","position":1,"name":"Accueil","item":"https:\/\/gismedalgerie.dz\/"},{"@type":"ListItem","position":2,"name":"Formation Cr\u00e9er une application Web Javascript avec ArcGIS for Server"}]},{"@type":"WebSite","@id":"https:\/\/gismedalgerie.dz\/#website","url":"https:\/\/gismedalgerie.dz\/","name":"Gismed spa","description":"","potentialAction":[{"@type":"SearchAction","target":{"@type":"EntryPoint","urlTemplate":"https:\/\/gismedalgerie.dz\/?s={search_term_string}"},"query-input":{"@type":"PropertyValueSpecification","valueRequired":true,"valueName":"search_term_string"}}],"inLanguage":"fr-FR"}]}},"_links":{"self":[{"href":"https:\/\/gismedalgerie.dz\/index.php\/wp-json\/wp\/v2\/pages\/4761","targetHints":{"allow":["GET"]}}],"collection":[{"href":"https:\/\/gismedalgerie.dz\/index.php\/wp-json\/wp\/v2\/pages"}],"about":[{"href":"https:\/\/gismedalgerie.dz\/index.php\/wp-json\/wp\/v2\/types\/page"}],"author":[{"embeddable":true,"href":"https:\/\/gismedalgerie.dz\/index.php\/wp-json\/wp\/v2\/users\/1"}],"replies":[{"embeddable":true,"href":"https:\/\/gismedalgerie.dz\/index.php\/wp-json\/wp\/v2\/comments?post=4761"}],"version-history":[{"count":0,"href":"https:\/\/gismedalgerie.dz\/index.php\/wp-json\/wp\/v2\/pages\/4761\/revisions"}],"wp:attachment":[{"href":"https:\/\/gismedalgerie.dz\/index.php\/wp-json\/wp\/v2\/media?parent=4761"}],"curies":[{"name":"wp","href":"https:\/\/api.w.org\/{rel}","templated":true}]}}