{"id":4721,"date":"2021-05-08T14:38:13","date_gmt":"2021-05-08T12:38:13","guid":{"rendered":"https:\/\/gismedalgerie.dz\/?page_id=37"},"modified":"2021-05-08T14:38:13","modified_gmt":"2021-05-08T12:38:13","slug":"assistence-technique","status":"publish","type":"page","link":"https:\/\/gismedalgerie.dz\/index.php\/assistence-technique\/","title":{"rendered":"Assistance Technique"},"content":{"rendered":"<h1>Assistance technique<\/h1>\n<p>Recevez rapidement l\u2019excellente aide de notre \u00e9quipe d\u2019assistance technique constitu\u00e9e d\u2019experts en logiciels Esri.<\/p>\n<p>Notre \u00e9quipe d\u2019assistance technique se fait un devoir de vous donner rapidement une aide de qualit\u00e9. Nous pouvons vous guider dans l\u2019installation et l\u2019entretien des logiciels d\u2019Esri.<\/p>\n<p>\t\t\tContacter l&#8217;\u00e9quipe d&#8217;assistance technique<br \/>\n\t\t\t\t\t\t\t\t\t\t\t\t\t\t\t<img loading=\"lazy\" decoding=\"async\" width=\"56\" height=\"68\" src=\"https:\/\/gismedalgerie.dz\/wp-content\/uploads\/2021\/05\/telephone.jpg\" alt=\"\" loading=\"lazy\" \/><br \/>\n\t\t\tT\u00e9l\u00e9phone<\/p>\n<p style=\"text-align: center;\">T\u00e9l: +213 (0) 23 13 58 32 \/ 43<br \/>Mobile: +213 (0) 661 703 302<\/p>\n<p style=\"text-align: center;\">L\u2019assistance t\u00e9l\u00e9phonique est offerte du Dimanche au Jeudi, de 8 h \u00e0 18 h (HE).<\/p>\n<p>\t\t\t\t\t\t\t\t\t\t\t\t\t\t\t<img loading=\"lazy\" decoding=\"async\" width=\"66\" height=\"59\" src=\"https:\/\/gismedalgerie.dz\/wp-content\/uploads\/2021\/05\/Courriel.jpg\" alt=\"\" loading=\"lazy\" \/><br \/>\n\t\t\tCourriel<\/p>\n<h5 style=\"text-align: center;\"><a href=\"mailto:support@gismedalgerie.dz \">support@gismedalgerie.dz<\/a><\/h5>\n<p style=\"text-align: center;\">Si vous avez des questions concernant les licences, l\u2019enregistrement de produits ou le soutien, veuillez communiquer avec le Service \u00e0 la support.<\/p>\n<h2>Guides d\u2019installation et d\u2019utilisation<\/h2>\n<ul>\n<li><a href=\"http:\/\/pro.arcgis.com\/en\/pro-app\/get-started\/install-and-sign-in-to-arcgis-pro.htm\" target=\"_blank\" rel=\"noopener\">ArcGIS Pro : guide de l\u2019utilisateur pour l\u2019installation et l\u2019autorisation<\/a><\/li>\n<li><a href=\"http:\/\/desktop.arcgis.com\/en\/arcmap\/latest\/get-started\/installation-guide\/introduction.htm\" target=\"_blank\" rel=\"noopener\">ArcGIS : Guide d\u2019installation<\/a><\/li>\n<li><a href=\"https:\/\/my.esri.com\/#\/questions\" target=\"_blank\" rel=\"noopener\">Aide aux t\u00e9l\u00e9chargements de logiciel, myesri<\/a><\/li>\n<li><a href=\"http:\/\/desktop.arcgis.com\/en\/arcmap\/latest\/get-started\/setup\/arcgis-desktop-quick-start-guide.htm\" target=\"_blank\" rel=\"noopener\">Guides de d\u00e9marrage rapide d\u2019ArcGIS<\/a><\/li>\n<li><a href=\"http:\/\/support.esri.com\/Downloads\" target=\"_blank\" rel=\"noopener\">T\u00e9l\u00e9chargez des correctifs, des service packs, des exemples de code et d\u2019autres \u00e9l\u00e9ments relatifs \u00e0 un produit sp\u00e9cifique.<\/a><\/li>\n<\/ul>\n<p>\t\t\t\t\t\t\t\t\t\t\t\t\t\t\t<img loading=\"lazy\" decoding=\"async\" width=\"1280\" height=\"600\" src=\"https:\/\/gismedalgerie.dz\/wp-content\/uploads\/2021\/05\/installation-1280x600-1.jpg\" alt=\"\" loading=\"lazy\" srcset=\"https:\/\/gismedalgerie.dz\/wp-content\/uploads\/2021\/05\/installation-1280x600-1.jpg 1280w, https:\/\/gismedalgerie.dz\/wp-content\/uploads\/2021\/05\/installation-1280x600-1-300x141.jpg 300w, https:\/\/gismedalgerie.dz\/wp-content\/uploads\/2021\/05\/installation-1280x600-1-1024x480.jpg 1024w, https:\/\/gismedalgerie.dz\/wp-content\/uploads\/2021\/05\/installation-1280x600-1-768x360.jpg 768w\" sizes=\"auto, (max-width: 1280px) 100vw, 1280px\" \/><br \/>\n\t\t\tNous pouvons vous aider. Contactez-nous.<br \/>\n\t\t[wpforms id=&#8221;2621&#8243; title=&#8221;false&#8221; description=&#8221;false&#8221;]<\/p>\n","protected":false},"excerpt":{"rendered":"<p>Assistance technique Recevez rapidement l\u2019excellente aide de notre \u00e9quipe d\u2019assistance technique constitu\u00e9e d\u2019experts en logiciels Esri. Notre \u00e9quipe d\u2019assistance technique se fait un devoir de vous donner rapidement une aide de qualit\u00e9. Nous pouvons vous guider dans l\u2019installation et l\u2019entretien des logiciels d\u2019Esri. Contacter l&#8217;\u00e9quipe d&#8217;assistance technique T\u00e9l\u00e9phone T\u00e9l: +213 (0) 23 13 58 32 [&hellip;]<\/p>\n","protected":false},"author":1,"featured_media":0,"parent":0,"menu_order":0,"comment_status":"closed","ping_status":"closed","template":"","meta":{"footnotes":""},"class_list":["post-4721","page","type-page","status-publish","hentry"],"blocksy_meta":{"styles_descriptor":{"styles":{"desktop":"","tablet":"","mobile":""},"google_fonts":[]}},"yoast_head":"<!-- This site is optimized with the Yoast SEO plugin v25.3 - https:\/\/yoast.com\/wordpress\/plugins\/seo\/ -->\n<title>Assistance Technique - Gismed spa<\/title>\n<meta name=\"robots\" content=\"index, follow, max-snippet:-1, max-image-preview:large, max-video-preview:-1\" \/>\n<link rel=\"canonical\" href=\"https:\/\/gismedalgerie.dz\/index.php\/assistence-technique\/\" \/>\n<meta property=\"og:locale\" content=\"fr_FR\" \/>\n<meta property=\"og:type\" content=\"article\" \/>\n<meta property=\"og:title\" content=\"Assistance Technique - Gismed spa\" \/>\n<meta property=\"og:description\" content=\"Assistance technique Recevez rapidement l\u2019excellente aide de notre \u00e9quipe d\u2019assistance technique constitu\u00e9e d\u2019experts en logiciels Esri. Notre \u00e9quipe d\u2019assistance technique se fait un devoir de vous donner rapidement une aide de qualit\u00e9. Nous pouvons vous guider dans l\u2019installation et l\u2019entretien des logiciels d\u2019Esri. Contacter l&#8217;\u00e9quipe d&#8217;assistance technique T\u00e9l\u00e9phone T\u00e9l: +213 (0) 23 13 58 32 [&hellip;]\" \/>\n<meta property=\"og:url\" content=\"https:\/\/gismedalgerie.dz\/index.php\/assistence-technique\/\" \/>\n<meta property=\"og:site_name\" content=\"Gismed spa\" \/>\n<meta property=\"og:image\" content=\"https:\/\/gismedalgerie.dz\/wp-content\/uploads\/2021\/05\/telephone.jpg\" \/>\n<meta name=\"twitter:card\" content=\"summary_large_image\" \/>\n<meta name=\"twitter:label1\" content=\"Dur\u00e9e de lecture estim\u00e9e\" \/>\n\t<meta name=\"twitter:data1\" content=\"1 minute\" \/>\n<script type=\"application\/ld+json\" class=\"yoast-schema-graph\">{\"@context\":\"https:\/\/schema.org\",\"@graph\":[{\"@type\":\"WebPage\",\"@id\":\"https:\/\/gismedalgerie.dz\/index.php\/assistence-technique\/\",\"url\":\"https:\/\/gismedalgerie.dz\/index.php\/assistence-technique\/\",\"name\":\"Assistance Technique - Gismed spa\",\"isPartOf\":{\"@id\":\"https:\/\/gismedalgerie.dz\/#website\"},\"primaryImageOfPage\":{\"@id\":\"https:\/\/gismedalgerie.dz\/index.php\/assistence-technique\/#primaryimage\"},\"image\":{\"@id\":\"https:\/\/gismedalgerie.dz\/index.php\/assistence-technique\/#primaryimage\"},\"thumbnailUrl\":\"https:\/\/gismedalgerie.dz\/wp-content\/uploads\/2021\/05\/telephone.jpg\",\"datePublished\":\"2021-05-08T12:38:13+00:00\",\"breadcrumb\":{\"@id\":\"https:\/\/gismedalgerie.dz\/index.php\/assistence-technique\/#breadcrumb\"},\"inLanguage\":\"fr-FR\",\"potentialAction\":[{\"@type\":\"ReadAction\",\"target\":[\"https:\/\/gismedalgerie.dz\/index.php\/assistence-technique\/\"]}]},{\"@type\":\"ImageObject\",\"inLanguage\":\"fr-FR\",\"@id\":\"https:\/\/gismedalgerie.dz\/index.php\/assistence-technique\/#primaryimage\",\"url\":\"https:\/\/gismedalgerie.dz\/wp-content\/uploads\/2021\/05\/telephone.jpg\",\"contentUrl\":\"https:\/\/gismedalgerie.dz\/wp-content\/uploads\/2021\/05\/telephone.jpg\"},{\"@type\":\"BreadcrumbList\",\"@id\":\"https:\/\/gismedalgerie.dz\/index.php\/assistence-technique\/#breadcrumb\",\"itemListElement\":[{\"@type\":\"ListItem\",\"position\":1,\"name\":\"Accueil\",\"item\":\"https:\/\/gismedalgerie.dz\/\"},{\"@type\":\"ListItem\",\"position\":2,\"name\":\"Assistance Technique\"}]},{\"@type\":\"WebSite\",\"@id\":\"https:\/\/gismedalgerie.dz\/#website\",\"url\":\"https:\/\/gismedalgerie.dz\/\",\"name\":\"Gismed spa\",\"description\":\"\",\"potentialAction\":[{\"@type\":\"SearchAction\",\"target\":{\"@type\":\"EntryPoint\",\"urlTemplate\":\"https:\/\/gismedalgerie.dz\/?s={search_term_string}\"},\"query-input\":{\"@type\":\"PropertyValueSpecification\",\"valueRequired\":true,\"valueName\":\"search_term_string\"}}],\"inLanguage\":\"fr-FR\"}]}<\/script>\n<!-- \/ Yoast SEO plugin. -->","yoast_head_json":{"title":"Assistance Technique - Gismed spa","robots":{"index":"index","follow":"follow","max-snippet":"max-snippet:-1","max-image-preview":"max-image-preview:large","max-video-preview":"max-video-preview:-1"},"canonical":"https:\/\/gismedalgerie.dz\/index.php\/assistence-technique\/","og_locale":"fr_FR","og_type":"article","og_title":"Assistance Technique - Gismed spa","og_description":"Assistance technique Recevez rapidement l\u2019excellente aide de notre \u00e9quipe d\u2019assistance technique constitu\u00e9e d\u2019experts en logiciels Esri. Notre \u00e9quipe d\u2019assistance technique se fait un devoir de vous donner rapidement une aide de qualit\u00e9. Nous pouvons vous guider dans l\u2019installation et l\u2019entretien des logiciels d\u2019Esri. Contacter l&#8217;\u00e9quipe d&#8217;assistance technique T\u00e9l\u00e9phone T\u00e9l: +213 (0) 23 13 58 32 [&hellip;]","og_url":"https:\/\/gismedalgerie.dz\/index.php\/assistence-technique\/","og_site_name":"Gismed spa","og_image":[{"url":"https:\/\/gismedalgerie.dz\/wp-content\/uploads\/2021\/05\/telephone.jpg","type":"","width":"","height":""}],"twitter_card":"summary_large_image","twitter_misc":{"Dur\u00e9e de lecture estim\u00e9e":"1 minute"},"schema":{"@context":"https:\/\/schema.org","@graph":[{"@type":"WebPage","@id":"https:\/\/gismedalgerie.dz\/index.php\/assistence-technique\/","url":"https:\/\/gismedalgerie.dz\/index.php\/assistence-technique\/","name":"Assistance Technique - Gismed spa","isPartOf":{"@id":"https:\/\/gismedalgerie.dz\/#website"},"primaryImageOfPage":{"@id":"https:\/\/gismedalgerie.dz\/index.php\/assistence-technique\/#primaryimage"},"image":{"@id":"https:\/\/gismedalgerie.dz\/index.php\/assistence-technique\/#primaryimage"},"thumbnailUrl":"https:\/\/gismedalgerie.dz\/wp-content\/uploads\/2021\/05\/telephone.jpg","datePublished":"2021-05-08T12:38:13+00:00","breadcrumb":{"@id":"https:\/\/gismedalgerie.dz\/index.php\/assistence-technique\/#breadcrumb"},"inLanguage":"fr-FR","potentialAction":[{"@type":"ReadAction","target":["https:\/\/gismedalgerie.dz\/index.php\/assistence-technique\/"]}]},{"@type":"ImageObject","inLanguage":"fr-FR","@id":"https:\/\/gismedalgerie.dz\/index.php\/assistence-technique\/#primaryimage","url":"https:\/\/gismedalgerie.dz\/wp-content\/uploads\/2021\/05\/telephone.jpg","contentUrl":"https:\/\/gismedalgerie.dz\/wp-content\/uploads\/2021\/05\/telephone.jpg"},{"@type":"BreadcrumbList","@id":"https:\/\/gismedalgerie.dz\/index.php\/assistence-technique\/#breadcrumb","itemListElement":[{"@type":"ListItem","position":1,"name":"Accueil","item":"https:\/\/gismedalgerie.dz\/"},{"@type":"ListItem","position":2,"name":"Assistance Technique"}]},{"@type":"WebSite","@id":"https:\/\/gismedalgerie.dz\/#website","url":"https:\/\/gismedalgerie.dz\/","name":"Gismed spa","description":"","potentialAction":[{"@type":"SearchAction","target":{"@type":"EntryPoint","urlTemplate":"https:\/\/gismedalgerie.dz\/?s={search_term_string}"},"query-input":{"@type":"PropertyValueSpecification","valueRequired":true,"valueName":"search_term_string"}}],"inLanguage":"fr-FR"}]}},"_links":{"self":[{"href":"https:\/\/gismedalgerie.dz\/index.php\/wp-json\/wp\/v2\/pages\/4721","targetHints":{"allow":["GET"]}}],"collection":[{"href":"https:\/\/gismedalgerie.dz\/index.php\/wp-json\/wp\/v2\/pages"}],"about":[{"href":"https:\/\/gismedalgerie.dz\/index.php\/wp-json\/wp\/v2\/types\/page"}],"author":[{"embeddable":true,"href":"https:\/\/gismedalgerie.dz\/index.php\/wp-json\/wp\/v2\/users\/1"}],"replies":[{"embeddable":true,"href":"https:\/\/gismedalgerie.dz\/index.php\/wp-json\/wp\/v2\/comments?post=4721"}],"version-history":[{"count":0,"href":"https:\/\/gismedalgerie.dz\/index.php\/wp-json\/wp\/v2\/pages\/4721\/revisions"}],"wp:attachment":[{"href":"https:\/\/gismedalgerie.dz\/index.php\/wp-json\/wp\/v2\/media?parent=4721"}],"curies":[{"name":"wp","href":"https:\/\/api.w.org\/{rel}","templated":true}]}}