{"id":4720,"date":"2021-05-08T14:37:15","date_gmt":"2021-05-08T12:37:15","guid":{"rendered":"https:\/\/gismedalgerie.dz\/?page_id=35"},"modified":"2021-05-08T14:37:15","modified_gmt":"2021-05-08T12:37:15","slug":"centre-de-support","status":"publish","type":"page","link":"https:\/\/gismedalgerie.dz\/index.php\/centre-de-support\/","title":{"rendered":"Centre de Support"},"content":{"rendered":"<h1>Support technique Gismed<\/h1>\n<p>Trouver des r\u00e9ponses \u00e0 vos questions sur\u00a0 la plate-forme Esri\u00a0 ArcGIS<\/p>\n<p>.<\/p>\n<p>Notre \u00e9quipe de Support techniques fait un devoir de vous trouver des r\u00e9ponses \u00e0 vos questions sur ArcGIS; signaler un bogue ou une interruption du service ArcGIS et d\u00e9pannage logiciel.<\/p>\n<p>\t\t\tContacter l&#8217;\u00e9quipe de support technique<br \/>\n\t\t\t\t\t\t\t\t\t\t\t\t\t\t\t<img loading=\"lazy\" decoding=\"async\" width=\"56\" height=\"68\" src=\"https:\/\/gismedalgerie.dz\/wp-content\/uploads\/2021\/05\/telephone.jpg\" alt=\"\" loading=\"lazy\" \/><br \/>\n\t\t\tT\u00e9l\u00e9phone<\/p>\n<p style=\"text-align: center;\">T\u00e9l: +213 (0) 23 13 58 32 \/ 43<br \/>Mobile: +213 (0) 661 703 302<\/p>\n<p style=\"text-align: center;\">L\u2019assistance t\u00e9l\u00e9phonique est offerte du Dimanche au Jeudi, de 8 h \u00e0 18 h (HE).<\/p>\n<p>\t\t\t\t\t\t\t\t\t\t\t\t\t\t\t<img loading=\"lazy\" decoding=\"async\" width=\"66\" height=\"59\" src=\"https:\/\/gismedalgerie.dz\/wp-content\/uploads\/2021\/05\/Courriel.jpg\" alt=\"\" loading=\"lazy\" \/><br \/>\n\t\t\tCourriel<\/p>\n<h5 style=\"text-align: center;\"><a href=\"mailto:support@gismedalgerie.dz \">support@gismedalgerie.dz<\/a><\/h5>\n<p style=\"text-align: center;\">Si vous avez des questions concernant les licences, l\u2019enregistrement de produits ou le soutien, veuillez communiquer avec le Service \u00e0 la support.<\/p>\n<h2>Autres ressources disponibles<\/h2>\n<p style=\"text-align: center;\">Vous pouvez \u00e9galement \u00e0 tout moment acc\u00e9der et dialoguer avec la communaut\u00e9 Esri au travers de ces 2 sites :<\/p>\n<h4>Esri Community<\/h4>\n<p style=\"text-align: center;\">La plateforme collaborative de la communaut\u00e9 Esri pour \u00e9changer et partager avec vos pairs, en France et dans le monde sur tous les sujets li\u00e9s aux usages de la plateforme Esri et dans de nombreux domaines.<\/p>\n<p>\t\t\t<a href=\"https:\/\/community.esri.com\/\" role=\"button\"><br \/>\n\t\t\t\t\t\t               Acc\u00e9dez \u00e0 Esri Community<br \/>\n\t\t\t\t\t<\/a><\/p>\n<h4>Esri support web site<\/h4>\n<p style=\"text-align: center;\">Vous y trouverez de nombreuses informations utiles comme les bases de connaissance, les liens vers les diff\u00e9rentes communaut\u00e9s, les Patches et Services Packs, des scripts et bien plus encore.<\/p>\n<p>\t\t\t<a href=\"https:\/\/support.esri.com\/fr\" role=\"button\"><br \/>\n\t\t\t\t\t\t               Acc\u00e9dez au site du support Esri<br \/>\n\t\t\t\t\t<\/a><br \/>\n\t\t\tNous pouvons vous aider. Contactez-nous.<br \/>\n\t\t[wpforms id=&#8221;2621&#8243; title=&#8221;false&#8221; description=&#8221;false&#8221;]<\/p>\n","protected":false},"excerpt":{"rendered":"<p>Support technique Gismed Trouver des r\u00e9ponses \u00e0 vos questions sur\u00a0 la plate-forme Esri\u00a0 ArcGIS . Notre \u00e9quipe de Support techniques fait un devoir de vous trouver des r\u00e9ponses \u00e0 vos questions sur ArcGIS; signaler un bogue ou une interruption du service ArcGIS et d\u00e9pannage logiciel. Contacter l&#8217;\u00e9quipe de support technique T\u00e9l\u00e9phone T\u00e9l: +213 (0) 23 [&hellip;]<\/p>\n","protected":false},"author":1,"featured_media":0,"parent":0,"menu_order":0,"comment_status":"closed","ping_status":"closed","template":"","meta":{"footnotes":""},"class_list":["post-4720","page","type-page","status-publish","hentry"],"blocksy_meta":{"styles_descriptor":{"styles":{"desktop":"","tablet":"","mobile":""},"google_fonts":[]}},"yoast_head":"<!-- This site is optimized with the Yoast SEO plugin v25.3 - https:\/\/yoast.com\/wordpress\/plugins\/seo\/ -->\n<title>Centre de Support - Gismed spa<\/title>\n<meta name=\"robots\" content=\"index, follow, max-snippet:-1, max-image-preview:large, max-video-preview:-1\" \/>\n<link rel=\"canonical\" href=\"https:\/\/gismedalgerie.dz\/index.php\/centre-de-support\/\" \/>\n<meta property=\"og:locale\" content=\"fr_FR\" \/>\n<meta property=\"og:type\" content=\"article\" \/>\n<meta property=\"og:title\" content=\"Centre de Support - Gismed spa\" \/>\n<meta property=\"og:description\" content=\"Support technique Gismed Trouver des r\u00e9ponses \u00e0 vos questions sur\u00a0 la plate-forme Esri\u00a0 ArcGIS . Notre \u00e9quipe de Support techniques fait un devoir de vous trouver des r\u00e9ponses \u00e0 vos questions sur ArcGIS; signaler un bogue ou une interruption du service ArcGIS et d\u00e9pannage logiciel. Contacter l&#8217;\u00e9quipe de support technique T\u00e9l\u00e9phone T\u00e9l: +213 (0) 23 [&hellip;]\" \/>\n<meta property=\"og:url\" content=\"https:\/\/gismedalgerie.dz\/index.php\/centre-de-support\/\" \/>\n<meta property=\"og:site_name\" content=\"Gismed spa\" \/>\n<meta property=\"og:image\" content=\"https:\/\/gismedalgerie.dz\/wp-content\/uploads\/2021\/05\/telephone.jpg\" \/>\n<meta name=\"twitter:card\" content=\"summary_large_image\" \/>\n<meta name=\"twitter:label1\" content=\"Dur\u00e9e de lecture estim\u00e9e\" \/>\n\t<meta name=\"twitter:data1\" content=\"1 minute\" \/>\n<script type=\"application\/ld+json\" class=\"yoast-schema-graph\">{\"@context\":\"https:\/\/schema.org\",\"@graph\":[{\"@type\":\"WebPage\",\"@id\":\"https:\/\/gismedalgerie.dz\/index.php\/centre-de-support\/\",\"url\":\"https:\/\/gismedalgerie.dz\/index.php\/centre-de-support\/\",\"name\":\"Centre de Support - Gismed spa\",\"isPartOf\":{\"@id\":\"https:\/\/gismedalgerie.dz\/#website\"},\"primaryImageOfPage\":{\"@id\":\"https:\/\/gismedalgerie.dz\/index.php\/centre-de-support\/#primaryimage\"},\"image\":{\"@id\":\"https:\/\/gismedalgerie.dz\/index.php\/centre-de-support\/#primaryimage\"},\"thumbnailUrl\":\"https:\/\/gismedalgerie.dz\/wp-content\/uploads\/2021\/05\/telephone.jpg\",\"datePublished\":\"2021-05-08T12:37:15+00:00\",\"breadcrumb\":{\"@id\":\"https:\/\/gismedalgerie.dz\/index.php\/centre-de-support\/#breadcrumb\"},\"inLanguage\":\"fr-FR\",\"potentialAction\":[{\"@type\":\"ReadAction\",\"target\":[\"https:\/\/gismedalgerie.dz\/index.php\/centre-de-support\/\"]}]},{\"@type\":\"ImageObject\",\"inLanguage\":\"fr-FR\",\"@id\":\"https:\/\/gismedalgerie.dz\/index.php\/centre-de-support\/#primaryimage\",\"url\":\"https:\/\/gismedalgerie.dz\/wp-content\/uploads\/2021\/05\/telephone.jpg\",\"contentUrl\":\"https:\/\/gismedalgerie.dz\/wp-content\/uploads\/2021\/05\/telephone.jpg\"},{\"@type\":\"BreadcrumbList\",\"@id\":\"https:\/\/gismedalgerie.dz\/index.php\/centre-de-support\/#breadcrumb\",\"itemListElement\":[{\"@type\":\"ListItem\",\"position\":1,\"name\":\"Accueil\",\"item\":\"https:\/\/gismedalgerie.dz\/\"},{\"@type\":\"ListItem\",\"position\":2,\"name\":\"Centre de Support\"}]},{\"@type\":\"WebSite\",\"@id\":\"https:\/\/gismedalgerie.dz\/#website\",\"url\":\"https:\/\/gismedalgerie.dz\/\",\"name\":\"Gismed spa\",\"description\":\"\",\"potentialAction\":[{\"@type\":\"SearchAction\",\"target\":{\"@type\":\"EntryPoint\",\"urlTemplate\":\"https:\/\/gismedalgerie.dz\/?s={search_term_string}\"},\"query-input\":{\"@type\":\"PropertyValueSpecification\",\"valueRequired\":true,\"valueName\":\"search_term_string\"}}],\"inLanguage\":\"fr-FR\"}]}<\/script>\n<!-- \/ Yoast SEO plugin. -->","yoast_head_json":{"title":"Centre de Support - Gismed spa","robots":{"index":"index","follow":"follow","max-snippet":"max-snippet:-1","max-image-preview":"max-image-preview:large","max-video-preview":"max-video-preview:-1"},"canonical":"https:\/\/gismedalgerie.dz\/index.php\/centre-de-support\/","og_locale":"fr_FR","og_type":"article","og_title":"Centre de Support - Gismed spa","og_description":"Support technique Gismed Trouver des r\u00e9ponses \u00e0 vos questions sur\u00a0 la plate-forme Esri\u00a0 ArcGIS . Notre \u00e9quipe de Support techniques fait un devoir de vous trouver des r\u00e9ponses \u00e0 vos questions sur ArcGIS; signaler un bogue ou une interruption du service ArcGIS et d\u00e9pannage logiciel. Contacter l&#8217;\u00e9quipe de support technique T\u00e9l\u00e9phone T\u00e9l: +213 (0) 23 [&hellip;]","og_url":"https:\/\/gismedalgerie.dz\/index.php\/centre-de-support\/","og_site_name":"Gismed spa","og_image":[{"url":"https:\/\/gismedalgerie.dz\/wp-content\/uploads\/2021\/05\/telephone.jpg","type":"","width":"","height":""}],"twitter_card":"summary_large_image","twitter_misc":{"Dur\u00e9e de lecture estim\u00e9e":"1 minute"},"schema":{"@context":"https:\/\/schema.org","@graph":[{"@type":"WebPage","@id":"https:\/\/gismedalgerie.dz\/index.php\/centre-de-support\/","url":"https:\/\/gismedalgerie.dz\/index.php\/centre-de-support\/","name":"Centre de Support - Gismed spa","isPartOf":{"@id":"https:\/\/gismedalgerie.dz\/#website"},"primaryImageOfPage":{"@id":"https:\/\/gismedalgerie.dz\/index.php\/centre-de-support\/#primaryimage"},"image":{"@id":"https:\/\/gismedalgerie.dz\/index.php\/centre-de-support\/#primaryimage"},"thumbnailUrl":"https:\/\/gismedalgerie.dz\/wp-content\/uploads\/2021\/05\/telephone.jpg","datePublished":"2021-05-08T12:37:15+00:00","breadcrumb":{"@id":"https:\/\/gismedalgerie.dz\/index.php\/centre-de-support\/#breadcrumb"},"inLanguage":"fr-FR","potentialAction":[{"@type":"ReadAction","target":["https:\/\/gismedalgerie.dz\/index.php\/centre-de-support\/"]}]},{"@type":"ImageObject","inLanguage":"fr-FR","@id":"https:\/\/gismedalgerie.dz\/index.php\/centre-de-support\/#primaryimage","url":"https:\/\/gismedalgerie.dz\/wp-content\/uploads\/2021\/05\/telephone.jpg","contentUrl":"https:\/\/gismedalgerie.dz\/wp-content\/uploads\/2021\/05\/telephone.jpg"},{"@type":"BreadcrumbList","@id":"https:\/\/gismedalgerie.dz\/index.php\/centre-de-support\/#breadcrumb","itemListElement":[{"@type":"ListItem","position":1,"name":"Accueil","item":"https:\/\/gismedalgerie.dz\/"},{"@type":"ListItem","position":2,"name":"Centre de Support"}]},{"@type":"WebSite","@id":"https:\/\/gismedalgerie.dz\/#website","url":"https:\/\/gismedalgerie.dz\/","name":"Gismed spa","description":"","potentialAction":[{"@type":"SearchAction","target":{"@type":"EntryPoint","urlTemplate":"https:\/\/gismedalgerie.dz\/?s={search_term_string}"},"query-input":{"@type":"PropertyValueSpecification","valueRequired":true,"valueName":"search_term_string"}}],"inLanguage":"fr-FR"}]}},"_links":{"self":[{"href":"https:\/\/gismedalgerie.dz\/index.php\/wp-json\/wp\/v2\/pages\/4720","targetHints":{"allow":["GET"]}}],"collection":[{"href":"https:\/\/gismedalgerie.dz\/index.php\/wp-json\/wp\/v2\/pages"}],"about":[{"href":"https:\/\/gismedalgerie.dz\/index.php\/wp-json\/wp\/v2\/types\/page"}],"author":[{"embeddable":true,"href":"https:\/\/gismedalgerie.dz\/index.php\/wp-json\/wp\/v2\/users\/1"}],"replies":[{"embeddable":true,"href":"https:\/\/gismedalgerie.dz\/index.php\/wp-json\/wp\/v2\/comments?post=4720"}],"version-history":[{"count":0,"href":"https:\/\/gismedalgerie.dz\/index.php\/wp-json\/wp\/v2\/pages\/4720\/revisions"}],"wp:attachment":[{"href":"https:\/\/gismedalgerie.dz\/index.php\/wp-json\/wp\/v2\/media?parent=4720"}],"curies":[{"name":"wp","href":"https:\/\/api.w.org\/{rel}","templated":true}]}}