{"id":4719,"date":"2021-05-08T14:36:36","date_gmt":"2021-05-08T12:36:36","guid":{"rendered":"https:\/\/gismedalgerie.dz\/?page_id=8"},"modified":"2021-05-08T14:36:36","modified_gmt":"2021-05-08T12:36:36","slug":"formations","status":"publish","type":"page","link":"https:\/\/gismedalgerie.dz\/index.php\/formations\/","title":{"rendered":"Formations"},"content":{"rendered":"<h1>Formations Gismed<\/h1>\n<p>Le premier centre de formation consacr\u00e9 aux SIG et aux Technologies Esri.<\/p>\n<p>\t\t\t<a href=\"https:\/\/gismedalgerie.dz\/catalogue-de-formations\/\" role=\"button\"><br \/>\n\t\t\t\t\t\tVoir plus le catalogue des formations<br \/>\n\t\t\t\t\t<\/a><\/p>\n<h2>Nous sommes l\u00e0 pour faciliter votre parcours de formation.<\/h2>\n<p>\u00a0<\/p>\n<p>Que vous soyez d\u00e9butant sur ArcGIS ou un professionnel chevronn\u00e9 du SIG qui souhaite ma\u00eetriser les derni\u00e8res technologies, nos ressources peuvent vous aider \u00e0 atteindre vos objectifs.<\/p>\n<h2>Cours professionnel de grande qualit\u00e9<\/h2>\n<p>Nos cours de grande qualit\u00e9 et \u00e0 la fine pointe de la technologie sont adapt\u00e9s \u00e0 vos exigences particuli\u00e8res en mati\u00e8re de formation. Que vous soyez novice, utilisateur exp\u00e9riment\u00e9, d\u00e9veloppeur, concepteur de syst\u00e8mes, administrateur de bases de donn\u00e9es ou gestionnaire, nous pouvons vous aider.<\/p>\n<p>\u00c9tant donn\u00e9 l\u2019importance croissante des SIG pour les entreprises, les administrations publiques et les milieux scolaires, la ma\u00eetrise des technologies SIG est devenue un incontournable. Votre succ\u00e8s est au c\u0153ur des pr\u00e9occupations de Gismed.<\/p>\n<p>Nous travaillons avec vous afin de cr\u00e9er de puissantes solutions SIG qui vous aideront \u00e0 atteindre vos objectifs. Tirez profit de notre exp\u00e9rience reconnue, de notre sens de l\u2019innovation et de notre expertise en mise en \u0153uvre.<\/p>\n<p>\t\t\t<a  data-container-frame=\"enabled\" data-content-showeffect=\"fade\"  data-overlay-showeffect=\"fade\" data-columnposition=\"center\"  data-rowposition=\"middle\" data-portfoliostyle=\"uranus\" data-hover-image=\"none\" data-overlay-type=\"normal\" data-bordersize=\"medium\"  href=\"https:\/\/drive.google.com\/file\/d\/1TimbhFED2jahbpusYPpY1r-2wdMpa0xR\/view?usp=sharin\"><\/p>\n<h3>Catalogue des formations<\/h3>\n<p>T\u00e9l\u00e9chargement<img decoding=\"async\" src=\"https:\/\/gismedalgerie.dz\/wp-content\/uploads\/2021\/05\/leon-Oalh2MojUuk-unsplash-scaled.jpg\" alt=\"Catalogue des formations\"><\/a><\/p>\n<h2>Besoin d\u2019aide ?<\/h2>\n<p>Nous travaillerons avec vous \u00e0 un plan de formation pour votre organisation et la technologie Esri qu\u2019elle met en place.<\/p>\n<p>\t\t\t<a href=\"#contact_formation\" role=\"button\"><br \/>\n\t\t\t\t\t\tCommuniquez avec nous<br \/>\n\t\t\t\t\t<\/a><\/p>\n<h2>Vous avez une question?<\/h2>\n<p>Le site web d\u2019Esri fournit des r\u00e9ponses aux questions les plus fr\u00e9quemment pos\u00e9es sur les formations.<\/p>\n<p>\t\t\t<a href=\"https:\/\/www.esri.com\/training\/help\/\" target=\"_blank\" role=\"button\" rel=\"noopener\"><br \/>\n\t\t\t\t\t\tR\u00e9ponses aux questions<br \/>\n\t\t\t\t\t<\/a><\/p>\n<h2>Solutions de formation<\/h2>\n<p>Acqu\u00e9rir des comp\u00e9tences assurant votre r\u00e9ussite \u00e0 long terme.<\/p>\n<p>\t\t\t<a href=\"https:\/\/gismedalgerie.dz\/catalogue-de-formations\/\" role=\"button\"><br \/>\n\t\t\t\t\t\tCatalogue des Formations<br \/>\n\t\t\t\t\t<\/a><\/p>\n<h2>Centre de Formation<\/h2>\n<p>Gismed dispose d&#8217;un centre de formation met \u00e0 la disposition de ses clients.<\/p>\n<p>\t\t\t<a href=\"#centre_formation\" role=\"button\"><br \/>\n\t\t\t\t\t\tD\u00e9couvrir nos centres de formations<br \/>\n\t\t\t\t\t<\/a><\/p>\n<h2>Comment pouvons nous vous aider ?<\/h2>\n<h2>Contactez nous !<\/h2>\n<h2>\n          Nous sommes \u00e0 votre disposition pour r\u00e9pondre \u00e0 vos questions et vous faire d\u00e9couvrir tout ce que les formations Esri France peuvent vous apporter.<br \/>N\u2019h\u00e9sitez pas \u00e0 nous interroger, nous serons heureux d&#8217;en parler avec vous.<br \/>\n        <\/h2>\n<h2>D\u00e9couvrir nos Centres<\/h2>\n<p>\t\t\t<iframe frameborder=\"0\" scrolling=\"no\" marginheight=\"0\" marginwidth=\"0\" src=\"https:\/\/maps.google.com\/maps?q=GISMED%20SPA%2C%20Ch%C3%A9raga&amp;t=m&amp;z=10&amp;output=embed&amp;iwloc=near\" title=\"GISMED SPA, Ch\u00e9raga\" aria-label=\"GISMED SPA, Ch\u00e9raga\"><\/iframe><\/p>\n<h2>Reach us through<\/h2>\n<ul>\n<li>\n\t\t\t\t\t\t\t\t\t\tCentre Commercial et d\u2019Affaires AL QODS, Ch\u00e9raga, 16002 ALGER\n\t\t\t\t\t\t\t\t\t<\/li>\n<li>\n\t\t\t\t\t\t\t\t\t\tCentre de formation : Ascenseurs 20\/21, Aile Sud, 4\u00e8me \u00e9tage, Bureau 08-28\n\t\t\t\t\t\t\t\t\t<\/li>\n<\/ul>\n<h2>Reach us through<\/h2>\n<ul>\n<li>\n\t\t\t\t\t\t\t\t\t\t+213 (0) 23 135 840\n\t\t\t\t\t\t\t\t\t<\/li>\n<li>\n\t\t\t\t\t\t\t\t\t\t+213 (0) 23 135 841\n\t\t\t\t\t\t\t\t\t<\/li>\n<li>\n\t\t\t\t\t<a href=\"mailto:formation@gismedalgerize.dz\"><br \/>\n\t\t\t\t\t\t\t\t\t\tformation@gismedalgerie.dz<br \/>\n\t\t\t\t\t\t\t\t\t\t\t<\/a>\n\t\t\t\t\t\t\t\t\t<\/li>\n<\/ul>\n<h2>Demande de renseignement concernant la formation<\/h2>\n<p>\t\t[wpforms id=&#8221;1901&#8243;]<\/p>\n","protected":false},"excerpt":{"rendered":"<p>Formations Gismed Le premier centre de formation consacr\u00e9 aux SIG et aux Technologies Esri. Voir plus le catalogue des formations Nous sommes l\u00e0 pour faciliter votre parcours de formation. \u00a0 Que vous soyez d\u00e9butant sur ArcGIS ou un professionnel chevronn\u00e9 du SIG qui souhaite ma\u00eetriser les derni\u00e8res technologies, nos ressources peuvent vous aider \u00e0 atteindre [&hellip;]<\/p>\n","protected":false},"author":1,"featured_media":0,"parent":0,"menu_order":0,"comment_status":"closed","ping_status":"closed","template":"","meta":{"footnotes":""},"class_list":["post-4719","page","type-page","status-publish","hentry"],"blocksy_meta":{"styles_descriptor":{"styles":{"desktop":"","tablet":"","mobile":""},"google_fonts":[]}},"yoast_head":"<!-- This site is optimized with the Yoast SEO plugin v25.3 - https:\/\/yoast.com\/wordpress\/plugins\/seo\/ -->\n<title>Formations - Gismed spa<\/title>\n<meta name=\"robots\" content=\"index, follow, max-snippet:-1, max-image-preview:large, max-video-preview:-1\" \/>\n<link rel=\"canonical\" href=\"https:\/\/gismedalgerie.dz\/index.php\/formations\/\" \/>\n<meta property=\"og:locale\" content=\"fr_FR\" \/>\n<meta property=\"og:type\" content=\"article\" \/>\n<meta property=\"og:title\" content=\"Formations - Gismed spa\" \/>\n<meta property=\"og:description\" content=\"Formations Gismed Le premier centre de formation consacr\u00e9 aux SIG et aux Technologies Esri. Voir plus le catalogue des formations Nous sommes l\u00e0 pour faciliter votre parcours de formation. \u00a0 Que vous soyez d\u00e9butant sur ArcGIS ou un professionnel chevronn\u00e9 du SIG qui souhaite ma\u00eetriser les derni\u00e8res technologies, nos ressources peuvent vous aider \u00e0 atteindre [&hellip;]\" \/>\n<meta property=\"og:url\" content=\"https:\/\/gismedalgerie.dz\/index.php\/formations\/\" \/>\n<meta property=\"og:site_name\" content=\"Gismed spa\" \/>\n<meta property=\"og:image\" content=\"https:\/\/gismedalgerie.dz\/wp-content\/uploads\/2021\/05\/leon-Oalh2MojUuk-unsplash-scaled.jpg\" \/>\n<meta name=\"twitter:card\" content=\"summary_large_image\" \/>\n<meta name=\"twitter:label1\" content=\"Dur\u00e9e de lecture estim\u00e9e\" \/>\n\t<meta name=\"twitter:data1\" content=\"2 minutes\" \/>\n<script type=\"application\/ld+json\" class=\"yoast-schema-graph\">{\"@context\":\"https:\/\/schema.org\",\"@graph\":[{\"@type\":\"WebPage\",\"@id\":\"https:\/\/gismedalgerie.dz\/index.php\/formations\/\",\"url\":\"https:\/\/gismedalgerie.dz\/index.php\/formations\/\",\"name\":\"Formations - Gismed spa\",\"isPartOf\":{\"@id\":\"https:\/\/gismedalgerie.dz\/#website\"},\"primaryImageOfPage\":{\"@id\":\"https:\/\/gismedalgerie.dz\/index.php\/formations\/#primaryimage\"},\"image\":{\"@id\":\"https:\/\/gismedalgerie.dz\/index.php\/formations\/#primaryimage\"},\"thumbnailUrl\":\"https:\/\/gismedalgerie.dz\/wp-content\/uploads\/2021\/05\/leon-Oalh2MojUuk-unsplash-scaled.jpg\",\"datePublished\":\"2021-05-08T12:36:36+00:00\",\"breadcrumb\":{\"@id\":\"https:\/\/gismedalgerie.dz\/index.php\/formations\/#breadcrumb\"},\"inLanguage\":\"fr-FR\",\"potentialAction\":[{\"@type\":\"ReadAction\",\"target\":[\"https:\/\/gismedalgerie.dz\/index.php\/formations\/\"]}]},{\"@type\":\"ImageObject\",\"inLanguage\":\"fr-FR\",\"@id\":\"https:\/\/gismedalgerie.dz\/index.php\/formations\/#primaryimage\",\"url\":\"https:\/\/gismedalgerie.dz\/wp-content\/uploads\/2021\/05\/leon-Oalh2MojUuk-unsplash-scaled.jpg\",\"contentUrl\":\"https:\/\/gismedalgerie.dz\/wp-content\/uploads\/2021\/05\/leon-Oalh2MojUuk-unsplash-scaled.jpg\"},{\"@type\":\"BreadcrumbList\",\"@id\":\"https:\/\/gismedalgerie.dz\/index.php\/formations\/#breadcrumb\",\"itemListElement\":[{\"@type\":\"ListItem\",\"position\":1,\"name\":\"Accueil\",\"item\":\"https:\/\/gismedalgerie.dz\/\"},{\"@type\":\"ListItem\",\"position\":2,\"name\":\"Formations\"}]},{\"@type\":\"WebSite\",\"@id\":\"https:\/\/gismedalgerie.dz\/#website\",\"url\":\"https:\/\/gismedalgerie.dz\/\",\"name\":\"Gismed spa\",\"description\":\"\",\"potentialAction\":[{\"@type\":\"SearchAction\",\"target\":{\"@type\":\"EntryPoint\",\"urlTemplate\":\"https:\/\/gismedalgerie.dz\/?s={search_term_string}\"},\"query-input\":{\"@type\":\"PropertyValueSpecification\",\"valueRequired\":true,\"valueName\":\"search_term_string\"}}],\"inLanguage\":\"fr-FR\"}]}<\/script>\n<!-- \/ Yoast SEO plugin. -->","yoast_head_json":{"title":"Formations - Gismed spa","robots":{"index":"index","follow":"follow","max-snippet":"max-snippet:-1","max-image-preview":"max-image-preview:large","max-video-preview":"max-video-preview:-1"},"canonical":"https:\/\/gismedalgerie.dz\/index.php\/formations\/","og_locale":"fr_FR","og_type":"article","og_title":"Formations - Gismed spa","og_description":"Formations Gismed Le premier centre de formation consacr\u00e9 aux SIG et aux Technologies Esri. Voir plus le catalogue des formations Nous sommes l\u00e0 pour faciliter votre parcours de formation. \u00a0 Que vous soyez d\u00e9butant sur ArcGIS ou un professionnel chevronn\u00e9 du SIG qui souhaite ma\u00eetriser les derni\u00e8res technologies, nos ressources peuvent vous aider \u00e0 atteindre [&hellip;]","og_url":"https:\/\/gismedalgerie.dz\/index.php\/formations\/","og_site_name":"Gismed spa","og_image":[{"url":"https:\/\/gismedalgerie.dz\/wp-content\/uploads\/2021\/05\/leon-Oalh2MojUuk-unsplash-scaled.jpg","type":"","width":"","height":""}],"twitter_card":"summary_large_image","twitter_misc":{"Dur\u00e9e de lecture estim\u00e9e":"2 minutes"},"schema":{"@context":"https:\/\/schema.org","@graph":[{"@type":"WebPage","@id":"https:\/\/gismedalgerie.dz\/index.php\/formations\/","url":"https:\/\/gismedalgerie.dz\/index.php\/formations\/","name":"Formations - Gismed spa","isPartOf":{"@id":"https:\/\/gismedalgerie.dz\/#website"},"primaryImageOfPage":{"@id":"https:\/\/gismedalgerie.dz\/index.php\/formations\/#primaryimage"},"image":{"@id":"https:\/\/gismedalgerie.dz\/index.php\/formations\/#primaryimage"},"thumbnailUrl":"https:\/\/gismedalgerie.dz\/wp-content\/uploads\/2021\/05\/leon-Oalh2MojUuk-unsplash-scaled.jpg","datePublished":"2021-05-08T12:36:36+00:00","breadcrumb":{"@id":"https:\/\/gismedalgerie.dz\/index.php\/formations\/#breadcrumb"},"inLanguage":"fr-FR","potentialAction":[{"@type":"ReadAction","target":["https:\/\/gismedalgerie.dz\/index.php\/formations\/"]}]},{"@type":"ImageObject","inLanguage":"fr-FR","@id":"https:\/\/gismedalgerie.dz\/index.php\/formations\/#primaryimage","url":"https:\/\/gismedalgerie.dz\/wp-content\/uploads\/2021\/05\/leon-Oalh2MojUuk-unsplash-scaled.jpg","contentUrl":"https:\/\/gismedalgerie.dz\/wp-content\/uploads\/2021\/05\/leon-Oalh2MojUuk-unsplash-scaled.jpg"},{"@type":"BreadcrumbList","@id":"https:\/\/gismedalgerie.dz\/index.php\/formations\/#breadcrumb","itemListElement":[{"@type":"ListItem","position":1,"name":"Accueil","item":"https:\/\/gismedalgerie.dz\/"},{"@type":"ListItem","position":2,"name":"Formations"}]},{"@type":"WebSite","@id":"https:\/\/gismedalgerie.dz\/#website","url":"https:\/\/gismedalgerie.dz\/","name":"Gismed spa","description":"","potentialAction":[{"@type":"SearchAction","target":{"@type":"EntryPoint","urlTemplate":"https:\/\/gismedalgerie.dz\/?s={search_term_string}"},"query-input":{"@type":"PropertyValueSpecification","valueRequired":true,"valueName":"search_term_string"}}],"inLanguage":"fr-FR"}]}},"_links":{"self":[{"href":"https:\/\/gismedalgerie.dz\/index.php\/wp-json\/wp\/v2\/pages\/4719","targetHints":{"allow":["GET"]}}],"collection":[{"href":"https:\/\/gismedalgerie.dz\/index.php\/wp-json\/wp\/v2\/pages"}],"about":[{"href":"https:\/\/gismedalgerie.dz\/index.php\/wp-json\/wp\/v2\/types\/page"}],"author":[{"embeddable":true,"href":"https:\/\/gismedalgerie.dz\/index.php\/wp-json\/wp\/v2\/users\/1"}],"replies":[{"embeddable":true,"href":"https:\/\/gismedalgerie.dz\/index.php\/wp-json\/wp\/v2\/comments?post=4719"}],"version-history":[{"count":0,"href":"https:\/\/gismedalgerie.dz\/index.php\/wp-json\/wp\/v2\/pages\/4719\/revisions"}],"wp:attachment":[{"href":"https:\/\/gismedalgerie.dz\/index.php\/wp-json\/wp\/v2\/media?parent=4719"}],"curies":[{"name":"wp","href":"https:\/\/api.w.org\/{rel}","templated":true}]}}