{"id":4718,"date":"2021-05-08T14:16:32","date_gmt":"2021-05-08T12:16:32","guid":{"rendered":"https:\/\/gismedalgerie.dz\/?page_id=19"},"modified":"2021-05-08T14:16:32","modified_gmt":"2021-05-08T12:16:32","slug":"a-propos-de-gismed","status":"publish","type":"page","link":"https:\/\/gismedalgerie.dz\/index.php\/a-propos-de-gismed\/","title":{"rendered":"\u00c1 propos de Gismed"},"content":{"rendered":"<h2>\u00c0 propos de Gismed<\/h2>\n<h2>The Science of Where<\/h2>\n<p>Nous sommes les pionniers de la r\u00e9solution de probl\u00e8mes avec les syst\u00e8mes d\u2019information g\u00e9ographique (SIG)<\/p>\n<p>\t\t\t<a href=\"https:\/\/www.youtube.com\/watch?v=XrU8GX7manc&#038;t=2s?co3=true\" role=\"button\"><br \/>\n\t\t\t\t\t\t Voir la vid\u00e9o<br \/>\n\t\t\t\t\t<\/a><br \/>\n\t\t\t\t\t\t\t\t\t\t\t\t\t\t\t<img loading=\"lazy\" decoding=\"async\" width=\"57\" height=\"42\" src=\"https:\/\/gismedalgerie.dz\/wp-content\/uploads\/2021\/05\/Capture.jpg\" alt=\"\" loading=\"lazy\" \/><\/p>\n<p style=\"padding-left: 40px;\"><em>Depuis ses d\u00e9buts, notre entreprise a toujours eu la mission de num\u00e9riser la g\u00e9ographie de la plan\u00e8te. Une carte num\u00e9rique permet de repousser les limites d\u2019un globe terrestre, d\u2019un atlas ou d\u2019une carte papier. Elle offre un mod\u00e8le num\u00e9ris\u00e9 du monde. D\u00e8s lors, il suffit d\u2019y ajouter des couches de donn\u00e9es pour grandement \u00e9largir les<\/em> connaissances<\/p>\n<h5>Mr. Hocine Benmahdi, pr\u00e9sident de Gismed Spa<br \/>\n<\/h5>\n<h2>Qui sommes nous<\/h2>\n<p>Nous sommes le premier distributeur\u00a0 et repr\u00e9sentant des produits Esri\u00a0 en Alg\u00e9rie et nous aidons depuis 2001 nos clients \u00e0 r\u00e9soudre une grande vari\u00e9t\u00e9 de probl\u00e8mes .<\/p>\n<p>                            <svg  width=\"40\" height=\"40\" viewBox=\"0 0 32 32\"  fill=\"#ffffff\" style=\"color:#ffffff;\" ><path d=\"M19.414 27.414l10-10c0.781-0.781 0.781-2.047 0-2.828l-10-10c-0.781-0.781-2.047-0.781-2.828 0s-0.781 2.047 0 2.828l6.586 6.586h-19.172c-1.105 0-2 0.895-2 2s0.895 2 2 2h19.172l-6.586 6.586c-0.39 0.39-0.586 0.902-0.586 1.414s0.195 1.024 0.586 1.414c0.781 0.781 2.047 0.781 2.828 0z\"><\/path><\/svg>Nos activit\u00e9s<br \/>\n                            Nos activit\u00e9sNous fournissons des solutions g\u00e9ospatiales fond\u00e9es sur ArcGIS, le logiciel SIG le plus important au monde. Nos solutions permettent aux entreprises, aux gouvernements et aux \u00e9tablissements d\u2019enseignement de prendre rapidement des d\u00e9cisions \u00e9clair\u00e9es en mobilisant la puissance de la cartographie et des analyses spatiales, que nous appelons The Science of Where.<br \/>\nD\u00e9couvrir ArcGIS<br \/>\n                        <a href=\"https:\/\/gismedalgerie.dz\/arcgis-platform\/\" ><\/a><br \/>\n                            <svg  width=\"40\" height=\"40\" viewBox=\"0 0 32 32\"  fill=\"#ffffff\" style=\"color:#ffffff;\" ><path d=\"M19.414 27.414l10-10c0.781-0.781 0.781-2.047 0-2.828l-10-10c-0.781-0.781-2.047-0.781-2.828 0s-0.781 2.047 0 2.828l6.586 6.586h-19.172c-1.105 0-2 0.895-2 2s0.895 2 2 2h19.172l-6.586 6.586c-0.39 0.39-0.586 0.902-0.586 1.414s0.195 1.024 0.586 1.414c0.781 0.781 2.047 0.781 2.828 0z\"><\/path><\/svg>Notre raison d\u02be\u00eatre<br \/>\n                            Notre raison d\u02be\u00eatreNous pensons que la veille g\u00e9ographique permet \u00e0 chaque organisation d\u2019exploiter le plein potentiel des donn\u00e9es. Nous trouvons les meilleures solutions qui permettent d\u2019assurer la durabilit\u00e9, par l\u2019int\u00e9gration et l\u2019analyse des donn\u00e9es, vues par la lorgnette de la localisation.<br \/>\nVoir Nos r\u00e9f\u00e9rences<br \/>\n                        <a href=\"#nos_references\" ><\/a><\/p>\n<h2>Nos r\u00e9f\u00e9rences<\/h2>\n<p>Notre meilleure r\u00e9f\u00e9rence est la fid\u00e9lit\u00e9 de nos clients. Ils font appel \u00e0 nous pour de nouveaux projets.Nous nous investissons dans votre projet en respectant vos souhaits, vos besoins, vos capacit\u00e9s.<\/p>\n<figure><img decoding=\"async\" src=\"https:\/\/gismedalgerie.dz\/wp-content\/uploads\/2021\/05\/Sonatrach-207x300.png\" alt=\"Sonatrach\" \/><\/figure>\n<figure><img decoding=\"async\" src=\"https:\/\/gismedalgerie.dz\/wp-content\/uploads\/2021\/05\/Police-210x300.png\" alt=\"Police\" \/><\/figure>\n<figure><img decoding=\"async\" src=\"https:\/\/gismedalgerie.dz\/wp-content\/uploads\/2021\/05\/INCT-300x291.jpg\" alt=\"INCT\" \/><\/figure>\n<figure><img decoding=\"async\" src=\"https:\/\/gismedalgerie.dz\/wp-content\/uploads\/2021\/05\/CGN.jpg\" alt=\"CGN\" \/><\/figure>\n<figure><img decoding=\"async\" src=\"https:\/\/gismedalgerie.dz\/wp-content\/uploads\/2021\/05\/Asga.png\" alt=\"Asga\" \/><\/figure>\n<figure><img decoding=\"async\" src=\"https:\/\/gismedalgerie.dz\/wp-content\/uploads\/2021\/05\/Asal-300x169.jpg\" alt=\"Asal\" \/><\/figure>\n<figure><img decoding=\"async\" src=\"https:\/\/gismedalgerie.dz\/wp-content\/uploads\/2021\/05\/ANC-300x281.jpg\" alt=\"ANC\" \/><\/figure>\n<figure><img decoding=\"async\" src=\"https:\/\/gismedalgerie.dz\/wp-content\/uploads\/2021\/05\/Algiers-COA.svg-198x300.png\" alt=\"Algiers-COA.svg\" \/><\/figure>\n<figure><img decoding=\"async\" src=\"https:\/\/gismedalgerie.dz\/wp-content\/uploads\/2021\/05\/Algerie_Telecom.svg\" alt=\"Alg\u00e9rie_T\u00e9l\u00e9com\" \/><\/figure>\n<figure><img decoding=\"async\" src=\"https:\/\/gismedalgerie.dz\/wp-content\/uploads\/2021\/06\/AnurbLOGO.jpg\" alt=\"AnurbLOGO\" \/><\/figure>\n<figure><img decoding=\"async\" src=\"https:\/\/gismedalgerie.dz\/wp-content\/uploads\/2021\/06\/logo-2.png\" alt=\"logo (2)\" \/><\/figure>\n<figure><img decoding=\"async\" src=\"https:\/\/gismedalgerie.dz\/wp-content\/uploads\/2021\/06\/SEAAL.png\" alt=\"SEAAL\" \/><\/figure>\n<figure><img decoding=\"async\" src=\"https:\/\/gismedalgerie.dz\/wp-content\/uploads\/2021\/06\/sonelgaz-logo.png\" alt=\"sonelgaz-logo\" \/><\/figure>\n<figure><img decoding=\"async\" src=\"https:\/\/gismedalgerie.dz\/wp-content\/uploads\/2021\/06\/schlumberger-logo-300x112.png\" alt=\"schlumberger-logo\" \/><\/figure>\n<p>\t\t\t\t\t\tPr\u00e9c\u00e9dent<br \/>\n\t\t\t\t\t\tSuivant<\/p>\n","protected":false},"excerpt":{"rendered":"<p>\u00c0 propos de Gismed The Science of Where Nous sommes les pionniers de la r\u00e9solution de probl\u00e8mes avec les syst\u00e8mes d\u2019information g\u00e9ographique (SIG) Voir la vid\u00e9o Depuis ses d\u00e9buts, notre entreprise a toujours eu la mission de num\u00e9riser la g\u00e9ographie de la plan\u00e8te. Une carte num\u00e9rique permet de repousser les limites d\u2019un globe terrestre, d\u2019un [&hellip;]<\/p>\n","protected":false},"author":1,"featured_media":0,"parent":0,"menu_order":0,"comment_status":"closed","ping_status":"closed","template":"","meta":{"footnotes":""},"class_list":["post-4718","page","type-page","status-publish","hentry"],"blocksy_meta":{"styles_descriptor":{"styles":{"desktop":"","tablet":"","mobile":""},"google_fonts":[]}},"yoast_head":"<!-- This site is optimized with the Yoast SEO plugin v25.3 - https:\/\/yoast.com\/wordpress\/plugins\/seo\/ -->\n<title>\u00c1 propos de Gismed - Gismed spa<\/title>\n<meta name=\"robots\" content=\"index, follow, max-snippet:-1, max-image-preview:large, max-video-preview:-1\" \/>\n<link rel=\"canonical\" href=\"https:\/\/gismedalgerie.dz\/index.php\/a-propos-de-gismed\/\" \/>\n<meta property=\"og:locale\" content=\"fr_FR\" \/>\n<meta property=\"og:type\" content=\"article\" \/>\n<meta property=\"og:title\" content=\"\u00c1 propos de Gismed - Gismed spa\" \/>\n<meta property=\"og:description\" content=\"\u00c0 propos de Gismed The Science of Where Nous sommes les pionniers de la r\u00e9solution de probl\u00e8mes avec les syst\u00e8mes d\u2019information g\u00e9ographique (SIG) Voir la vid\u00e9o Depuis ses d\u00e9buts, notre entreprise a toujours eu la mission de num\u00e9riser la g\u00e9ographie de la plan\u00e8te. Une carte num\u00e9rique permet de repousser les limites d\u2019un globe terrestre, d\u2019un [&hellip;]\" \/>\n<meta property=\"og:url\" content=\"https:\/\/gismedalgerie.dz\/index.php\/a-propos-de-gismed\/\" \/>\n<meta property=\"og:site_name\" content=\"Gismed spa\" \/>\n<meta property=\"og:image\" content=\"https:\/\/gismedalgerie.dz\/wp-content\/uploads\/2021\/05\/Capture.jpg\" \/>\n<meta name=\"twitter:card\" content=\"summary_large_image\" \/>\n<meta name=\"twitter:label1\" content=\"Dur\u00e9e de lecture estim\u00e9e\" \/>\n\t<meta name=\"twitter:data1\" content=\"2 minutes\" \/>\n<script type=\"application\/ld+json\" class=\"yoast-schema-graph\">{\"@context\":\"https:\/\/schema.org\",\"@graph\":[{\"@type\":\"WebPage\",\"@id\":\"https:\/\/gismedalgerie.dz\/index.php\/a-propos-de-gismed\/\",\"url\":\"https:\/\/gismedalgerie.dz\/index.php\/a-propos-de-gismed\/\",\"name\":\"\u00c1 propos de Gismed - Gismed spa\",\"isPartOf\":{\"@id\":\"https:\/\/gismedalgerie.dz\/#website\"},\"primaryImageOfPage\":{\"@id\":\"https:\/\/gismedalgerie.dz\/index.php\/a-propos-de-gismed\/#primaryimage\"},\"image\":{\"@id\":\"https:\/\/gismedalgerie.dz\/index.php\/a-propos-de-gismed\/#primaryimage\"},\"thumbnailUrl\":\"https:\/\/gismedalgerie.dz\/wp-content\/uploads\/2021\/05\/Capture.jpg\",\"datePublished\":\"2021-05-08T12:16:32+00:00\",\"breadcrumb\":{\"@id\":\"https:\/\/gismedalgerie.dz\/index.php\/a-propos-de-gismed\/#breadcrumb\"},\"inLanguage\":\"fr-FR\",\"potentialAction\":[{\"@type\":\"ReadAction\",\"target\":[\"https:\/\/gismedalgerie.dz\/index.php\/a-propos-de-gismed\/\"]}]},{\"@type\":\"ImageObject\",\"inLanguage\":\"fr-FR\",\"@id\":\"https:\/\/gismedalgerie.dz\/index.php\/a-propos-de-gismed\/#primaryimage\",\"url\":\"https:\/\/gismedalgerie.dz\/wp-content\/uploads\/2021\/05\/Capture.jpg\",\"contentUrl\":\"https:\/\/gismedalgerie.dz\/wp-content\/uploads\/2021\/05\/Capture.jpg\"},{\"@type\":\"BreadcrumbList\",\"@id\":\"https:\/\/gismedalgerie.dz\/index.php\/a-propos-de-gismed\/#breadcrumb\",\"itemListElement\":[{\"@type\":\"ListItem\",\"position\":1,\"name\":\"Accueil\",\"item\":\"https:\/\/gismedalgerie.dz\/\"},{\"@type\":\"ListItem\",\"position\":2,\"name\":\"\u00c1 propos de Gismed\"}]},{\"@type\":\"WebSite\",\"@id\":\"https:\/\/gismedalgerie.dz\/#website\",\"url\":\"https:\/\/gismedalgerie.dz\/\",\"name\":\"Gismed spa\",\"description\":\"\",\"potentialAction\":[{\"@type\":\"SearchAction\",\"target\":{\"@type\":\"EntryPoint\",\"urlTemplate\":\"https:\/\/gismedalgerie.dz\/?s={search_term_string}\"},\"query-input\":{\"@type\":\"PropertyValueSpecification\",\"valueRequired\":true,\"valueName\":\"search_term_string\"}}],\"inLanguage\":\"fr-FR\"}]}<\/script>\n<!-- \/ Yoast SEO plugin. -->","yoast_head_json":{"title":"\u00c1 propos de Gismed - Gismed spa","robots":{"index":"index","follow":"follow","max-snippet":"max-snippet:-1","max-image-preview":"max-image-preview:large","max-video-preview":"max-video-preview:-1"},"canonical":"https:\/\/gismedalgerie.dz\/index.php\/a-propos-de-gismed\/","og_locale":"fr_FR","og_type":"article","og_title":"\u00c1 propos de Gismed - Gismed spa","og_description":"\u00c0 propos de Gismed The Science of Where Nous sommes les pionniers de la r\u00e9solution de probl\u00e8mes avec les syst\u00e8mes d\u2019information g\u00e9ographique (SIG) Voir la vid\u00e9o Depuis ses d\u00e9buts, notre entreprise a toujours eu la mission de num\u00e9riser la g\u00e9ographie de la plan\u00e8te. Une carte num\u00e9rique permet de repousser les limites d\u2019un globe terrestre, d\u2019un [&hellip;]","og_url":"https:\/\/gismedalgerie.dz\/index.php\/a-propos-de-gismed\/","og_site_name":"Gismed spa","og_image":[{"url":"https:\/\/gismedalgerie.dz\/wp-content\/uploads\/2021\/05\/Capture.jpg","type":"","width":"","height":""}],"twitter_card":"summary_large_image","twitter_misc":{"Dur\u00e9e de lecture estim\u00e9e":"2 minutes"},"schema":{"@context":"https:\/\/schema.org","@graph":[{"@type":"WebPage","@id":"https:\/\/gismedalgerie.dz\/index.php\/a-propos-de-gismed\/","url":"https:\/\/gismedalgerie.dz\/index.php\/a-propos-de-gismed\/","name":"\u00c1 propos de Gismed - Gismed spa","isPartOf":{"@id":"https:\/\/gismedalgerie.dz\/#website"},"primaryImageOfPage":{"@id":"https:\/\/gismedalgerie.dz\/index.php\/a-propos-de-gismed\/#primaryimage"},"image":{"@id":"https:\/\/gismedalgerie.dz\/index.php\/a-propos-de-gismed\/#primaryimage"},"thumbnailUrl":"https:\/\/gismedalgerie.dz\/wp-content\/uploads\/2021\/05\/Capture.jpg","datePublished":"2021-05-08T12:16:32+00:00","breadcrumb":{"@id":"https:\/\/gismedalgerie.dz\/index.php\/a-propos-de-gismed\/#breadcrumb"},"inLanguage":"fr-FR","potentialAction":[{"@type":"ReadAction","target":["https:\/\/gismedalgerie.dz\/index.php\/a-propos-de-gismed\/"]}]},{"@type":"ImageObject","inLanguage":"fr-FR","@id":"https:\/\/gismedalgerie.dz\/index.php\/a-propos-de-gismed\/#primaryimage","url":"https:\/\/gismedalgerie.dz\/wp-content\/uploads\/2021\/05\/Capture.jpg","contentUrl":"https:\/\/gismedalgerie.dz\/wp-content\/uploads\/2021\/05\/Capture.jpg"},{"@type":"BreadcrumbList","@id":"https:\/\/gismedalgerie.dz\/index.php\/a-propos-de-gismed\/#breadcrumb","itemListElement":[{"@type":"ListItem","position":1,"name":"Accueil","item":"https:\/\/gismedalgerie.dz\/"},{"@type":"ListItem","position":2,"name":"\u00c1 propos de Gismed"}]},{"@type":"WebSite","@id":"https:\/\/gismedalgerie.dz\/#website","url":"https:\/\/gismedalgerie.dz\/","name":"Gismed spa","description":"","potentialAction":[{"@type":"SearchAction","target":{"@type":"EntryPoint","urlTemplate":"https:\/\/gismedalgerie.dz\/?s={search_term_string}"},"query-input":{"@type":"PropertyValueSpecification","valueRequired":true,"valueName":"search_term_string"}}],"inLanguage":"fr-FR"}]}},"_links":{"self":[{"href":"https:\/\/gismedalgerie.dz\/index.php\/wp-json\/wp\/v2\/pages\/4718","targetHints":{"allow":["GET"]}}],"collection":[{"href":"https:\/\/gismedalgerie.dz\/index.php\/wp-json\/wp\/v2\/pages"}],"about":[{"href":"https:\/\/gismedalgerie.dz\/index.php\/wp-json\/wp\/v2\/types\/page"}],"author":[{"embeddable":true,"href":"https:\/\/gismedalgerie.dz\/index.php\/wp-json\/wp\/v2\/users\/1"}],"replies":[{"embeddable":true,"href":"https:\/\/gismedalgerie.dz\/index.php\/wp-json\/wp\/v2\/comments?post=4718"}],"version-history":[{"count":1,"href":"https:\/\/gismedalgerie.dz\/index.php\/wp-json\/wp\/v2\/pages\/4718\/revisions"}],"predecessor-version":[{"id":5206,"href":"https:\/\/gismedalgerie.dz\/index.php\/wp-json\/wp\/v2\/pages\/4718\/revisions\/5206"}],"wp:attachment":[{"href":"https:\/\/gismedalgerie.dz\/index.php\/wp-json\/wp\/v2\/media?parent=4718"}],"curies":[{"name":"wp","href":"https:\/\/api.w.org\/{rel}","templated":true}]}}