{"id":4715,"date":"2021-05-08T14:09:40","date_gmt":"2021-05-08T12:09:40","guid":{"rendered":"https:\/\/gismedalgerie.dz\/?page_id=6"},"modified":"2021-05-08T14:09:40","modified_gmt":"2021-05-08T12:09:40","slug":"accueil","status":"publish","type":"page","link":"https:\/\/gismedalgerie.dz\/index.php\/accueil\/","title":{"rendered":"Accueil"},"content":{"rendered":"<h2>Votre Partenaire ESRI en Alg\u00e9rie<\/h2>\n<p>Gismed premier centre de comp\u00e9tences Esri en Alg\u00e9rie, Nous sommes l\u00e0 pour r\u00e9pondre \u00e0 vos besoins en termes des SIG Syst\u00e9mes d&#8217;Inforamtions G\u00e9ographiques.<\/p>\n<p><a role=\"button\" href=\"https:\/\/gismedalgerie.dz\/a-propos-de-gismed\/\"><br \/>Qui sommes-nous ?<br \/><\/a><br \/><a role=\"button\" href=\"https:\/\/gismedalgerie.dz\/contact\/\"><br \/>contactez-nous<br \/><\/a><\/p>\n<h2>Conf\u00e9rence des utilisateurs Esri 2021<\/h2>\n<p>S\u2019inscrire \u00e0 l\u2019\u00e9v\u00e9nement virtuel pour assister aux sessions pl\u00e9ni\u00e8res, d\u00e9couvrir les derni\u00e8res technologies\u00a0 en SIG et plus .<\/p>\n<p><a role=\"button\" href=\"https:\/\/www.esri.com\/en-us\/about\/events\/uc\/overview\" target=\"_blank\" rel=\"noopener\"><br \/>En savoir plus sur les \u00e9v\u00e9nements<br \/><\/a><\/p>\n<h2>Pr\u00e9sentation d\u2019ArcGIS Platform<\/h2>\n<p>Apportez la puissance des cartes et des services de localisation \u00e0 vos applications<\/p>\n<p><a role=\"button\" href=\"https:\/\/gismedalgerie.dz\/arcgis-platform\/\"><br \/>Commencez d\u00e8s aujourd\u2019hui<br \/><\/a><\/p>\n<h2>R\u00e9flexion g\u00e9ospatiale<\/h2>\n<p>Les organisations tirent parti de l\u2019intelligence g\u00e9ographique pour cr\u00e9er un avenir durable et prosp\u00e8re.<\/p>\n<p><a role=\"button\" href=\"https:\/\/www.esri.com\/fr-fr\/geospatial-thinking\/overview\" target=\"_blank\" rel=\"noopener\"><br \/>D\u00e9couvrir comment les d\u00e9cideurs innovent<br \/><\/a><\/p>\n<h2>COVID-19<\/h2>\n<p>Obtenez des cartes, des donn\u00e9es, des applications et des informations en direct<\/p>\n<p><a role=\"button\" href=\"https:\/\/www.esrifrance.fr\/coronavirus-ressources.aspx\" target=\"_blank\" rel=\"noopener\"><br \/>Acc\u00e9dez aux ressources COVID-19<br \/><\/a><\/p>\n<p><a href=\"https:\/\/gismedalgerie.dz\/arcgis-platform\/\">ArcGIS<\/a>, un puissant logiciel de cartographie et d\u2019analyse<\/p>\n<p>ArcGIS fournit des outils contextuels pour la cartographie et l\u2019analyse spatiale.<\/p>\n<p><a role=\"button\" href=\"https:\/\/gismedalgerie.dz\/arcgis-platform\/\"><br \/>D\u00e9couvrez ses fonctionnalit\u00e9s \u2192<br \/><\/a><br \/><img fetchpriority=\"high\" decoding=\"async\" src=\"https:\/\/gismedalgerie.dz\/wp-content\/uploads\/2021\/06\/li-main-banner-globe-crop-960.png\" sizes=\"(max-width: 960px) 100vw, 960px\" srcset=\"https:\/\/gismedalgerie.dz\/wp-content\/uploads\/2021\/06\/li-main-banner-globe-crop-960.png 960w, https:\/\/gismedalgerie.dz\/wp-content\/uploads\/2021\/06\/li-main-banner-globe-crop-960-300x220.png 300w, https:\/\/gismedalgerie.dz\/wp-content\/uploads\/2021\/06\/li-main-banner-globe-crop-960-768x564.png 768w\" alt=\"\" width=\"960\" height=\"705\" \/><br \/><img decoding=\"async\" src=\"https:\/\/gismedalgerie.dz\/wp-content\/uploads\/2021\/05\/arcgis-dashboards.png\" \/>ArcGIS DashboardsPrendre des d\u00e9cisions en un coup d&#8217;oeil<br \/>ArcGIS DashboardsCr\u00e9ez des tableaux de bord avec une application proposant une foule d\u2019outils de visualisation de donn\u00e9es pr\u00eats \u00e0 l\u2019emploi \u2013 cartes, listes, graphiques, jauges.<\/p>\n<p>ArcGIS Field Maps<br \/>ArcGIS Field MapsL&#8217; applications tout-en-un pour le travail de terrain<br \/>D\u00e9couvrir ArcGIS Field Maps<\/p>\n<p><img decoding=\"async\" src=\"https:\/\/gismedalgerie.dz\/wp-content\/uploads\/2021\/05\/icone-survey123.png\" \/>ArcGIS Survey123<br \/>ArcGIS Survey123ArcGIS Survey123 est une solution compl\u00e8te centr\u00e9e sur les formulaires pour la cr\u00e9ation, le partage et l\u2019analyse des enqu\u00eates.<\/p>\n<p>Des <a href=\"https:\/\/www.esrifrance.fr\/arcgis-applications.aspx\" target=\"_blank\" rel=\"noopener\">applications<\/a> ArcGIS pour tout le monde<\/p>\n<p>Les applications ArcGIS accomplissent leur mission gr\u00e2ce \u00e0 leur coh\u00e9rence simple, leurs aptitudes g\u00e9ographiques et leur caract\u00e8re pr\u00eat \u00e0 l&#8217;emploi. Elles sont optimis\u00e9es par la plateforme cartographique ArcGIS de pointe.<\/p>\n<p><a role=\"button\" href=\"https:\/\/www.esrifrance.fr\/arcgis-applications.aspx\" target=\"_blank\" rel=\"noopener\"><br \/>En savoir plus sur les applications<br \/><\/a><\/p>\n<p>Proposer des\u00a0<a href=\"https:\/\/www.esri.ca\/fr-ca\/support-services\/training\/overview\">formations<\/a>\u00a0qui favorisent votre r\u00e9ussite \u00e0 long terme<\/p>\n<p>Le premier centre de formation consacr\u00e9 aux SIG; d\u00e9couvrir l\u2019ensemble des formations<\/p>\n<p><a role=\"button\" href=\"https:\/\/gismedalgerie.dz\/formations\/\"><br \/>D\u00e9vloppez vos comp\u00e9tences\u2192<br \/><\/a><br \/><a href=\"https:\/\/gismedalgerie.dz\/formations\/\"><br \/><img decoding=\"async\" src=\"https:\/\/gismedalgerie.dz\/wp-content\/uploads\/2021\/05\/study-box_1.jpg\" sizes=\"(max-width: 570px) 100vw, 570px\" srcset=\"https:\/\/gismedalgerie.dz\/wp-content\/uploads\/2021\/05\/study-box_1.jpg 570w, https:\/\/gismedalgerie.dz\/wp-content\/uploads\/2021\/05\/study-box_1-300x262.jpg 300w\" alt=\"\" width=\"570\" height=\"498\" \/><\/a><\/p>\n<h3>Formation Gismed<\/h3>\n<p>Toutes les formations pour vous accompagner \u00e0 tout moment, suivant votre profil et vos besoins.<\/p>\n<p><a href=\"https:\/\/gismedalgerie.dz\/assistence-technique\/\"><br \/><img decoding=\"async\" src=\"https:\/\/gismedalgerie.dz\/wp-content\/uploads\/2021\/05\/imagebox4.jpg\" sizes=\"(max-width: 800px) 100vw, 800px\" srcset=\"https:\/\/gismedalgerie.dz\/wp-content\/uploads\/2021\/05\/imagebox4.jpg 800w, https:\/\/gismedalgerie.dz\/wp-content\/uploads\/2021\/05\/imagebox4-300x300.jpg 300w, https:\/\/gismedalgerie.dz\/wp-content\/uploads\/2021\/05\/imagebox4-150x150.jpg 150w, https:\/\/gismedalgerie.dz\/wp-content\/uploads\/2021\/05\/imagebox4-768x768.jpg 768w\" alt=\"\" width=\"800\" height=\"800\" \/><\/a><\/p>\n<h3>Support Techique Gismed<\/h3>\n<p>Gismed met \u00e0 votre disposition un centre de support et d&#8217;assistance dans le domaine des SIG.<\/p>\n<p>\u00a0<\/p>\n<p>B\u00e9n\u00e9ficiez de l\u2019expertise de nos sp\u00e9cialistes pour vos logiciels ESRI<\/p>\n<p>Nos services de support figurent parmi les plus performants du secteur. Ils s\u2019appuient sur une \u00e9quipe de professionnels du support pr\u00eate \u00e0 traiter toutes les questions et tous les probl\u00e8mes li\u00e9s \u00e0 la plateforme ArcGIS.<\/p>\n<p><a role=\"button\" href=\"https:\/\/gismedalgerie.dz\/assistence-technique\/\"><br \/>En savoir plus \u2192<br \/><\/a><\/p>\n<h4>Obtenez de l&#8217;Aide pour votre logiciel ESRI<\/h4>\n<h5>Gismed est un leader des syst\u00e8me d&#8217;information g\u00e9ographique (sig) qui fournissent des services professionels de formation et de soutien!<\/h5>\n<h2>nous vous apportons \u00e9coute, conseils et expertise<\/h2>\n<p>Pour un accompagnement sur mesure merci de nous contacter:<\/p>\n<p><a role=\"button\" href=\"https:\/\/gismedalgerie.dz\/contact\/\"><br \/>Contactez-nous<br \/><\/a><\/p>\n<h2><a href=\"https:\/\/gismedalgerie.dz\/a-propos\/\" target=\"_blank\" rel=\"noopener\">\u00c0 propos de Gismed<\/a><\/h2>\n<h2><a href=\"https:\/\/gismedalgerie.dz\/quest-ce-un-sig\/\">Qu\u2019est-ce qu\u2019un SIG? <\/a><\/h2>\n","protected":false},"excerpt":{"rendered":"<p>Votre Partenaire ESRI en Alg\u00e9rie Gismed premier centre de comp\u00e9tences Esri en Alg\u00e9rie, Nous sommes l\u00e0 pour r\u00e9pondre \u00e0 vos besoins en termes des SIG Syst\u00e9mes d&#8217;Inforamtions G\u00e9ographiques. Qui sommes-nous ?contactez-nous Conf\u00e9rence des utilisateurs Esri 2021 S\u2019inscrire \u00e0 l\u2019\u00e9v\u00e9nement virtuel pour assister aux sessions pl\u00e9ni\u00e8res, d\u00e9couvrir les derni\u00e8res technologies\u00a0 en SIG et plus . En [&hellip;]<\/p>\n","protected":false},"author":1,"featured_media":0,"parent":0,"menu_order":0,"comment_status":"closed","ping_status":"closed","template":"","meta":{"footnotes":""},"class_list":["post-4715","page","type-page","status-publish","hentry"],"blocksy_meta":{"styles_descriptor":{"styles":{"desktop":"","tablet":"","mobile":""},"google_fonts":[]},"page_title_panel":"","has_hero_section":"disabled","6777c35b28dc8b65562f944dddb9ae8a":"","hero_section":"type-1","hero_elements":[{"id":"custom_title","enabled":true,"heading_tag":"h1","title":"Accueil"},{"id":"custom_description","enabled":true,"description_visibility":{"desktop":true,"tablet":true,"mobile":false}},{"id":"custom_meta","enabled":false,"meta_elements":[{"id":"author","enabled":true,"label":"Par","has_author_avatar":"yes","avatar_size":25},{"id":"post_date","enabled":true,"label":"Sur","date_format_source":"default","date_format":"M j, Y"},{"id":"comments","enabled":true}],"page_meta_elements":{"joined":true,"articles_count":true,"comments":true}},{"id":"breadcrumbs","enabled":false}],"020dfef40a9d67b61ef1890402350b66":"","hero_alignment1":"left","hero_margin":40,"hero_alignment2":"center","hero_vertical_alignment":"center","2785db9e826dc776ac138d561fdd056c":"","hero_structure":"narrow","8d6daa4e6c612e9099601c4be7d14905":"","page_title_bg_type":"featured_image","custom_hero_background":{"attachment_id":null},"parallax":{"desktop":false,"tablet":false,"mobile":false},"cf76a04aecedcc746e430b473f6ad2f2":"","hero_height":"250px","pageTitleFont":{"family":"Default","variation":"Default","size":{"desktop":"32px","tablet":"30px","mobile":"25px"},"line-height":"CT_CSS_SKIP_RULE","letter-spacing":"CT_CSS_SKIP_RULE","text-transform":"CT_CSS_SKIP_RULE","text-decoration":"CT_CSS_SKIP_RULE"},"pageTitleFontColor":{"default":{"color":"CT_CSS_SKIP_RULEDEFAULT"}},"d95f1f17661a3830647517b79ac65228":"","pageMetaFont":{"family":"Default","variation":"n6","size":"12px","line-height":"1.3","letter-spacing":"CT_CSS_SKIP_RULE","text-transform":"uppercase","text-decoration":"CT_CSS_SKIP_RULE"},"pageMetaFontColor":{"default":{"color":"CT_CSS_SKIP_RULEDEFAULT"},"hover":{"color":"CT_CSS_SKIP_RULEDEFAULT"}},"page_meta_button_type_font_colors":{"default":{"color":"CT_CSS_SKIP_RULEDEFAULT"},"hover":{"color":"CT_CSS_SKIP_RULEDEFAULT"}},"page_meta_button_type_background_colors":{"default":{"color":"CT_CSS_SKIP_RULEDEFAULT"},"hover":{"color":"CT_CSS_SKIP_RULEDEFAULT"}},"cb91b3c6b1349f3ed633b39c2f32e486":"","pageExcerptFont":{"family":"Default","variation":"Default","size":"CT_CSS_SKIP_RULE","line-height":"CT_CSS_SKIP_RULE","letter-spacing":"CT_CSS_SKIP_RULE","text-transform":"CT_CSS_SKIP_RULE","text-decoration":"CT_CSS_SKIP_RULE"},"pageExcerptColor":{"default":{"color":"CT_CSS_SKIP_RULEDEFAULT"}},"dd89e7440122c993cd0859c280a199ef":"","breadcrumbsFont":{"family":"Default","variation":"n6","size":"12px","line-height":"CT_CSS_SKIP_RULE","letter-spacing":"CT_CSS_SKIP_RULE","text-transform":"uppercase","text-decoration":"CT_CSS_SKIP_RULE"},"breadcrumbsFontColor":{"default":{"color":"CT_CSS_SKIP_RULEDEFAULT"},"initial":{"color":"CT_CSS_SKIP_RULEDEFAULT"},"hover":{"color":"CT_CSS_SKIP_RULEDEFAULT"}},"1b5e0fb58030d38ce7a04ed2c9660468":"","pageTitleOverlay":{"default":{"color":"CT_CSS_SKIP_RULE"}},"c947c54e2cd734ba9ba9844ff23046e4":"","pageTitleBackground":{"background_type":"color","background_pattern":"type-1","background_image":{"attachment_id":null,"x":0,"y":0},"gradient":"linear-gradient(135deg,rgba(6,147,227,1) 0%,rgb(155,81,224) 100%)","background_repeat":"no-repeat","background_size":"auto","background_attachment":"scroll","patternColor":{"default":{"color":"#e5e7ea"}},"overlayColor":{"default":{"color":"CT_CSS_SKIP_RULE"}},"backgroundColor":{"default":{"color":"var(--paletteColor6)"}}},"f3b3c3e3d5b3b18403423e3b24a2e5ea":"","pageTitlePadding":{"top":"50px","bottom":"50px","left":"auto","right":"auto","linked":true},"2d736f75cdc492ee8949f07d91554a23":"","page_structure_type":"default","e2d3feed876775cb6576efa47ce918d4":"","content_style_source":"inherit","content_style":"wide","vertical_spacing_source":"inherit","content_area_spacing":"both","background":{"background_type":"color","background_pattern":"type-1","background_image":{"attachment_id":null,"x":0,"y":0},"gradient":"linear-gradient(135deg,rgba(6,147,227,1) 0%,rgb(155,81,224) 100%)","background_repeat":"no-repeat","background_size":"auto","background_attachment":"scroll","patternColor":{"default":{"color":"#e5e7ea"}},"overlayColor":{"default":{"color":"CT_CSS_SKIP_RULE"}},"backgroundColor":{"default":{"color":"CT_CSS_SKIP_RULE"}}},"content_background":{"background_type":"color","background_pattern":"type-1","background_image":{"attachment_id":null,"x":0,"y":0},"gradient":"linear-gradient(135deg,rgba(6,147,227,1) 0%,rgb(155,81,224) 100%)","background_repeat":"no-repeat","background_size":"auto","background_attachment":"scroll","patternColor":{"default":{"color":"#e5e7ea"}},"overlayColor":{"default":{"color":"CT_CSS_SKIP_RULE"}},"backgroundColor":{"default":{"color":"var(--paletteColor8)"}}},"content_boxed_shadow":{"inherit":false,"blur":18,"spread":-6,"v_offset":12,"h_offset":0,"inset":false,"enable":true,"color":{"color":"rgba(34, 56, 101, 0.04)"}},"boxed_content_spacing":{"desktop":{"top":"40px","bottom":"40px","left":"40px","right":"40px","linked":true},"tablet":{"top":"35px","bottom":"35px","left":"35px","right":"35px","linked":true},"mobile":{"top":"20px","bottom":"20px","left":"20px","right":"20px","linked":true}},"content_boxed_radius":{"top":"3px","bottom":"3px","left":"3px","right":"3px","linked":true},"d84e261fe30796e23ce5ef486a94614a":"","disable_featured_image":"no","disable_header":"no","disable_footer":"no"},"yoast_head":"<!-- This site is optimized with the Yoast SEO plugin v25.3 - https:\/\/yoast.com\/wordpress\/plugins\/seo\/ -->\n<title>Accueil - Gismed spa<\/title>\n<meta name=\"robots\" content=\"index, follow, max-snippet:-1, max-image-preview:large, max-video-preview:-1\" \/>\n<link rel=\"canonical\" href=\"https:\/\/gismedalgerie.dz\/index.php\/accueil\/\" \/>\n<meta property=\"og:locale\" content=\"fr_FR\" \/>\n<meta property=\"og:type\" content=\"article\" \/>\n<meta property=\"og:title\" content=\"Accueil - Gismed spa\" \/>\n<meta property=\"og:description\" content=\"Votre Partenaire ESRI en Alg\u00e9rie Gismed premier centre de comp\u00e9tences Esri en Alg\u00e9rie, Nous sommes l\u00e0 pour r\u00e9pondre \u00e0 vos besoins en termes des SIG Syst\u00e9mes d&#8217;Inforamtions G\u00e9ographiques. Qui sommes-nous ?contactez-nous Conf\u00e9rence des utilisateurs Esri 2021 S\u2019inscrire \u00e0 l\u2019\u00e9v\u00e9nement virtuel pour assister aux sessions pl\u00e9ni\u00e8res, d\u00e9couvrir les derni\u00e8res technologies\u00a0 en SIG et plus . En [&hellip;]\" \/>\n<meta property=\"og:url\" content=\"https:\/\/gismedalgerie.dz\/index.php\/accueil\/\" \/>\n<meta property=\"og:site_name\" content=\"Gismed spa\" \/>\n<meta property=\"og:image\" content=\"https:\/\/gismedalgerie.dz\/wp-content\/uploads\/2021\/06\/li-main-banner-globe-crop-960.png\" \/>\n<meta name=\"twitter:card\" content=\"summary_large_image\" \/>\n<meta name=\"twitter:label1\" content=\"Dur\u00e9e de lecture estim\u00e9e\" \/>\n\t<meta name=\"twitter:data1\" content=\"2 minutes\" \/>\n<script type=\"application\/ld+json\" class=\"yoast-schema-graph\">{\"@context\":\"https:\/\/schema.org\",\"@graph\":[{\"@type\":\"WebPage\",\"@id\":\"https:\/\/gismedalgerie.dz\/index.php\/accueil\/\",\"url\":\"https:\/\/gismedalgerie.dz\/index.php\/accueil\/\",\"name\":\"Accueil - Gismed spa\",\"isPartOf\":{\"@id\":\"https:\/\/gismedalgerie.dz\/#website\"},\"primaryImageOfPage\":{\"@id\":\"https:\/\/gismedalgerie.dz\/index.php\/accueil\/#primaryimage\"},\"image\":{\"@id\":\"https:\/\/gismedalgerie.dz\/index.php\/accueil\/#primaryimage\"},\"thumbnailUrl\":\"https:\/\/gismedalgerie.dz\/wp-content\/uploads\/2021\/06\/li-main-banner-globe-crop-960.png\",\"datePublished\":\"2021-05-08T12:09:40+00:00\",\"breadcrumb\":{\"@id\":\"https:\/\/gismedalgerie.dz\/index.php\/accueil\/#breadcrumb\"},\"inLanguage\":\"fr-FR\",\"potentialAction\":[{\"@type\":\"ReadAction\",\"target\":[\"https:\/\/gismedalgerie.dz\/index.php\/accueil\/\"]}]},{\"@type\":\"ImageObject\",\"inLanguage\":\"fr-FR\",\"@id\":\"https:\/\/gismedalgerie.dz\/index.php\/accueil\/#primaryimage\",\"url\":\"https:\/\/gismedalgerie.dz\/wp-content\/uploads\/2021\/06\/li-main-banner-globe-crop-960.png\",\"contentUrl\":\"https:\/\/gismedalgerie.dz\/wp-content\/uploads\/2021\/06\/li-main-banner-globe-crop-960.png\"},{\"@type\":\"BreadcrumbList\",\"@id\":\"https:\/\/gismedalgerie.dz\/index.php\/accueil\/#breadcrumb\",\"itemListElement\":[{\"@type\":\"ListItem\",\"position\":1,\"name\":\"Accueil\",\"item\":\"https:\/\/gismedalgerie.dz\/\"},{\"@type\":\"ListItem\",\"position\":2,\"name\":\"Accueil\"}]},{\"@type\":\"WebSite\",\"@id\":\"https:\/\/gismedalgerie.dz\/#website\",\"url\":\"https:\/\/gismedalgerie.dz\/\",\"name\":\"Gismed spa\",\"description\":\"\",\"potentialAction\":[{\"@type\":\"SearchAction\",\"target\":{\"@type\":\"EntryPoint\",\"urlTemplate\":\"https:\/\/gismedalgerie.dz\/?s={search_term_string}\"},\"query-input\":{\"@type\":\"PropertyValueSpecification\",\"valueRequired\":true,\"valueName\":\"search_term_string\"}}],\"inLanguage\":\"fr-FR\"}]}<\/script>\n<!-- \/ Yoast SEO plugin. -->","yoast_head_json":{"title":"Accueil - Gismed spa","robots":{"index":"index","follow":"follow","max-snippet":"max-snippet:-1","max-image-preview":"max-image-preview:large","max-video-preview":"max-video-preview:-1"},"canonical":"https:\/\/gismedalgerie.dz\/index.php\/accueil\/","og_locale":"fr_FR","og_type":"article","og_title":"Accueil - Gismed spa","og_description":"Votre Partenaire ESRI en Alg\u00e9rie Gismed premier centre de comp\u00e9tences Esri en Alg\u00e9rie, Nous sommes l\u00e0 pour r\u00e9pondre \u00e0 vos besoins en termes des SIG Syst\u00e9mes d&#8217;Inforamtions G\u00e9ographiques. Qui sommes-nous ?contactez-nous Conf\u00e9rence des utilisateurs Esri 2021 S\u2019inscrire \u00e0 l\u2019\u00e9v\u00e9nement virtuel pour assister aux sessions pl\u00e9ni\u00e8res, d\u00e9couvrir les derni\u00e8res technologies\u00a0 en SIG et plus . En [&hellip;]","og_url":"https:\/\/gismedalgerie.dz\/index.php\/accueil\/","og_site_name":"Gismed spa","og_image":[{"url":"https:\/\/gismedalgerie.dz\/wp-content\/uploads\/2021\/06\/li-main-banner-globe-crop-960.png","type":"","width":"","height":""}],"twitter_card":"summary_large_image","twitter_misc":{"Dur\u00e9e de lecture estim\u00e9e":"2 minutes"},"schema":{"@context":"https:\/\/schema.org","@graph":[{"@type":"WebPage","@id":"https:\/\/gismedalgerie.dz\/index.php\/accueil\/","url":"https:\/\/gismedalgerie.dz\/index.php\/accueil\/","name":"Accueil - Gismed spa","isPartOf":{"@id":"https:\/\/gismedalgerie.dz\/#website"},"primaryImageOfPage":{"@id":"https:\/\/gismedalgerie.dz\/index.php\/accueil\/#primaryimage"},"image":{"@id":"https:\/\/gismedalgerie.dz\/index.php\/accueil\/#primaryimage"},"thumbnailUrl":"https:\/\/gismedalgerie.dz\/wp-content\/uploads\/2021\/06\/li-main-banner-globe-crop-960.png","datePublished":"2021-05-08T12:09:40+00:00","breadcrumb":{"@id":"https:\/\/gismedalgerie.dz\/index.php\/accueil\/#breadcrumb"},"inLanguage":"fr-FR","potentialAction":[{"@type":"ReadAction","target":["https:\/\/gismedalgerie.dz\/index.php\/accueil\/"]}]},{"@type":"ImageObject","inLanguage":"fr-FR","@id":"https:\/\/gismedalgerie.dz\/index.php\/accueil\/#primaryimage","url":"https:\/\/gismedalgerie.dz\/wp-content\/uploads\/2021\/06\/li-main-banner-globe-crop-960.png","contentUrl":"https:\/\/gismedalgerie.dz\/wp-content\/uploads\/2021\/06\/li-main-banner-globe-crop-960.png"},{"@type":"BreadcrumbList","@id":"https:\/\/gismedalgerie.dz\/index.php\/accueil\/#breadcrumb","itemListElement":[{"@type":"ListItem","position":1,"name":"Accueil","item":"https:\/\/gismedalgerie.dz\/"},{"@type":"ListItem","position":2,"name":"Accueil"}]},{"@type":"WebSite","@id":"https:\/\/gismedalgerie.dz\/#website","url":"https:\/\/gismedalgerie.dz\/","name":"Gismed spa","description":"","potentialAction":[{"@type":"SearchAction","target":{"@type":"EntryPoint","urlTemplate":"https:\/\/gismedalgerie.dz\/?s={search_term_string}"},"query-input":{"@type":"PropertyValueSpecification","valueRequired":true,"valueName":"search_term_string"}}],"inLanguage":"fr-FR"}]}},"_links":{"self":[{"href":"https:\/\/gismedalgerie.dz\/index.php\/wp-json\/wp\/v2\/pages\/4715","targetHints":{"allow":["GET"]}}],"collection":[{"href":"https:\/\/gismedalgerie.dz\/index.php\/wp-json\/wp\/v2\/pages"}],"about":[{"href":"https:\/\/gismedalgerie.dz\/index.php\/wp-json\/wp\/v2\/types\/page"}],"author":[{"embeddable":true,"href":"https:\/\/gismedalgerie.dz\/index.php\/wp-json\/wp\/v2\/users\/1"}],"replies":[{"embeddable":true,"href":"https:\/\/gismedalgerie.dz\/index.php\/wp-json\/wp\/v2\/comments?post=4715"}],"version-history":[{"count":0,"href":"https:\/\/gismedalgerie.dz\/index.php\/wp-json\/wp\/v2\/pages\/4715\/revisions"}],"wp:attachment":[{"href":"https:\/\/gismedalgerie.dz\/index.php\/wp-json\/wp\/v2\/media?parent=4715"}],"curies":[{"name":"wp","href":"https:\/\/api.w.org\/{rel}","templated":true}]}}