{"id":4659,"date":"2021-06-09T14:43:03","date_gmt":"2021-06-09T12:43:03","guid":{"rendered":"https:\/\/gismedalgerie.dz\/?page_id=4659"},"modified":"2021-06-09T14:43:03","modified_gmt":"2021-06-09T12:43:03","slug":"formation-scripts-de-geotraitement-avec-python","status":"publish","type":"page","link":"https:\/\/gismedalgerie.dz\/index.php\/formation-scripts-de-geotraitement-avec-python\/","title":{"rendered":"Formation Scripts de g\u00e9otraitement avec python"},"content":{"rendered":"\t\t<div data-elementor-type=\"wp-page\" data-elementor-id=\"4659\" class=\"elementor elementor-4659\">\n\t\t\t\t\t\t<section class=\"elementor-section elementor-top-section elementor-element elementor-element-4dba25f8 ct-section-stretched elementor-section-boxed elementor-section-height-default elementor-section-height-default\" data-id=\"4dba25f8\" data-element_type=\"section\" data-settings=\"{&quot;background_background&quot;:&quot;classic&quot;}\">\n\t\t\t\t\t\t<div class=\"elementor-container elementor-column-gap-default\">\n\t\t\t\t\t<div class=\"elementor-column elementor-col-100 elementor-top-column elementor-element elementor-element-78e74956\" data-id=\"78e74956\" data-element_type=\"column\">\n\t\t\t<div class=\"elementor-widget-wrap elementor-element-populated\">\n\t\t\t\t\t\t<div class=\"elementor-element elementor-element-1485a40c elementor-widget elementor-widget-heading\" data-id=\"1485a40c\" data-element_type=\"widget\" data-widget_type=\"heading.default\">\n\t\t\t\t<div class=\"elementor-widget-container\">\n\t\t\t\t\t<h2 class=\"elementor-heading-title elementor-size-default\">ArcGIS Desktop<\/h2>\t\t\t\t<\/div>\n\t\t\t\t<\/div>\n\t\t\t\t<div class=\"elementor-element elementor-element-3d39546c elementor-widget-divider--view-line elementor-widget elementor-widget-divider\" data-id=\"3d39546c\" data-element_type=\"widget\" data-widget_type=\"divider.default\">\n\t\t\t\t<div class=\"elementor-widget-container\">\n\t\t\t\t\t\t\t<div class=\"elementor-divider\">\n\t\t\t<span class=\"elementor-divider-separator\">\n\t\t\t\t\t\t<\/span>\n\t\t<\/div>\n\t\t\t\t\t\t<\/div>\n\t\t\t\t<\/div>\n\t\t\t\t<div class=\"elementor-element elementor-element-62781cea elementor-widget elementor-widget-heading\" data-id=\"62781cea\" data-element_type=\"widget\" data-widget_type=\"heading.default\">\n\t\t\t\t<div class=\"elementor-widget-container\">\n\t\t\t\t\t<h2 class=\"elementor-heading-title elementor-size-default\">Scripts de g\u00e9otraitement avec python<\/h2>\t\t\t\t<\/div>\n\t\t\t\t<\/div>\n\t\t\t\t<div class=\"elementor-element elementor-element-516d26ad elementor-widget elementor-widget-text-editor\" data-id=\"516d26ad\" data-element_type=\"widget\" data-widget_type=\"text-editor.default\">\n\t\t\t\t<div class=\"elementor-widget-container\">\n\t\t\t\t\t\t\t\t\t<p>Dur\u00e9e: 04 Jours<\/p>\t\t\t\t\t\t\t\t<\/div>\n\t\t\t\t<\/div>\n\t\t\t\t\t<\/div>\n\t\t<\/div>\n\t\t\t\t\t<\/div>\n\t\t<\/section>\n\t\t\t\t<section class=\"elementor-section elementor-top-section elementor-element elementor-element-38ab8fe7 ct-section-stretched elementor-section-boxed elementor-section-height-default elementor-section-height-default\" data-id=\"38ab8fe7\" data-element_type=\"section\" data-settings=\"{&quot;background_background&quot;:&quot;classic&quot;}\">\n\t\t\t\t\t\t<div class=\"elementor-container elementor-column-gap-default\">\n\t\t\t\t\t<div class=\"elementor-column elementor-col-100 elementor-top-column elementor-element elementor-element-30486ee7\" data-id=\"30486ee7\" data-element_type=\"column\">\n\t\t\t<div class=\"elementor-widget-wrap elementor-element-populated\">\n\t\t\t\t\t\t<div class=\"elementor-element elementor-element-1feb177e elementor-widget elementor-widget-heading\" data-id=\"1feb177e\" data-element_type=\"widget\" data-widget_type=\"heading.default\">\n\t\t\t\t<div class=\"elementor-widget-container\">\n\t\t\t\t\t<h2 class=\"elementor-heading-title elementor-size-default\">\u00c0 propos de ce cours<\/h2>\t\t\t\t<\/div>\n\t\t\t\t<\/div>\n\t\t\t\t<div class=\"elementor-element elementor-element-f9581e6 elementor-widget-divider--view-line elementor-widget elementor-widget-divider\" data-id=\"f9581e6\" data-element_type=\"widget\" data-widget_type=\"divider.default\">\n\t\t\t\t<div class=\"elementor-widget-container\">\n\t\t\t\t\t\t\t<div class=\"elementor-divider\">\n\t\t\t<span class=\"elementor-divider-separator\">\n\t\t\t\t\t\t<\/span>\n\t\t<\/div>\n\t\t\t\t\t\t<\/div>\n\t\t\t\t<\/div>\n\t\t\t\t<div class=\"elementor-element elementor-element-1b70e2fb elementor-widget elementor-widget-text-editor\" data-id=\"1b70e2fb\" data-element_type=\"widget\" data-widget_type=\"text-editor.default\">\n\t\t\t\t<div class=\"elementor-widget-container\">\n\t\t\t\t\t\t\t\t\t<P>Ce cours aide les sp\u00e9cialistes des SIG qui migrent depuis\nl\u2019application ArcMap vers ArcGIS Pro \u00e0 retrouver leurs marques sur cette nouvelle application. Le but est donc de leur permettre de r\u00e9aliser leurs projets et de partager leurs r\u00e9sultats plus rapidement et plus facilement que jamais.\nGr\u00e2ce \u00e0 son interface moderne et \u00e0 ses fonctionnalit\u00e9s 2D et 3D\nint\u00e9gr\u00e9es, ArcGIS Pro simplifie votre fa\u00e7on de travailler avec les SIG.<\/P>\n<P>Ce cours pr\u00e9sente les \u00e9l\u00e9ments fondamentaux de la terminologie\nd\u2019ArcGIS Pro que vous avez besoin de comprendre et vous pr\u00e9pare \u00e0 \u00eatre imm\u00e9diatement productif. Vous apprendrez \u00e0 effectuer efficacement diverses t\u00e2ches relatives\n\u00e0 la cartographie, \u00e0 l\u2019\u00e9dition, \u00e0 l\u2019analyse et au partage de donn\u00e9es,\nde cartes et d\u2019autres types de ressources g\u00e9ospatiales.\n<\/P>\t\t\t\t\t\t\t\t<\/div>\n\t\t\t\t<\/div>\n\t\t\t\t<div class=\"elementor-element elementor-element-44eb75f7 elementor-widget elementor-widget-heading\" data-id=\"44eb75f7\" data-element_type=\"widget\" data-widget_type=\"heading.default\">\n\t\t\t\t<div class=\"elementor-widget-container\">\n\t\t\t\t\t<h2 class=\"elementor-heading-title elementor-size-default\">Objectifs<\/h2>\t\t\t\t<\/div>\n\t\t\t\t<\/div>\n\t\t\t\t<div class=\"elementor-element elementor-element-79338678 elementor-widget-divider--view-line elementor-widget elementor-widget-divider\" data-id=\"79338678\" data-element_type=\"widget\" data-widget_type=\"divider.default\">\n\t\t\t\t<div class=\"elementor-widget-container\">\n\t\t\t\t\t\t\t<div class=\"elementor-divider\">\n\t\t\t<span class=\"elementor-divider-separator\">\n\t\t\t\t\t\t<\/span>\n\t\t<\/div>\n\t\t\t\t\t\t<\/div>\n\t\t\t\t<\/div>\n\t\t\t\t<div class=\"elementor-element elementor-element-b99bc76 elementor-widget elementor-widget-text-editor\" data-id=\"b99bc76\" data-element_type=\"widget\" data-widget_type=\"text-editor.default\">\n\t\t\t\t<div class=\"elementor-widget-container\">\n\t\t\t\t\t\t\t\t\t<p>A l&#8217;issue de ce cours, vous serez \u00e0 m\u00eame de :<\/p>\t\t\t\t\t\t\t\t<\/div>\n\t\t\t\t<\/div>\n\t\t\t\t<div class=\"elementor-element elementor-element-6bddb9a6 elementor-icon-list--layout-traditional elementor-list-item-link-full_width elementor-widget elementor-widget-icon-list\" data-id=\"6bddb9a6\" data-element_type=\"widget\" data-widget_type=\"icon-list.default\">\n\t\t\t\t<div class=\"elementor-widget-container\">\n\t\t\t\t\t\t\t<ul class=\"elementor-icon-list-items\">\n\t\t\t\t\t\t\t<li class=\"elementor-icon-list-item\">\n\t\t\t\t\t\t\t\t\t\t\t<span class=\"elementor-icon-list-icon\">\n\t\t\t\t\t\t\t<svg aria-hidden=\"true\" class=\"e-font-icon-svg e-fas-check\" viewBox=\"0 0 512 512\" xmlns=\"http:\/\/www.w3.org\/2000\/svg\"><path d=\"M173.898 439.404l-166.4-166.4c-9.997-9.997-9.997-26.206 0-36.204l36.203-36.204c9.997-9.998 26.207-9.998 36.204 0L192 312.69 432.095 72.596c9.997-9.997 26.207-9.997 36.204 0l36.203 36.204c9.997 9.997 9.997 26.206 0 36.204l-294.4 294.401c-9.998 9.997-26.207 9.997-36.204-.001z\"><\/path><\/svg>\t\t\t\t\t\t<\/span>\n\t\t\t\t\t\t\t\t\t\t<span class=\"elementor-icon-list-text\">Cr\u00e9er un projet ArcGIS Pro<\/span>\n\t\t\t\t\t\t\t\t\t<\/li>\n\t\t\t\t\t\t\t\t<li class=\"elementor-icon-list-item\">\n\t\t\t\t\t\t\t\t\t\t\t<span class=\"elementor-icon-list-icon\">\n\t\t\t\t\t\t\t<svg aria-hidden=\"true\" class=\"e-font-icon-svg e-fas-check\" viewBox=\"0 0 512 512\" xmlns=\"http:\/\/www.w3.org\/2000\/svg\"><path d=\"M173.898 439.404l-166.4-166.4c-9.997-9.997-9.997-26.206 0-36.204l36.203-36.204c9.997-9.998 26.207-9.998 36.204 0L192 312.69 432.095 72.596c9.997-9.997 26.207-9.997 36.204 0l36.203 36.204c9.997 9.997 9.997 26.206 0 36.204l-294.4 294.401c-9.998 9.997-26.207 9.997-36.204-.001z\"><\/path><\/svg>\t\t\t\t\t\t<\/span>\n\t\t\t\t\t\t\t\t\t\t<span class=\"elementor-icon-list-text\">Migrer un document et les ressources ArcMap vers un projet ArcGIS Pro<\/span>\n\t\t\t\t\t\t\t\t\t<\/li>\n\t\t\t\t\t\t\t\t<li class=\"elementor-icon-list-item\">\n\t\t\t\t\t\t\t\t\t\t\t<span class=\"elementor-icon-list-icon\">\n\t\t\t\t\t\t\t<svg aria-hidden=\"true\" class=\"e-font-icon-svg e-fas-check\" viewBox=\"0 0 512 512\" xmlns=\"http:\/\/www.w3.org\/2000\/svg\"><path d=\"M173.898 439.404l-166.4-166.4c-9.997-9.997-9.997-26.206 0-36.204l36.203-36.204c9.997-9.998 26.207-9.998 36.204 0L192 312.69 432.095 72.596c9.997-9.997 26.207-9.997 36.204 0l36.203 36.204c9.997 9.997 9.997 26.206 0 36.204l-294.4 294.401c-9.998 9.997-26.207 9.997-36.204-.001z\"><\/path><\/svg>\t\t\t\t\t\t<\/span>\n\t\t\t\t\t\t\t\t\t\t<span class=\"elementor-icon-list-text\">Mettre \u00e0 jour des donn\u00e9es spatiales ou attributaires<\/span>\n\t\t\t\t\t\t\t\t\t<\/li>\n\t\t\t\t\t\t\t\t<li class=\"elementor-icon-list-item\">\n\t\t\t\t\t\t\t\t\t\t\t<span class=\"elementor-icon-list-icon\">\n\t\t\t\t\t\t\t<svg aria-hidden=\"true\" class=\"e-font-icon-svg e-fas-check\" viewBox=\"0 0 512 512\" xmlns=\"http:\/\/www.w3.org\/2000\/svg\"><path d=\"M173.898 439.404l-166.4-166.4c-9.997-9.997-9.997-26.206 0-36.204l36.203-36.204c9.997-9.998 26.207-9.998 36.204 0L192 312.69 432.095 72.596c9.997-9.997 26.207-9.997 36.204 0l36.203 36.204c9.997 9.997 9.997 26.206 0 36.204l-294.4 294.401c-9.998 9.997-26.207 9.997-36.204-.001z\"><\/path><\/svg>\t\t\t\t\t\t<\/span>\n\t\t\t\t\t\t\t\t\t\t<span class=\"elementor-icon-list-text\">Ex\u00e9cuter des t\u00e2ches de g\u00e9otraitement et d\u2019analyse<\/span>\n\t\t\t\t\t\t\t\t\t<\/li>\n\t\t\t\t\t\t\t\t<li class=\"elementor-icon-list-item\">\n\t\t\t\t\t\t\t\t\t\t\t<span class=\"elementor-icon-list-icon\">\n\t\t\t\t\t\t\t<svg aria-hidden=\"true\" class=\"e-font-icon-svg e-fas-check\" viewBox=\"0 0 512 512\" xmlns=\"http:\/\/www.w3.org\/2000\/svg\"><path d=\"M173.898 439.404l-166.4-166.4c-9.997-9.997-9.997-26.206 0-36.204l36.203-36.204c9.997-9.998 26.207-9.998 36.204 0L192 312.69 432.095 72.596c9.997-9.997 26.207-9.997 36.204 0l36.203 36.204c9.997 9.997 9.997 26.206 0 36.204l-294.4 294.401c-9.998 9.997-26.207 9.997-36.204-.001z\"><\/path><\/svg>\t\t\t\t\t\t<\/span>\n\t\t\t\t\t\t\t\t\t\t<span class=\"elementor-icon-list-text\">Travailler avec des donn\u00e9es vectorielles<\/span>\n\t\t\t\t\t\t\t\t\t<\/li>\n\t\t\t\t\t\t\t\t<li class=\"elementor-icon-list-item\">\n\t\t\t\t\t\t\t\t\t\t\t<span class=\"elementor-icon-list-icon\">\n\t\t\t\t\t\t\t<svg aria-hidden=\"true\" class=\"e-font-icon-svg e-fas-check\" viewBox=\"0 0 512 512\" xmlns=\"http:\/\/www.w3.org\/2000\/svg\"><path d=\"M173.898 439.404l-166.4-166.4c-9.997-9.997-9.997-26.206 0-36.204l36.203-36.204c9.997-9.998 26.207-9.998 36.204 0L192 312.69 432.095 72.596c9.997-9.997 26.207-9.997 36.204 0l36.203 36.204c9.997 9.997 9.997 26.206 0 36.204l-294.4 294.401c-9.998 9.997-26.207 9.997-36.204-.001z\"><\/path><\/svg>\t\t\t\t\t\t<\/span>\n\t\t\t\t\t\t\t\t\t\t<span class=\"elementor-icon-list-text\">Travailler avec des donn\u00e9es Raster<\/span>\n\t\t\t\t\t\t\t\t\t<\/li>\n\t\t\t\t\t\t\t\t<li class=\"elementor-icon-list-item\">\n\t\t\t\t\t\t\t\t\t\t\t<span class=\"elementor-icon-list-icon\">\n\t\t\t\t\t\t\t<svg aria-hidden=\"true\" class=\"e-font-icon-svg e-fas-check\" viewBox=\"0 0 512 512\" xmlns=\"http:\/\/www.w3.org\/2000\/svg\"><path d=\"M173.898 439.404l-166.4-166.4c-9.997-9.997-9.997-26.206 0-36.204l36.203-36.204c9.997-9.998 26.207-9.998 36.204 0L192 312.69 432.095 72.596c9.997-9.997 26.207-9.997 36.204 0l36.203 36.204c9.997 9.997 9.997 26.206 0 36.204l-294.4 294.401c-9.998 9.997-26.207 9.997-36.204-.001z\"><\/path><\/svg>\t\t\t\t\t\t<\/span>\n\t\t\t\t\t\t\t\t\t\t<span class=\"elementor-icon-list-text\">Partager vos donn\u00e9es dans un contexte web<\/span>\n\t\t\t\t\t\t\t\t\t<\/li>\n\t\t\t\t\t\t<\/ul>\n\t\t\t\t\t\t<\/div>\n\t\t\t\t<\/div>\n\t\t\t\t<div class=\"elementor-element elementor-element-16f10db8 elementor-widget elementor-widget-heading\" data-id=\"16f10db8\" data-element_type=\"widget\" data-widget_type=\"heading.default\">\n\t\t\t\t<div class=\"elementor-widget-container\">\n\t\t\t\t\t<h2 class=\"elementor-heading-title elementor-size-default\">Comp\u00e9tences sugg\u00e9r\u00e9es<\/h2>\t\t\t\t<\/div>\n\t\t\t\t<\/div>\n\t\t\t\t<div class=\"elementor-element elementor-element-2d9563b elementor-widget-divider--view-line elementor-widget elementor-widget-divider\" data-id=\"2d9563b\" data-element_type=\"widget\" data-widget_type=\"divider.default\">\n\t\t\t\t<div class=\"elementor-widget-container\">\n\t\t\t\t\t\t\t<div class=\"elementor-divider\">\n\t\t\t<span class=\"elementor-divider-separator\">\n\t\t\t\t\t\t<\/span>\n\t\t<\/div>\n\t\t\t\t\t\t<\/div>\n\t\t\t\t<\/div>\n\t\t\t\t<div class=\"elementor-element elementor-element-5ab9f7b5 elementor-icon-list--layout-traditional elementor-list-item-link-full_width elementor-widget elementor-widget-icon-list\" data-id=\"5ab9f7b5\" data-element_type=\"widget\" data-widget_type=\"icon-list.default\">\n\t\t\t\t<div class=\"elementor-widget-container\">\n\t\t\t\t\t\t\t<ul class=\"elementor-icon-list-items\">\n\t\t\t\t\t\t\t<li class=\"elementor-icon-list-item\">\n\t\t\t\t\t\t\t\t\t\t\t<span class=\"elementor-icon-list-icon\">\n\t\t\t\t\t\t\t<svg aria-hidden=\"true\" class=\"e-font-icon-svg e-fas-square\" viewBox=\"0 0 448 512\" xmlns=\"http:\/\/www.w3.org\/2000\/svg\"><path d=\"M400 32H48C21.5 32 0 53.5 0 80v352c0 26.5 21.5 48 48 48h352c26.5 0 48-21.5 48-48V80c0-26.5-21.5-48-48-48z\"><\/path><\/svg>\t\t\t\t\t\t<\/span>\n\t\t\t\t\t\t\t\t\t\t<span class=\"elementor-icon-list-text\">Ce cours s'adresse \u00e0 des utilisateurs r\u00e9guliers d'ArcGIS for Desktop qui connaissent d\u00e9j\u00e0 bien l'application ArcMap.<\/span>\n\t\t\t\t\t\t\t\t\t<\/li>\n\t\t\t\t\t\t\t\t<li class=\"elementor-icon-list-item\">\n\t\t\t\t\t\t\t\t\t\t\t<span class=\"elementor-icon-list-icon\">\n\t\t\t\t\t\t\t<svg aria-hidden=\"true\" class=\"e-font-icon-svg e-fas-square\" viewBox=\"0 0 448 512\" xmlns=\"http:\/\/www.w3.org\/2000\/svg\"><path d=\"M400 32H48C21.5 32 0 53.5 0 80v352c0 26.5 21.5 48 48 48h352c26.5 0 48-21.5 48-48V80c0-26.5-21.5-48-48-48z\"><\/path><\/svg>\t\t\t\t\t\t<\/span>\n\t\t\t\t\t\t\t\t\t\t<span class=\"elementor-icon-list-text\">Une connaissance des concepts d\u00e9crits dans le cours ArcGIS II est n\u00e9cessaire.<\/span>\n\t\t\t\t\t\t\t\t\t<\/li>\n\t\t\t\t\t\t<\/ul>\n\t\t\t\t\t\t<\/div>\n\t\t\t\t<\/div>\n\t\t\t\t\t<\/div>\n\t\t<\/div>\n\t\t\t\t\t<\/div>\n\t\t<\/section>\n\t\t\t\t<\/div>\n\t\t","protected":false},"excerpt":{"rendered":"<p>ArcGIS Desktop Scripts de g\u00e9otraitement avec python Dur\u00e9e: 04 Jours \u00c0 propos de ce cours Ce cours aide les sp\u00e9cialistes des SIG qui migrent depuis l\u2019application ArcMap vers ArcGIS Pro \u00e0 retrouver leurs marques sur cette nouvelle application. Le but est donc de leur permettre de r\u00e9aliser leurs projets et de partager leurs r\u00e9sultats plus [&hellip;]<\/p>\n","protected":false},"author":1,"featured_media":0,"parent":0,"menu_order":0,"comment_status":"closed","ping_status":"closed","template":"","meta":{"footnotes":""},"class_list":["post-4659","page","type-page","status-publish","hentry"],"blocksy_meta":{"styles_descriptor":{"styles":{"desktop":"","tablet":"","mobile":""},"google_fonts":[]}},"yoast_head":"<!-- This site is optimized with the Yoast SEO plugin v25.3 - https:\/\/yoast.com\/wordpress\/plugins\/seo\/ -->\n<title>Formation Scripts de g\u00e9otraitement avec python - Gismed spa<\/title>\n<meta name=\"robots\" content=\"index, follow, max-snippet:-1, max-image-preview:large, max-video-preview:-1\" \/>\n<link rel=\"canonical\" href=\"https:\/\/gismedalgerie.dz\/index.php\/formation-scripts-de-geotraitement-avec-python\/\" \/>\n<meta property=\"og:locale\" content=\"fr_FR\" \/>\n<meta property=\"og:type\" content=\"article\" \/>\n<meta property=\"og:title\" content=\"Formation Scripts de g\u00e9otraitement avec python - Gismed spa\" \/>\n<meta property=\"og:description\" content=\"ArcGIS Desktop Scripts de g\u00e9otraitement avec python Dur\u00e9e: 04 Jours \u00c0 propos de ce cours Ce cours aide les sp\u00e9cialistes des SIG qui migrent depuis l\u2019application ArcMap vers ArcGIS Pro \u00e0 retrouver leurs marques sur cette nouvelle application. Le but est donc de leur permettre de r\u00e9aliser leurs projets et de partager leurs r\u00e9sultats plus [&hellip;]\" \/>\n<meta property=\"og:url\" content=\"https:\/\/gismedalgerie.dz\/index.php\/formation-scripts-de-geotraitement-avec-python\/\" \/>\n<meta property=\"og:site_name\" content=\"Gismed spa\" \/>\n<meta name=\"twitter:card\" content=\"summary_large_image\" \/>\n<meta name=\"twitter:label1\" content=\"Dur\u00e9e de lecture estim\u00e9e\" \/>\n\t<meta name=\"twitter:data1\" content=\"1 minute\" \/>\n<script type=\"application\/ld+json\" class=\"yoast-schema-graph\">{\"@context\":\"https:\/\/schema.org\",\"@graph\":[{\"@type\":\"WebPage\",\"@id\":\"https:\/\/gismedalgerie.dz\/index.php\/formation-scripts-de-geotraitement-avec-python\/\",\"url\":\"https:\/\/gismedalgerie.dz\/index.php\/formation-scripts-de-geotraitement-avec-python\/\",\"name\":\"Formation Scripts de g\u00e9otraitement avec python - Gismed spa\",\"isPartOf\":{\"@id\":\"https:\/\/gismedalgerie.dz\/#website\"},\"datePublished\":\"2021-06-09T12:43:03+00:00\",\"breadcrumb\":{\"@id\":\"https:\/\/gismedalgerie.dz\/index.php\/formation-scripts-de-geotraitement-avec-python\/#breadcrumb\"},\"inLanguage\":\"fr-FR\",\"potentialAction\":[{\"@type\":\"ReadAction\",\"target\":[\"https:\/\/gismedalgerie.dz\/index.php\/formation-scripts-de-geotraitement-avec-python\/\"]}]},{\"@type\":\"BreadcrumbList\",\"@id\":\"https:\/\/gismedalgerie.dz\/index.php\/formation-scripts-de-geotraitement-avec-python\/#breadcrumb\",\"itemListElement\":[{\"@type\":\"ListItem\",\"position\":1,\"name\":\"Accueil\",\"item\":\"https:\/\/gismedalgerie.dz\/\"},{\"@type\":\"ListItem\",\"position\":2,\"name\":\"Formation Scripts de g\u00e9otraitement avec python\"}]},{\"@type\":\"WebSite\",\"@id\":\"https:\/\/gismedalgerie.dz\/#website\",\"url\":\"https:\/\/gismedalgerie.dz\/\",\"name\":\"Gismed spa\",\"description\":\"\",\"potentialAction\":[{\"@type\":\"SearchAction\",\"target\":{\"@type\":\"EntryPoint\",\"urlTemplate\":\"https:\/\/gismedalgerie.dz\/?s={search_term_string}\"},\"query-input\":{\"@type\":\"PropertyValueSpecification\",\"valueRequired\":true,\"valueName\":\"search_term_string\"}}],\"inLanguage\":\"fr-FR\"}]}<\/script>\n<!-- \/ Yoast SEO plugin. -->","yoast_head_json":{"title":"Formation Scripts de g\u00e9otraitement avec python - Gismed spa","robots":{"index":"index","follow":"follow","max-snippet":"max-snippet:-1","max-image-preview":"max-image-preview:large","max-video-preview":"max-video-preview:-1"},"canonical":"https:\/\/gismedalgerie.dz\/index.php\/formation-scripts-de-geotraitement-avec-python\/","og_locale":"fr_FR","og_type":"article","og_title":"Formation Scripts de g\u00e9otraitement avec python - Gismed spa","og_description":"ArcGIS Desktop Scripts de g\u00e9otraitement avec python Dur\u00e9e: 04 Jours \u00c0 propos de ce cours Ce cours aide les sp\u00e9cialistes des SIG qui migrent depuis l\u2019application ArcMap vers ArcGIS Pro \u00e0 retrouver leurs marques sur cette nouvelle application. Le but est donc de leur permettre de r\u00e9aliser leurs projets et de partager leurs r\u00e9sultats plus [&hellip;]","og_url":"https:\/\/gismedalgerie.dz\/index.php\/formation-scripts-de-geotraitement-avec-python\/","og_site_name":"Gismed spa","twitter_card":"summary_large_image","twitter_misc":{"Dur\u00e9e de lecture estim\u00e9e":"1 minute"},"schema":{"@context":"https:\/\/schema.org","@graph":[{"@type":"WebPage","@id":"https:\/\/gismedalgerie.dz\/index.php\/formation-scripts-de-geotraitement-avec-python\/","url":"https:\/\/gismedalgerie.dz\/index.php\/formation-scripts-de-geotraitement-avec-python\/","name":"Formation Scripts de g\u00e9otraitement avec python - Gismed spa","isPartOf":{"@id":"https:\/\/gismedalgerie.dz\/#website"},"datePublished":"2021-06-09T12:43:03+00:00","breadcrumb":{"@id":"https:\/\/gismedalgerie.dz\/index.php\/formation-scripts-de-geotraitement-avec-python\/#breadcrumb"},"inLanguage":"fr-FR","potentialAction":[{"@type":"ReadAction","target":["https:\/\/gismedalgerie.dz\/index.php\/formation-scripts-de-geotraitement-avec-python\/"]}]},{"@type":"BreadcrumbList","@id":"https:\/\/gismedalgerie.dz\/index.php\/formation-scripts-de-geotraitement-avec-python\/#breadcrumb","itemListElement":[{"@type":"ListItem","position":1,"name":"Accueil","item":"https:\/\/gismedalgerie.dz\/"},{"@type":"ListItem","position":2,"name":"Formation Scripts de g\u00e9otraitement avec python"}]},{"@type":"WebSite","@id":"https:\/\/gismedalgerie.dz\/#website","url":"https:\/\/gismedalgerie.dz\/","name":"Gismed spa","description":"","potentialAction":[{"@type":"SearchAction","target":{"@type":"EntryPoint","urlTemplate":"https:\/\/gismedalgerie.dz\/?s={search_term_string}"},"query-input":{"@type":"PropertyValueSpecification","valueRequired":true,"valueName":"search_term_string"}}],"inLanguage":"fr-FR"}]}},"_links":{"self":[{"href":"https:\/\/gismedalgerie.dz\/index.php\/wp-json\/wp\/v2\/pages\/4659","targetHints":{"allow":["GET"]}}],"collection":[{"href":"https:\/\/gismedalgerie.dz\/index.php\/wp-json\/wp\/v2\/pages"}],"about":[{"href":"https:\/\/gismedalgerie.dz\/index.php\/wp-json\/wp\/v2\/types\/page"}],"author":[{"embeddable":true,"href":"https:\/\/gismedalgerie.dz\/index.php\/wp-json\/wp\/v2\/users\/1"}],"replies":[{"embeddable":true,"href":"https:\/\/gismedalgerie.dz\/index.php\/wp-json\/wp\/v2\/comments?post=4659"}],"version-history":[{"count":0,"href":"https:\/\/gismedalgerie.dz\/index.php\/wp-json\/wp\/v2\/pages\/4659\/revisions"}],"wp:attachment":[{"href":"https:\/\/gismedalgerie.dz\/index.php\/wp-json\/wp\/v2\/media?parent=4659"}],"curies":[{"name":"wp","href":"https:\/\/api.w.org\/{rel}","templated":true}]}}