{"id":4371,"date":"2021-06-09T09:53:46","date_gmt":"2021-06-09T07:53:46","guid":{"rendered":"https:\/\/gismedalgerie.dz\/?page_id=4371"},"modified":"2021-06-09T09:53:46","modified_gmt":"2021-06-09T07:53:46","slug":"premiers-pas","status":"publish","type":"page","link":"https:\/\/gismedalgerie.dz\/index.php\/premiers-pas\/","title":{"rendered":"Premiers pas"},"content":{"rendered":"<h2>Bienvenue dans l&#8217;espace d&#8217;accueil<br \/>\ndes nouveaux utilisateurs des solutions Esri.<br \/>\n<\/h2>\n<p>Afin de vous permettre d&#8217;utiliser au plus vite votre nouvelle solution, nous avons r\u00e9uni dans cette page toutes les informations qui pourront vous \u00eatre utiles lors de l&#8217;installation et de l&#8217;activation de celle-ci.<\/p>\n<p>Sachez qu&#8217;\u00e0 tout moment, le centre de support Gismed\u00a0 est \u00e0 votre disposition, pour r\u00e9pondre \u00e0 toutes vos questions pour lesquelles vous n&#8217;auriez pas trouv\u00e9 de r\u00e9ponse. Pour contacter le support, rien de plus simple, composez le <strong>+213(0) 023 13 58 43\/32<\/strong> ou \u00e9crivez \u00e0 <a href=\"mailto:support@gismedalgerie.dz\">support@gismedalgerie.dz<\/a><\/p>\n<p>\t\t\t\t\t\t\tParcourir par type d&#8217;op\u00e9ration<br \/>\n\t\t\t<svg  width=\"40\" height=\"40\" viewBox=\"0 0 32 32\"  fill=\"#ffffff\" style=\"color:#ffffff;\" ><path d=\"M16 18l8-8h-6v-8h-4v8h-6zM23.273 14.727l-2.242 2.242 8.128 3.031-13.158 4.907-13.158-4.907 8.127-3.031-2.242-2.242-8.727 3.273v8l16 6 16-6v-8z\"><\/path><\/svg>T\u00e9l\u00e9chargez les logiciels <svg  width=\"40\" height=\"40\" viewBox=\"0 0 32 32\"  fill=\"#333333\" style=\"color:#333333;\" ><path d=\"M16 18l8-8h-6v-8h-4v8h-6zM23.273 14.727l-2.242 2.242 8.128 3.031-13.158 4.907-13.158-4.907 8.127-3.031-2.242-2.242-8.727 3.273v8l16 6 16-6v-8z\"><\/path><\/svg>T\u00e9l\u00e9chargez les logiciels <a href=\"#telcharger_logiciel\" ><\/a><br \/>\n\t\t\t<svg  width=\"40\" height=\"40\" viewBox=\"0 0 32 32\"  fill=\"#ffffff\" style=\"color:#ffffff;\" ><path d=\"M28.813 16.104l1.875 1.875-12.688 12.688-6.75-6.813 1.875-1.875 4.875 4.938zM8.563 15.354h5.5l-2.75-7.375zM16.625 21.979l-1.563-4h-7.5l-1.5 4h-2.813l6.813-17.313h2.5l6.813 17.313h-2.75z\"><\/path><\/svg>Autorisez les logiciels<svg  width=\"40\" height=\"40\" viewBox=\"0 0 32 32\"  fill=\"#333333\" style=\"color:#333333;\" ><path d=\"M28.813 16.104l1.875 1.875-12.688 12.688-6.75-6.813 1.875-1.875 4.875 4.938zM8.563 15.354h5.5l-2.75-7.375zM16.625 21.979l-1.563-4h-7.5l-1.5 4h-2.813l6.813-17.313h2.5l6.813 17.313h-2.75z\"><\/path><\/svg>Autorisez les logiciels<a href=\"#Autorisez_logiciels\" ><\/a><br \/>\n\t\t\t<svg  width=\"40\" height=\"40\" viewBox=\"0 0 32 32\"  fill=\"#ffffff\" style=\"color:#ffffff;\" ><path d=\"M14.499 10.5c0.001 0 0.002 0 0.003 0h0.995v5c0 0.552 0.447 1 1 1s1-0.448 1-1c0-0.001 0-0.002 0-0.002v-5.978c0-0.007 0.002-0.012 0.002-0.020 0-0.552-0.448-1-1-1h-2c-0.552 0-1 0.448-1 1s0.448 1 1 1zM31.706 24.366l-5.883-5.883c0.080-0.131 0.156-0.265 0.231-0.399 0.92-1.654 1.446-3.556 1.445-5.582v-0.001c0.002-4.962-3.142-9.191-7.546-10.803-1.233-0.452-2.565-0.698-3.954-0.698s-2.721 0.246-3.954 0.698c-4.404 1.612-7.548 5.841-7.546 10.803v0.001c-0 2.027 0.526 3.929 1.446 5.582 0.074 0.134 0.151 0.268 0.231 0.399l-5.883 5.883c-0.277 0.277-0.366 0.69-0.23 1.056 0.052 0.137 0.131 0.259 0.23 0.358 0.167 0.167 0.391 0.273 0.635 0.291l3.76 0.268 0.287 3.737c0.030 0.39 0.285 0.726 0.651 0.861s0.777 0.046 1.054-0.23l6.952-6.952c0.765 0.16 1.556 0.244 2.368 0.244s1.603-0.085 2.367-0.244l6.952 6.952c0.276 0.276 0.689 0.366 1.055 0.23 0.365-0.136 0.619-0.471 0.649-0.861l0.288-3.737 3.76-0.268c0.244-0.017 0.469-0.123 0.636-0.291 0.099-0.099 0.178-0.22 0.23-0.358 0.138-0.366 0.049-0.779-0.229-1.056zM25.5 12.5c0 0.039-0.006 0.076-0.006 0.116-0.008 0.615-0.069 1.217-0.188 1.799-0.887 4.324-4.715 7.585-9.307 7.587-4.593-0.001-8.421-3.264-9.307-7.588-0.043-0.214-0.071-0.434-0.099-0.655-0.013-0.096-0.034-0.19-0.044-0.287-0.027-0.259-0.035-0.524-0.040-0.789-0.002-0.062-0.010-0.121-0.010-0.182 0.003-5.249 4.252-9.499 9.5-9.5 5.249 0.001 9.498 4.251 9.501 9.5zM6.803 27.756l-0.186-2.428c-0.038-0.494-0.431-0.885-0.926-0.921l-2.436-0.174 4.123-4.123c1.123 1.271 2.521 2.293 4.102 2.969l-4.678 4.677zM26.308 24.407c-0.494 0.035-0.887 0.427-0.926 0.921l-0.186 2.428-4.677-4.677c1.581-0.677 2.98-1.698 4.102-2.969l4.123 4.123-2.436 0.174z\"><\/path><\/svg>Effectuez vos premiers pas<svg  width=\"40\" height=\"40\" viewBox=\"0 0 32 32\"  fill=\"#333333\" style=\"color:#333333;\" ><path d=\"M14.499 10.5c0.001 0 0.002 0 0.003 0h0.995v5c0 0.552 0.447 1 1 1s1-0.448 1-1c0-0.001 0-0.002 0-0.002v-5.978c0-0.007 0.002-0.012 0.002-0.020 0-0.552-0.448-1-1-1h-2c-0.552 0-1 0.448-1 1s0.448 1 1 1zM31.706 24.366l-5.883-5.883c0.080-0.131 0.156-0.265 0.231-0.399 0.92-1.654 1.446-3.556 1.445-5.582v-0.001c0.002-4.962-3.142-9.191-7.546-10.803-1.233-0.452-2.565-0.698-3.954-0.698s-2.721 0.246-3.954 0.698c-4.404 1.612-7.548 5.841-7.546 10.803v0.001c-0 2.027 0.526 3.929 1.446 5.582 0.074 0.134 0.151 0.268 0.231 0.399l-5.883 5.883c-0.277 0.277-0.366 0.69-0.23 1.056 0.052 0.137 0.131 0.259 0.23 0.358 0.167 0.167 0.391 0.273 0.635 0.291l3.76 0.268 0.287 3.737c0.030 0.39 0.285 0.726 0.651 0.861s0.777 0.046 1.054-0.23l6.952-6.952c0.765 0.16 1.556 0.244 2.368 0.244s1.603-0.085 2.367-0.244l6.952 6.952c0.276 0.276 0.689 0.366 1.055 0.23 0.365-0.136 0.619-0.471 0.649-0.861l0.288-3.737 3.76-0.268c0.244-0.017 0.469-0.123 0.636-0.291 0.099-0.099 0.178-0.22 0.23-0.358 0.138-0.366 0.049-0.779-0.229-1.056zM25.5 12.5c0 0.039-0.006 0.076-0.006 0.116-0.008 0.615-0.069 1.217-0.188 1.799-0.887 4.324-4.715 7.585-9.307 7.587-4.593-0.001-8.421-3.264-9.307-7.588-0.043-0.214-0.071-0.434-0.099-0.655-0.013-0.096-0.034-0.19-0.044-0.287-0.027-0.259-0.035-0.524-0.040-0.789-0.002-0.062-0.010-0.121-0.010-0.182 0.003-5.249 4.252-9.499 9.5-9.5 5.249 0.001 9.498 4.251 9.501 9.5zM6.803 27.756l-0.186-2.428c-0.038-0.494-0.431-0.885-0.926-0.921l-2.436-0.174 4.123-4.123c1.123 1.271 2.521 2.293 4.102 2.969l-4.678 4.677zM26.308 24.407c-0.494 0.035-0.887 0.427-0.926 0.921l-0.186 2.428-4.677-4.677c1.581-0.677 2.98-1.698 4.102-2.969l4.123 4.123-2.436 0.174z\"><\/path><\/svg>Effectuez vos premiers pas<a href=\"#Effectuez_vos_premiers_pas_arcgis\" ><\/a><br \/>\n\t\t\t<svg  width=\"40\" height=\"40\" viewBox=\"0 0 32 32\"  fill=\"#ffffff\" style=\"color:#ffffff;\" ><path d=\"M25.313 20.667l-8 8-1.875-1.875 4.813-4.813h-14.938v-16h2.688v13.375h12.25l-4.813-4.813 1.875-1.875z\"><\/path><\/svg>Acc\u00e9dez au Support<svg  width=\"40\" height=\"40\" viewBox=\"0 0 32 32\"  fill=\"#333333\" style=\"color:#333333;\" ><path d=\"M25.313 20.667l-8 8-1.875-1.875 4.813-4.813h-14.938v-16h2.688v13.375h12.25l-4.813-4.813 1.875-1.875z\"><\/path><\/svg>Acc\u00e9dez au Support<a href=\"#accedez_Support\" ><\/a><\/p>\n<h2>T\u00e9l\u00e9chargez les logiciels\u200b<\/h2>\n<p>\t\t\t<a href=\"https:\/\/www.esrifrance.fr\/premiers_pas\/utilisation_du_site_my_esri_pour_la_premiere_fois.pdf\" target=\"_blank\" role=\"button\" rel=\"noopener\"><br \/>\n\t\t\t\t\t\tT\u00e9l\u00e9chargement de vos logiciels ArcGIS via MyEsri \u2192<br \/>\n\t\t\t\t\t<\/a><br \/>\n\t\t\t\t\t\t\t\t\t\t\t\t\t\t\t<img loading=\"lazy\" decoding=\"async\" width=\"460\" height=\"140\" src=\"https:\/\/gismedalgerie.dz\/wp-content\/uploads\/2021\/06\/myesri1.jpg\" alt=\"\" loading=\"lazy\" srcset=\"https:\/\/gismedalgerie.dz\/wp-content\/uploads\/2021\/06\/myesri1.jpg 460w, https:\/\/gismedalgerie.dz\/wp-content\/uploads\/2021\/06\/myesri1-300x91.jpg 300w\" sizes=\"auto, (max-width: 460px) 100vw, 460px\" \/><\/p>\n<h2>Autorisez les logiciels <\/h2>\n<h4>ArcGIS Online<\/h4>\n<p>\t\t\t<a href=\"https:\/\/www.esrifrance.fr\/premiers_pas\/activationcompteorganisationagol.pdf\" target=\"_blank\" role=\"button\" rel=\"noopener\"><br \/>\n\t\t\t\t\t\t\u00a0 Proc\u00e9dure d&#8217;activation d\u2019ArcGIS Online \u2192<br \/>\n\t\t\t\t\t<\/a><br \/>\n\t\t\t<a href=\"https:\/\/learn.arcgis.com\/fr\/projects\/set-up-an-arcgis-organization\/\" target=\"_blank\" role=\"button\" rel=\"noopener\"><br \/>\n\t\t\t\t\t\tConfigurer votre organisation ArcGIS \u2192<br \/>\n\t\t\t\t\t<\/a><br \/>\n\t\t\t\t\t\t\t\t\t\t\t\t\t\t\t<img loading=\"lazy\" decoding=\"async\" width=\"460\" height=\"140\" src=\"https:\/\/gismedalgerie.dz\/wp-content\/uploads\/2021\/06\/banner-binevenue-online.jpg\" alt=\"\" loading=\"lazy\" srcset=\"https:\/\/gismedalgerie.dz\/wp-content\/uploads\/2021\/06\/banner-binevenue-online.jpg 460w, https:\/\/gismedalgerie.dz\/wp-content\/uploads\/2021\/06\/banner-binevenue-online-300x91.jpg 300w\" sizes=\"auto, (max-width: 460px) 100vw, 460px\" \/><\/p>\n<h4>ArcGIS Pro <\/h4>\n<p>\t\t\t<a href=\"https:\/\/pro.arcgis.com\/fr\/pro-app\/get-started\/named-user-licenses.htm\" target=\"_blank\" role=\"button\" rel=\"noopener\"><br \/>\n\t\t\t\t\t\tLicence avec utilisateur nomm\u00e9 \u2192<br \/>\n\t\t\t\t\t<\/a><br \/>\n\t\t\t<a href=\"https:\/\/pro.arcgis.com\/fr\/pro-app\/get-started\/single-use-licenses.htm\" target=\"_blank\" role=\"button\" rel=\"noopener\"><br \/>\n\t\t\t\t\t\tLicence Fixe \u2192<br \/>\n\t\t\t\t\t<\/a><br \/>\n\t\t\t<a href=\"https:\/\/pro.arcgis.com\/fr\/pro-app\/get-started\/concurrent-use-licenses.htm\" target=\"_blank\" role=\"button\" rel=\"noopener\"><br \/>\n\t\t\t\t\t\tLicence Flottante \u2192<br \/>\n\t\t\t\t\t<\/a><br \/>\n\t\t\t\t\t\t\t\t\t\t\t\t\t\t\t<img loading=\"lazy\" decoding=\"async\" width=\"460\" height=\"140\" src=\"https:\/\/gismedalgerie.dz\/wp-content\/uploads\/2021\/06\/banner-binevenue-pro.jpg\" alt=\"\" loading=\"lazy\" srcset=\"https:\/\/gismedalgerie.dz\/wp-content\/uploads\/2021\/06\/banner-binevenue-pro.jpg 460w, https:\/\/gismedalgerie.dz\/wp-content\/uploads\/2021\/06\/banner-binevenue-pro-300x91.jpg 300w\" sizes=\"auto, (max-width: 460px) 100vw, 460px\" \/><\/p>\n<h4>ArcMap &#8211; Autorisation avec Internet <\/h4>\n<p>\t\t\t<a href=\"https:\/\/www.esrifrance.fr\/page-bienvenue\/Enregistrement_ARCGIS_10%201-10.5_Fixe_Avec_Internet_Avec_PRVC.pdf\" target=\"_blank\" role=\"button\" rel=\"noopener\"><br \/>\n\t\t\t\t\t\tLicence Fixe avec fichier de provisioning \u2192<br \/>\n\t\t\t\t\t<\/a><br \/>\n\t\t\t<a href=\"https:\/\/www.esrifrance.fr\/page-bienvenue\/Enregistrement_ARCGIS_10%205_Fixe_Avec_Internet_Sans_PRVC.pdf\" target=\"_blank\" role=\"button\" rel=\"noopener\"><br \/>\n\t\t\t\t\t\tLicence Fixe sans fichier de provisioning \u2192<br \/>\n\t\t\t\t\t<\/a><br \/>\n\t\t\t<a href=\"https:\/\/www.esrifrance.fr\/page-bienvenue\/Enregistrement_ARCGIS_10%201-10.5_flottantAvec_Internet_Avec_PRVC.pdf\" target=\"_blank\" role=\"button\" rel=\"noopener\"><br \/>\n\t\t\t\t\t\t  Licence Flottante avec fichier de provisioning \u2192<br \/>\n\t\t\t\t\t<\/a><br \/>\n\t\t\t<a href=\"https:\/\/www.esrifrance.fr\/page-bienvenue\/enregistrement_arcgis_10_1-104_flottant_avec_internet_sans_prvs.pdf\" target=\"_blank\" role=\"button\" rel=\"noopener\"><br \/>\n\t\t\t\t\t\tLicence Flottante sans fichier de provisioning \u2192<br \/>\n\t\t\t\t\t<\/a><br \/>\n\t\t\t\t\t\t\t\t\t\t\t\t\t\t\t<img loading=\"lazy\" decoding=\"async\" width=\"460\" height=\"140\" src=\"https:\/\/gismedalgerie.dz\/wp-content\/uploads\/2021\/06\/banner-binevenue-map.jpg\" alt=\"\" loading=\"lazy\" srcset=\"https:\/\/gismedalgerie.dz\/wp-content\/uploads\/2021\/06\/banner-binevenue-map.jpg 460w, https:\/\/gismedalgerie.dz\/wp-content\/uploads\/2021\/06\/banner-binevenue-map-300x91.jpg 300w\" sizes=\"auto, (max-width: 460px) 100vw, 460px\" \/><\/p>\n<h4>ArcMap &#8211; Autorisation sans Internet <\/h4>\n<p>\t\t\t<a href=\"https:\/\/www.esrifrance.fr\/page-bienvenue\/Enregistrement_ARCGIS_10%201-10.5_Fixe_sans_Internet_Avec_PRVC.pdf\" target=\"_blank\" role=\"button\" rel=\"noopener\"><br \/>\n\t\t\t\t\t\tLicence Fixe avec fichier de provisioning \u2192<br \/>\n\t\t\t\t\t<\/a><br \/>\n\t\t\t<a href=\"https:\/\/www.esrifrance.fr\/page-bienvenue\/Enregistrement_ARCGIS_10%201-10%20.5_Fixe_Sans_Internet_Sans_PRVC.pdf\" target=\"_blank\" role=\"button\" rel=\"noopener\"><br \/>\n\t\t\t\t\t\tLicence Fixe sans fichier de provisioning \u2192<br \/>\n\t\t\t\t\t<\/a><br \/>\n\t\t\t<a href=\"https:\/\/www.esrifrance.fr\/page-bienvenue\/Enregistrement_ARCGIS_10%205_Flottant_Sans_Internet_Avec_PRVS.pdf\" target=\"_blank\" role=\"button\" rel=\"noopener\"><br \/>\n\t\t\t\t\t\t  Licence Flottante avec fichier de provisioning \u2192<br \/>\n\t\t\t\t\t<\/a><br \/>\n\t\t\t<a href=\"https:\/\/www.esrifrance.fr\/page-bienvenue\/Enregistrement_ARCGIS_10%201-10.5flottant_sans_Internet_sans_PRVC.pdf\" target=\"_blank\" role=\"button\" rel=\"noopener\"><br \/>\n\t\t\t\t\t\tLicence Flottante sans fichier de provisioning \u2192<br \/>\n\t\t\t\t\t<\/a><br \/>\n\t\t\t\t\t\t\t\t\t\t\t\t\t\t\t<img loading=\"lazy\" decoding=\"async\" width=\"460\" height=\"140\" src=\"https:\/\/gismedalgerie.dz\/wp-content\/uploads\/2021\/06\/banner-binevenue-map.jpg\" alt=\"\" loading=\"lazy\" srcset=\"https:\/\/gismedalgerie.dz\/wp-content\/uploads\/2021\/06\/banner-binevenue-map.jpg 460w, https:\/\/gismedalgerie.dz\/wp-content\/uploads\/2021\/06\/banner-binevenue-map-300x91.jpg 300w\" sizes=\"auto, (max-width: 460px) 100vw, 460px\" \/><\/p>\n<h2>Effectuez vos premiers pas<\/h2>\n<p>\t\t\t<a href=\"https:\/\/learn.arcgis.com\/fr\/projects\/get-started-with-arcgis-online\/\" target=\"_blank\" role=\"button\" rel=\"noopener\"><br \/>\n\t\t\t\t\t\t               Avec ArcGIS Online \u2192<br \/>\n\t\t\t\t\t<\/a><br \/>\n\t\t\t<a href=\"https:\/\/pro.arcgis.com\/fr\/pro-app\/latest\/get-started\/pro-quickstart-tutorials.htm\" target=\"_blank\" role=\"button\" rel=\"noopener\"><br \/>\n\t\t\t\t\t\t               Avec ArcGIS Pro \u2192<br \/>\n\t\t\t\t\t<\/a><br \/>\n\t\t\t<a href=\"https:\/\/gismedalgerie.dz\/formations\/\" role=\"button\"><br \/>\n\t\t\t\t\t\t               Formations agr\u00e9\u00e9es Gismed Spa \u2192<br \/>\n\t\t\t\t\t<\/a><br \/>\n\t\t\t\t\t\t\t\t\t\t\t\t\t\t\t<img decoding=\"async\" src=\"https:\/\/gismedalgerie.dz\/wp-content\/uploads\/elementor\/thumbs\/paul-tyreman-1XiprgrP_fc-unsplash-p8emaifft75h0v7g45covprvyz6ck8qsg04ldj6avs.jpg\" title=\"paul-tyreman-1XiprgrP_fc-unsplash\" alt=\"paul-tyreman-1XiprgrP_fc-unsplash\" \/><\/p>\n<h2>Acc\u00e9dez au Support<\/h2>\n<p>\t\t\t<a href=\"https:\/\/www.esrifrance.fr\/premiers_pas\/support_myesri.pdf\" target=\"_blank\" role=\"button\" rel=\"noopener\"><br \/>\n\t\t\t\t\t\t               Acc\u00e9dez aux informations&#8221;Support&#8221; sur My Esri \u2192<br \/>\n\t\t\t\t\t<\/a><br \/>\n\t\t\t<a href=\"https:\/\/gismedalgerie.dz\/centre-de-support\/\" role=\"button\"><br \/>\n\t\t\t\t\t\t               Acc\u00e8s au Support Technique \u2192<br \/>\n\t\t\t\t\t<\/a><br \/>\n\t\t\t\t\t\t\t\t\t\t\t\t\t\t\t<img decoding=\"async\" src=\"https:\/\/gismedalgerie.dz\/wp-content\/uploads\/elementor\/thumbs\/office-1209640_1920-p8emitc46iinkv59mqk1wmcgvi92jzpfl3kzziv3x4.jpg\" title=\"office-1209640_1920\" alt=\"office-1209640_1920\" \/><\/p>\n<h2>Nous pouvons vous aider. Contactez-nous<\/h2>\n<p>Nous sommes \u00e0 votre disposition pour r\u00e9pondre \u00e0 vos questions et vous faire d\u00e9couvrir tout ce que les formations Gismed peuvent vous apporter. N\u2019h\u00e9sitez pas \u00e0 nous interroger, nous serons heureux d&#8217;en parler avec vous, nous vous r\u00e9pondrons tr\u00e8s vite ! <\/p>\n<p>[wpforms id=&#8221;2621&#8243; title=&#8221;false&#8221; description=&#8221;false&#8221;]<\/p>\n","protected":false},"excerpt":{"rendered":"<p>Bienvenue dans l&#8217;espace d&#8217;accueil des nouveaux utilisateurs des solutions Esri. Afin de vous permettre d&#8217;utiliser au plus vite votre nouvelle solution, nous avons r\u00e9uni dans cette page toutes les informations qui pourront vous \u00eatre utiles lors de l&#8217;installation et de l&#8217;activation de celle-ci. Sachez qu&#8217;\u00e0 tout moment, le centre de support Gismed\u00a0 est \u00e0 votre [&hellip;]<\/p>\n","protected":false},"author":1,"featured_media":0,"parent":0,"menu_order":0,"comment_status":"closed","ping_status":"closed","template":"","meta":{"footnotes":""},"class_list":["post-4371","page","type-page","status-publish","hentry"],"blocksy_meta":{"styles_descriptor":{"styles":{"desktop":"","tablet":"","mobile":""},"google_fonts":[]}},"yoast_head":"<!-- This site is optimized with the Yoast SEO plugin v25.3 - https:\/\/yoast.com\/wordpress\/plugins\/seo\/ -->\n<title>Premiers pas - Gismed spa<\/title>\n<meta name=\"robots\" content=\"index, follow, max-snippet:-1, max-image-preview:large, max-video-preview:-1\" \/>\n<link rel=\"canonical\" href=\"https:\/\/gismedalgerie.dz\/index.php\/premiers-pas\/\" \/>\n<meta property=\"og:locale\" content=\"fr_FR\" \/>\n<meta property=\"og:type\" content=\"article\" \/>\n<meta property=\"og:title\" content=\"Premiers pas - Gismed spa\" \/>\n<meta property=\"og:description\" content=\"Bienvenue dans l&#8217;espace d&#8217;accueil des nouveaux utilisateurs des solutions Esri. Afin de vous permettre d&#8217;utiliser au plus vite votre nouvelle solution, nous avons r\u00e9uni dans cette page toutes les informations qui pourront vous \u00eatre utiles lors de l&#8217;installation et de l&#8217;activation de celle-ci. Sachez qu&#8217;\u00e0 tout moment, le centre de support Gismed\u00a0 est \u00e0 votre [&hellip;]\" \/>\n<meta property=\"og:url\" content=\"https:\/\/gismedalgerie.dz\/index.php\/premiers-pas\/\" \/>\n<meta property=\"og:site_name\" content=\"Gismed spa\" \/>\n<meta property=\"og:image\" content=\"https:\/\/gismedalgerie.dz\/wp-content\/uploads\/2021\/06\/myesri1.jpg\" \/>\n<meta name=\"twitter:card\" content=\"summary_large_image\" \/>\n<meta name=\"twitter:label1\" content=\"Dur\u00e9e de lecture estim\u00e9e\" \/>\n\t<meta name=\"twitter:data1\" content=\"2 minutes\" \/>\n<script type=\"application\/ld+json\" class=\"yoast-schema-graph\">{\"@context\":\"https:\/\/schema.org\",\"@graph\":[{\"@type\":\"WebPage\",\"@id\":\"https:\/\/gismedalgerie.dz\/index.php\/premiers-pas\/\",\"url\":\"https:\/\/gismedalgerie.dz\/index.php\/premiers-pas\/\",\"name\":\"Premiers pas - Gismed spa\",\"isPartOf\":{\"@id\":\"https:\/\/gismedalgerie.dz\/#website\"},\"primaryImageOfPage\":{\"@id\":\"https:\/\/gismedalgerie.dz\/index.php\/premiers-pas\/#primaryimage\"},\"image\":{\"@id\":\"https:\/\/gismedalgerie.dz\/index.php\/premiers-pas\/#primaryimage\"},\"thumbnailUrl\":\"https:\/\/gismedalgerie.dz\/wp-content\/uploads\/2021\/06\/myesri1.jpg\",\"datePublished\":\"2021-06-09T07:53:46+00:00\",\"breadcrumb\":{\"@id\":\"https:\/\/gismedalgerie.dz\/index.php\/premiers-pas\/#breadcrumb\"},\"inLanguage\":\"fr-FR\",\"potentialAction\":[{\"@type\":\"ReadAction\",\"target\":[\"https:\/\/gismedalgerie.dz\/index.php\/premiers-pas\/\"]}]},{\"@type\":\"ImageObject\",\"inLanguage\":\"fr-FR\",\"@id\":\"https:\/\/gismedalgerie.dz\/index.php\/premiers-pas\/#primaryimage\",\"url\":\"https:\/\/gismedalgerie.dz\/wp-content\/uploads\/2021\/06\/myesri1.jpg\",\"contentUrl\":\"https:\/\/gismedalgerie.dz\/wp-content\/uploads\/2021\/06\/myesri1.jpg\"},{\"@type\":\"BreadcrumbList\",\"@id\":\"https:\/\/gismedalgerie.dz\/index.php\/premiers-pas\/#breadcrumb\",\"itemListElement\":[{\"@type\":\"ListItem\",\"position\":1,\"name\":\"Accueil\",\"item\":\"https:\/\/gismedalgerie.dz\/\"},{\"@type\":\"ListItem\",\"position\":2,\"name\":\"Premiers pas\"}]},{\"@type\":\"WebSite\",\"@id\":\"https:\/\/gismedalgerie.dz\/#website\",\"url\":\"https:\/\/gismedalgerie.dz\/\",\"name\":\"Gismed spa\",\"description\":\"\",\"potentialAction\":[{\"@type\":\"SearchAction\",\"target\":{\"@type\":\"EntryPoint\",\"urlTemplate\":\"https:\/\/gismedalgerie.dz\/?s={search_term_string}\"},\"query-input\":{\"@type\":\"PropertyValueSpecification\",\"valueRequired\":true,\"valueName\":\"search_term_string\"}}],\"inLanguage\":\"fr-FR\"}]}<\/script>\n<!-- \/ Yoast SEO plugin. -->","yoast_head_json":{"title":"Premiers pas - Gismed spa","robots":{"index":"index","follow":"follow","max-snippet":"max-snippet:-1","max-image-preview":"max-image-preview:large","max-video-preview":"max-video-preview:-1"},"canonical":"https:\/\/gismedalgerie.dz\/index.php\/premiers-pas\/","og_locale":"fr_FR","og_type":"article","og_title":"Premiers pas - Gismed spa","og_description":"Bienvenue dans l&#8217;espace d&#8217;accueil des nouveaux utilisateurs des solutions Esri. Afin de vous permettre d&#8217;utiliser au plus vite votre nouvelle solution, nous avons r\u00e9uni dans cette page toutes les informations qui pourront vous \u00eatre utiles lors de l&#8217;installation et de l&#8217;activation de celle-ci. Sachez qu&#8217;\u00e0 tout moment, le centre de support Gismed\u00a0 est \u00e0 votre [&hellip;]","og_url":"https:\/\/gismedalgerie.dz\/index.php\/premiers-pas\/","og_site_name":"Gismed spa","og_image":[{"url":"https:\/\/gismedalgerie.dz\/wp-content\/uploads\/2021\/06\/myesri1.jpg","type":"","width":"","height":""}],"twitter_card":"summary_large_image","twitter_misc":{"Dur\u00e9e de lecture estim\u00e9e":"2 minutes"},"schema":{"@context":"https:\/\/schema.org","@graph":[{"@type":"WebPage","@id":"https:\/\/gismedalgerie.dz\/index.php\/premiers-pas\/","url":"https:\/\/gismedalgerie.dz\/index.php\/premiers-pas\/","name":"Premiers pas - Gismed spa","isPartOf":{"@id":"https:\/\/gismedalgerie.dz\/#website"},"primaryImageOfPage":{"@id":"https:\/\/gismedalgerie.dz\/index.php\/premiers-pas\/#primaryimage"},"image":{"@id":"https:\/\/gismedalgerie.dz\/index.php\/premiers-pas\/#primaryimage"},"thumbnailUrl":"https:\/\/gismedalgerie.dz\/wp-content\/uploads\/2021\/06\/myesri1.jpg","datePublished":"2021-06-09T07:53:46+00:00","breadcrumb":{"@id":"https:\/\/gismedalgerie.dz\/index.php\/premiers-pas\/#breadcrumb"},"inLanguage":"fr-FR","potentialAction":[{"@type":"ReadAction","target":["https:\/\/gismedalgerie.dz\/index.php\/premiers-pas\/"]}]},{"@type":"ImageObject","inLanguage":"fr-FR","@id":"https:\/\/gismedalgerie.dz\/index.php\/premiers-pas\/#primaryimage","url":"https:\/\/gismedalgerie.dz\/wp-content\/uploads\/2021\/06\/myesri1.jpg","contentUrl":"https:\/\/gismedalgerie.dz\/wp-content\/uploads\/2021\/06\/myesri1.jpg"},{"@type":"BreadcrumbList","@id":"https:\/\/gismedalgerie.dz\/index.php\/premiers-pas\/#breadcrumb","itemListElement":[{"@type":"ListItem","position":1,"name":"Accueil","item":"https:\/\/gismedalgerie.dz\/"},{"@type":"ListItem","position":2,"name":"Premiers pas"}]},{"@type":"WebSite","@id":"https:\/\/gismedalgerie.dz\/#website","url":"https:\/\/gismedalgerie.dz\/","name":"Gismed spa","description":"","potentialAction":[{"@type":"SearchAction","target":{"@type":"EntryPoint","urlTemplate":"https:\/\/gismedalgerie.dz\/?s={search_term_string}"},"query-input":{"@type":"PropertyValueSpecification","valueRequired":true,"valueName":"search_term_string"}}],"inLanguage":"fr-FR"}]}},"_links":{"self":[{"href":"https:\/\/gismedalgerie.dz\/index.php\/wp-json\/wp\/v2\/pages\/4371","targetHints":{"allow":["GET"]}}],"collection":[{"href":"https:\/\/gismedalgerie.dz\/index.php\/wp-json\/wp\/v2\/pages"}],"about":[{"href":"https:\/\/gismedalgerie.dz\/index.php\/wp-json\/wp\/v2\/types\/page"}],"author":[{"embeddable":true,"href":"https:\/\/gismedalgerie.dz\/index.php\/wp-json\/wp\/v2\/users\/1"}],"replies":[{"embeddable":true,"href":"https:\/\/gismedalgerie.dz\/index.php\/wp-json\/wp\/v2\/comments?post=4371"}],"version-history":[{"count":0,"href":"https:\/\/gismedalgerie.dz\/index.php\/wp-json\/wp\/v2\/pages\/4371\/revisions"}],"wp:attachment":[{"href":"https:\/\/gismedalgerie.dz\/index.php\/wp-json\/wp\/v2\/media?parent=4371"}],"curies":[{"name":"wp","href":"https:\/\/api.w.org\/{rel}","templated":true}]}}