{"id":3951,"date":"2021-06-07T19:15:58","date_gmt":"2021-06-07T17:15:58","guid":{"rendered":"https:\/\/gismedalgerie.dz\/?page_id=3951"},"modified":"2021-06-07T19:15:58","modified_gmt":"2021-06-07T17:15:58","slug":"arcgis-survey123","status":"publish","type":"page","link":"https:\/\/gismedalgerie.dz\/index.php\/arcgis-survey123\/","title":{"rendered":"ArcGIS Survey123"},"content":{"rendered":"<p><img loading=\"lazy\" decoding=\"async\" width=\"90\" height=\"80\" src=\"https:\/\/gismedalgerie.dz\/wp-content\/uploads\/2021\/06\/icone-survey123.png\" alt=\"\" loading=\"lazy\" \/><\/p>\n<h1>ArcGIS Survey123<\/h1>\n<p>Formulaires plus intelligents, collecte de donn\u00e9es plus intelligentes.<\/p>\n<p>\t\t\t\t\t\t\t\t\t\t\t\t\t\t\t<img loading=\"lazy\" decoding=\"async\" width=\"940\" height=\"575\" src=\"https:\/\/gismedalgerie.dz\/wp-content\/uploads\/2021\/06\/overview-banner-hero-devices-data1_1.jpg\" alt=\"\" loading=\"lazy\" srcset=\"https:\/\/gismedalgerie.dz\/wp-content\/uploads\/2021\/06\/overview-banner-hero-devices-data1_1.jpg 940w, https:\/\/gismedalgerie.dz\/wp-content\/uploads\/2021\/06\/overview-banner-hero-devices-data1_1-300x184.jpg 300w, https:\/\/gismedalgerie.dz\/wp-content\/uploads\/2021\/06\/overview-banner-hero-devices-data1_1-768x470.jpg 768w\" sizes=\"auto, (max-width: 940px) 100vw, 940px\" \/><\/p>\n<p>ArcGIS Survey123 est une solution compl\u00e8te centr\u00e9e sur les formulaires pour la cr\u00e9ation, le partage et l\u2019analyse d\u2019enqu\u00eates. Utilisez-la pour cr\u00e9er des formulaires intelligents utilisant le branchement conditionnel, des mod\u00e8les par d\u00e9faut et prenant en charge de nombreuses langues. Collectez des donn\u00e9es via le web ou les p\u00e9riph\u00e9riques mobiles, m\u00eame lorsque vous n\u2019\u00eates pas connect\u00e9 \u00e0 Internet. Analysez rapidement les r\u00e9sultats et chargez les donn\u00e9es de mani\u00e8re s\u00e9curis\u00e9e pour r\u00e9aliser d\u2019autres analyses.<\/p>\n<h2>De meilleures donn\u00e9es pour de meilleures d\u00e9cisions<\/h2>\n<p>Remplacez la collecte de donn\u00e9es sur support papier peu fiable par une solution num\u00e9rique fiable r\u00e9pondant aux besoins des utilisateurs dans divers environnements.<\/p>\n<p>\t\t\t<a href=\"https:\/\/www.youtube.com\/watch?v=a6rfNbj65fI\" role=\"button\"><br \/>\n\t\t\t\t\t\tFonctionnement<br \/>\n\t\t\t\t\t<\/a><br \/>\n\t\t\t<iframe title=\"Introduction to Survey123 for ArcGIS\" width=\"1290\" height=\"726\" src=\"https:\/\/www.youtube.com\/embed\/a6rfNbj65fI?feature=oembed\" frameborder=\"0\" allow=\"accelerometer; autoplay; clipboard-write; encrypted-media; gyroscope; picture-in-picture\" allowfullscreen><\/iframe><svg  width=\"30\" height=\"30\" viewBox=\"0 0 32 32\"  fill=\"#ffffff\" style=\"color:#ffffff;\" ><path d=\"M10.688 7.354l14.625 9.313-14.625 9.313v-18.625z\"><\/path><\/svg><svg  width=\"30\" height=\"30\" viewBox=\"0 0 32 32\"  fill=\"#fff\" style=\"color:#fff;\" ><path d=\"M10.688 7.354l14.625 9.313-14.625 9.313v-18.625z\"><\/path><\/svg><\/p>\n<h4>N&#8217;importe quand, n&#8217;importe o\u00f9<\/h4>\n<p>Capturez des donn\u00e9es n&#8217;importe quand, n&#8217;importe o\u00f9 avec l&#8217;application ArcGIS Survey123. Elle fonctionne sur vos appareils connect\u00e9s, vos ordinateurs portables ou ordinateurs de bureau en tant qu&#8217;application native et \u00e9galement dans votre navigateur. Restez productif m\u00eame lorsque vous n\u2019\u00eates pas connect\u00e9 \u00e0 Internet.<\/p>\n<h4>Enqu\u00eates intelligentes<\/h4>\n<p>Concevez des enqu\u00eates assurant une collecte rapide avec des questions pr\u00e9d\u00e9finies qui utilisent la logique et fournissent des r\u00e9ponses faciles \u00e0 enregistrer, du contenu audio et des images int\u00e9gr\u00e9s, tout cela en plusieurs langues. ArcGIS Survey123 prend en charge la sp\u00e9cification XLSForm.<\/p>\n<h4>Int\u00e9gr\u00e9 \u00e0 ArcGIS<\/h4>\n<p>Les donn\u00e9es collect\u00e9es dans ArcGIS Survey123 sont imm\u00e9diatement disponibles sur la plateforme ArcGIS. Optimisez vos op\u00e9rations sur le terrain, exploitez vos donn\u00e9es et communiquez votre travail.<\/p>\n<h4>Flexible pour s\u2019adapter \u00e0 divers sc\u00e9narios<\/h4>\n<p>Lorsqu&#8217;un projet doit d\u00e9marrer rapidement, cr\u00e9ez une enqu\u00eate en peu de temps pour commencer \u00e0 collecter des donn\u00e9es. Lorsque vous devez g\u00e9rer plusieurs \u00e9quipes sur des sites diff\u00e9rents, les formulaires standardis\u00e9s assurent la coh\u00e9rence du travail produit.<\/p>\n<h5>1. Cr\u00e9ez rapidement des enqu\u00eates puissantes<\/h5>\n<p>Utilisez le site Web Survey123 ou l\u2019application de bureau Survey123 Connect pour cr\u00e9er des enqu\u00eates fiables. Chacune de ces applications permet de publier des enqu\u00eates simples ou complexes dans ArcGIS.<\/p>\n<h5>2. Obtenez des r\u00e9ponses de n\u2019importe o\u00f9<\/h5>\n<p>Quel que soit l\u2019environnement et avec une formation minimale, utilisez l&#8217;application web Survey123 et l\u2019appareil mobile pour enregistrer les r\u00e9ponses \u00e0 l\u2019enqu\u00eate sur votre ordinateur de bureau ou les p\u00e9riph\u00e9riques mobiles.<\/p>\n<h5>3. Analysez les r\u00e9sultats pour prendre de meilleures d\u00e9cisions<\/h5>\n<p>Analysez les r\u00e9ponses en temps r\u00e9el pour appuyer la prise de d\u00e9cision. Consultez une analyse r\u00e9capitulative dans l&#8217;application m\u00eame. Effectuez une analyse approfondie des donn\u00e9es Survey123 dans ArcGIS.<\/p>\n<h1>Travaillez sur des ordinateurs de bureau, le web et des appareils mobiles<\/h1>\n<p>\t\t\t\t\t\t\t\t\t\t\t\t\t\t\t<img loading=\"lazy\" decoding=\"async\" width=\"1010\" height=\"570\" src=\"https:\/\/gismedalgerie.dz\/wp-content\/uploads\/2021\/06\/survey123-how-it-works-animation-once.gif\" alt=\"\" loading=\"lazy\" \/><\/p>\n<h1>Plus efficaces ensemble<\/h1>\n<p>Les solutions ArcGIS sp\u00e9cialis\u00e9es, utilis\u00e9es conjointement avec ArcGIS Survey123, vous aident \u00e0 optimiser le rendement du travail de terrain et fournissent des donn\u00e9es fiables et exploitables par tous les membres de votre organisation.<\/p>\n<p>\t\t\t<a href=\"https:\/\/www.esri.com\/en-us\/arcgis\/products\/field-operations\/overview\" target=\"_blank\" role=\"button\" rel=\"noopener\"><br \/>\n\t\t\t\t\t\tConsulter les solutions de mobilit\u00e9 sur le terrain<br \/>\n\t\t\t\t\t<\/a><br \/>\n                            ArcGIS Workforce<br \/>\n                            ArcGIS WorkforceCoordonnez vos projets de collecte de donn\u00e9es sur le terrain Survey123 et permettez une meilleure communication entre le terrain et le bureau.<br \/>\nD\u00e9couvrir Workforce for ArcGIS &#8211;&gt;<br \/>\n                        <a href=\"https:\/\/www.esri.com\/en-us\/arcgis\/products\/arcgis-workforce\/overview\" target=\"_blank\" rel=\"noopener\"><\/a><br \/>\n                            ArcGIS Dashboards<br \/>\n                            ArcGIS DashboardsVisualisez les donn\u00e9es g\u00e9n\u00e9r\u00e9es par Survey123 dans des tableaux de bord en temps r\u00e9el pour prendre des d\u00e9cisions plus \u00e9clair\u00e9es.<br \/>\nD\u00e9couvrir ArcGIS Dashboards &#8211;&gt;<br \/>\n                        <a href=\"https:\/\/gismedalgerie.dz\/arcgis-dashboards\/\" ><\/a><br \/>\n                            ArcGIS Web AppBuilder<br \/>\n                            ArcGIS Web AppBuilderUtilisez cette application WYSIWYG intuitive pour cr\u00e9er une application d\u2019assurance qualit\u00e9\/CQ de vos soumissions d\u2019enqu\u00eate Survey123.<br \/>\nD\u00e9couvrir ArcGIS Web AppBuilder  &#8211;&gt;<br \/>\n                        <a href=\"https:\/\/www.esri.com\/en-us\/arcgis\/products\/arcgis-web-appbuilder\/overview\" target=\"_blank\" rel=\"noopener\"><\/a><br \/>\n                            Applications ArcGIS<br \/>\n                            Applications ArcGIS  Utilisez vos donn\u00e9es cr\u00e9\u00e9es par Survey123 en combinaison avec d\u2019autres applications cibl\u00e9es pour gagner en efficacit\u00e9 dans les activit\u00e9s sur le terrain, prendre en charge la prise de d\u00e9cision \u00e9clair\u00e9e et communiquer efficacement.<br \/>\nD\u00e9couvrir les applications ArcGIS  &#8211;&gt;<br \/>\n                        <a href=\"https:\/\/www.esri.com\/en-us\/arcgis\/products\/apps-for-everyone\/overview\" target=\"_blank\" rel=\"noopener\"><\/a><\/p>\n<h4> Se connecter \u00e0 ArcGIS Survey123 <\/h4>\n<p>\u00a0<\/p>\n<p> Connectez-vous avec votre compte d&#8217;abonnement ArcGIS Online pour :<\/p>\n<p>\u2192 Cr\u00e9er et publier des enqu\u00eates intelligentes dans ArcGIS<br \/>\u2192 Afficher les r\u00e9sultats des enqu\u00eates en temps r\u00e9el<br \/>\u2192 Analyser les r\u00e9sultats de vos enqu\u00eates dans ArcGIS<\/p>\n<p>\t\t\t<a href=\"https:\/\/www.arcgis.com\/sharing\/rest\/oauth2\/authorize?client_id=survey123hub&#038;display=iframe&#038;redirect_uri=https:\/\/survey123.arcgis.com\/signedin&#038;response_type=token&#038;expiration=300&#038;parent=https:\/\/survey123.arcgis.com&#038;locale=fr\" target=\"_blank\" role=\"button\" rel=\"noopener\"><br \/>\n\t\t\t\t\t\tConnectez-vous \u00e0 Survey123<br \/>\n\t\t\t\t\t<\/a><\/p>\n<p><a href=\"https:\/\/www.arcgis.com\/features\/free-trial.html?origin=s123_signin\" target=\"_blank\" rel=\"noopener\">Vous n&#8217;avez pas de compte ArcGIS Online ?<br \/>Inscrivez-vous pour b\u00e9n\u00e9ficier d&#8217;un Abonnement <br \/>\u00e0 une version d\u2019\u00e9valuation gratuite d\u2019ArcGIS <\/a><\/p>\n","protected":false},"excerpt":{"rendered":"<p>ArcGIS Survey123 Formulaires plus intelligents, collecte de donn\u00e9es plus intelligentes. ArcGIS Survey123 est une solution compl\u00e8te centr\u00e9e sur les formulaires pour la cr\u00e9ation, le partage et l\u2019analyse d\u2019enqu\u00eates. Utilisez-la pour cr\u00e9er des formulaires intelligents utilisant le branchement conditionnel, des mod\u00e8les par d\u00e9faut et prenant en charge de nombreuses langues. Collectez des donn\u00e9es via le web [&hellip;]<\/p>\n","protected":false},"author":1,"featured_media":0,"parent":0,"menu_order":0,"comment_status":"closed","ping_status":"closed","template":"","meta":{"footnotes":""},"class_list":["post-3951","page","type-page","status-publish","hentry"],"blocksy_meta":{"styles_descriptor":{"styles":{"desktop":"","tablet":"","mobile":""},"google_fonts":[]}},"yoast_head":"<!-- This site is optimized with the Yoast SEO plugin v25.3 - https:\/\/yoast.com\/wordpress\/plugins\/seo\/ -->\n<title>ArcGIS Survey123 - Gismed spa<\/title>\n<meta name=\"robots\" content=\"index, follow, max-snippet:-1, max-image-preview:large, max-video-preview:-1\" \/>\n<link rel=\"canonical\" href=\"https:\/\/gismedalgerie.dz\/index.php\/arcgis-survey123\/\" \/>\n<meta property=\"og:locale\" content=\"fr_FR\" \/>\n<meta property=\"og:type\" content=\"article\" \/>\n<meta property=\"og:title\" content=\"ArcGIS Survey123 - Gismed spa\" \/>\n<meta property=\"og:description\" content=\"ArcGIS Survey123 Formulaires plus intelligents, collecte de donn\u00e9es plus intelligentes. ArcGIS Survey123 est une solution compl\u00e8te centr\u00e9e sur les formulaires pour la cr\u00e9ation, le partage et l\u2019analyse d\u2019enqu\u00eates. Utilisez-la pour cr\u00e9er des formulaires intelligents utilisant le branchement conditionnel, des mod\u00e8les par d\u00e9faut et prenant en charge de nombreuses langues. Collectez des donn\u00e9es via le web [&hellip;]\" \/>\n<meta property=\"og:url\" content=\"https:\/\/gismedalgerie.dz\/index.php\/arcgis-survey123\/\" \/>\n<meta property=\"og:site_name\" content=\"Gismed spa\" \/>\n<meta property=\"og:image\" content=\"https:\/\/gismedalgerie.dz\/wp-content\/uploads\/2021\/06\/icone-survey123.png\" \/>\n<meta name=\"twitter:card\" content=\"summary_large_image\" \/>\n<meta name=\"twitter:label1\" content=\"Dur\u00e9e de lecture estim\u00e9e\" \/>\n\t<meta name=\"twitter:data1\" content=\"4 minutes\" \/>\n<script type=\"application\/ld+json\" class=\"yoast-schema-graph\">{\"@context\":\"https:\/\/schema.org\",\"@graph\":[{\"@type\":\"WebPage\",\"@id\":\"https:\/\/gismedalgerie.dz\/index.php\/arcgis-survey123\/\",\"url\":\"https:\/\/gismedalgerie.dz\/index.php\/arcgis-survey123\/\",\"name\":\"ArcGIS Survey123 - Gismed spa\",\"isPartOf\":{\"@id\":\"https:\/\/gismedalgerie.dz\/#website\"},\"primaryImageOfPage\":{\"@id\":\"https:\/\/gismedalgerie.dz\/index.php\/arcgis-survey123\/#primaryimage\"},\"image\":{\"@id\":\"https:\/\/gismedalgerie.dz\/index.php\/arcgis-survey123\/#primaryimage\"},\"thumbnailUrl\":\"https:\/\/gismedalgerie.dz\/wp-content\/uploads\/2021\/06\/icone-survey123.png\",\"datePublished\":\"2021-06-07T17:15:58+00:00\",\"breadcrumb\":{\"@id\":\"https:\/\/gismedalgerie.dz\/index.php\/arcgis-survey123\/#breadcrumb\"},\"inLanguage\":\"fr-FR\",\"potentialAction\":[{\"@type\":\"ReadAction\",\"target\":[\"https:\/\/gismedalgerie.dz\/index.php\/arcgis-survey123\/\"]}]},{\"@type\":\"ImageObject\",\"inLanguage\":\"fr-FR\",\"@id\":\"https:\/\/gismedalgerie.dz\/index.php\/arcgis-survey123\/#primaryimage\",\"url\":\"https:\/\/gismedalgerie.dz\/wp-content\/uploads\/2021\/06\/icone-survey123.png\",\"contentUrl\":\"https:\/\/gismedalgerie.dz\/wp-content\/uploads\/2021\/06\/icone-survey123.png\"},{\"@type\":\"BreadcrumbList\",\"@id\":\"https:\/\/gismedalgerie.dz\/index.php\/arcgis-survey123\/#breadcrumb\",\"itemListElement\":[{\"@type\":\"ListItem\",\"position\":1,\"name\":\"Accueil\",\"item\":\"https:\/\/gismedalgerie.dz\/\"},{\"@type\":\"ListItem\",\"position\":2,\"name\":\"ArcGIS Survey123\"}]},{\"@type\":\"WebSite\",\"@id\":\"https:\/\/gismedalgerie.dz\/#website\",\"url\":\"https:\/\/gismedalgerie.dz\/\",\"name\":\"Gismed spa\",\"description\":\"\",\"potentialAction\":[{\"@type\":\"SearchAction\",\"target\":{\"@type\":\"EntryPoint\",\"urlTemplate\":\"https:\/\/gismedalgerie.dz\/?s={search_term_string}\"},\"query-input\":{\"@type\":\"PropertyValueSpecification\",\"valueRequired\":true,\"valueName\":\"search_term_string\"}}],\"inLanguage\":\"fr-FR\"}]}<\/script>\n<!-- \/ Yoast SEO plugin. -->","yoast_head_json":{"title":"ArcGIS Survey123 - Gismed spa","robots":{"index":"index","follow":"follow","max-snippet":"max-snippet:-1","max-image-preview":"max-image-preview:large","max-video-preview":"max-video-preview:-1"},"canonical":"https:\/\/gismedalgerie.dz\/index.php\/arcgis-survey123\/","og_locale":"fr_FR","og_type":"article","og_title":"ArcGIS Survey123 - Gismed spa","og_description":"ArcGIS Survey123 Formulaires plus intelligents, collecte de donn\u00e9es plus intelligentes. ArcGIS Survey123 est une solution compl\u00e8te centr\u00e9e sur les formulaires pour la cr\u00e9ation, le partage et l\u2019analyse d\u2019enqu\u00eates. Utilisez-la pour cr\u00e9er des formulaires intelligents utilisant le branchement conditionnel, des mod\u00e8les par d\u00e9faut et prenant en charge de nombreuses langues. Collectez des donn\u00e9es via le web [&hellip;]","og_url":"https:\/\/gismedalgerie.dz\/index.php\/arcgis-survey123\/","og_site_name":"Gismed spa","og_image":[{"url":"https:\/\/gismedalgerie.dz\/wp-content\/uploads\/2021\/06\/icone-survey123.png","type":"","width":"","height":""}],"twitter_card":"summary_large_image","twitter_misc":{"Dur\u00e9e de lecture estim\u00e9e":"4 minutes"},"schema":{"@context":"https:\/\/schema.org","@graph":[{"@type":"WebPage","@id":"https:\/\/gismedalgerie.dz\/index.php\/arcgis-survey123\/","url":"https:\/\/gismedalgerie.dz\/index.php\/arcgis-survey123\/","name":"ArcGIS Survey123 - Gismed spa","isPartOf":{"@id":"https:\/\/gismedalgerie.dz\/#website"},"primaryImageOfPage":{"@id":"https:\/\/gismedalgerie.dz\/index.php\/arcgis-survey123\/#primaryimage"},"image":{"@id":"https:\/\/gismedalgerie.dz\/index.php\/arcgis-survey123\/#primaryimage"},"thumbnailUrl":"https:\/\/gismedalgerie.dz\/wp-content\/uploads\/2021\/06\/icone-survey123.png","datePublished":"2021-06-07T17:15:58+00:00","breadcrumb":{"@id":"https:\/\/gismedalgerie.dz\/index.php\/arcgis-survey123\/#breadcrumb"},"inLanguage":"fr-FR","potentialAction":[{"@type":"ReadAction","target":["https:\/\/gismedalgerie.dz\/index.php\/arcgis-survey123\/"]}]},{"@type":"ImageObject","inLanguage":"fr-FR","@id":"https:\/\/gismedalgerie.dz\/index.php\/arcgis-survey123\/#primaryimage","url":"https:\/\/gismedalgerie.dz\/wp-content\/uploads\/2021\/06\/icone-survey123.png","contentUrl":"https:\/\/gismedalgerie.dz\/wp-content\/uploads\/2021\/06\/icone-survey123.png"},{"@type":"BreadcrumbList","@id":"https:\/\/gismedalgerie.dz\/index.php\/arcgis-survey123\/#breadcrumb","itemListElement":[{"@type":"ListItem","position":1,"name":"Accueil","item":"https:\/\/gismedalgerie.dz\/"},{"@type":"ListItem","position":2,"name":"ArcGIS Survey123"}]},{"@type":"WebSite","@id":"https:\/\/gismedalgerie.dz\/#website","url":"https:\/\/gismedalgerie.dz\/","name":"Gismed spa","description":"","potentialAction":[{"@type":"SearchAction","target":{"@type":"EntryPoint","urlTemplate":"https:\/\/gismedalgerie.dz\/?s={search_term_string}"},"query-input":{"@type":"PropertyValueSpecification","valueRequired":true,"valueName":"search_term_string"}}],"inLanguage":"fr-FR"}]}},"_links":{"self":[{"href":"https:\/\/gismedalgerie.dz\/index.php\/wp-json\/wp\/v2\/pages\/3951","targetHints":{"allow":["GET"]}}],"collection":[{"href":"https:\/\/gismedalgerie.dz\/index.php\/wp-json\/wp\/v2\/pages"}],"about":[{"href":"https:\/\/gismedalgerie.dz\/index.php\/wp-json\/wp\/v2\/types\/page"}],"author":[{"embeddable":true,"href":"https:\/\/gismedalgerie.dz\/index.php\/wp-json\/wp\/v2\/users\/1"}],"replies":[{"embeddable":true,"href":"https:\/\/gismedalgerie.dz\/index.php\/wp-json\/wp\/v2\/comments?post=3951"}],"version-history":[{"count":0,"href":"https:\/\/gismedalgerie.dz\/index.php\/wp-json\/wp\/v2\/pages\/3951\/revisions"}],"wp:attachment":[{"href":"https:\/\/gismedalgerie.dz\/index.php\/wp-json\/wp\/v2\/media?parent=3951"}],"curies":[{"name":"wp","href":"https:\/\/api.w.org\/{rel}","templated":true}]}}