{"id":3230,"date":"2021-05-29T20:21:01","date_gmt":"2021-05-29T18:21:01","guid":{"rendered":"https:\/\/gismedalgerie.dz\/?page_id=3230"},"modified":"2021-05-29T20:21:01","modified_gmt":"2021-05-29T18:21:01","slug":"formation-arcgis-desktop-niveau-2","status":"publish","type":"page","link":"https:\/\/gismedalgerie.dz\/index.php\/formation-arcgis-desktop-niveau-2\/","title":{"rendered":"formation Arcgis Desktop niveau II"},"content":{"rendered":"\t\t<div data-elementor-type=\"wp-page\" data-elementor-id=\"3230\" class=\"elementor elementor-3230\">\n\t\t\t\t\t\t<section class=\"elementor-section elementor-top-section elementor-element elementor-element-5ab683f8 ct-section-stretched elementor-section-boxed elementor-section-height-default elementor-section-height-default\" data-id=\"5ab683f8\" data-element_type=\"section\" data-settings=\"{&quot;background_background&quot;:&quot;classic&quot;}\">\n\t\t\t\t\t\t<div class=\"elementor-container elementor-column-gap-default\">\n\t\t\t\t\t<div class=\"elementor-column elementor-col-100 elementor-top-column elementor-element elementor-element-278d40c6\" data-id=\"278d40c6\" data-element_type=\"column\">\n\t\t\t<div class=\"elementor-widget-wrap elementor-element-populated\">\n\t\t\t\t\t\t<div class=\"elementor-element elementor-element-59b1f1e1 elementor-widget elementor-widget-heading\" data-id=\"59b1f1e1\" data-element_type=\"widget\" data-widget_type=\"heading.default\">\n\t\t\t\t<div class=\"elementor-widget-container\">\n\t\t\t\t\t<h2 class=\"elementor-heading-title elementor-size-default\">ArcGIS for Desktop <\/h2>\t\t\t\t<\/div>\n\t\t\t\t<\/div>\n\t\t\t\t<div class=\"elementor-element elementor-element-7e3f104f elementor-widget-divider--view-line elementor-widget elementor-widget-divider\" data-id=\"7e3f104f\" data-element_type=\"widget\" data-widget_type=\"divider.default\">\n\t\t\t\t<div class=\"elementor-widget-container\">\n\t\t\t\t\t\t\t<div class=\"elementor-divider\">\n\t\t\t<span class=\"elementor-divider-separator\">\n\t\t\t\t\t\t<\/span>\n\t\t<\/div>\n\t\t\t\t\t\t<\/div>\n\t\t\t\t<\/div>\n\t\t\t\t<div class=\"elementor-element elementor-element-2930b0bc elementor-widget elementor-widget-heading\" data-id=\"2930b0bc\" data-element_type=\"widget\" data-widget_type=\"heading.default\">\n\t\t\t\t<div class=\"elementor-widget-container\">\n\t\t\t\t\t<h2 class=\"elementor-heading-title elementor-size-default\">ArcGIS for Desktop niveau II - Processus essentiels<\/h2>\t\t\t\t<\/div>\n\t\t\t\t<\/div>\n\t\t\t\t<div class=\"elementor-element elementor-element-69dddf57 elementor-widget elementor-widget-text-editor\" data-id=\"69dddf57\" data-element_type=\"widget\" data-widget_type=\"text-editor.default\">\n\t\t\t\t<div class=\"elementor-widget-container\">\n\t\t\t\t\t\t\t\t\t<p>Dur\u00e9e: 03 Jours<\/p>\t\t\t\t\t\t\t\t<\/div>\n\t\t\t\t<\/div>\n\t\t\t\t\t<\/div>\n\t\t<\/div>\n\t\t\t\t\t<\/div>\n\t\t<\/section>\n\t\t\t\t<section class=\"elementor-section elementor-top-section elementor-element elementor-element-668f7f27 ct-section-stretched elementor-section-boxed elementor-section-height-default elementor-section-height-default\" data-id=\"668f7f27\" data-element_type=\"section\">\n\t\t\t\t\t\t<div class=\"elementor-container elementor-column-gap-default\">\n\t\t\t\t\t<div class=\"elementor-column elementor-col-100 elementor-top-column elementor-element elementor-element-43e47b9c\" data-id=\"43e47b9c\" data-element_type=\"column\">\n\t\t\t<div class=\"elementor-widget-wrap elementor-element-populated\">\n\t\t\t\t\t\t<div class=\"elementor-element elementor-element-1fbb9679 elementor-widget elementor-widget-heading\" data-id=\"1fbb9679\" data-element_type=\"widget\" data-widget_type=\"heading.default\">\n\t\t\t\t<div class=\"elementor-widget-container\">\n\t\t\t\t\t<h2 class=\"elementor-heading-title elementor-size-default\">\u00c0 propos de ce cours<\/h2>\t\t\t\t<\/div>\n\t\t\t\t<\/div>\n\t\t\t\t<div class=\"elementor-element elementor-element-10889d32 elementor-widget-divider--view-line elementor-widget elementor-widget-divider\" data-id=\"10889d32\" data-element_type=\"widget\" data-widget_type=\"divider.default\">\n\t\t\t\t<div class=\"elementor-widget-container\">\n\t\t\t\t\t\t\t<div class=\"elementor-divider\">\n\t\t\t<span class=\"elementor-divider-separator\">\n\t\t\t\t\t\t<\/span>\n\t\t<\/div>\n\t\t\t\t\t\t<\/div>\n\t\t\t\t<\/div>\n\t\t\t\t<div class=\"elementor-element elementor-element-1d25674f elementor-widget elementor-widget-text-editor\" data-id=\"1d25674f\" data-element_type=\"widget\" data-widget_type=\"text-editor.default\">\n\t\t\t\t<div class=\"elementor-widget-container\">\n\t\t\t\t\t\t\t\t\t<p>Ce cours permet d&#8217;acqu\u00e9rir les connaissances fondamentales \u00e0 la\ncr\u00e9ation, la diffusion et l&#8217;utilisation de l&#8217;information g\u00e9ographique et\ndes cartes dans le syst\u00e8me ArcGIS.\nVous apprendrez comment trouver, explorer, g\u00e9rer et analyser des\ndonn\u00e9es g\u00e9ographiques efficacement et de cr\u00e9er des cartes\nrehausseront la valeur de votre travail.<\/p>\t\t\t\t\t\t\t\t<\/div>\n\t\t\t\t<\/div>\n\t\t\t\t<div class=\"elementor-element elementor-element-68838aad elementor-widget elementor-widget-heading\" data-id=\"68838aad\" data-element_type=\"widget\" data-widget_type=\"heading.default\">\n\t\t\t\t<div class=\"elementor-widget-container\">\n\t\t\t\t\t<h2 class=\"elementor-heading-title elementor-size-default\">Objectifs<\/h2>\t\t\t\t<\/div>\n\t\t\t\t<\/div>\n\t\t\t\t<div class=\"elementor-element elementor-element-3541ce68 elementor-widget-divider--view-line elementor-widget elementor-widget-divider\" data-id=\"3541ce68\" data-element_type=\"widget\" data-widget_type=\"divider.default\">\n\t\t\t\t<div class=\"elementor-widget-container\">\n\t\t\t\t\t\t\t<div class=\"elementor-divider\">\n\t\t\t<span class=\"elementor-divider-separator\">\n\t\t\t\t\t\t<\/span>\n\t\t<\/div>\n\t\t\t\t\t\t<\/div>\n\t\t\t\t<\/div>\n\t\t\t\t<div class=\"elementor-element elementor-element-5de11072 elementor-widget elementor-widget-text-editor\" data-id=\"5de11072\" data-element_type=\"widget\" data-widget_type=\"text-editor.default\">\n\t\t\t\t<div class=\"elementor-widget-container\">\n\t\t\t\t\t\t\t\t\t<p>A l&#8217;issue de ce cours, vous serez \u00e0 en mesure de :<\/p>\t\t\t\t\t\t\t\t<\/div>\n\t\t\t\t<\/div>\n\t\t\t\t<div class=\"elementor-element elementor-element-26d5709a elementor-icon-list--layout-traditional elementor-list-item-link-full_width elementor-widget elementor-widget-icon-list\" data-id=\"26d5709a\" data-element_type=\"widget\" data-widget_type=\"icon-list.default\">\n\t\t\t\t<div class=\"elementor-widget-container\">\n\t\t\t\t\t\t\t<ul class=\"elementor-icon-list-items\">\n\t\t\t\t\t\t\t<li class=\"elementor-icon-list-item\">\n\t\t\t\t\t\t\t\t\t\t\t<span class=\"elementor-icon-list-icon\">\n\t\t\t\t\t\t\t<svg aria-hidden=\"true\" class=\"e-font-icon-svg e-fas-check\" viewBox=\"0 0 512 512\" xmlns=\"http:\/\/www.w3.org\/2000\/svg\"><path d=\"M173.898 439.404l-166.4-166.4c-9.997-9.997-9.997-26.206 0-36.204l36.203-36.204c9.997-9.998 26.207-9.998 36.204 0L192 312.69 432.095 72.596c9.997-9.997 26.207-9.997 36.204 0l36.203 36.204c9.997 9.997 9.997 26.206 0 36.204l-294.4 294.401c-9.998 9.997-26.207 9.997-36.204-.001z\"><\/path><\/svg>\t\t\t\t\t\t<\/span>\n\t\t\t\t\t\t\t\t\t\t<span class=\"elementor-icon-list-text\">Utiliser le logiciel et le contenu ArcGIS pour cr\u00e9er des cartes de haute qualit\u00e9 regroupant des donn\u00e9es issues de diff\u00e9rentes sources.<\/span>\n\t\t\t\t\t\t\t\t\t<\/li>\n\t\t\t\t\t\t\t\t<li class=\"elementor-icon-list-item\">\n\t\t\t\t\t\t\t\t\t\t\t<span class=\"elementor-icon-list-icon\">\n\t\t\t\t\t\t\t<svg aria-hidden=\"true\" class=\"e-font-icon-svg e-fas-check\" viewBox=\"0 0 512 512\" xmlns=\"http:\/\/www.w3.org\/2000\/svg\"><path d=\"M173.898 439.404l-166.4-166.4c-9.997-9.997-9.997-26.206 0-36.204l36.203-36.204c9.997-9.998 26.207-9.998 36.204 0L192 312.69 432.095 72.596c9.997-9.997 26.207-9.997 36.204 0l36.203 36.204c9.997 9.997 9.997 26.206 0 36.204l-294.4 294.401c-9.998 9.997-26.207 9.997-36.204-.001z\"><\/path><\/svg>\t\t\t\t\t\t<\/span>\n\t\t\t\t\t\t\t\t\t\t<span class=\"elementor-icon-list-text\">Cr\u00e9er, d'organiser et d'\u00e9diter des donn\u00e9es g\u00e9ographiques \u00e0 des fins de pr\u00e9cision et de mise \u00e0 jour.<\/span>\n\t\t\t\t\t\t\t\t\t<\/li>\n\t\t\t\t\t\t\t\t<li class=\"elementor-icon-list-item\">\n\t\t\t\t\t\t\t\t\t\t\t<span class=\"elementor-icon-list-icon\">\n\t\t\t\t\t\t\t<svg aria-hidden=\"true\" class=\"e-font-icon-svg e-fas-check\" viewBox=\"0 0 512 512\" xmlns=\"http:\/\/www.w3.org\/2000\/svg\"><path d=\"M173.898 439.404l-166.4-166.4c-9.997-9.997-9.997-26.206 0-36.204l36.203-36.204c9.997-9.998 26.207-9.998 36.204 0L192 312.69 432.095 72.596c9.997-9.997 26.207-9.997 36.204 0l36.203 36.204c9.997 9.997 9.997 26.206 0 36.204l-294.4 294.401c-9.998 9.997-26.207 9.997-36.204-.001z\"><\/path><\/svg>\t\t\t\t\t\t<\/span>\n\t\t\t\t\t\t\t\t\t\t<span class=\"elementor-icon-list-text\">G\u00e9rer, de symboliser et d'\u00e9tiqueter des couches cartographiques destin\u00e9es \u00e0 la visualisation et l'exploration des donn\u00e9es.<\/span>\n\t\t\t\t\t\t\t\t\t<\/li>\n\t\t\t\t\t\t\t\t<li class=\"elementor-icon-list-item\">\n\t\t\t\t\t\t\t\t\t\t\t<span class=\"elementor-icon-list-icon\">\n\t\t\t\t\t\t\t<svg aria-hidden=\"true\" class=\"e-font-icon-svg e-fas-check\" viewBox=\"0 0 512 512\" xmlns=\"http:\/\/www.w3.org\/2000\/svg\"><path d=\"M173.898 439.404l-166.4-166.4c-9.997-9.997-9.997-26.206 0-36.204l36.203-36.204c9.997-9.998 26.207-9.998 36.204 0L192 312.69 432.095 72.596c9.997-9.997 26.207-9.997 36.204 0l36.203 36.204c9.997 9.997 9.997 26.206 0 36.204l-294.4 294.401c-9.998 9.997-26.207 9.997-36.204-.001z\"><\/path><\/svg>\t\t\t\t\t\t<\/span>\n\t\t\t\t\t\t\t\t\t\t<span class=\"elementor-icon-list-text\">Concevoir une mise en page attrayante pour les cartes destin\u00e9es \u00e0 l'impression.<\/span>\n\t\t\t\t\t\t\t\t\t<\/li>\n\t\t\t\t\t\t\t\t<li class=\"elementor-icon-list-item\">\n\t\t\t\t\t\t\t\t\t\t\t<span class=\"elementor-icon-list-icon\">\n\t\t\t\t\t\t\t<svg aria-hidden=\"true\" class=\"e-font-icon-svg e-fas-check\" viewBox=\"0 0 512 512\" xmlns=\"http:\/\/www.w3.org\/2000\/svg\"><path d=\"M173.898 439.404l-166.4-166.4c-9.997-9.997-9.997-26.206 0-36.204l36.203-36.204c9.997-9.998 26.207-9.998 36.204 0L192 312.69 432.095 72.596c9.997-9.997 26.207-9.997 36.204 0l36.203 36.204c9.997 9.997 9.997 26.206 0 36.204l-294.4 294.401c-9.998 9.997-26.207 9.997-36.204-.001z\"><\/path><\/svg>\t\t\t\t\t\t<\/span>\n\t\t\t\t\t\t\t\t\t\t<span class=\"elementor-icon-list-text\">Appliquer un processus de travail standard pour analyser des donn\u00e9es SIG et r\u00e9soudre des probl\u00e8mes spatiaux.<\/span>\n\t\t\t\t\t\t\t\t\t<\/li>\n\t\t\t\t\t\t<\/ul>\n\t\t\t\t\t\t<\/div>\n\t\t\t\t<\/div>\n\t\t\t\t<div class=\"elementor-element elementor-element-6fc068f3 elementor-widget elementor-widget-heading\" data-id=\"6fc068f3\" data-element_type=\"widget\" data-widget_type=\"heading.default\">\n\t\t\t\t<div class=\"elementor-widget-container\">\n\t\t\t\t\t<h2 class=\"elementor-heading-title elementor-size-default\">Comp\u00e9tences sugg\u00e9r\u00e9es<\/h2>\t\t\t\t<\/div>\n\t\t\t\t<\/div>\n\t\t\t\t<div class=\"elementor-element elementor-element-453428ae elementor-widget-divider--view-line elementor-widget elementor-widget-divider\" data-id=\"453428ae\" data-element_type=\"widget\" data-widget_type=\"divider.default\">\n\t\t\t\t<div class=\"elementor-widget-container\">\n\t\t\t\t\t\t\t<div class=\"elementor-divider\">\n\t\t\t<span class=\"elementor-divider-separator\">\n\t\t\t\t\t\t<\/span>\n\t\t<\/div>\n\t\t\t\t\t\t<\/div>\n\t\t\t\t<\/div>\n\t\t\t\t<div class=\"elementor-element elementor-element-6379d109 elementor-icon-list--layout-traditional elementor-list-item-link-full_width elementor-widget elementor-widget-icon-list\" data-id=\"6379d109\" data-element_type=\"widget\" data-widget_type=\"icon-list.default\">\n\t\t\t\t<div class=\"elementor-widget-container\">\n\t\t\t\t\t\t\t<ul class=\"elementor-icon-list-items\">\n\t\t\t\t\t\t\t<li class=\"elementor-icon-list-item\">\n\t\t\t\t\t\t\t\t\t\t\t<span class=\"elementor-icon-list-icon\">\n\t\t\t\t\t\t\t<svg aria-hidden=\"true\" class=\"e-font-icon-svg e-fas-square\" viewBox=\"0 0 448 512\" xmlns=\"http:\/\/www.w3.org\/2000\/svg\"><path d=\"M400 32H48C21.5 32 0 53.5 0 80v352c0 26.5 21.5 48 48 48h352c26.5 0 48-21.5 48-48V80c0-26.5-21.5-48-48-48z\"><\/path><\/svg>\t\t\t\t\t\t<\/span>\n\t\t\t\t\t\t\t\t\t\t<span class=\"elementor-icon-list-text\">Les sp\u00e9cialistes en SIG, ainsi que les personnes ayant une connaissance de base en SIG et une exp\u00e9rience limit\u00e9e dans ArcGIS.<\/span>\n\t\t\t\t\t\t\t\t\t<\/li>\n\t\t\t\t\t\t\t\t<li class=\"elementor-icon-list-item\">\n\t\t\t\t\t\t\t\t\t\t\t<span class=\"elementor-icon-list-icon\">\n\t\t\t\t\t\t\t<svg aria-hidden=\"true\" class=\"e-font-icon-svg e-fas-square\" viewBox=\"0 0 448 512\" xmlns=\"http:\/\/www.w3.org\/2000\/svg\"><path d=\"M400 32H48C21.5 32 0 53.5 0 80v352c0 26.5 21.5 48 48 48h352c26.5 0 48-21.5 48-48V80c0-26.5-21.5-48-48-48z\"><\/path><\/svg>\t\t\t\t\t\t<\/span>\n\t\t\t\t\t\t\t\t\t\t<span class=\"elementor-icon-list-text\">Il est conseill\u00e9 d'avoir suivi le cours ArcGIS I : introduction aux SIG ou de poss\u00e9der des connaissances \u00e9quivalentes.<\/span>\n\t\t\t\t\t\t\t\t\t<\/li>\n\t\t\t\t\t\t<\/ul>\n\t\t\t\t\t\t<\/div>\n\t\t\t\t<\/div>\n\t\t\t\t\t<\/div>\n\t\t<\/div>\n\t\t\t\t\t<\/div>\n\t\t<\/section>\n\t\t\t\t<\/div>\n\t\t","protected":false},"excerpt":{"rendered":"<p>ArcGIS for Desktop ArcGIS for Desktop niveau II &#8211; Processus essentiels Dur\u00e9e: 03 Jours \u00c0 propos de ce cours Ce cours permet d&#8217;acqu\u00e9rir les connaissances fondamentales \u00e0 la cr\u00e9ation, la diffusion et l&#8217;utilisation de l&#8217;information g\u00e9ographique et des cartes dans le syst\u00e8me ArcGIS. Vous apprendrez comment trouver, explorer, g\u00e9rer et analyser des donn\u00e9es g\u00e9ographiques efficacement [&hellip;]<\/p>\n","protected":false},"author":1,"featured_media":0,"parent":0,"menu_order":0,"comment_status":"closed","ping_status":"closed","template":"","meta":{"footnotes":""},"class_list":["post-3230","page","type-page","status-publish","hentry"],"blocksy_meta":{"styles_descriptor":{"styles":{"desktop":"","tablet":"","mobile":""},"google_fonts":[]}},"yoast_head":"<!-- This site is optimized with the Yoast SEO plugin v25.3 - https:\/\/yoast.com\/wordpress\/plugins\/seo\/ -->\n<title>formation Arcgis Desktop niveau II - Gismed spa<\/title>\n<meta name=\"robots\" content=\"index, follow, max-snippet:-1, max-image-preview:large, max-video-preview:-1\" \/>\n<link rel=\"canonical\" href=\"https:\/\/gismedalgerie.dz\/index.php\/formation-arcgis-desktop-niveau-2\/\" \/>\n<meta property=\"og:locale\" content=\"fr_FR\" \/>\n<meta property=\"og:type\" content=\"article\" \/>\n<meta property=\"og:title\" content=\"formation Arcgis Desktop niveau II - Gismed spa\" \/>\n<meta property=\"og:description\" content=\"ArcGIS for Desktop ArcGIS for Desktop niveau II &#8211; Processus essentiels Dur\u00e9e: 03 Jours \u00c0 propos de ce cours Ce cours permet d&#8217;acqu\u00e9rir les connaissances fondamentales \u00e0 la cr\u00e9ation, la diffusion et l&#8217;utilisation de l&#8217;information g\u00e9ographique et des cartes dans le syst\u00e8me ArcGIS. Vous apprendrez comment trouver, explorer, g\u00e9rer et analyser des donn\u00e9es g\u00e9ographiques efficacement [&hellip;]\" \/>\n<meta property=\"og:url\" content=\"https:\/\/gismedalgerie.dz\/index.php\/formation-arcgis-desktop-niveau-2\/\" \/>\n<meta property=\"og:site_name\" content=\"Gismed spa\" \/>\n<meta name=\"twitter:card\" content=\"summary_large_image\" \/>\n<meta name=\"twitter:label1\" content=\"Dur\u00e9e de lecture estim\u00e9e\" \/>\n\t<meta name=\"twitter:data1\" content=\"1 minute\" \/>\n<script type=\"application\/ld+json\" class=\"yoast-schema-graph\">{\"@context\":\"https:\/\/schema.org\",\"@graph\":[{\"@type\":\"WebPage\",\"@id\":\"https:\/\/gismedalgerie.dz\/index.php\/formation-arcgis-desktop-niveau-2\/\",\"url\":\"https:\/\/gismedalgerie.dz\/index.php\/formation-arcgis-desktop-niveau-2\/\",\"name\":\"formation Arcgis Desktop niveau II - Gismed spa\",\"isPartOf\":{\"@id\":\"https:\/\/gismedalgerie.dz\/#website\"},\"datePublished\":\"2021-05-29T18:21:01+00:00\",\"breadcrumb\":{\"@id\":\"https:\/\/gismedalgerie.dz\/index.php\/formation-arcgis-desktop-niveau-2\/#breadcrumb\"},\"inLanguage\":\"fr-FR\",\"potentialAction\":[{\"@type\":\"ReadAction\",\"target\":[\"https:\/\/gismedalgerie.dz\/index.php\/formation-arcgis-desktop-niveau-2\/\"]}]},{\"@type\":\"BreadcrumbList\",\"@id\":\"https:\/\/gismedalgerie.dz\/index.php\/formation-arcgis-desktop-niveau-2\/#breadcrumb\",\"itemListElement\":[{\"@type\":\"ListItem\",\"position\":1,\"name\":\"Accueil\",\"item\":\"https:\/\/gismedalgerie.dz\/\"},{\"@type\":\"ListItem\",\"position\":2,\"name\":\"formation Arcgis Desktop niveau II\"}]},{\"@type\":\"WebSite\",\"@id\":\"https:\/\/gismedalgerie.dz\/#website\",\"url\":\"https:\/\/gismedalgerie.dz\/\",\"name\":\"Gismed spa\",\"description\":\"\",\"potentialAction\":[{\"@type\":\"SearchAction\",\"target\":{\"@type\":\"EntryPoint\",\"urlTemplate\":\"https:\/\/gismedalgerie.dz\/?s={search_term_string}\"},\"query-input\":{\"@type\":\"PropertyValueSpecification\",\"valueRequired\":true,\"valueName\":\"search_term_string\"}}],\"inLanguage\":\"fr-FR\"}]}<\/script>\n<!-- \/ Yoast SEO plugin. -->","yoast_head_json":{"title":"formation Arcgis Desktop niveau II - Gismed spa","robots":{"index":"index","follow":"follow","max-snippet":"max-snippet:-1","max-image-preview":"max-image-preview:large","max-video-preview":"max-video-preview:-1"},"canonical":"https:\/\/gismedalgerie.dz\/index.php\/formation-arcgis-desktop-niveau-2\/","og_locale":"fr_FR","og_type":"article","og_title":"formation Arcgis Desktop niveau II - Gismed spa","og_description":"ArcGIS for Desktop ArcGIS for Desktop niveau II &#8211; Processus essentiels Dur\u00e9e: 03 Jours \u00c0 propos de ce cours Ce cours permet d&#8217;acqu\u00e9rir les connaissances fondamentales \u00e0 la cr\u00e9ation, la diffusion et l&#8217;utilisation de l&#8217;information g\u00e9ographique et des cartes dans le syst\u00e8me ArcGIS. Vous apprendrez comment trouver, explorer, g\u00e9rer et analyser des donn\u00e9es g\u00e9ographiques efficacement [&hellip;]","og_url":"https:\/\/gismedalgerie.dz\/index.php\/formation-arcgis-desktop-niveau-2\/","og_site_name":"Gismed spa","twitter_card":"summary_large_image","twitter_misc":{"Dur\u00e9e de lecture estim\u00e9e":"1 minute"},"schema":{"@context":"https:\/\/schema.org","@graph":[{"@type":"WebPage","@id":"https:\/\/gismedalgerie.dz\/index.php\/formation-arcgis-desktop-niveau-2\/","url":"https:\/\/gismedalgerie.dz\/index.php\/formation-arcgis-desktop-niveau-2\/","name":"formation Arcgis Desktop niveau II - Gismed spa","isPartOf":{"@id":"https:\/\/gismedalgerie.dz\/#website"},"datePublished":"2021-05-29T18:21:01+00:00","breadcrumb":{"@id":"https:\/\/gismedalgerie.dz\/index.php\/formation-arcgis-desktop-niveau-2\/#breadcrumb"},"inLanguage":"fr-FR","potentialAction":[{"@type":"ReadAction","target":["https:\/\/gismedalgerie.dz\/index.php\/formation-arcgis-desktop-niveau-2\/"]}]},{"@type":"BreadcrumbList","@id":"https:\/\/gismedalgerie.dz\/index.php\/formation-arcgis-desktop-niveau-2\/#breadcrumb","itemListElement":[{"@type":"ListItem","position":1,"name":"Accueil","item":"https:\/\/gismedalgerie.dz\/"},{"@type":"ListItem","position":2,"name":"formation Arcgis Desktop niveau II"}]},{"@type":"WebSite","@id":"https:\/\/gismedalgerie.dz\/#website","url":"https:\/\/gismedalgerie.dz\/","name":"Gismed spa","description":"","potentialAction":[{"@type":"SearchAction","target":{"@type":"EntryPoint","urlTemplate":"https:\/\/gismedalgerie.dz\/?s={search_term_string}"},"query-input":{"@type":"PropertyValueSpecification","valueRequired":true,"valueName":"search_term_string"}}],"inLanguage":"fr-FR"}]}},"_links":{"self":[{"href":"https:\/\/gismedalgerie.dz\/index.php\/wp-json\/wp\/v2\/pages\/3230","targetHints":{"allow":["GET"]}}],"collection":[{"href":"https:\/\/gismedalgerie.dz\/index.php\/wp-json\/wp\/v2\/pages"}],"about":[{"href":"https:\/\/gismedalgerie.dz\/index.php\/wp-json\/wp\/v2\/types\/page"}],"author":[{"embeddable":true,"href":"https:\/\/gismedalgerie.dz\/index.php\/wp-json\/wp\/v2\/users\/1"}],"replies":[{"embeddable":true,"href":"https:\/\/gismedalgerie.dz\/index.php\/wp-json\/wp\/v2\/comments?post=3230"}],"version-history":[{"count":0,"href":"https:\/\/gismedalgerie.dz\/index.php\/wp-json\/wp\/v2\/pages\/3230\/revisions"}],"wp:attachment":[{"href":"https:\/\/gismedalgerie.dz\/index.php\/wp-json\/wp\/v2\/media?parent=3230"}],"curies":[{"name":"wp","href":"https:\/\/api.w.org\/{rel}","templated":true}]}}