{"id":2939,"date":"2021-05-27T13:36:26","date_gmt":"2021-05-27T11:36:26","guid":{"rendered":"https:\/\/gismedalgerie.dz\/?page_id=2939"},"modified":"2021-05-27T13:36:26","modified_gmt":"2021-05-27T11:36:26","slug":"sante","status":"publish","type":"page","link":"https:\/\/gismedalgerie.dz\/index.php\/sante\/","title":{"rendered":"Sant\u00e9"},"content":{"rendered":"<h1>Sant\u00e9<\/h1>\n<p>Comprenez l\u2019information sur la sant\u00e9 \u00e0 votre disposition, d\u00e9gagez des tendances et communiquez le tout. La veille g\u00e9ographique est essentielle pour trouver des ressources communautaires, surveiller des maladies infectieuses et orienter la transformation de la sant\u00e9 publique.<\/p>\n<p>\t\t\t\t\t\t\t\t\t\t\t\t\t\t\t<img loading=\"lazy\" decoding=\"async\" width=\"661\" height=\"602\" src=\"https:\/\/gismedalgerie.dz\/wp-content\/uploads\/2021\/05\/health-human-services-banner-illustration.png\" alt=\"\" loading=\"lazy\" srcset=\"https:\/\/gismedalgerie.dz\/wp-content\/uploads\/2021\/05\/health-human-services-banner-illustration.png 661w, https:\/\/gismedalgerie.dz\/wp-content\/uploads\/2021\/05\/health-human-services-banner-illustration-300x273.png 300w\" sizes=\"auto, (max-width: 661px) 100vw, 661px\" \/><\/p>\n<h2>Cr\u00e9ez une communaut\u00e9 plus saine.<\/h2>\n<p>Avec le logiciel ArcGIS, vous pouvez visualiser les populations vuln\u00e9rables, identifier les ressources communautaires, permettre la surveillance des maladies et connecter les parties prenantes de la communaut\u00e9. Le r\u00e9sultat? Une communaut\u00e9 plus saine. Planifiez votre chemin vers une meilleure sant\u00e9 avec Esri.<\/p>\n<p>\u00a0<\/p>\n<p>\t\t\t\t\t\t\t\t\t\t\t\t\t\t\t<img loading=\"lazy\" decoding=\"async\" width=\"644\" height=\"352\" src=\"https:\/\/gismedalgerie.dz\/wp-content\/uploads\/2021\/05\/data-and-analytics.png\" alt=\"\" loading=\"lazy\" srcset=\"https:\/\/gismedalgerie.dz\/wp-content\/uploads\/2021\/05\/data-and-analytics.png 644w, https:\/\/gismedalgerie.dz\/wp-content\/uploads\/2021\/05\/data-and-analytics-300x164.png 300w\" sizes=\"auto, (max-width: 644px) 100vw, 644px\" \/><\/p>\n<h6>Une plateforme de cartographie et d&#8217;analyse pour tous<\/h6>\n<p>Permettez \u00e0 tous les membres de l&#8217;organisation d&#8217;acc\u00e9der aux donn\u00e9es les plus pr\u00e9cises, coh\u00e9rentes et s\u00e9curis\u00e9es. Facilitez la recherche, le partage et l&#8217;analyse des informations.<\/p>\n<h5>Des cartes accessibles partout<\/h5>\n<p>Au bureau ou sur le terrain, acc\u00e9dez \u00e0 des cartes dans des outils familiers (Excel, PowerPoint et en ligne) pour plonger vos donn\u00e9es dans un contexte spatial.<\/p>\n<p>\t\t\t\t\t\t\t\t\t\t\t\t\t\t\t<img loading=\"lazy\" decoding=\"async\" width=\"595\" height=\"335\" src=\"https:\/\/gismedalgerie.dz\/wp-content\/uploads\/2021\/05\/device-maps-available-everywhere.png\" alt=\"\" loading=\"lazy\" srcset=\"https:\/\/gismedalgerie.dz\/wp-content\/uploads\/2021\/05\/device-maps-available-everywhere.png 595w, https:\/\/gismedalgerie.dz\/wp-content\/uploads\/2021\/05\/device-maps-available-everywhere-300x169.png 300w\" sizes=\"auto, (max-width: 595px) 100vw, 595px\" \/><br \/>\n\t\t\t\t\t\t\t\t\t\t\t\t\t\t\t<img loading=\"lazy\" decoding=\"async\" width=\"528\" height=\"313\" src=\"https:\/\/gismedalgerie.dz\/wp-content\/uploads\/2021\/05\/device-data-driven-decisions.png\" alt=\"\" loading=\"lazy\" srcset=\"https:\/\/gismedalgerie.dz\/wp-content\/uploads\/2021\/05\/device-data-driven-decisions.png 528w, https:\/\/gismedalgerie.dz\/wp-content\/uploads\/2021\/05\/device-data-driven-decisions-300x178.png 300w\" sizes=\"auto, (max-width: 528px) 100vw, 528px\" \/><\/p>\n<h5>Des d\u00e9cisions fond\u00e9es sur les donn\u00e9es<\/h5>\n<p>Prenez des d\u00e9cisions qui favorisent la sant\u00e9 de votre communaut\u00e9. Comprenez ses besoins et allouez intelligemment vos ressources dans le respect de votre budget.<\/p>\n<h2>Pr\u00e9parez au mieux la sant\u00e9 publique gr\u00e2ce aux SIG,<br \/>\nle r\u00f4le essentiel de la localisation<\/h2>\n<p>Comprenez votre communaut\u00e9 avec la cartographie et l&#8217;analyse spatiale.<\/p>\n<p>\t\t\t\t\t\t\t\t\t\t\t\t\t\t\t<img loading=\"lazy\" decoding=\"async\" width=\"90\" height=\"82\" src=\"https:\/\/gismedalgerie.dz\/wp-content\/uploads\/2021\/05\/Capture-1.jpg\" alt=\"\" loading=\"lazy\" \/><\/p>\n<h5>H\u00f4pitaux et syst\u00e8mes de sant\u00e9<\/h5>\n<p>Prenez des d\u00e9cisions \u00e9clair\u00e9es qui m\u00e8nent \u00e0 de meilleures performances et r\u00e9sultats.<\/p>\n<p><a href=\"https:\/\/www.esrifrance.fr\/hopitaux-systemes-sante.aspx\" target=\"_blank\" rel=\"noopener\">En savoir plus<\/a><br \/>\n\t\t\t\t\t\t\t\t\t\t\t\t\t\t\t<img loading=\"lazy\" decoding=\"async\" width=\"84\" height=\"90\" src=\"https:\/\/gismedalgerie.dz\/wp-content\/uploads\/2021\/05\/Capture1.jpg\" alt=\"\" loading=\"lazy\" \/><\/p>\n<h5>Sant\u00e9 publique<\/h5>\n<p>Pr\u00e9venez et surveillez la propagation de la maladie pour prot\u00e9ger votre population.<\/p>\n<p><a href=\"https:\/\/www.esrifrance.fr\/sante-publique.aspx\" target=\"_blank\" rel=\"noopener\">En savoir plus<\/a><br \/>\n\t\t\t\t\t\t\t\t\t\t\t\t\t\t\t<img loading=\"lazy\" decoding=\"async\" width=\"80\" height=\"81\" src=\"https:\/\/gismedalgerie.dz\/wp-content\/uploads\/2021\/05\/Capture2.jpg\" alt=\"\" loading=\"lazy\" \/><\/p>\n<h5>Services \u00e0 la personne<\/h5>\n<p>Am\u00e9liorez les programmes de service actuels et identifier les domaines o\u00f9 les besoins sont les plus grands.<\/p>\n<p><a href=\"https:\/\/www.esrifrance.fr\/accompagnement-social.aspx\" target=\"_blank\" rel=\"noopener\">En savoir plus<\/a><\/p>\n","protected":false},"excerpt":{"rendered":"<p>Sant\u00e9 Comprenez l\u2019information sur la sant\u00e9 \u00e0 votre disposition, d\u00e9gagez des tendances et communiquez le tout. La veille g\u00e9ographique est essentielle pour trouver des ressources communautaires, surveiller des maladies infectieuses et orienter la transformation de la sant\u00e9 publique. Cr\u00e9ez une communaut\u00e9 plus saine. Avec le logiciel ArcGIS, vous pouvez visualiser les populations vuln\u00e9rables, identifier les [&hellip;]<\/p>\n","protected":false},"author":1,"featured_media":0,"parent":0,"menu_order":0,"comment_status":"closed","ping_status":"closed","template":"","meta":{"footnotes":""},"class_list":["post-2939","page","type-page","status-publish","hentry"],"blocksy_meta":{"styles_descriptor":{"styles":{"desktop":"","tablet":"","mobile":""},"google_fonts":[]}},"yoast_head":"<!-- This site is optimized with the Yoast SEO plugin v25.3 - https:\/\/yoast.com\/wordpress\/plugins\/seo\/ -->\n<title>Sant\u00e9 - Gismed spa<\/title>\n<meta name=\"robots\" content=\"index, follow, max-snippet:-1, max-image-preview:large, max-video-preview:-1\" \/>\n<link rel=\"canonical\" href=\"https:\/\/gismedalgerie.dz\/index.php\/sante\/\" \/>\n<meta property=\"og:locale\" content=\"fr_FR\" \/>\n<meta property=\"og:type\" content=\"article\" \/>\n<meta property=\"og:title\" content=\"Sant\u00e9 - Gismed spa\" \/>\n<meta property=\"og:description\" content=\"Sant\u00e9 Comprenez l\u2019information sur la sant\u00e9 \u00e0 votre disposition, d\u00e9gagez des tendances et communiquez le tout. La veille g\u00e9ographique est essentielle pour trouver des ressources communautaires, surveiller des maladies infectieuses et orienter la transformation de la sant\u00e9 publique. Cr\u00e9ez une communaut\u00e9 plus saine. Avec le logiciel ArcGIS, vous pouvez visualiser les populations vuln\u00e9rables, identifier les [&hellip;]\" \/>\n<meta property=\"og:url\" content=\"https:\/\/gismedalgerie.dz\/index.php\/sante\/\" \/>\n<meta property=\"og:site_name\" content=\"Gismed spa\" \/>\n<meta property=\"og:image\" content=\"https:\/\/gismedalgerie.dz\/wp-content\/uploads\/2021\/05\/health-human-services-banner-illustration.png\" \/>\n<meta name=\"twitter:card\" content=\"summary_large_image\" \/>\n<meta name=\"twitter:label1\" content=\"Dur\u00e9e de lecture estim\u00e9e\" \/>\n\t<meta name=\"twitter:data1\" content=\"1 minute\" \/>\n<script type=\"application\/ld+json\" class=\"yoast-schema-graph\">{\"@context\":\"https:\/\/schema.org\",\"@graph\":[{\"@type\":\"WebPage\",\"@id\":\"https:\/\/gismedalgerie.dz\/index.php\/sante\/\",\"url\":\"https:\/\/gismedalgerie.dz\/index.php\/sante\/\",\"name\":\"Sant\u00e9 - Gismed spa\",\"isPartOf\":{\"@id\":\"https:\/\/gismedalgerie.dz\/#website\"},\"primaryImageOfPage\":{\"@id\":\"https:\/\/gismedalgerie.dz\/index.php\/sante\/#primaryimage\"},\"image\":{\"@id\":\"https:\/\/gismedalgerie.dz\/index.php\/sante\/#primaryimage\"},\"thumbnailUrl\":\"https:\/\/gismedalgerie.dz\/wp-content\/uploads\/2021\/05\/health-human-services-banner-illustration.png\",\"datePublished\":\"2021-05-27T11:36:26+00:00\",\"breadcrumb\":{\"@id\":\"https:\/\/gismedalgerie.dz\/index.php\/sante\/#breadcrumb\"},\"inLanguage\":\"fr-FR\",\"potentialAction\":[{\"@type\":\"ReadAction\",\"target\":[\"https:\/\/gismedalgerie.dz\/index.php\/sante\/\"]}]},{\"@type\":\"ImageObject\",\"inLanguage\":\"fr-FR\",\"@id\":\"https:\/\/gismedalgerie.dz\/index.php\/sante\/#primaryimage\",\"url\":\"https:\/\/gismedalgerie.dz\/wp-content\/uploads\/2021\/05\/health-human-services-banner-illustration.png\",\"contentUrl\":\"https:\/\/gismedalgerie.dz\/wp-content\/uploads\/2021\/05\/health-human-services-banner-illustration.png\"},{\"@type\":\"BreadcrumbList\",\"@id\":\"https:\/\/gismedalgerie.dz\/index.php\/sante\/#breadcrumb\",\"itemListElement\":[{\"@type\":\"ListItem\",\"position\":1,\"name\":\"Accueil\",\"item\":\"https:\/\/gismedalgerie.dz\/\"},{\"@type\":\"ListItem\",\"position\":2,\"name\":\"Sant\u00e9\"}]},{\"@type\":\"WebSite\",\"@id\":\"https:\/\/gismedalgerie.dz\/#website\",\"url\":\"https:\/\/gismedalgerie.dz\/\",\"name\":\"Gismed spa\",\"description\":\"\",\"potentialAction\":[{\"@type\":\"SearchAction\",\"target\":{\"@type\":\"EntryPoint\",\"urlTemplate\":\"https:\/\/gismedalgerie.dz\/?s={search_term_string}\"},\"query-input\":{\"@type\":\"PropertyValueSpecification\",\"valueRequired\":true,\"valueName\":\"search_term_string\"}}],\"inLanguage\":\"fr-FR\"}]}<\/script>\n<!-- \/ Yoast SEO plugin. -->","yoast_head_json":{"title":"Sant\u00e9 - Gismed spa","robots":{"index":"index","follow":"follow","max-snippet":"max-snippet:-1","max-image-preview":"max-image-preview:large","max-video-preview":"max-video-preview:-1"},"canonical":"https:\/\/gismedalgerie.dz\/index.php\/sante\/","og_locale":"fr_FR","og_type":"article","og_title":"Sant\u00e9 - Gismed spa","og_description":"Sant\u00e9 Comprenez l\u2019information sur la sant\u00e9 \u00e0 votre disposition, d\u00e9gagez des tendances et communiquez le tout. La veille g\u00e9ographique est essentielle pour trouver des ressources communautaires, surveiller des maladies infectieuses et orienter la transformation de la sant\u00e9 publique. Cr\u00e9ez une communaut\u00e9 plus saine. Avec le logiciel ArcGIS, vous pouvez visualiser les populations vuln\u00e9rables, identifier les [&hellip;]","og_url":"https:\/\/gismedalgerie.dz\/index.php\/sante\/","og_site_name":"Gismed spa","og_image":[{"url":"https:\/\/gismedalgerie.dz\/wp-content\/uploads\/2021\/05\/health-human-services-banner-illustration.png","type":"","width":"","height":""}],"twitter_card":"summary_large_image","twitter_misc":{"Dur\u00e9e de lecture estim\u00e9e":"1 minute"},"schema":{"@context":"https:\/\/schema.org","@graph":[{"@type":"WebPage","@id":"https:\/\/gismedalgerie.dz\/index.php\/sante\/","url":"https:\/\/gismedalgerie.dz\/index.php\/sante\/","name":"Sant\u00e9 - Gismed spa","isPartOf":{"@id":"https:\/\/gismedalgerie.dz\/#website"},"primaryImageOfPage":{"@id":"https:\/\/gismedalgerie.dz\/index.php\/sante\/#primaryimage"},"image":{"@id":"https:\/\/gismedalgerie.dz\/index.php\/sante\/#primaryimage"},"thumbnailUrl":"https:\/\/gismedalgerie.dz\/wp-content\/uploads\/2021\/05\/health-human-services-banner-illustration.png","datePublished":"2021-05-27T11:36:26+00:00","breadcrumb":{"@id":"https:\/\/gismedalgerie.dz\/index.php\/sante\/#breadcrumb"},"inLanguage":"fr-FR","potentialAction":[{"@type":"ReadAction","target":["https:\/\/gismedalgerie.dz\/index.php\/sante\/"]}]},{"@type":"ImageObject","inLanguage":"fr-FR","@id":"https:\/\/gismedalgerie.dz\/index.php\/sante\/#primaryimage","url":"https:\/\/gismedalgerie.dz\/wp-content\/uploads\/2021\/05\/health-human-services-banner-illustration.png","contentUrl":"https:\/\/gismedalgerie.dz\/wp-content\/uploads\/2021\/05\/health-human-services-banner-illustration.png"},{"@type":"BreadcrumbList","@id":"https:\/\/gismedalgerie.dz\/index.php\/sante\/#breadcrumb","itemListElement":[{"@type":"ListItem","position":1,"name":"Accueil","item":"https:\/\/gismedalgerie.dz\/"},{"@type":"ListItem","position":2,"name":"Sant\u00e9"}]},{"@type":"WebSite","@id":"https:\/\/gismedalgerie.dz\/#website","url":"https:\/\/gismedalgerie.dz\/","name":"Gismed spa","description":"","potentialAction":[{"@type":"SearchAction","target":{"@type":"EntryPoint","urlTemplate":"https:\/\/gismedalgerie.dz\/?s={search_term_string}"},"query-input":{"@type":"PropertyValueSpecification","valueRequired":true,"valueName":"search_term_string"}}],"inLanguage":"fr-FR"}]}},"_links":{"self":[{"href":"https:\/\/gismedalgerie.dz\/index.php\/wp-json\/wp\/v2\/pages\/2939","targetHints":{"allow":["GET"]}}],"collection":[{"href":"https:\/\/gismedalgerie.dz\/index.php\/wp-json\/wp\/v2\/pages"}],"about":[{"href":"https:\/\/gismedalgerie.dz\/index.php\/wp-json\/wp\/v2\/types\/page"}],"author":[{"embeddable":true,"href":"https:\/\/gismedalgerie.dz\/index.php\/wp-json\/wp\/v2\/users\/1"}],"replies":[{"embeddable":true,"href":"https:\/\/gismedalgerie.dz\/index.php\/wp-json\/wp\/v2\/comments?post=2939"}],"version-history":[{"count":0,"href":"https:\/\/gismedalgerie.dz\/index.php\/wp-json\/wp\/v2\/pages\/2939\/revisions"}],"wp:attachment":[{"href":"https:\/\/gismedalgerie.dz\/index.php\/wp-json\/wp\/v2\/media?parent=2939"}],"curies":[{"name":"wp","href":"https:\/\/api.w.org\/{rel}","templated":true}]}}