{"id":2931,"date":"2021-05-27T13:33:13","date_gmt":"2021-05-27T11:33:13","guid":{"rendered":"https:\/\/gismedalgerie.dz\/?page_id=2931"},"modified":"2021-05-27T13:33:13","modified_gmt":"2021-05-27T11:33:13","slug":"education","status":"publish","type":"page","link":"https:\/\/gismedalgerie.dz\/index.php\/education\/","title":{"rendered":"\u00c9ducation"},"content":{"rendered":"<h1>\u00c9ducation<\/h1>\n<p>La cartographie et l\u2019analyse spatiale favorisent l\u2019apprentissage dans les \u00e9coles et aident les administrateurs.<\/p>\n<p>Les enseignants, les chercheurs, les \u00e9tudiants et les administrateurs utilisent nos solutions pour enrichir leurs cours ou leurs recherches, et pour am\u00e9liorer la qualit\u00e9 de l\u2019\u00e9ducation.<\/p>\n<h2>Les SIG, une technologie fondamentale<\/h2>\n<p>Avec les SIG, les enseignants intensifient la participation de leurs \u00e9l\u00e8ves et les aident \u00e0 d\u00e9velopper la pens\u00e9e critique et les comp\u00e9tences en analyse spatiale qui sont n\u00e9cessaires en cette \u00e8re de mondialisation. Dans les coll\u00e8ges et les universit\u00e9s, les SIG s\u2019emploient aux fins de recherche. Les administrateurs des commissions scolaires et des campus se servent des SIG pour g\u00e9rer les installations et le recrutement des \u00e9l\u00e8ves. Les biblioth\u00e8ques et les mus\u00e9es les utilisent pour \u00e9tablir des liens \u00e9troits entre les emplacements, les gens et les \u00e9v\u00e9nements.<\/p>\n<p>Le groupe Milieu scolaire et recherche Esri\u00a0 offre des ressources, organise des \u00e9v\u00e9nements et donne des formations visant \u00e0 am\u00e9liorer l\u2019utilisation des SIG dans l\u2019enseignement, l\u2019apprentissage et la recherche \u00e0 tous les paliers.<\/p>\n<h2>Licences Education<\/h2>\n<p>Esri propose aux \u00e9tablissements d\u2019enseignement de recherche et aux individus des conditions et des tarifs de licences particuliers pour l\u2019enseignement, la recherche et la gestion administrative de ces institutions.<\/p>\n<p>La tarification pour les licences \u00e9ducation est disponible aupr\u00e8s de l\u2019\u00e9quipe Gismed :\u00a0<a href=\"mailto:info@gismedalgerie.dz\">info@gismedalgerie.dz<\/a><\/p>\n<p><img decoding=\"async\" src=\"https:\/\/education.esrifrance.fr\/iso_icons\/empty.gif\" alt=\"\" width=\"1\" height=\"30\" \/><\/p>\n<h2>Enseignement primaire et secondaire <\/h2>\n<h4>Pack ArcGIS pour Ecoles<\/h4>\n<p>\u00a0<\/p>\n<p>Le Pack ArcGIS pour l\u2019enseignement primaire et secondaire met \u00e0 disposition des \u00e9tablissements des applications Web et mobiles pr\u00eatent \u00e0 l\u2019emploi, ArcGIS Desktop Advanced, les extensions Esri les plus populaires gratuitement pour un usage d\u2019enseignement. Le support technique et l\u2019acc\u00e8s illimit\u00e9 aux ressources e-learning. L\u2019offre est disponible en Pack de 50 ou 500 pour des \u00e9coles individuelles ou en plus grande quantit\u00e9 pour des acad\u00e9mies, des r\u00e9gions, ou pays<\/p>\n<p><a href=\"https:\/\/education.esrifrance.fr\/donation-education.aspx\" target=\"_blank\" rel=\"noopener\">Voir les d\u00e9tails \u2192<\/a><\/p>\n<h4>Licence Education &#8211; Usage Administratif<\/h4>\n<p><\/p>\n<p>La licence Education pour usage administratif fournit aux services de gestion (immobilier, transport, entretien, planification\u2026) des \u00e9coles et universit\u00e9s les principaux composantes de la plateforme ArcGIS pour 5, 50 ou 100 utilisateurs. Le support technique et l\u2019acc\u00e8s \u00e0 la formation en ligne sont \u00e9galement inclues dans l\u2019offre.<\/p>\n<p><a href=\"mailto:info@gismedalgerie.dz\">Demander plus d\u2019informations \u2192<\/a><\/p>\n<h4>Licence ArcGIS pour \u00e9tudiant<\/h4>\n<p><\/p>\n<p>La licence ArcGIS pour \u00e9tudiant comprend une organisation ArcGIS Online avec des applications Web et Mobile pr\u00eat \u00e0 l\u2019emploi, en plus d\u2019ArcGIS Desktop Advanced et ses extensions les plus populaires. Acc\u00e8s illimit\u00e9 \u00e0 la formation en ligne pour accompagner l\u2019auto apprentissage et les devoirs.<\/p>\n<p><a href=\"mailto:info@gismedalgerie.dz\">Demander plus d\u2019informations \u2192<\/a><\/p>\n<h2>Enseignement sup\u00e9rieur <\/h2>\n<h4>Licence de site Education<\/h4>\n<p><\/p>\n<p>La licence de site Education permet \u00e0 tous les membres de l\u2019\u00e9tablissement (personnel, enseignants, chercheurs, \u00e9tudiants) de b\u00e9n\u00e9ficier de la plateforme ArcGIS. Le support technique, l\u2019entr\u00e9e \u00e0 la conf\u00e9rence Esri et l\u2019acc\u00e8s au cours en ligne sont \u00e9galement inclus. Options disponibles pour des \u00e9tablissements isol\u00e9s ou des groupes d\u2019\u00e9coles.<\/p>\n<p><img decoding=\"async\" src=\"https:\/\/education.esrifrance.fr\/iso_icons\/empty.gif\" alt=\"\" width=\"1\" height=\"30\" \/><\/p>\n<p><a href=\"mailto:info@gismedalgerie.dz\">Demander plus d\u2019informations \u2192<\/a><\/p>\n<h4>Licence Acad\u00e9mique pour d\u00e9partement<\/h4>\n<p><\/p>\n<p>La licence Acad\u00e9mique pour d\u00e9partement fournit les principaux \u00e9l\u00e9ments de la plateforme ArcGIS par pack de 5, 50 ou 100 utilisateurs pour des usages d\u2019enseignement et\/ou de recherche. Le support technique et l\u2019acc\u00e8s \u00e0 la formation en ligne sont \u00e9galement inclues dans l\u2019offre.<\/p>\n<p><img decoding=\"async\" src=\"https:\/\/education.esrifrance.fr\/iso_icons\/empty.gif\" alt=\"\" width=\"1\" height=\"80\" \/><\/p>\n<p><a href=\"mailto:info@gismedalgerie.dz\">Demander plus d\u2019informations \u2192<\/a><\/p>\n<h4>Licence Acad\u00e9mique &#8211; Usage Administratif<\/h4>\n<p>\u00a0<\/p>\n<p>La licence Acad\u00e9mique pour usage administratif fournit aux services de gestion (immobilier, transport, entretien, planification\u2026) des \u00e9coles et universit\u00e9s les principaux composantes de la plateforme ArcGIS pour 5, 50 ou 100 utilisateurs. Le support technique et l\u2019acc\u00e8s \u00e0 la formation en ligne sont \u00e9galement inclues dans l\u2019offre.<\/p>\n<p><img decoding=\"async\" src=\"https:\/\/education.esrifrance.fr\/iso_icons\/empty.gif\" alt=\"\" width=\"1\" height=\"55\" \/><\/p>\n<p><a href=\"mailto:info@gismedalgerie.dz\">Demander plus d\u2019informations \u2192<\/a><\/p>\n","protected":false},"excerpt":{"rendered":"<p>\u00c9ducation La cartographie et l\u2019analyse spatiale favorisent l\u2019apprentissage dans les \u00e9coles et aident les administrateurs. Les enseignants, les chercheurs, les \u00e9tudiants et les administrateurs utilisent nos solutions pour enrichir leurs cours ou leurs recherches, et pour am\u00e9liorer la qualit\u00e9 de l\u2019\u00e9ducation. Les SIG, une technologie fondamentale Avec les SIG, les enseignants intensifient la participation de [&hellip;]<\/p>\n","protected":false},"author":1,"featured_media":0,"parent":0,"menu_order":0,"comment_status":"closed","ping_status":"closed","template":"","meta":{"footnotes":""},"class_list":["post-2931","page","type-page","status-publish","hentry"],"blocksy_meta":{"styles_descriptor":{"styles":{"desktop":"","tablet":"","mobile":""},"google_fonts":[]}},"yoast_head":"<!-- This site is optimized with the Yoast SEO plugin v25.3 - https:\/\/yoast.com\/wordpress\/plugins\/seo\/ -->\n<title>\u00c9ducation - Gismed spa<\/title>\n<meta name=\"robots\" content=\"index, follow, max-snippet:-1, max-image-preview:large, max-video-preview:-1\" \/>\n<link rel=\"canonical\" href=\"https:\/\/gismedalgerie.dz\/index.php\/education\/\" \/>\n<meta property=\"og:locale\" content=\"fr_FR\" \/>\n<meta property=\"og:type\" content=\"article\" \/>\n<meta property=\"og:title\" content=\"\u00c9ducation - Gismed spa\" \/>\n<meta property=\"og:description\" content=\"\u00c9ducation La cartographie et l\u2019analyse spatiale favorisent l\u2019apprentissage dans les \u00e9coles et aident les administrateurs. Les enseignants, les chercheurs, les \u00e9tudiants et les administrateurs utilisent nos solutions pour enrichir leurs cours ou leurs recherches, et pour am\u00e9liorer la qualit\u00e9 de l\u2019\u00e9ducation. Les SIG, une technologie fondamentale Avec les SIG, les enseignants intensifient la participation de [&hellip;]\" \/>\n<meta property=\"og:url\" content=\"https:\/\/gismedalgerie.dz\/index.php\/education\/\" \/>\n<meta property=\"og:site_name\" content=\"Gismed spa\" \/>\n<meta property=\"og:image\" content=\"https:\/\/education.esrifrance.fr\/iso_icons\/empty.gif\" \/>\n<meta name=\"twitter:card\" content=\"summary_large_image\" \/>\n<meta name=\"twitter:label1\" content=\"Dur\u00e9e de lecture estim\u00e9e\" \/>\n\t<meta name=\"twitter:data1\" content=\"3 minutes\" \/>\n<script type=\"application\/ld+json\" class=\"yoast-schema-graph\">{\"@context\":\"https:\/\/schema.org\",\"@graph\":[{\"@type\":\"WebPage\",\"@id\":\"https:\/\/gismedalgerie.dz\/index.php\/education\/\",\"url\":\"https:\/\/gismedalgerie.dz\/index.php\/education\/\",\"name\":\"\u00c9ducation - Gismed spa\",\"isPartOf\":{\"@id\":\"https:\/\/gismedalgerie.dz\/#website\"},\"primaryImageOfPage\":{\"@id\":\"https:\/\/gismedalgerie.dz\/index.php\/education\/#primaryimage\"},\"image\":{\"@id\":\"https:\/\/gismedalgerie.dz\/index.php\/education\/#primaryimage\"},\"thumbnailUrl\":\"https:\/\/education.esrifrance.fr\/iso_icons\/empty.gif\",\"datePublished\":\"2021-05-27T11:33:13+00:00\",\"breadcrumb\":{\"@id\":\"https:\/\/gismedalgerie.dz\/index.php\/education\/#breadcrumb\"},\"inLanguage\":\"fr-FR\",\"potentialAction\":[{\"@type\":\"ReadAction\",\"target\":[\"https:\/\/gismedalgerie.dz\/index.php\/education\/\"]}]},{\"@type\":\"ImageObject\",\"inLanguage\":\"fr-FR\",\"@id\":\"https:\/\/gismedalgerie.dz\/index.php\/education\/#primaryimage\",\"url\":\"https:\/\/education.esrifrance.fr\/iso_icons\/empty.gif\",\"contentUrl\":\"https:\/\/education.esrifrance.fr\/iso_icons\/empty.gif\"},{\"@type\":\"BreadcrumbList\",\"@id\":\"https:\/\/gismedalgerie.dz\/index.php\/education\/#breadcrumb\",\"itemListElement\":[{\"@type\":\"ListItem\",\"position\":1,\"name\":\"Accueil\",\"item\":\"https:\/\/gismedalgerie.dz\/\"},{\"@type\":\"ListItem\",\"position\":2,\"name\":\"\u00c9ducation\"}]},{\"@type\":\"WebSite\",\"@id\":\"https:\/\/gismedalgerie.dz\/#website\",\"url\":\"https:\/\/gismedalgerie.dz\/\",\"name\":\"Gismed spa\",\"description\":\"\",\"potentialAction\":[{\"@type\":\"SearchAction\",\"target\":{\"@type\":\"EntryPoint\",\"urlTemplate\":\"https:\/\/gismedalgerie.dz\/?s={search_term_string}\"},\"query-input\":{\"@type\":\"PropertyValueSpecification\",\"valueRequired\":true,\"valueName\":\"search_term_string\"}}],\"inLanguage\":\"fr-FR\"}]}<\/script>\n<!-- \/ Yoast SEO plugin. -->","yoast_head_json":{"title":"\u00c9ducation - Gismed spa","robots":{"index":"index","follow":"follow","max-snippet":"max-snippet:-1","max-image-preview":"max-image-preview:large","max-video-preview":"max-video-preview:-1"},"canonical":"https:\/\/gismedalgerie.dz\/index.php\/education\/","og_locale":"fr_FR","og_type":"article","og_title":"\u00c9ducation - Gismed spa","og_description":"\u00c9ducation La cartographie et l\u2019analyse spatiale favorisent l\u2019apprentissage dans les \u00e9coles et aident les administrateurs. Les enseignants, les chercheurs, les \u00e9tudiants et les administrateurs utilisent nos solutions pour enrichir leurs cours ou leurs recherches, et pour am\u00e9liorer la qualit\u00e9 de l\u2019\u00e9ducation. Les SIG, une technologie fondamentale Avec les SIG, les enseignants intensifient la participation de [&hellip;]","og_url":"https:\/\/gismedalgerie.dz\/index.php\/education\/","og_site_name":"Gismed spa","og_image":[{"url":"https:\/\/education.esrifrance.fr\/iso_icons\/empty.gif","type":"","width":"","height":""}],"twitter_card":"summary_large_image","twitter_misc":{"Dur\u00e9e de lecture estim\u00e9e":"3 minutes"},"schema":{"@context":"https:\/\/schema.org","@graph":[{"@type":"WebPage","@id":"https:\/\/gismedalgerie.dz\/index.php\/education\/","url":"https:\/\/gismedalgerie.dz\/index.php\/education\/","name":"\u00c9ducation - Gismed spa","isPartOf":{"@id":"https:\/\/gismedalgerie.dz\/#website"},"primaryImageOfPage":{"@id":"https:\/\/gismedalgerie.dz\/index.php\/education\/#primaryimage"},"image":{"@id":"https:\/\/gismedalgerie.dz\/index.php\/education\/#primaryimage"},"thumbnailUrl":"https:\/\/education.esrifrance.fr\/iso_icons\/empty.gif","datePublished":"2021-05-27T11:33:13+00:00","breadcrumb":{"@id":"https:\/\/gismedalgerie.dz\/index.php\/education\/#breadcrumb"},"inLanguage":"fr-FR","potentialAction":[{"@type":"ReadAction","target":["https:\/\/gismedalgerie.dz\/index.php\/education\/"]}]},{"@type":"ImageObject","inLanguage":"fr-FR","@id":"https:\/\/gismedalgerie.dz\/index.php\/education\/#primaryimage","url":"https:\/\/education.esrifrance.fr\/iso_icons\/empty.gif","contentUrl":"https:\/\/education.esrifrance.fr\/iso_icons\/empty.gif"},{"@type":"BreadcrumbList","@id":"https:\/\/gismedalgerie.dz\/index.php\/education\/#breadcrumb","itemListElement":[{"@type":"ListItem","position":1,"name":"Accueil","item":"https:\/\/gismedalgerie.dz\/"},{"@type":"ListItem","position":2,"name":"\u00c9ducation"}]},{"@type":"WebSite","@id":"https:\/\/gismedalgerie.dz\/#website","url":"https:\/\/gismedalgerie.dz\/","name":"Gismed spa","description":"","potentialAction":[{"@type":"SearchAction","target":{"@type":"EntryPoint","urlTemplate":"https:\/\/gismedalgerie.dz\/?s={search_term_string}"},"query-input":{"@type":"PropertyValueSpecification","valueRequired":true,"valueName":"search_term_string"}}],"inLanguage":"fr-FR"}]}},"_links":{"self":[{"href":"https:\/\/gismedalgerie.dz\/index.php\/wp-json\/wp\/v2\/pages\/2931","targetHints":{"allow":["GET"]}}],"collection":[{"href":"https:\/\/gismedalgerie.dz\/index.php\/wp-json\/wp\/v2\/pages"}],"about":[{"href":"https:\/\/gismedalgerie.dz\/index.php\/wp-json\/wp\/v2\/types\/page"}],"author":[{"embeddable":true,"href":"https:\/\/gismedalgerie.dz\/index.php\/wp-json\/wp\/v2\/users\/1"}],"replies":[{"embeddable":true,"href":"https:\/\/gismedalgerie.dz\/index.php\/wp-json\/wp\/v2\/comments?post=2931"}],"version-history":[{"count":0,"href":"https:\/\/gismedalgerie.dz\/index.php\/wp-json\/wp\/v2\/pages\/2931\/revisions"}],"wp:attachment":[{"href":"https:\/\/gismedalgerie.dz\/index.php\/wp-json\/wp\/v2\/media?parent=2931"}],"curies":[{"name":"wp","href":"https:\/\/api.w.org\/{rel}","templated":true}]}}