{"id":2929,"date":"2021-05-27T13:32:45","date_gmt":"2021-05-27T11:32:45","guid":{"rendered":"https:\/\/gismedalgerie.dz\/?page_id=2929"},"modified":"2021-05-27T13:32:45","modified_gmt":"2021-05-27T11:32:45","slug":"eau","status":"publish","type":"page","link":"https:\/\/gismedalgerie.dz\/index.php\/eau\/","title":{"rendered":"Eau"},"content":{"rendered":"<h2>Gestion des eaux<\/h2>\n<p>\u00c9conomisez de l\u2019eau. gagner du temps. \u00c9conomisez de l\u2019argent. La gestion intelligente de l\u2019eau commence par les SIG.<\/p>\n<p>\t\t\t\t\t\t\t\t\t\t\t\t\t\t\t<img loading=\"lazy\" decoding=\"async\" width=\"610\" height=\"609\" src=\"https:\/\/gismedalgerie.dz\/wp-content\/uploads\/2021\/06\/water-banner-illustration.png\" alt=\"\" loading=\"lazy\" srcset=\"https:\/\/gismedalgerie.dz\/wp-content\/uploads\/2021\/06\/water-banner-illustration.png 610w, https:\/\/gismedalgerie.dz\/wp-content\/uploads\/2021\/06\/water-banner-illustration-300x300.png 300w, https:\/\/gismedalgerie.dz\/wp-content\/uploads\/2021\/06\/water-banner-illustration-150x150.png 150w\" sizes=\"auto, (max-width: 610px) 100vw, 610px\" \/><\/p>\n<p>Chaque entreprise de services publics doit comprendre o\u00f9 se trouvent ses actifs; comment l\u2019eau potable, les eaux us\u00e9es ou les eaux pluviales y circulent, et qui sera touch\u00e9 par leur \u00e9ventuelle d\u00e9faillance. Les SIG fournissent aux entreprises de services publics les renseignements sur la planification et les op\u00e9rations dont elles ont besoin pour g\u00e9rer leur registre d\u2019actifs, la performance de leur syst\u00e8me et la connectivit\u00e9 de r\u00e9seau, ainsi que pour optimiser leur travail et collaborer facilement.<\/p>\n<h1>Capacit\u00e9s<\/h1>\n<p>\t\t\t\t\t\t\t\t\t\t\t\t\t\t\t<img loading=\"lazy\" decoding=\"async\" width=\"1024\" height=\"384\" src=\"https:\/\/gismedalgerie.dz\/wp-content\/uploads\/2021\/06\/waterdiagram1200x450-v4-fr-1024x384.jpg\" alt=\"\" loading=\"lazy\" srcset=\"https:\/\/gismedalgerie.dz\/wp-content\/uploads\/2021\/06\/waterdiagram1200x450-v4-fr-1024x384.jpg 1024w, https:\/\/gismedalgerie.dz\/wp-content\/uploads\/2021\/06\/waterdiagram1200x450-v4-fr-300x113.jpg 300w, https:\/\/gismedalgerie.dz\/wp-content\/uploads\/2021\/06\/waterdiagram1200x450-v4-fr-768x288.jpg 768w, https:\/\/gismedalgerie.dz\/wp-content\/uploads\/2021\/06\/waterdiagram1200x450-v4-fr.jpg 1200w\" sizes=\"auto, (max-width: 1024px) 100vw, 1024px\" \/><\/p>\n<p><img decoding=\"async\" src=\"https:\/\/www.esrifrance.fr\/iso_icons\/empty.gif\" alt=\"\" width=\"1\" height=\"40\" \/><\/p>\n<p><a id=\"ldsrbA_0010ef94\" href=\"https:\/\/www.esrifrance.fr\/eau-services.aspx\" target=\"\" data-toggle=\"\" data-title=\"\" rel=\"noopener\"> <img decoding=\"async\" id=\"ldsrbImg_0010ef94\" title=\"\" src=\"https:\/\/www.esrifrance.fr\/iso_album\/icon-water-utilities.png\" alt=\"\" longdesc=\"\" \/> <\/a><\/p>\n<h2>Services de l&#8217;eau<\/h2>\n<p><a id=\"ldsrbA_0010ef94\" href=\"https:\/\/www.esrifrance.fr\/eau-services.aspx\" target=\"\" data-toggle=\"\" data-title=\"\" rel=\"noopener\"><\/a>La cl\u00e9 d&#8217;un syst\u00e8me d&#8217;eau intelligent consiste \u00e0 disposer d&#8217;un r\u00e9f\u00e9rentiel unique pour toutes les donn\u00e9es. La gestion intelligente de l\u2019eau commence par les SIG. Le logiciel ArcGIS va au-del\u00e0 de la localisation des canalisations et des installations. Utilisez-le pour g\u00e9rer l&#8217;ensemble de vos actifs, analyser les performances de vos r\u00e9seaux, optimiser le travail de tous vos collaborateurs impliqu\u00e9s en collaborant facilement.<\/p>\n<h2>Des solutions pour votre activit\u00e9<\/h2>\n<p>Esri vous aide \u00e0 moderniser votre activit\u00e9 avec des solutions configur\u00e9es permettant de r\u00e9pondre \u00e0 vos enjeux et besoins cl\u00e9s, et ce, pour l&#8217;ensemble de vos process m\u00e9tier.<\/p>\n<p>\t\t\t\t\t\t\t\t\t\t\t\t\t\t\t<img loading=\"lazy\" decoding=\"async\" width=\"780\" height=\"574\" src=\"https:\/\/gismedalgerie.dz\/wp-content\/uploads\/2021\/06\/image-water-outage.jpg\" alt=\"\" loading=\"lazy\" srcset=\"https:\/\/gismedalgerie.dz\/wp-content\/uploads\/2021\/06\/image-water-outage.jpg 780w, https:\/\/gismedalgerie.dz\/wp-content\/uploads\/2021\/06\/image-water-outage-300x221.jpg 300w, https:\/\/gismedalgerie.dz\/wp-content\/uploads\/2021\/06\/image-water-outage-768x565.jpg 768w\" sizes=\"auto, (max-width: 780px) 100vw, 780px\" \/><\/p>\n<h3>Coupure d&#8217;eau<\/h3>\n<p>\u00a0<\/p>\n<p>R\u00e9agissez plus rapidement et r\u00e9duisez les co\u00fbts en identifiant rapidement les incidents sur le terrain, en coordonnant vos ressources, en isolant le probl\u00e8me et en communiquant avec vos clients. Cela raccourcira la dur\u00e9e de l&#8217;\u00e9v\u00e9nement, r\u00e9duira la perte en eau et augmentera la satisfaction globale de votre client\u00e8le.<\/p>\n<p><a id=\"ldsrbRButton_0010f141\" href=\"https:\/\/www.esri.com\/en-us\/industries\/water\/water-outage\" target=\"_blank\" rel=\"noopener\"> D\u00e9couvrir la solution \u2192 <\/a><br \/>\n\t\t\t\t\t\t\t\t\t\t\t\t\t\t\t<img loading=\"lazy\" decoding=\"async\" width=\"780\" height=\"574\" src=\"https:\/\/gismedalgerie.dz\/wp-content\/uploads\/2021\/06\/image-mobile-workforce.jpg\" alt=\"\" loading=\"lazy\" srcset=\"https:\/\/gismedalgerie.dz\/wp-content\/uploads\/2021\/06\/image-mobile-workforce.jpg 780w, https:\/\/gismedalgerie.dz\/wp-content\/uploads\/2021\/06\/image-mobile-workforce-300x221.jpg 300w, https:\/\/gismedalgerie.dz\/wp-content\/uploads\/2021\/06\/image-mobile-workforce-768x565.jpg 768w\" sizes=\"auto, (max-width: 780px) 100vw, 780px\" \/><\/p>\n<h4>Op\u00e9rations sur le terrain<\/h4>\n<p>\u00a0<\/p>\n<p>Optimisez l\u2019inventaire de vos actifs et de vos op\u00e9rations avec des applications mobiles permettant d\u2019am\u00e9liorer la collecte, la coordination et l&#8217;efficacit\u00e9 op\u00e9rationnelle des activit\u00e9s sur le terrain. Assurez-vous que toutes vos \u00e9quipes, sur le terrain comme au bureau, utilisent les m\u00eames donn\u00e9es faisant autorit\u00e9 pour r\u00e9duire les erreurs, augmenter la productivit\u00e9 et r\u00e9aliser des \u00e9conomies.<\/p>\n<p><a id=\"ldsrbRButton_0010f159\" href=\"https:\/\/www.esri.com\/en-us\/industries\/water\/mobile-workforce\" target=\"_blank\" rel=\"noopener\"> D\u00e9couvrir la solution \u2192 <\/a><br \/>\n\t\t\t\t\t\t\t\t\t\t\t\t\t\t\t<img loading=\"lazy\" decoding=\"async\" width=\"780\" height=\"574\" src=\"https:\/\/gismedalgerie.dz\/wp-content\/uploads\/2021\/06\/image-location-data.jpg\" alt=\"\" loading=\"lazy\" srcset=\"https:\/\/gismedalgerie.dz\/wp-content\/uploads\/2021\/06\/image-location-data.jpg 780w, https:\/\/gismedalgerie.dz\/wp-content\/uploads\/2021\/06\/image-location-data-300x221.jpg 300w, https:\/\/gismedalgerie.dz\/wp-content\/uploads\/2021\/06\/image-location-data-768x565.jpg 768w\" sizes=\"auto, (max-width: 780px) 100vw, 780px\" \/><\/p>\n<h3>R\u00e9seaux intelligents<\/h3>\n<p>\u00a0<\/p>\n<p>Cr\u00e9ez et faites \u00e9voluer facilement vos applications cartographiques (appel\u00e9es \u00ab jumelage num\u00e9rique \u00bb) en\u00a0configurant des cartes bas\u00e9es sur vos donn\u00e9es patrimoniales et vos processus de d\u00e9cision.\u00a0ArcGIS for Water Utilities fournit un ensemble complet d&#8217;outils vous permettant de stocker, \u00e9diter et g\u00e9rer des donn\u00e9es de mani\u00e8re \u00e0 correspondre \u00e0 vos processus existants.<\/p>\n<p><a id=\"ldsrbRButton_0010f19b\" href=\"https:\/\/www.esri.com\/en-us\/industries\/water\/location-data-management\" target=\"_blank\" rel=\"noopener\"> D\u00e9couvrir la solution \u2192 <\/a><br \/>\n\t\t\t\t\t\t\t\t\t\t\t\t\t\t\t<img loading=\"lazy\" decoding=\"async\" width=\"780\" height=\"574\" src=\"https:\/\/gismedalgerie.dz\/wp-content\/uploads\/2021\/06\/image-water-loss.jpg\" alt=\"\" loading=\"lazy\" srcset=\"https:\/\/gismedalgerie.dz\/wp-content\/uploads\/2021\/06\/image-water-loss.jpg 780w, https:\/\/gismedalgerie.dz\/wp-content\/uploads\/2021\/06\/image-water-loss-300x221.jpg 300w, https:\/\/gismedalgerie.dz\/wp-content\/uploads\/2021\/06\/image-water-loss-768x565.jpg 768w\" sizes=\"auto, (max-width: 780px) 100vw, 780px\" \/><\/p>\n<h3>Pertes en eau <\/h3>\n<p>\u00a0<\/p>\n<p>Combinez la G\u00e9o avec la science de l&#8217;ing\u00e9nierie pour vous aider \u00e0 r\u00e9soudre les probl\u00e8mes de perte en eau gr\u00e2ce \u00e0 une analyse de d\u00e9bit nocturne et \u00e0 la d\u00e9tection de fuites. ArcGIS vous aide \u00e0 mieux comprendre vos p\u00e9rim\u00e8tres d\u2019intervention, localiser les emplacements pr\u00e9cis de vos canalisations et vannes, d&#8217;associer vos compteurs aux zones desservies, ainsi que le nombre et le type de clients pr\u00e9sents dans chaque zone.<\/p>\n<p><a id=\"ldsrbRButton_0010f1b1\" href=\"https:\/\/www.esri.com\/en-us\/industries\/water\/water-loss\" target=\"_blank\" rel=\"noopener\"> D\u00e9couvrir la solution \u2192 <\/a><br \/>\n\t\t\t\t\t\t\t\t\t\t\t\t\t\t\t<img loading=\"lazy\" decoding=\"async\" width=\"780\" height=\"574\" src=\"https:\/\/gismedalgerie.dz\/wp-content\/uploads\/2021\/06\/image-water-analytics.jpg\" alt=\"\" loading=\"lazy\" srcset=\"https:\/\/gismedalgerie.dz\/wp-content\/uploads\/2021\/06\/image-water-analytics.jpg 780w, https:\/\/gismedalgerie.dz\/wp-content\/uploads\/2021\/06\/image-water-analytics-300x221.jpg 300w, https:\/\/gismedalgerie.dz\/wp-content\/uploads\/2021\/06\/image-water-analytics-768x565.jpg 768w\" sizes=\"auto, (max-width: 780px) 100vw, 780px\" \/><\/p>\n<h3>Analyse<\/h3>\n<p>\u00a0<\/p>\n<p>Water Analytics vous permet de d\u00e9couvrir et partager les mod\u00e8les organisationnels pr\u00e9sents dans vos donn\u00e9es. Analysez finement\u00a0votre infrastructure, d\u00e9couvrez les dessous de vos clients et les tendances de vos donn\u00e9es d&#8217;exploitation. De la recherche du meilleur emplacement \u00e0 la pr\u00e9vision, les outils\u00a0d\u2019analyse ArcGIS vous aide \u00e0 optimiser vos d\u00e9cisions.<\/p>\n<p>\u00a0<\/p>\n<p><a id=\"ldsrbRButton_0010f1c7\" href=\"https:\/\/www.esri.com\/en-us\/industries\/water\/water-analytics\" target=\"_blank\" rel=\"noopener\"> D\u00e9couvrir la solution \u2192 <\/a><br \/>\n\t\t\t\t\t\t\t\t\t\t\t\t\t\t\t<img loading=\"lazy\" decoding=\"async\" width=\"780\" height=\"574\" src=\"https:\/\/gismedalgerie.dz\/wp-content\/uploads\/2021\/06\/image-real-time.jpg\" alt=\"\" loading=\"lazy\" srcset=\"https:\/\/gismedalgerie.dz\/wp-content\/uploads\/2021\/06\/image-real-time.jpg 780w, https:\/\/gismedalgerie.dz\/wp-content\/uploads\/2021\/06\/image-real-time-300x221.jpg 300w, https:\/\/gismedalgerie.dz\/wp-content\/uploads\/2021\/06\/image-real-time-768x565.jpg 768w\" sizes=\"auto, (max-width: 780px) 100vw, 780px\" \/><\/p>\n<h3>Temps r\u00e9el<\/h3>\n<p>\u00a0<\/p>\n<p>Avec la plateforme ArcGIS, vous int\u00e9grez une strat\u00e9gie de localisation essentielle \u00e0 vos op\u00e9rations quotidiennes afin d\u2019am\u00e9liorer la prise de d\u00e9cision. L&#8217;int\u00e9gration de donn\u00e9es en temps r\u00e9el au sein de votre SIG offre une vue compl\u00e8te, efficace et pertinente des op\u00e9rations.<\/p>\n<p>\u00a0<\/p>\n<p><a id=\"ldsrbRButton_0010f1dd\" href=\"https:\/\/www.esri.com\/en-us\/industries\/water\/real-time-monitoring\" target=\"_blank\" rel=\"noopener\"> D\u00e9couvrir la solution \u2192 <\/a><\/p>\n<p><img decoding=\"async\" src=\"https:\/\/www.esrifrance.fr\/iso_icons\/empty.gif\" alt=\"\" width=\"1\" height=\"40\" \/><\/p>\n<p><a id=\"ldsrbA_0010ef98\" href=\"https:\/\/www.esrifrance.fr\/eau-ressources.aspx\" target=\"\" data-toggle=\"\" data-title=\"\" rel=\"noopener\"> <img decoding=\"async\" id=\"ldsrbImg_0010ef98\" title=\"\" src=\"https:\/\/www.esrifrance.fr\/iso_album\/icon-water-resources.png\" alt=\"\" longdesc=\"\" \/><\/a><\/p>\n<h2>Ressources en eau<\/h2>\n<p>\u00a0Assurer l&#8217;acc\u00e8s \u00e0 une ressource en eau propre et fiable est essentiel. Utilisez le logiciel ArcGIS pour comprendre les impacts sur le syst\u00e8me naturel et pr\u00e9server la quantit\u00e9 et la qualit\u00e9 de l&#8217;eau. Une cartographie et des analyses performantes, combin\u00e9es \u00e0 des applications faciles \u00e0 utiliser, vous permettent de voir comment les actions d&#8217;aujourd&#8217;hui affectent le syst\u00e8me d&#8217;approvisionnement en eau de demain.<\/p>\n<h5> Quantifiez<\/h5>\n<p>Pour prendre des d\u00e9cisions plus \u00e9clair\u00e9es, calculez des informations pr\u00e9cises sur l\u2019eau dont vous disposez et sur l\u2019eau dont vous avez besoin.<\/p>\n<h5> Mod\u00e9lisez <\/h5>\n<p>Pr\u00e9disez comment les ph\u00e9nom\u00e8nes m\u00e9t\u00e9orologiques extr\u00eames et la croissance d\u00e9mographique affecteront vos op\u00e9rations.<\/p>\n<h5> Monitorez<\/h5>\n<p>Suivez les mouvements de l&#8217;eau en temps r\u00e9el afin de donner aux citoyens les moyens de faire des choix plus judicieux.<\/p>\n<h5> Collaborez<\/h5>\n<p>Partagez des informations en utilisant tout type de dispositif et de media, n&#8217;importe o\u00f9 et n&#8217;importe quand.<\/p>\n<h2>Applications sp\u00e9cialis\u00e9es <\/h2>\n<p>\t\t\t\t\t\t\t\t\t\t\t\t\t\t\t<img loading=\"lazy\" decoding=\"async\" width=\"1024\" height=\"512\" src=\"https:\/\/gismedalgerie.dz\/wp-content\/uploads\/2021\/06\/aag-2020-post-show-living-atlas-1024x512.jpg\" alt=\"\" loading=\"lazy\" srcset=\"https:\/\/gismedalgerie.dz\/wp-content\/uploads\/2021\/06\/aag-2020-post-show-living-atlas-1024x512.jpg 1024w, https:\/\/gismedalgerie.dz\/wp-content\/uploads\/2021\/06\/aag-2020-post-show-living-atlas-300x150.jpg 300w, https:\/\/gismedalgerie.dz\/wp-content\/uploads\/2021\/06\/aag-2020-post-show-living-atlas-768x384.jpg 768w, https:\/\/gismedalgerie.dz\/wp-content\/uploads\/2021\/06\/aag-2020-post-show-living-atlas.jpg 1200w\" sizes=\"auto, (max-width: 1024px) 100vw, 1024px\" \/><\/p>\n<h4> Eau dans le Living Atlas<\/h4>\n<p>Explorez des ensembles de donn\u00e9es &#8211; jauges de cours d&#8217;eau, sols, rivi\u00e8res, pollution, zones humides et plus encore &#8211; dans cette Story Map <\/p>\n<p><a href=\"https:\/\/livingatlas.arcgis.com\/fr\/\" target=\"_blank\" rel=\"noopener\">  En savoir plus sur les jeux de donn\u00e9es dans le Living Atlas  <\/a><br \/>\n\t\t\t\t\t\t\t\t\t\t\t\t\t\t\t<img loading=\"lazy\" decoding=\"async\" width=\"983\" height=\"491\" src=\"https:\/\/gismedalgerie.dz\/wp-content\/uploads\/2021\/06\/arc-hydro-thumbnail.jpg\" alt=\"\" loading=\"lazy\" srcset=\"https:\/\/gismedalgerie.dz\/wp-content\/uploads\/2021\/06\/arc-hydro-thumbnail.jpg 983w, https:\/\/gismedalgerie.dz\/wp-content\/uploads\/2021\/06\/arc-hydro-thumbnail-300x150.jpg 300w, https:\/\/gismedalgerie.dz\/wp-content\/uploads\/2021\/06\/arc-hydro-thumbnail-768x384.jpg 768w\" sizes=\"auto, (max-width: 983px) 100vw, 983px\" \/><\/p>\n<h4> Arc Hydro <\/h4>\n<p> Mod\u00e9liser et explorer des donn\u00e9es sur les eaux souterraines, allant de cartes d&#8217;aquif\u00e8res et de bases de donn\u00e9es de puits \u00e0 des cartes g\u00e9ologiques. Archiver, g\u00e9rer et visualiser les informations sur les bassins versants. \u00a0<a href=\"https:\/\/www.esri.com\/arcgis-blog\/products\/data-reviewer\/data-management\/qa-qc-for-arc-hydro-terrain-preprocessing-vector-data-the-arc-hydro-health-check-using-data-reviewer\/\" target=\"_blank\" rel=\"noopener\">  En savoir plus sur Arc Hydro  <\/a><br \/>\n\t\t\t\t\t\t\t\t\t\t\t\t\t\t\t<img loading=\"lazy\" decoding=\"async\" width=\"1024\" height=\"512\" src=\"https:\/\/gismedalgerie.dz\/wp-content\/uploads\/2021\/06\/geo-net-1024x512.jpg\" alt=\"\" loading=\"lazy\" srcset=\"https:\/\/gismedalgerie.dz\/wp-content\/uploads\/2021\/06\/geo-net-1024x512.jpg 1024w, https:\/\/gismedalgerie.dz\/wp-content\/uploads\/2021\/06\/geo-net-300x150.jpg 300w, https:\/\/gismedalgerie.dz\/wp-content\/uploads\/2021\/06\/geo-net-768x384.jpg 768w, https:\/\/gismedalgerie.dz\/wp-content\/uploads\/2021\/06\/geo-net.jpg 1200w\" sizes=\"auto, (max-width: 1024px) 100vw, 1024px\" \/><\/p>\n<h4>Communaut\u00e9 hydro\u00e9lectrique<\/h4>\n<p>Faites partie de la communaut\u00e9 des ressources en eau en ligne d\u2019Esri. Apprenez, discutez et posez des questions.<\/p>\n<p>\u00a0<\/p>\n<p><a href=\"https:\/\/community.esri.com\/community\/gis\/solutions\/hydro\" data-custom-analytics=\"true\" data-event=\"track-component\" data-component-name=\"text-link-stack-image-series\" data-component-link=\"Hydro Community - Join our community\" data-component-link-placement=\"text_link_stack_imag_183858254\" data-component-link-type=\"text\">Rejoignez notre communaut\u00e9<\/a><\/p>\n","protected":false},"excerpt":{"rendered":"<p>Gestion des eaux \u00c9conomisez de l\u2019eau. gagner du temps. \u00c9conomisez de l\u2019argent. La gestion intelligente de l\u2019eau commence par les SIG. Chaque entreprise de services publics doit comprendre o\u00f9 se trouvent ses actifs; comment l\u2019eau potable, les eaux us\u00e9es ou les eaux pluviales y circulent, et qui sera touch\u00e9 par leur \u00e9ventuelle d\u00e9faillance. Les SIG [&hellip;]<\/p>\n","protected":false},"author":1,"featured_media":0,"parent":0,"menu_order":0,"comment_status":"closed","ping_status":"closed","template":"","meta":{"footnotes":""},"class_list":["post-2929","page","type-page","status-publish","hentry"],"blocksy_meta":{"styles_descriptor":{"styles":{"desktop":"","tablet":"","mobile":""},"google_fonts":[]}},"yoast_head":"<!-- This site is optimized with the Yoast SEO plugin v25.3 - https:\/\/yoast.com\/wordpress\/plugins\/seo\/ -->\n<title>Eau - Gismed spa<\/title>\n<meta name=\"robots\" content=\"index, follow, max-snippet:-1, max-image-preview:large, max-video-preview:-1\" \/>\n<link rel=\"canonical\" href=\"https:\/\/gismedalgerie.dz\/index.php\/eau\/\" \/>\n<meta property=\"og:locale\" content=\"fr_FR\" \/>\n<meta property=\"og:type\" content=\"article\" \/>\n<meta property=\"og:title\" content=\"Eau - Gismed spa\" \/>\n<meta property=\"og:description\" content=\"Gestion des eaux \u00c9conomisez de l\u2019eau. gagner du temps. \u00c9conomisez de l\u2019argent. La gestion intelligente de l\u2019eau commence par les SIG. Chaque entreprise de services publics doit comprendre o\u00f9 se trouvent ses actifs; comment l\u2019eau potable, les eaux us\u00e9es ou les eaux pluviales y circulent, et qui sera touch\u00e9 par leur \u00e9ventuelle d\u00e9faillance. Les SIG [&hellip;]\" \/>\n<meta property=\"og:url\" content=\"https:\/\/gismedalgerie.dz\/index.php\/eau\/\" \/>\n<meta property=\"og:site_name\" content=\"Gismed spa\" \/>\n<meta property=\"og:image\" content=\"https:\/\/gismedalgerie.dz\/wp-content\/uploads\/2021\/06\/water-banner-illustration.png\" \/>\n<meta name=\"twitter:card\" content=\"summary_large_image\" \/>\n<meta name=\"twitter:label1\" content=\"Dur\u00e9e de lecture estim\u00e9e\" \/>\n\t<meta name=\"twitter:data1\" content=\"4 minutes\" \/>\n<script type=\"application\/ld+json\" class=\"yoast-schema-graph\">{\"@context\":\"https:\/\/schema.org\",\"@graph\":[{\"@type\":\"WebPage\",\"@id\":\"https:\/\/gismedalgerie.dz\/index.php\/eau\/\",\"url\":\"https:\/\/gismedalgerie.dz\/index.php\/eau\/\",\"name\":\"Eau - Gismed spa\",\"isPartOf\":{\"@id\":\"https:\/\/gismedalgerie.dz\/#website\"},\"primaryImageOfPage\":{\"@id\":\"https:\/\/gismedalgerie.dz\/index.php\/eau\/#primaryimage\"},\"image\":{\"@id\":\"https:\/\/gismedalgerie.dz\/index.php\/eau\/#primaryimage\"},\"thumbnailUrl\":\"https:\/\/gismedalgerie.dz\/wp-content\/uploads\/2021\/06\/water-banner-illustration.png\",\"datePublished\":\"2021-05-27T11:32:45+00:00\",\"breadcrumb\":{\"@id\":\"https:\/\/gismedalgerie.dz\/index.php\/eau\/#breadcrumb\"},\"inLanguage\":\"fr-FR\",\"potentialAction\":[{\"@type\":\"ReadAction\",\"target\":[\"https:\/\/gismedalgerie.dz\/index.php\/eau\/\"]}]},{\"@type\":\"ImageObject\",\"inLanguage\":\"fr-FR\",\"@id\":\"https:\/\/gismedalgerie.dz\/index.php\/eau\/#primaryimage\",\"url\":\"https:\/\/gismedalgerie.dz\/wp-content\/uploads\/2021\/06\/water-banner-illustration.png\",\"contentUrl\":\"https:\/\/gismedalgerie.dz\/wp-content\/uploads\/2021\/06\/water-banner-illustration.png\"},{\"@type\":\"BreadcrumbList\",\"@id\":\"https:\/\/gismedalgerie.dz\/index.php\/eau\/#breadcrumb\",\"itemListElement\":[{\"@type\":\"ListItem\",\"position\":1,\"name\":\"Accueil\",\"item\":\"https:\/\/gismedalgerie.dz\/\"},{\"@type\":\"ListItem\",\"position\":2,\"name\":\"Eau\"}]},{\"@type\":\"WebSite\",\"@id\":\"https:\/\/gismedalgerie.dz\/#website\",\"url\":\"https:\/\/gismedalgerie.dz\/\",\"name\":\"Gismed spa\",\"description\":\"\",\"potentialAction\":[{\"@type\":\"SearchAction\",\"target\":{\"@type\":\"EntryPoint\",\"urlTemplate\":\"https:\/\/gismedalgerie.dz\/?s={search_term_string}\"},\"query-input\":{\"@type\":\"PropertyValueSpecification\",\"valueRequired\":true,\"valueName\":\"search_term_string\"}}],\"inLanguage\":\"fr-FR\"}]}<\/script>\n<!-- \/ Yoast SEO plugin. -->","yoast_head_json":{"title":"Eau - Gismed spa","robots":{"index":"index","follow":"follow","max-snippet":"max-snippet:-1","max-image-preview":"max-image-preview:large","max-video-preview":"max-video-preview:-1"},"canonical":"https:\/\/gismedalgerie.dz\/index.php\/eau\/","og_locale":"fr_FR","og_type":"article","og_title":"Eau - Gismed spa","og_description":"Gestion des eaux \u00c9conomisez de l\u2019eau. gagner du temps. \u00c9conomisez de l\u2019argent. La gestion intelligente de l\u2019eau commence par les SIG. Chaque entreprise de services publics doit comprendre o\u00f9 se trouvent ses actifs; comment l\u2019eau potable, les eaux us\u00e9es ou les eaux pluviales y circulent, et qui sera touch\u00e9 par leur \u00e9ventuelle d\u00e9faillance. Les SIG [&hellip;]","og_url":"https:\/\/gismedalgerie.dz\/index.php\/eau\/","og_site_name":"Gismed spa","og_image":[{"url":"https:\/\/gismedalgerie.dz\/wp-content\/uploads\/2021\/06\/water-banner-illustration.png","type":"","width":"","height":""}],"twitter_card":"summary_large_image","twitter_misc":{"Dur\u00e9e de lecture estim\u00e9e":"4 minutes"},"schema":{"@context":"https:\/\/schema.org","@graph":[{"@type":"WebPage","@id":"https:\/\/gismedalgerie.dz\/index.php\/eau\/","url":"https:\/\/gismedalgerie.dz\/index.php\/eau\/","name":"Eau - Gismed spa","isPartOf":{"@id":"https:\/\/gismedalgerie.dz\/#website"},"primaryImageOfPage":{"@id":"https:\/\/gismedalgerie.dz\/index.php\/eau\/#primaryimage"},"image":{"@id":"https:\/\/gismedalgerie.dz\/index.php\/eau\/#primaryimage"},"thumbnailUrl":"https:\/\/gismedalgerie.dz\/wp-content\/uploads\/2021\/06\/water-banner-illustration.png","datePublished":"2021-05-27T11:32:45+00:00","breadcrumb":{"@id":"https:\/\/gismedalgerie.dz\/index.php\/eau\/#breadcrumb"},"inLanguage":"fr-FR","potentialAction":[{"@type":"ReadAction","target":["https:\/\/gismedalgerie.dz\/index.php\/eau\/"]}]},{"@type":"ImageObject","inLanguage":"fr-FR","@id":"https:\/\/gismedalgerie.dz\/index.php\/eau\/#primaryimage","url":"https:\/\/gismedalgerie.dz\/wp-content\/uploads\/2021\/06\/water-banner-illustration.png","contentUrl":"https:\/\/gismedalgerie.dz\/wp-content\/uploads\/2021\/06\/water-banner-illustration.png"},{"@type":"BreadcrumbList","@id":"https:\/\/gismedalgerie.dz\/index.php\/eau\/#breadcrumb","itemListElement":[{"@type":"ListItem","position":1,"name":"Accueil","item":"https:\/\/gismedalgerie.dz\/"},{"@type":"ListItem","position":2,"name":"Eau"}]},{"@type":"WebSite","@id":"https:\/\/gismedalgerie.dz\/#website","url":"https:\/\/gismedalgerie.dz\/","name":"Gismed spa","description":"","potentialAction":[{"@type":"SearchAction","target":{"@type":"EntryPoint","urlTemplate":"https:\/\/gismedalgerie.dz\/?s={search_term_string}"},"query-input":{"@type":"PropertyValueSpecification","valueRequired":true,"valueName":"search_term_string"}}],"inLanguage":"fr-FR"}]}},"_links":{"self":[{"href":"https:\/\/gismedalgerie.dz\/index.php\/wp-json\/wp\/v2\/pages\/2929","targetHints":{"allow":["GET"]}}],"collection":[{"href":"https:\/\/gismedalgerie.dz\/index.php\/wp-json\/wp\/v2\/pages"}],"about":[{"href":"https:\/\/gismedalgerie.dz\/index.php\/wp-json\/wp\/v2\/types\/page"}],"author":[{"embeddable":true,"href":"https:\/\/gismedalgerie.dz\/index.php\/wp-json\/wp\/v2\/users\/1"}],"replies":[{"embeddable":true,"href":"https:\/\/gismedalgerie.dz\/index.php\/wp-json\/wp\/v2\/comments?post=2929"}],"version-history":[{"count":0,"href":"https:\/\/gismedalgerie.dz\/index.php\/wp-json\/wp\/v2\/pages\/2929\/revisions"}],"wp:attachment":[{"href":"https:\/\/gismedalgerie.dz\/index.php\/wp-json\/wp\/v2\/media?parent=2929"}],"curies":[{"name":"wp","href":"https:\/\/api.w.org\/{rel}","templated":true}]}}