{"id":2926,"date":"2021-05-27T13:32:04","date_gmt":"2021-05-27T11:32:04","guid":{"rendered":"https:\/\/gismedalgerie.dz\/?page_id=2926"},"modified":"2021-05-27T13:32:04","modified_gmt":"2021-05-27T11:32:04","slug":"developpement","status":"publish","type":"page","link":"https:\/\/gismedalgerie.dz\/index.php\/developpement\/","title":{"rendered":"D\u00e9veloppement"},"content":{"rendered":"<h2> D\u00e9veloppement durable<br \/>\n<\/h2>\n<p>Mieux comprendre les syst\u00e8mes complexes de la Terre gr\u00e2ce \u00e0 l\u2019intelligence de localisation<\/p>\n<p>\u00a0<br \/>\n\t\t\t\t\t\t\t\t\t\t\t\t\t\t\t<img loading=\"lazy\" decoding=\"async\" width=\"704\" height=\"576\" src=\"https:\/\/gismedalgerie.dz\/wp-content\/uploads\/2021\/06\/sustainabledev-banner.png\" alt=\"\" loading=\"lazy\" srcset=\"https:\/\/gismedalgerie.dz\/wp-content\/uploads\/2021\/06\/sustainabledev-banner.png 704w, https:\/\/gismedalgerie.dz\/wp-content\/uploads\/2021\/06\/sustainabledev-banner-300x245.png 300w\" sizes=\"auto, (max-width: 704px) 100vw, 704px\" \/><br \/>\n\t\t\t<a href=\"https:\/\/www.esri.com\/about\/newsroom\/arcuser\/predictive-analysis-brings-food-aid-closer-in-madagascar\/?rmedium=www_esri_com_EtoF&#038;rsource=\/esri-news\/arcuser\/spring-2017\/predictive-analysis-brings-food-aid-closer-to-madagascar\" target=\"_blank\" role=\"button\" rel=\"noopener\"><br \/>\n\t\t\t\t\t<\/a><\/p>\n<p>SUCCESS STORY<\/p>\n<h4>Acc\u00e8s \u00e0 l\u2019aide alimentaire<\/h4>\n<p>USAID a utilis\u00e9 des outils d\u2019analyse pr\u00e9dictive pour optimiser l\u2019implantation des sites de distribution de nourriture, en minimisant la distance que doivent parcourir les\u00a0familles pour b\u00e9n\u00e9ficier de l\u2019aide.<\/p>\n<h2> Une plateforme pour le d\u00e9veloppement durable<br \/>\n<\/h2>\n<p>La plateforme ArcGIS d\u2019Esri vous permet de mieux planifier, ex\u00e9cuter et rendre compte du d\u00e9veloppement durable dans n\u2019importe quelle situation. Atteignez les objectifs plus rapidement gr\u00e2ce \u00e0 un syst\u00e8me scientifiquement fond\u00e9 qui mesure pr\u00e9cis\u00e9ment la croissance et fournit les outils pour partager les progr\u00e8s avec la communaut\u00e9.<\/p>\n<p>\t\t\t\t\t\t\t\t\t\t\t\t\t\t\t<img loading=\"lazy\" decoding=\"async\" width=\"656\" height=\"387\" src=\"https:\/\/gismedalgerie.dz\/wp-content\/uploads\/2021\/06\/sustainabledev-platform-plan.png\" alt=\"\" loading=\"lazy\" srcset=\"https:\/\/gismedalgerie.dz\/wp-content\/uploads\/2021\/06\/sustainabledev-platform-plan.png 656w, https:\/\/gismedalgerie.dz\/wp-content\/uploads\/2021\/06\/sustainabledev-platform-plan-300x177.png 300w\" sizes=\"auto, (max-width: 656px) 100vw, 656px\" \/><\/p>\n<h4> Planifier efficacement <\/h4>\n<p>\u00a0<\/p>\n<p>Les workflows d\u2019ArcGIS maximisent l\u2019impact des projets en optimisant la r\u00e9partition des ressources. Obtenez des indications sur les sites o\u00f9 des activit\u00e9s peuvent se concentrer pour mieux atteindre les objectifs \u00e9nonc\u00e9s dans les objectifs mondiaux du d\u00e9veloppement durable.<\/p>\n<h4>Mesurer l\u2019impact<\/h4>\n<p>Une plateforme d\u2019intelligence de localisation mesure avec pr\u00e9cision les r\u00e9sultats afin que vous puissiez justifier les d\u00e9penses et obtenir un financement futur. Profitez des analyses qui \u00e9valuent pr\u00e9cis\u00e9ment l\u2019efficacit\u00e9 du programme et vous permettent de la partager avec toutes les parties prenantes via des tableaux de bord et des rapports cartographiques.<\/p>\n<p>\t\t\t\t\t\t\t\t\t\t\t\t\t\t\t<img loading=\"lazy\" decoding=\"async\" width=\"656\" height=\"387\" src=\"https:\/\/gismedalgerie.dz\/wp-content\/uploads\/2021\/06\/sustainabledev-platform-measure.png\" alt=\"\" loading=\"lazy\" srcset=\"https:\/\/gismedalgerie.dz\/wp-content\/uploads\/2021\/06\/sustainabledev-platform-measure.png 656w, https:\/\/gismedalgerie.dz\/wp-content\/uploads\/2021\/06\/sustainabledev-platform-measure-300x177.png 300w\" sizes=\"auto, (max-width: 656px) 100vw, 656px\" \/><br \/>\n\t\t\t\t\t\t\t\t\t\t\t\t\t\t\t<img loading=\"lazy\" decoding=\"async\" width=\"656\" height=\"387\" src=\"https:\/\/gismedalgerie.dz\/wp-content\/uploads\/2021\/06\/sustainabledev-platform-strengthen.png\" alt=\"\" loading=\"lazy\" srcset=\"https:\/\/gismedalgerie.dz\/wp-content\/uploads\/2021\/06\/sustainabledev-platform-strengthen.png 656w, https:\/\/gismedalgerie.dz\/wp-content\/uploads\/2021\/06\/sustainabledev-platform-strengthen-300x177.png 300w\" sizes=\"auto, (max-width: 656px) 100vw, 656px\" \/><\/p>\n<h4>Renforcer les partenariats<\/h4>\n<p>ArcGIS est un centre de collaboration qui facilite l\u2019interaction client\/partenaire. Tirez parti des applications faciles \u00e0 configurer, des cartes interactives et des donn\u00e9es qui font autorit\u00e9es pour recruter des b\u00e9n\u00e9voles, des donateurs et le grand public.<\/p>\n<p>\u00a0<br \/>\n\t\t\t<a href=\"https:\/\/unhcr.maps.arcgis.com\/apps\/Cascade\/index.html?appid=5fdca0f47f1a46498002f39894fcd26f\" role=\"button\"><br \/>\n\t\t\t\t\t\tD\u00e9couvrir la Story Map<br \/>\n\t\t\t\t\t<\/a><\/p>\n","protected":false},"excerpt":{"rendered":"<p>D\u00e9veloppement durable Mieux comprendre les syst\u00e8mes complexes de la Terre gr\u00e2ce \u00e0 l\u2019intelligence de localisation \u00a0 SUCCESS STORY Acc\u00e8s \u00e0 l\u2019aide alimentaire USAID a utilis\u00e9 des outils d\u2019analyse pr\u00e9dictive pour optimiser l\u2019implantation des sites de distribution de nourriture, en minimisant la distance que doivent parcourir les\u00a0familles pour b\u00e9n\u00e9ficier de l\u2019aide. Une plateforme pour le d\u00e9veloppement [&hellip;]<\/p>\n","protected":false},"author":1,"featured_media":0,"parent":0,"menu_order":0,"comment_status":"closed","ping_status":"closed","template":"","meta":{"footnotes":""},"class_list":["post-2926","page","type-page","status-publish","hentry"],"blocksy_meta":{"styles_descriptor":{"styles":{"desktop":"","tablet":"","mobile":""},"google_fonts":[]}},"yoast_head":"<!-- This site is optimized with the Yoast SEO plugin v25.3 - https:\/\/yoast.com\/wordpress\/plugins\/seo\/ -->\n<title>D\u00e9veloppement - Gismed spa<\/title>\n<meta name=\"robots\" content=\"index, follow, max-snippet:-1, max-image-preview:large, max-video-preview:-1\" \/>\n<link rel=\"canonical\" href=\"https:\/\/gismedalgerie.dz\/index.php\/developpement\/\" \/>\n<meta property=\"og:locale\" content=\"fr_FR\" \/>\n<meta property=\"og:type\" content=\"article\" \/>\n<meta property=\"og:title\" content=\"D\u00e9veloppement - Gismed spa\" \/>\n<meta property=\"og:description\" content=\"D\u00e9veloppement durable Mieux comprendre les syst\u00e8mes complexes de la Terre gr\u00e2ce \u00e0 l\u2019intelligence de localisation \u00a0 SUCCESS STORY Acc\u00e8s \u00e0 l\u2019aide alimentaire USAID a utilis\u00e9 des outils d\u2019analyse pr\u00e9dictive pour optimiser l\u2019implantation des sites de distribution de nourriture, en minimisant la distance que doivent parcourir les\u00a0familles pour b\u00e9n\u00e9ficier de l\u2019aide. Une plateforme pour le d\u00e9veloppement [&hellip;]\" \/>\n<meta property=\"og:url\" content=\"https:\/\/gismedalgerie.dz\/index.php\/developpement\/\" \/>\n<meta property=\"og:site_name\" content=\"Gismed spa\" \/>\n<meta property=\"og:image\" content=\"https:\/\/gismedalgerie.dz\/wp-content\/uploads\/2021\/06\/sustainabledev-banner.png\" \/>\n<meta name=\"twitter:card\" content=\"summary_large_image\" \/>\n<meta name=\"twitter:label1\" content=\"Dur\u00e9e de lecture estim\u00e9e\" \/>\n\t<meta name=\"twitter:data1\" content=\"1 minute\" \/>\n<script type=\"application\/ld+json\" class=\"yoast-schema-graph\">{\"@context\":\"https:\/\/schema.org\",\"@graph\":[{\"@type\":\"WebPage\",\"@id\":\"https:\/\/gismedalgerie.dz\/index.php\/developpement\/\",\"url\":\"https:\/\/gismedalgerie.dz\/index.php\/developpement\/\",\"name\":\"D\u00e9veloppement - Gismed spa\",\"isPartOf\":{\"@id\":\"https:\/\/gismedalgerie.dz\/#website\"},\"primaryImageOfPage\":{\"@id\":\"https:\/\/gismedalgerie.dz\/index.php\/developpement\/#primaryimage\"},\"image\":{\"@id\":\"https:\/\/gismedalgerie.dz\/index.php\/developpement\/#primaryimage\"},\"thumbnailUrl\":\"https:\/\/gismedalgerie.dz\/wp-content\/uploads\/2021\/06\/sustainabledev-banner.png\",\"datePublished\":\"2021-05-27T11:32:04+00:00\",\"breadcrumb\":{\"@id\":\"https:\/\/gismedalgerie.dz\/index.php\/developpement\/#breadcrumb\"},\"inLanguage\":\"fr-FR\",\"potentialAction\":[{\"@type\":\"ReadAction\",\"target\":[\"https:\/\/gismedalgerie.dz\/index.php\/developpement\/\"]}]},{\"@type\":\"ImageObject\",\"inLanguage\":\"fr-FR\",\"@id\":\"https:\/\/gismedalgerie.dz\/index.php\/developpement\/#primaryimage\",\"url\":\"https:\/\/gismedalgerie.dz\/wp-content\/uploads\/2021\/06\/sustainabledev-banner.png\",\"contentUrl\":\"https:\/\/gismedalgerie.dz\/wp-content\/uploads\/2021\/06\/sustainabledev-banner.png\"},{\"@type\":\"BreadcrumbList\",\"@id\":\"https:\/\/gismedalgerie.dz\/index.php\/developpement\/#breadcrumb\",\"itemListElement\":[{\"@type\":\"ListItem\",\"position\":1,\"name\":\"Accueil\",\"item\":\"https:\/\/gismedalgerie.dz\/\"},{\"@type\":\"ListItem\",\"position\":2,\"name\":\"D\u00e9veloppement\"}]},{\"@type\":\"WebSite\",\"@id\":\"https:\/\/gismedalgerie.dz\/#website\",\"url\":\"https:\/\/gismedalgerie.dz\/\",\"name\":\"Gismed spa\",\"description\":\"\",\"potentialAction\":[{\"@type\":\"SearchAction\",\"target\":{\"@type\":\"EntryPoint\",\"urlTemplate\":\"https:\/\/gismedalgerie.dz\/?s={search_term_string}\"},\"query-input\":{\"@type\":\"PropertyValueSpecification\",\"valueRequired\":true,\"valueName\":\"search_term_string\"}}],\"inLanguage\":\"fr-FR\"}]}<\/script>\n<!-- \/ Yoast SEO plugin. -->","yoast_head_json":{"title":"D\u00e9veloppement - Gismed spa","robots":{"index":"index","follow":"follow","max-snippet":"max-snippet:-1","max-image-preview":"max-image-preview:large","max-video-preview":"max-video-preview:-1"},"canonical":"https:\/\/gismedalgerie.dz\/index.php\/developpement\/","og_locale":"fr_FR","og_type":"article","og_title":"D\u00e9veloppement - Gismed spa","og_description":"D\u00e9veloppement durable Mieux comprendre les syst\u00e8mes complexes de la Terre gr\u00e2ce \u00e0 l\u2019intelligence de localisation \u00a0 SUCCESS STORY Acc\u00e8s \u00e0 l\u2019aide alimentaire USAID a utilis\u00e9 des outils d\u2019analyse pr\u00e9dictive pour optimiser l\u2019implantation des sites de distribution de nourriture, en minimisant la distance que doivent parcourir les\u00a0familles pour b\u00e9n\u00e9ficier de l\u2019aide. Une plateforme pour le d\u00e9veloppement [&hellip;]","og_url":"https:\/\/gismedalgerie.dz\/index.php\/developpement\/","og_site_name":"Gismed spa","og_image":[{"url":"https:\/\/gismedalgerie.dz\/wp-content\/uploads\/2021\/06\/sustainabledev-banner.png","type":"","width":"","height":""}],"twitter_card":"summary_large_image","twitter_misc":{"Dur\u00e9e de lecture estim\u00e9e":"1 minute"},"schema":{"@context":"https:\/\/schema.org","@graph":[{"@type":"WebPage","@id":"https:\/\/gismedalgerie.dz\/index.php\/developpement\/","url":"https:\/\/gismedalgerie.dz\/index.php\/developpement\/","name":"D\u00e9veloppement - Gismed spa","isPartOf":{"@id":"https:\/\/gismedalgerie.dz\/#website"},"primaryImageOfPage":{"@id":"https:\/\/gismedalgerie.dz\/index.php\/developpement\/#primaryimage"},"image":{"@id":"https:\/\/gismedalgerie.dz\/index.php\/developpement\/#primaryimage"},"thumbnailUrl":"https:\/\/gismedalgerie.dz\/wp-content\/uploads\/2021\/06\/sustainabledev-banner.png","datePublished":"2021-05-27T11:32:04+00:00","breadcrumb":{"@id":"https:\/\/gismedalgerie.dz\/index.php\/developpement\/#breadcrumb"},"inLanguage":"fr-FR","potentialAction":[{"@type":"ReadAction","target":["https:\/\/gismedalgerie.dz\/index.php\/developpement\/"]}]},{"@type":"ImageObject","inLanguage":"fr-FR","@id":"https:\/\/gismedalgerie.dz\/index.php\/developpement\/#primaryimage","url":"https:\/\/gismedalgerie.dz\/wp-content\/uploads\/2021\/06\/sustainabledev-banner.png","contentUrl":"https:\/\/gismedalgerie.dz\/wp-content\/uploads\/2021\/06\/sustainabledev-banner.png"},{"@type":"BreadcrumbList","@id":"https:\/\/gismedalgerie.dz\/index.php\/developpement\/#breadcrumb","itemListElement":[{"@type":"ListItem","position":1,"name":"Accueil","item":"https:\/\/gismedalgerie.dz\/"},{"@type":"ListItem","position":2,"name":"D\u00e9veloppement"}]},{"@type":"WebSite","@id":"https:\/\/gismedalgerie.dz\/#website","url":"https:\/\/gismedalgerie.dz\/","name":"Gismed spa","description":"","potentialAction":[{"@type":"SearchAction","target":{"@type":"EntryPoint","urlTemplate":"https:\/\/gismedalgerie.dz\/?s={search_term_string}"},"query-input":{"@type":"PropertyValueSpecification","valueRequired":true,"valueName":"search_term_string"}}],"inLanguage":"fr-FR"}]}},"_links":{"self":[{"href":"https:\/\/gismedalgerie.dz\/index.php\/wp-json\/wp\/v2\/pages\/2926","targetHints":{"allow":["GET"]}}],"collection":[{"href":"https:\/\/gismedalgerie.dz\/index.php\/wp-json\/wp\/v2\/pages"}],"about":[{"href":"https:\/\/gismedalgerie.dz\/index.php\/wp-json\/wp\/v2\/types\/page"}],"author":[{"embeddable":true,"href":"https:\/\/gismedalgerie.dz\/index.php\/wp-json\/wp\/v2\/users\/1"}],"replies":[{"embeddable":true,"href":"https:\/\/gismedalgerie.dz\/index.php\/wp-json\/wp\/v2\/comments?post=2926"}],"version-history":[{"count":0,"href":"https:\/\/gismedalgerie.dz\/index.php\/wp-json\/wp\/v2\/pages\/2926\/revisions"}],"wp:attachment":[{"href":"https:\/\/gismedalgerie.dz\/index.php\/wp-json\/wp\/v2\/media?parent=2926"}],"curies":[{"name":"wp","href":"https:\/\/api.w.org\/{rel}","templated":true}]}}