{"id":2923,"date":"2021-05-27T13:31:27","date_gmt":"2021-05-27T11:31:27","guid":{"rendered":"https:\/\/gismedalgerie.dz\/?page_id=2923"},"modified":"2021-05-27T13:31:27","modified_gmt":"2021-05-27T11:31:27","slug":"defense","status":"publish","type":"page","link":"https:\/\/gismedalgerie.dz\/index.php\/defense\/","title":{"rendered":"D\u00e9fense"},"content":{"rendered":"<h2>D\u00e9fense<\/h2>\n<p>\t\tLa g\u00e9ographie a une incidence sur la plupart des d\u00e9cisions en mati\u00e8re de d\u00e9fense. Qu\u2019il s\u2019agisse de rep\u00e9rer les cibles terroristes potentielles, l\u2019objet de frappes sur un champ de bataille ou l\u2019emplacement d\u2019une nouvelle op\u00e9ration militaire qui sera le moins dommageable pour l\u2019environnement, les facteurs g\u00e9ographiques sont toujours pris en compte.<br \/> La connaissance de l&#8217;environnement constitue un avantage ind\u00e9niable pour celui qui la ma\u00eetrise. Collecter l&#8217;information, l&#8217;analyser, l&#8217;interpr\u00e9ter puis la restituer, notamment sous forme de cartes th\u00e9matiques sont des \u00e9l\u00e9ments essentiels pour assurer au mieux la d\u00e9fense du pays.<br \/>\n\t\t\t\t\t\t\t\t\t\t\t\t\t\t\t<img loading=\"lazy\" decoding=\"async\" width=\"1024\" height=\"512\" src=\"https:\/\/gismedalgerie.dz\/wp-content\/uploads\/2021\/05\/engagement-studio-spotlight-3-1024x512.jpg\" alt=\"\" loading=\"lazy\" srcset=\"https:\/\/gismedalgerie.dz\/wp-content\/uploads\/2021\/05\/engagement-studio-spotlight-3-1024x512.jpg 1024w, https:\/\/gismedalgerie.dz\/wp-content\/uploads\/2021\/05\/engagement-studio-spotlight-3-300x150.jpg 300w, https:\/\/gismedalgerie.dz\/wp-content\/uploads\/2021\/05\/engagement-studio-spotlight-3-768x384.jpg 768w, https:\/\/gismedalgerie.dz\/wp-content\/uploads\/2021\/05\/engagement-studio-spotlight-3.jpg 1200w\" sizes=\"auto, (max-width: 1024px) 100vw, 1024px\" \/><\/p>\n<h3>Des d\u00e9cisions \u00e9clair\u00e9es avec la puissance de la localisation<\/h3>\n<p>Les SIG jouent \u00e0 cet \u00e9gard un r\u00f4le de plus en plus important. Nos solutions comprennent des outils qui font ressortir les tendances importantes derri\u00e8re vos donn\u00e9es g\u00e9ospatiales et qui fournissent l\u2019information n\u00e9cessaire \u00e0 la r\u00e9ussite des missions.<\/p>\n<p>Elles vous permettent de saisir, de g\u00e9rer, d\u2019analyser et d\u2019afficher l\u2019information comportant une dimension g\u00e9ographique en vue de dresser un portrait clair de vos donn\u00e9es et des relations complexes sous-jacentes.<\/p>\n<h2>Domaines d\u2019int\u00e9r\u00eat<br \/>\n<\/h2>\n<h5><strong>Op\u00e9rations militaires<\/strong><\/h5>\n<p>Int\u00e9grez des fonctions g\u00e9ospatiales aux applications de commandement, de contr\u00f4le, de communication, de traitement informatique, de renseignement, de surveillance et\u00a0 partagez les donn\u00e9es g\u00e9ospatiales entre les r\u00e9seaux de d\u00e9fense.<\/p>\n<h5>Commandes<\/h5>\n<p>Donnez \u00e0 vos commandants acc\u00e8s \u00e0 de l\u2019information de qualit\u00e9 au moment et \u00e0 l\u2019endroit o\u00f9 ils en auront besoin pour bien conna\u00eetre la situation et se pr\u00e9parer en cons\u00e9quence.<\/p>\n<h5>Installations et environnement<\/h5>\n<p>Cr\u00e9ez des applications interop\u00e9rables et ouvertes \u00e0 l\u2019\u00e9chelle de l\u2019entreprise afin de g\u00e9rer les installations, les services publics, l\u2019environnement, la s\u00e9curit\u00e9, les ressources culturelles et les autres infrastructures de d\u00e9fense.<\/p>\n<h5>D\u00e9fense et protection de la sant\u00e9 de la Force<\/h5>\n<p>Visualisez les dangers au travail et les risques environnementaux; localisez les \u00e9vacu\u00e9s, les victimes et l\u2019\u00e9quipement m\u00e9dical de haut niveau; surveillez la propagation des maladies et appuyez les recherches \u00e9pid\u00e9miologiques.<\/p>\n<h2>Applications sp\u00e9cialis\u00e9es<br \/>\n<\/h2>\n<p>\t\t\t\t\t\t\t\t\t\t\t\t\t\t\t<img loading=\"lazy\" decoding=\"async\" width=\"333\" height=\"204\" src=\"https:\/\/gismedalgerie.dz\/wp-content\/uploads\/2021\/05\/excalibur_333x204.png\" alt=\"\" loading=\"lazy\" srcset=\"https:\/\/gismedalgerie.dz\/wp-content\/uploads\/2021\/05\/excalibur_333x204.png 333w, https:\/\/gismedalgerie.dz\/wp-content\/uploads\/2021\/05\/excalibur_333x204-300x184.png 300w\" sizes=\"auto, (max-width: 333px) 100vw, 333px\" \/><br \/>\n\t\tRechercher, explorer, annoter et partager l\u2019imagerie via une application Web moderne.\u00a0<a href=\"https:\/\/www.esrifrance.fr\/arcgis-excalibur.aspx\" target=\"_blank\" rel=\"noopener\">En savoir plus sur ArcGIS Excalibur<\/a><br \/>\n\t\t\t\t\t\t\t\t\t\t\t\t\t\t\t<img loading=\"lazy\" decoding=\"async\" width=\"361\" height=\"204\" src=\"https:\/\/gismedalgerie.dz\/wp-content\/uploads\/2021\/05\/app-defense-mapping.png\" alt=\"\" loading=\"lazy\" srcset=\"https:\/\/gismedalgerie.dz\/wp-content\/uploads\/2021\/05\/app-defense-mapping.png 361w, https:\/\/gismedalgerie.dz\/wp-content\/uploads\/2021\/05\/app-defense-mapping-300x170.png 300w\" sizes=\"auto, (max-width: 361px) 100vw, 361px\" \/><br \/>\n\t\tG\u00e9rer les activit\u00e9s d&#8217;extraction de donn\u00e9es et de production cartographique de bout en bout.\u00a0<a href=\"https:\/\/www.esri.com\/en-us\/arcgis\/products\/esri-defense-mapping\/overview\" target=\"_blank\" rel=\"noopener\">En savoir plus sur Esri Defense Mapping<\/a><br \/>\n\t\t\t\t\t\t\t\t\t\t\t\t\t\t\t<img loading=\"lazy\" decoding=\"async\" width=\"361\" height=\"204\" src=\"https:\/\/gismedalgerie.dz\/wp-content\/uploads\/2021\/05\/app-miltary-tools.png\" alt=\"\" loading=\"lazy\" srcset=\"https:\/\/gismedalgerie.dz\/wp-content\/uploads\/2021\/05\/app-miltary-tools.png 361w, https:\/\/gismedalgerie.dz\/wp-content\/uploads\/2021\/05\/app-miltary-tools-300x170.png 300w\" sizes=\"auto, (max-width: 361px) 100vw, 361px\" \/><br \/>\n\t\tFournir aux \u00e9quipes des outils de collaboration et de connaissance de la situation en temps r\u00e9el pour une meilleure compr\u00e9hension globale de l&#8217;environnement li\u00e9e \u00e0 la mission.\u00a0<a href=\"https:\/\/www.esri.com\/fr-fr\/arcgis\/products\/arcgis-mission\/overview?rmedium=www_esri_com_EtoF&amp;rsource=https%3A%2F%2Fwww.esri.com%2Fen-us%2Flanding-page%2Fproduct%2F2019%2Farcgis-mission&amp;rmedium=esri_com_redirects01&amp;rsource=\/en-us\/landing-page\/product\/2019\/arcgis-mission-awareness\" target=\"_blank\" rel=\"noopener\">En savoir plus sur ArcGIS Mission Awareness<\/a><br \/>\n\t\t\t<a href=\"https:\/\/www.esri.com\/en-us\/arcgis\/products\/arcgis-solutions\/overview#Defense\" target=\"_blank\" role=\"button\" rel=\"noopener\"><br \/>\n\t\t\t\t\t\t               D\u00e9couvrez toutes les applications D\u00e9fense<br \/>\n\t\t\t\t\t<\/a><\/p>\n","protected":false},"excerpt":{"rendered":"<p>D\u00e9fense La g\u00e9ographie a une incidence sur la plupart des d\u00e9cisions en mati\u00e8re de d\u00e9fense. Qu\u2019il s\u2019agisse de rep\u00e9rer les cibles terroristes potentielles, l\u2019objet de frappes sur un champ de bataille ou l\u2019emplacement d\u2019une nouvelle op\u00e9ration militaire qui sera le moins dommageable pour l\u2019environnement, les facteurs g\u00e9ographiques sont toujours pris en compte. La connaissance de [&hellip;]<\/p>\n","protected":false},"author":1,"featured_media":0,"parent":0,"menu_order":0,"comment_status":"closed","ping_status":"closed","template":"","meta":{"footnotes":""},"class_list":["post-2923","page","type-page","status-publish","hentry"],"blocksy_meta":{"styles_descriptor":{"styles":{"desktop":"","tablet":"","mobile":""},"google_fonts":[]}},"yoast_head":"<!-- This site is optimized with the Yoast SEO plugin v25.3 - https:\/\/yoast.com\/wordpress\/plugins\/seo\/ -->\n<title>D\u00e9fense - Gismed spa<\/title>\n<meta name=\"robots\" content=\"index, follow, max-snippet:-1, max-image-preview:large, max-video-preview:-1\" \/>\n<link rel=\"canonical\" href=\"https:\/\/gismedalgerie.dz\/index.php\/defense\/\" \/>\n<meta property=\"og:locale\" content=\"fr_FR\" \/>\n<meta property=\"og:type\" content=\"article\" \/>\n<meta property=\"og:title\" content=\"D\u00e9fense - Gismed spa\" \/>\n<meta property=\"og:description\" content=\"D\u00e9fense La g\u00e9ographie a une incidence sur la plupart des d\u00e9cisions en mati\u00e8re de d\u00e9fense. Qu\u2019il s\u2019agisse de rep\u00e9rer les cibles terroristes potentielles, l\u2019objet de frappes sur un champ de bataille ou l\u2019emplacement d\u2019une nouvelle op\u00e9ration militaire qui sera le moins dommageable pour l\u2019environnement, les facteurs g\u00e9ographiques sont toujours pris en compte. La connaissance de [&hellip;]\" \/>\n<meta property=\"og:url\" content=\"https:\/\/gismedalgerie.dz\/index.php\/defense\/\" \/>\n<meta property=\"og:site_name\" content=\"Gismed spa\" \/>\n<meta property=\"og:image\" content=\"https:\/\/gismedalgerie.dz\/wp-content\/uploads\/2021\/05\/engagement-studio-spotlight-3-1024x512.jpg\" \/>\n<meta name=\"twitter:card\" content=\"summary_large_image\" \/>\n<meta name=\"twitter:label1\" content=\"Dur\u00e9e de lecture estim\u00e9e\" \/>\n\t<meta name=\"twitter:data1\" content=\"2 minutes\" \/>\n<script type=\"application\/ld+json\" class=\"yoast-schema-graph\">{\"@context\":\"https:\/\/schema.org\",\"@graph\":[{\"@type\":\"WebPage\",\"@id\":\"https:\/\/gismedalgerie.dz\/index.php\/defense\/\",\"url\":\"https:\/\/gismedalgerie.dz\/index.php\/defense\/\",\"name\":\"D\u00e9fense - Gismed spa\",\"isPartOf\":{\"@id\":\"https:\/\/gismedalgerie.dz\/#website\"},\"primaryImageOfPage\":{\"@id\":\"https:\/\/gismedalgerie.dz\/index.php\/defense\/#primaryimage\"},\"image\":{\"@id\":\"https:\/\/gismedalgerie.dz\/index.php\/defense\/#primaryimage\"},\"thumbnailUrl\":\"https:\/\/gismedalgerie.dz\/wp-content\/uploads\/2021\/05\/engagement-studio-spotlight-3-1024x512.jpg\",\"datePublished\":\"2021-05-27T11:31:27+00:00\",\"breadcrumb\":{\"@id\":\"https:\/\/gismedalgerie.dz\/index.php\/defense\/#breadcrumb\"},\"inLanguage\":\"fr-FR\",\"potentialAction\":[{\"@type\":\"ReadAction\",\"target\":[\"https:\/\/gismedalgerie.dz\/index.php\/defense\/\"]}]},{\"@type\":\"ImageObject\",\"inLanguage\":\"fr-FR\",\"@id\":\"https:\/\/gismedalgerie.dz\/index.php\/defense\/#primaryimage\",\"url\":\"https:\/\/gismedalgerie.dz\/wp-content\/uploads\/2021\/05\/engagement-studio-spotlight-3-1024x512.jpg\",\"contentUrl\":\"https:\/\/gismedalgerie.dz\/wp-content\/uploads\/2021\/05\/engagement-studio-spotlight-3-1024x512.jpg\"},{\"@type\":\"BreadcrumbList\",\"@id\":\"https:\/\/gismedalgerie.dz\/index.php\/defense\/#breadcrumb\",\"itemListElement\":[{\"@type\":\"ListItem\",\"position\":1,\"name\":\"Accueil\",\"item\":\"https:\/\/gismedalgerie.dz\/\"},{\"@type\":\"ListItem\",\"position\":2,\"name\":\"D\u00e9fense\"}]},{\"@type\":\"WebSite\",\"@id\":\"https:\/\/gismedalgerie.dz\/#website\",\"url\":\"https:\/\/gismedalgerie.dz\/\",\"name\":\"Gismed spa\",\"description\":\"\",\"potentialAction\":[{\"@type\":\"SearchAction\",\"target\":{\"@type\":\"EntryPoint\",\"urlTemplate\":\"https:\/\/gismedalgerie.dz\/?s={search_term_string}\"},\"query-input\":{\"@type\":\"PropertyValueSpecification\",\"valueRequired\":true,\"valueName\":\"search_term_string\"}}],\"inLanguage\":\"fr-FR\"}]}<\/script>\n<!-- \/ Yoast SEO plugin. -->","yoast_head_json":{"title":"D\u00e9fense - Gismed spa","robots":{"index":"index","follow":"follow","max-snippet":"max-snippet:-1","max-image-preview":"max-image-preview:large","max-video-preview":"max-video-preview:-1"},"canonical":"https:\/\/gismedalgerie.dz\/index.php\/defense\/","og_locale":"fr_FR","og_type":"article","og_title":"D\u00e9fense - Gismed spa","og_description":"D\u00e9fense La g\u00e9ographie a une incidence sur la plupart des d\u00e9cisions en mati\u00e8re de d\u00e9fense. Qu\u2019il s\u2019agisse de rep\u00e9rer les cibles terroristes potentielles, l\u2019objet de frappes sur un champ de bataille ou l\u2019emplacement d\u2019une nouvelle op\u00e9ration militaire qui sera le moins dommageable pour l\u2019environnement, les facteurs g\u00e9ographiques sont toujours pris en compte. La connaissance de [&hellip;]","og_url":"https:\/\/gismedalgerie.dz\/index.php\/defense\/","og_site_name":"Gismed spa","og_image":[{"url":"https:\/\/gismedalgerie.dz\/wp-content\/uploads\/2021\/05\/engagement-studio-spotlight-3-1024x512.jpg","type":"","width":"","height":""}],"twitter_card":"summary_large_image","twitter_misc":{"Dur\u00e9e de lecture estim\u00e9e":"2 minutes"},"schema":{"@context":"https:\/\/schema.org","@graph":[{"@type":"WebPage","@id":"https:\/\/gismedalgerie.dz\/index.php\/defense\/","url":"https:\/\/gismedalgerie.dz\/index.php\/defense\/","name":"D\u00e9fense - Gismed spa","isPartOf":{"@id":"https:\/\/gismedalgerie.dz\/#website"},"primaryImageOfPage":{"@id":"https:\/\/gismedalgerie.dz\/index.php\/defense\/#primaryimage"},"image":{"@id":"https:\/\/gismedalgerie.dz\/index.php\/defense\/#primaryimage"},"thumbnailUrl":"https:\/\/gismedalgerie.dz\/wp-content\/uploads\/2021\/05\/engagement-studio-spotlight-3-1024x512.jpg","datePublished":"2021-05-27T11:31:27+00:00","breadcrumb":{"@id":"https:\/\/gismedalgerie.dz\/index.php\/defense\/#breadcrumb"},"inLanguage":"fr-FR","potentialAction":[{"@type":"ReadAction","target":["https:\/\/gismedalgerie.dz\/index.php\/defense\/"]}]},{"@type":"ImageObject","inLanguage":"fr-FR","@id":"https:\/\/gismedalgerie.dz\/index.php\/defense\/#primaryimage","url":"https:\/\/gismedalgerie.dz\/wp-content\/uploads\/2021\/05\/engagement-studio-spotlight-3-1024x512.jpg","contentUrl":"https:\/\/gismedalgerie.dz\/wp-content\/uploads\/2021\/05\/engagement-studio-spotlight-3-1024x512.jpg"},{"@type":"BreadcrumbList","@id":"https:\/\/gismedalgerie.dz\/index.php\/defense\/#breadcrumb","itemListElement":[{"@type":"ListItem","position":1,"name":"Accueil","item":"https:\/\/gismedalgerie.dz\/"},{"@type":"ListItem","position":2,"name":"D\u00e9fense"}]},{"@type":"WebSite","@id":"https:\/\/gismedalgerie.dz\/#website","url":"https:\/\/gismedalgerie.dz\/","name":"Gismed spa","description":"","potentialAction":[{"@type":"SearchAction","target":{"@type":"EntryPoint","urlTemplate":"https:\/\/gismedalgerie.dz\/?s={search_term_string}"},"query-input":{"@type":"PropertyValueSpecification","valueRequired":true,"valueName":"search_term_string"}}],"inLanguage":"fr-FR"}]}},"_links":{"self":[{"href":"https:\/\/gismedalgerie.dz\/index.php\/wp-json\/wp\/v2\/pages\/2923","targetHints":{"allow":["GET"]}}],"collection":[{"href":"https:\/\/gismedalgerie.dz\/index.php\/wp-json\/wp\/v2\/pages"}],"about":[{"href":"https:\/\/gismedalgerie.dz\/index.php\/wp-json\/wp\/v2\/types\/page"}],"author":[{"embeddable":true,"href":"https:\/\/gismedalgerie.dz\/index.php\/wp-json\/wp\/v2\/users\/1"}],"replies":[{"embeddable":true,"href":"https:\/\/gismedalgerie.dz\/index.php\/wp-json\/wp\/v2\/comments?post=2923"}],"version-history":[{"count":0,"href":"https:\/\/gismedalgerie.dz\/index.php\/wp-json\/wp\/v2\/pages\/2923\/revisions"}],"wp:attachment":[{"href":"https:\/\/gismedalgerie.dz\/index.php\/wp-json\/wp\/v2\/media?parent=2923"}],"curies":[{"name":"wp","href":"https:\/\/api.w.org\/{rel}","templated":true}]}}