{"id":2920,"date":"2021-05-27T13:30:11","date_gmt":"2021-05-27T11:30:11","guid":{"rendered":"https:\/\/gismedalgerie.dz\/?page_id=2920"},"modified":"2021-05-27T13:30:11","modified_gmt":"2021-05-27T11:30:11","slug":"collectivites-territoriales","status":"publish","type":"page","link":"https:\/\/gismedalgerie.dz\/index.php\/collectivites-territoriales\/","title":{"rendered":"Collectivit\u00e9s territoriales"},"content":{"rendered":"<h2>Collectivit\u00e9s territoriales <\/h2>\n<p>Offrir aux collectivit\u00e9s les meilleures solutions pour r\u00e9pondre aux attentes de leurs services et de leurs administr\u00e9s<\/p>\n<p>\t\t\t\t\t\t\t\t\t\t\t\t\t\t\t<img loading=\"lazy\" decoding=\"async\" width=\"780\" height=\"632\" src=\"https:\/\/gismedalgerie.dz\/wp-content\/uploads\/2021\/06\/overview-hero-illustration_1.png\" alt=\"\" loading=\"lazy\" srcset=\"https:\/\/gismedalgerie.dz\/wp-content\/uploads\/2021\/06\/overview-hero-illustration_1.png 780w, https:\/\/gismedalgerie.dz\/wp-content\/uploads\/2021\/06\/overview-hero-illustration_1-300x243.png 300w, https:\/\/gismedalgerie.dz\/wp-content\/uploads\/2021\/06\/overview-hero-illustration_1-768x622.png 768w\" sizes=\"auto, (max-width: 780px) 100vw, 780px\" \/><\/p>\n<h1>Participer \u00e0 la transformation digitale<\/h1>\n<p>La transformation digitale est au c\u0153ur des enjeux et de la mutation des collectivit\u00e9s de toutes tailles. <br \/>Les syst\u00e8mes d\u2019informations G\u00e9ographiques font plus que participer a cette transformation, ils offrent aux d\u00e9cideurs de puissants outils de connaissance et d\u2019analyse de leur territoire afin de leur permettre de prendre rapidement des d\u00e9cisions pertinentes. Implantations des services publics, plans de d\u00e9placements urbains, R\u00e9vision de Plan local d\u2019Urbanisme\u2026<\/p>\n<p>\t\t\t\t\t\t\t\t\t\t\t\t\t\t\t<img loading=\"lazy\" decoding=\"async\" width=\"644\" height=\"352\" src=\"https:\/\/gismedalgerie.dz\/wp-content\/uploads\/2021\/06\/overview-build-smart-communities.png\" alt=\"\" loading=\"lazy\" srcset=\"https:\/\/gismedalgerie.dz\/wp-content\/uploads\/2021\/06\/overview-build-smart-communities.png 644w, https:\/\/gismedalgerie.dz\/wp-content\/uploads\/2021\/06\/overview-build-smart-communities-300x164.png 300w\" sizes=\"auto, (max-width: 644px) 100vw, 644px\" \/><\/p>\n<h4>Concevoir des Territoires Intelligents<\/h4>\n<p>\u00a0<\/p>\n<p>Les collectivit\u00e9s s\u2019inscrivent dans une d\u00e9marche de Territoires intelligents, Territoires r\u00e9solument tourn\u00e9s vers les citoyens et leur mieux vivre. <br \/>La plateforme ArcGIS favorise cette collaboration entre tous les acteurs du territoire, permettant ainsi\u00a0\u00e0 tous de participer \u00e0 la vie et \u00e0 la mutation de son environnement.<\/p>\n<h4>Utiliser le lieu pour innover et collaborer<\/h4>\n<p>Tirez le meilleur parti des investissements technologiques en g\u00e9olocalisation en exploitant une combinaison d\u2019appareils Internet des objets (IoT), de donn\u00e9es volumineuses, d\u2019applications inclusives et de commentaires de la communaut\u00e9 pour obtenir des informations jusque-l\u00e0 inimaginables. Cr\u00e9ez une communaut\u00e9 plus s\u00fbre, plus saine, durable et plus r\u00e9siliente en sachant o\u00f9 faire les bons investissements au bon moment.<\/p>\n<p>\t\t\t\t\t\t\t\t\t\t\t\t\t\t\t<img loading=\"lazy\" decoding=\"async\" width=\"644\" height=\"352\" src=\"https:\/\/gismedalgerie.dz\/wp-content\/uploads\/2021\/06\/overview-location-drive-innovation-collaboration.png\" alt=\"\" loading=\"lazy\" srcset=\"https:\/\/gismedalgerie.dz\/wp-content\/uploads\/2021\/06\/overview-location-drive-innovation-collaboration.png 644w, https:\/\/gismedalgerie.dz\/wp-content\/uploads\/2021\/06\/overview-location-drive-innovation-collaboration-300x164.png 300w\" sizes=\"auto, (max-width: 644px) 100vw, 644px\" \/><br \/>\n\t\t\t\t\t\t\t\t\t\t\t\t\t\t\t<img loading=\"lazy\" decoding=\"async\" width=\"644\" height=\"352\" src=\"https:\/\/gismedalgerie.dz\/wp-content\/uploads\/2021\/06\/overview-advocate-support-community-based-programs.png\" alt=\"\" loading=\"lazy\" srcset=\"https:\/\/gismedalgerie.dz\/wp-content\/uploads\/2021\/06\/overview-advocate-support-community-based-programs.png 644w, https:\/\/gismedalgerie.dz\/wp-content\/uploads\/2021\/06\/overview-advocate-support-community-based-programs-300x164.png 300w\" sizes=\"auto, (max-width: 644px) 100vw, 644px\" \/><\/p>\n<h4>Communiquer<\/h4>\n<p><\/p>\n<p>Tirez parti le la plateforme ArcGIS pour diffuser ais\u00e9ment, au plus grand nombre, sur tous supports, l\u2019ensemble des informations et cartes qui vous semblent le plus pertinentes. Cartes des travaux, \u00e9v\u00e8nements, mise en valeur d\u2019un patrimoine. <br \/>Interagissez avec vos citoyens en leur permettant de consulter mais aussi de collecter et remonter des informations.<\/p>\n<h4>D\u00e9buter avec ArcGIS<\/h4>\n<p>Des milliers de Collectivit\u00e9s, telles que la v\u00f4tre, ont fait le choix d\u2019ArcGIS. Elles tirent ainsi b\u00e9n\u00e9fice de la dimension g\u00e9ographique pressente dans plus de 80% des donn\u00e9es dont elles disposent.<\/p>\n<p><a id=\"ldsrbA_00113202\" href=\"https:\/\/www.esrifrance.fr\/gestion-urgences-catastrophes.aspx\" target=\"\" data-toggle=\"\" data-title=\"\" rel=\"noopener\"> <img decoding=\"async\" id=\"ldsrbImg_00113202\" title=\"\" src=\"https:\/\/www.esrifrance.fr\/iso_album\/public-safety-emergency-and-disaster-management-64.png\" alt=\"\" longdesc=\"\" \/> <\/a><\/p>\n<h4> Gestion des urgences <\/h4>\n<p>\u00a0<\/p>\n<p><a href=\"https:\/\/www.esrifrance.fr\/gestion-urgences-catastrophes.aspx\" target=\"_blank\" rel=\"noopener\">  En savoir plus  <\/a><br \/>\n\t\t\t\t\t\t\t\t\t\t\t\t\t\t\t<img loading=\"lazy\" decoding=\"async\" width=\"76\" height=\"77\" src=\"https:\/\/gismedalgerie.dz\/wp-content\/uploads\/2021\/06\/cv.jpg\" alt=\"\" loading=\"lazy\" \/><\/p>\n<h4>\u00c9lection<\/h4>\n<p><a href=\"https:\/\/www.esrifrance.fr\/elections.aspx\"><br \/><img decoding=\"async\" src=\"https:\/\/www.esrifrance.fr\/iso_icons\/empty.gif\" alt=\"\" width=\"1\" height=\"40\" \/> <\/a><a href=\"https:\/\/www.esrifrance.fr\/elections.aspx\" target=\"_blank\" rel=\"noopener\">En savoir plus  <\/a><\/p>\n","protected":false},"excerpt":{"rendered":"<p>Collectivit\u00e9s territoriales Offrir aux collectivit\u00e9s les meilleures solutions pour r\u00e9pondre aux attentes de leurs services et de leurs administr\u00e9s Participer \u00e0 la transformation digitale La transformation digitale est au c\u0153ur des enjeux et de la mutation des collectivit\u00e9s de toutes tailles. Les syst\u00e8mes d\u2019informations G\u00e9ographiques font plus que participer a cette transformation, ils offrent aux [&hellip;]<\/p>\n","protected":false},"author":1,"featured_media":0,"parent":0,"menu_order":0,"comment_status":"closed","ping_status":"closed","template":"","meta":{"footnotes":""},"class_list":["post-2920","page","type-page","status-publish","hentry"],"blocksy_meta":{"styles_descriptor":{"styles":{"desktop":"","tablet":"","mobile":""},"google_fonts":[]}},"yoast_head":"<!-- This site is optimized with the Yoast SEO plugin v25.3 - https:\/\/yoast.com\/wordpress\/plugins\/seo\/ -->\n<title>Collectivit\u00e9s territoriales - Gismed spa<\/title>\n<meta name=\"robots\" content=\"index, follow, max-snippet:-1, max-image-preview:large, max-video-preview:-1\" \/>\n<link rel=\"canonical\" href=\"https:\/\/gismedalgerie.dz\/index.php\/collectivites-territoriales\/\" \/>\n<meta property=\"og:locale\" content=\"fr_FR\" \/>\n<meta property=\"og:type\" content=\"article\" \/>\n<meta property=\"og:title\" content=\"Collectivit\u00e9s territoriales - Gismed spa\" \/>\n<meta property=\"og:description\" content=\"Collectivit\u00e9s territoriales Offrir aux collectivit\u00e9s les meilleures solutions pour r\u00e9pondre aux attentes de leurs services et de leurs administr\u00e9s Participer \u00e0 la transformation digitale La transformation digitale est au c\u0153ur des enjeux et de la mutation des collectivit\u00e9s de toutes tailles. Les syst\u00e8mes d\u2019informations G\u00e9ographiques font plus que participer a cette transformation, ils offrent aux [&hellip;]\" \/>\n<meta property=\"og:url\" content=\"https:\/\/gismedalgerie.dz\/index.php\/collectivites-territoriales\/\" \/>\n<meta property=\"og:site_name\" content=\"Gismed spa\" \/>\n<meta property=\"og:image\" content=\"https:\/\/gismedalgerie.dz\/wp-content\/uploads\/2021\/06\/overview-hero-illustration_1.png\" \/>\n<meta name=\"twitter:card\" content=\"summary_large_image\" \/>\n<meta name=\"twitter:label1\" content=\"Dur\u00e9e de lecture estim\u00e9e\" \/>\n\t<meta name=\"twitter:data1\" content=\"2 minutes\" \/>\n<script type=\"application\/ld+json\" class=\"yoast-schema-graph\">{\"@context\":\"https:\/\/schema.org\",\"@graph\":[{\"@type\":\"WebPage\",\"@id\":\"https:\/\/gismedalgerie.dz\/index.php\/collectivites-territoriales\/\",\"url\":\"https:\/\/gismedalgerie.dz\/index.php\/collectivites-territoriales\/\",\"name\":\"Collectivit\u00e9s territoriales - Gismed spa\",\"isPartOf\":{\"@id\":\"https:\/\/gismedalgerie.dz\/#website\"},\"primaryImageOfPage\":{\"@id\":\"https:\/\/gismedalgerie.dz\/index.php\/collectivites-territoriales\/#primaryimage\"},\"image\":{\"@id\":\"https:\/\/gismedalgerie.dz\/index.php\/collectivites-territoriales\/#primaryimage\"},\"thumbnailUrl\":\"https:\/\/gismedalgerie.dz\/wp-content\/uploads\/2021\/06\/overview-hero-illustration_1.png\",\"datePublished\":\"2021-05-27T11:30:11+00:00\",\"breadcrumb\":{\"@id\":\"https:\/\/gismedalgerie.dz\/index.php\/collectivites-territoriales\/#breadcrumb\"},\"inLanguage\":\"fr-FR\",\"potentialAction\":[{\"@type\":\"ReadAction\",\"target\":[\"https:\/\/gismedalgerie.dz\/index.php\/collectivites-territoriales\/\"]}]},{\"@type\":\"ImageObject\",\"inLanguage\":\"fr-FR\",\"@id\":\"https:\/\/gismedalgerie.dz\/index.php\/collectivites-territoriales\/#primaryimage\",\"url\":\"https:\/\/gismedalgerie.dz\/wp-content\/uploads\/2021\/06\/overview-hero-illustration_1.png\",\"contentUrl\":\"https:\/\/gismedalgerie.dz\/wp-content\/uploads\/2021\/06\/overview-hero-illustration_1.png\"},{\"@type\":\"BreadcrumbList\",\"@id\":\"https:\/\/gismedalgerie.dz\/index.php\/collectivites-territoriales\/#breadcrumb\",\"itemListElement\":[{\"@type\":\"ListItem\",\"position\":1,\"name\":\"Accueil\",\"item\":\"https:\/\/gismedalgerie.dz\/\"},{\"@type\":\"ListItem\",\"position\":2,\"name\":\"Collectivit\u00e9s territoriales\"}]},{\"@type\":\"WebSite\",\"@id\":\"https:\/\/gismedalgerie.dz\/#website\",\"url\":\"https:\/\/gismedalgerie.dz\/\",\"name\":\"Gismed spa\",\"description\":\"\",\"potentialAction\":[{\"@type\":\"SearchAction\",\"target\":{\"@type\":\"EntryPoint\",\"urlTemplate\":\"https:\/\/gismedalgerie.dz\/?s={search_term_string}\"},\"query-input\":{\"@type\":\"PropertyValueSpecification\",\"valueRequired\":true,\"valueName\":\"search_term_string\"}}],\"inLanguage\":\"fr-FR\"}]}<\/script>\n<!-- \/ Yoast SEO plugin. -->","yoast_head_json":{"title":"Collectivit\u00e9s territoriales - Gismed spa","robots":{"index":"index","follow":"follow","max-snippet":"max-snippet:-1","max-image-preview":"max-image-preview:large","max-video-preview":"max-video-preview:-1"},"canonical":"https:\/\/gismedalgerie.dz\/index.php\/collectivites-territoriales\/","og_locale":"fr_FR","og_type":"article","og_title":"Collectivit\u00e9s territoriales - Gismed spa","og_description":"Collectivit\u00e9s territoriales Offrir aux collectivit\u00e9s les meilleures solutions pour r\u00e9pondre aux attentes de leurs services et de leurs administr\u00e9s Participer \u00e0 la transformation digitale La transformation digitale est au c\u0153ur des enjeux et de la mutation des collectivit\u00e9s de toutes tailles. Les syst\u00e8mes d\u2019informations G\u00e9ographiques font plus que participer a cette transformation, ils offrent aux [&hellip;]","og_url":"https:\/\/gismedalgerie.dz\/index.php\/collectivites-territoriales\/","og_site_name":"Gismed spa","og_image":[{"url":"https:\/\/gismedalgerie.dz\/wp-content\/uploads\/2021\/06\/overview-hero-illustration_1.png","type":"","width":"","height":""}],"twitter_card":"summary_large_image","twitter_misc":{"Dur\u00e9e de lecture estim\u00e9e":"2 minutes"},"schema":{"@context":"https:\/\/schema.org","@graph":[{"@type":"WebPage","@id":"https:\/\/gismedalgerie.dz\/index.php\/collectivites-territoriales\/","url":"https:\/\/gismedalgerie.dz\/index.php\/collectivites-territoriales\/","name":"Collectivit\u00e9s territoriales - Gismed spa","isPartOf":{"@id":"https:\/\/gismedalgerie.dz\/#website"},"primaryImageOfPage":{"@id":"https:\/\/gismedalgerie.dz\/index.php\/collectivites-territoriales\/#primaryimage"},"image":{"@id":"https:\/\/gismedalgerie.dz\/index.php\/collectivites-territoriales\/#primaryimage"},"thumbnailUrl":"https:\/\/gismedalgerie.dz\/wp-content\/uploads\/2021\/06\/overview-hero-illustration_1.png","datePublished":"2021-05-27T11:30:11+00:00","breadcrumb":{"@id":"https:\/\/gismedalgerie.dz\/index.php\/collectivites-territoriales\/#breadcrumb"},"inLanguage":"fr-FR","potentialAction":[{"@type":"ReadAction","target":["https:\/\/gismedalgerie.dz\/index.php\/collectivites-territoriales\/"]}]},{"@type":"ImageObject","inLanguage":"fr-FR","@id":"https:\/\/gismedalgerie.dz\/index.php\/collectivites-territoriales\/#primaryimage","url":"https:\/\/gismedalgerie.dz\/wp-content\/uploads\/2021\/06\/overview-hero-illustration_1.png","contentUrl":"https:\/\/gismedalgerie.dz\/wp-content\/uploads\/2021\/06\/overview-hero-illustration_1.png"},{"@type":"BreadcrumbList","@id":"https:\/\/gismedalgerie.dz\/index.php\/collectivites-territoriales\/#breadcrumb","itemListElement":[{"@type":"ListItem","position":1,"name":"Accueil","item":"https:\/\/gismedalgerie.dz\/"},{"@type":"ListItem","position":2,"name":"Collectivit\u00e9s territoriales"}]},{"@type":"WebSite","@id":"https:\/\/gismedalgerie.dz\/#website","url":"https:\/\/gismedalgerie.dz\/","name":"Gismed spa","description":"","potentialAction":[{"@type":"SearchAction","target":{"@type":"EntryPoint","urlTemplate":"https:\/\/gismedalgerie.dz\/?s={search_term_string}"},"query-input":{"@type":"PropertyValueSpecification","valueRequired":true,"valueName":"search_term_string"}}],"inLanguage":"fr-FR"}]}},"_links":{"self":[{"href":"https:\/\/gismedalgerie.dz\/index.php\/wp-json\/wp\/v2\/pages\/2920","targetHints":{"allow":["GET"]}}],"collection":[{"href":"https:\/\/gismedalgerie.dz\/index.php\/wp-json\/wp\/v2\/pages"}],"about":[{"href":"https:\/\/gismedalgerie.dz\/index.php\/wp-json\/wp\/v2\/types\/page"}],"author":[{"embeddable":true,"href":"https:\/\/gismedalgerie.dz\/index.php\/wp-json\/wp\/v2\/users\/1"}],"replies":[{"embeddable":true,"href":"https:\/\/gismedalgerie.dz\/index.php\/wp-json\/wp\/v2\/comments?post=2920"}],"version-history":[{"count":0,"href":"https:\/\/gismedalgerie.dz\/index.php\/wp-json\/wp\/v2\/pages\/2920\/revisions"}],"wp:attachment":[{"href":"https:\/\/gismedalgerie.dz\/index.php\/wp-json\/wp\/v2\/media?parent=2920"}],"curies":[{"name":"wp","href":"https:\/\/api.w.org\/{rel}","templated":true}]}}