{"id":2016,"date":"2021-05-23T20:15:03","date_gmt":"2021-05-23T18:15:03","guid":{"rendered":"https:\/\/gismedalgerie.dz\/?page_id=2016"},"modified":"2021-05-23T20:15:03","modified_gmt":"2021-05-23T18:15:03","slug":"arcgis-platform","status":"publish","type":"page","link":"https:\/\/gismedalgerie.dz\/index.php\/arcgis-platform\/","title":{"rendered":"ArcGIS Platform"},"content":{"rendered":"<h2>ArcGIS<\/h2>\n<h1>La plateforme de cartographie et d\u2019analyse<\/h1>\n<p>D\u00e9couvrir l\u2019ensemble de vos possibilit\u00e9s gr\u00e2ce \u00e0 ArcGIS<\/p>\n<p>\t\t\t\t\t\t\t\t\t\t\t\t\t\t\t<img loading=\"lazy\" decoding=\"async\" width=\"1097\" height=\"575\" src=\"https:\/\/gismedalgerie.dz\/wp-content\/uploads\/2021\/05\/overview-banner-screen-2.png\" alt=\"\" loading=\"lazy\" srcset=\"https:\/\/gismedalgerie.dz\/wp-content\/uploads\/2021\/05\/overview-banner-screen-2.png 1097w, https:\/\/gismedalgerie.dz\/wp-content\/uploads\/2021\/05\/overview-banner-screen-2-300x157.png 300w, https:\/\/gismedalgerie.dz\/wp-content\/uploads\/2021\/05\/overview-banner-screen-2-1024x537.png 1024w, https:\/\/gismedalgerie.dz\/wp-content\/uploads\/2021\/05\/overview-banner-screen-2-768x403.png 768w\" sizes=\"auto, (max-width: 1097px) 100vw, 1097px\" \/><\/p>\n<h2>Fonctionnalit\u00e9s<\/h2>\n<p>ArcGIS offre des fonctionnalit\u00e9s uniques et un syst\u00e8me de licence souple permettant d\u2019appliquer l\u2019analyse de vos donn\u00e9es de localisation \u00e0 vos probl\u00e9matiques m\u00e9tiers. Obtenez de meilleures informations en utilisant des outils contextuels pour visualiser et analyser vos donn\u00e9es. Collaborez et partagez les donn\u00e9es via des cartes, des applications, des tableaux de bord et des rapports.<\/p>\n<p>\t\t\t\t\t\t\t\t\t\t\t\t\t\t\t<img loading=\"lazy\" decoding=\"async\" width=\"404\" height=\"450\" src=\"https:\/\/gismedalgerie.dz\/wp-content\/uploads\/2021\/05\/capability-spacial-analysis.png\" alt=\"\" loading=\"lazy\" srcset=\"https:\/\/gismedalgerie.dz\/wp-content\/uploads\/2021\/05\/capability-spacial-analysis.png 404w, https:\/\/gismedalgerie.dz\/wp-content\/uploads\/2021\/05\/capability-spacial-analysis-269x300.png 269w\" sizes=\"auto, (max-width: 404px) 100vw, 404px\" \/><\/p>\n<h3>Analyse spatiale et Data Science<\/h3>\n<p>Connectez ce qui semble d\u00e9connect\u00e9 gr\u00e2ce au jeu le plus complet de m\u00e9thodes d\u2019analyse et d\u2019algorithmes spatiaux disponibles. Utilisez les donn\u00e9es de localisation comme fil conducteur pour d\u00e9tecter les mod\u00e8les cach\u00e9s et les tendances, am\u00e9liorer les pr\u00e9visions et vous d\u00e9marquer de la concurrence. Profitez de la puissance de l\u2019analyse spatiale et des sciences des donn\u00e9es \u00e0 la demande et \u00e0 l\u2019\u00e9chelle avec Esri Geospatial Cloud.<\/p>\n<p><a href=\"https:\/\/www.esri.com\/en-us\/arcgis\/products\/spatial-analytics-data-science\/overview\" data-custom-analytics=\"true\" data-event=\"track-component\" data-component-name=\"text-link-stack-image-series\" data-component-link=\"Analyse spatiale et Data Science - En savoir plus\" data-component-link-placement=\"text_link_stack_imag\" data-component-link-type=\"text\">En savoir plus<\/a><\/p>\n<p>\t\t\t\t\t\t\t\t\t\t\t\t\t\t\t<img loading=\"lazy\" decoding=\"async\" width=\"404\" height=\"450\" src=\"https:\/\/gismedalgerie.dz\/wp-content\/uploads\/2021\/05\/capability-field-ops.png\" alt=\"\" loading=\"lazy\" srcset=\"https:\/\/gismedalgerie.dz\/wp-content\/uploads\/2021\/05\/capability-field-ops.png 404w, https:\/\/gismedalgerie.dz\/wp-content\/uploads\/2021\/05\/capability-field-ops-269x300.png 269w\" sizes=\"auto, (max-width: 404px) 100vw, 404px\" \/><\/p>\n<h3>Op\u00e9rations sur le terrain<\/h3>\n<p>La localisation est au c\u0153ur des activit\u00e9s sur le terrain. Il est possible d\u2019utiliser des applications ArcGIS cibl\u00e9es autonomes ou conjointement en support de processus sur le terrain et de permettre aux personnels dans les bureaux et sur le terrain de travailler \u00e0 l\u2019unisson, avec les m\u00eames donn\u00e9es officielles. <\/p>\n<p><a href=\"https:\/\/www.esri.com\/en-us\/arcgis\/products\/field-operations\/overview\" data-custom-analytics=\"true\" data-event=\"track-component\" data-component-name=\"text-link-stack-image-series\" data-component-link=\"Op\u00e9rations sur le terrain - En savoir plus\" data-component-link-placement=\"text_link_stack_imag_355774228\" data-component-link-type=\"text\">En savoir plus<\/a><\/p>\n<p>\t\t\t\t\t\t\t\t\t\t\t\t\t\t\t<img loading=\"lazy\" decoding=\"async\" width=\"404\" height=\"450\" src=\"https:\/\/gismedalgerie.dz\/wp-content\/uploads\/2021\/05\/capability-mapping.png\" alt=\"\" loading=\"lazy\" srcset=\"https:\/\/gismedalgerie.dz\/wp-content\/uploads\/2021\/05\/capability-mapping.png 404w, https:\/\/gismedalgerie.dz\/wp-content\/uploads\/2021\/05\/capability-mapping-269x300.png 269w\" sizes=\"auto, (max-width: 404px) 100vw, 404px\" \/><\/p>\n<h3>Cartographie<\/h3>\n<p>Les cartes vous aident \u00e0 rep\u00e9rer des mod\u00e8les spatiaux dans vos donn\u00e9es dans l\u2019optique d\u2019une meilleure prise de d\u00e9cision et d\u2019actions adapt\u00e9es. Les cartes suppriment les barri\u00e8res et facilitent la collaboration. ArcGIS vous permet de cr\u00e9er, d\u2019utiliser et de partager des cartes sur n\u2019importe quel appareil.<br \/>\n<\/p>\n<p><a href=\"https:\/\/www.esri.com\/en-us\/arcgis\/products\/mapping\" data-custom-analytics=\"true\" data-event=\"track-component\" data-component-name=\"text-link-stack-image-series\" data-component-link=\"Cartographie - En savoir plus\" data-component-link-placement=\"text_link_stack_imag_1965840388\" data-component-link-type=\"text\">En savoir plus<\/a><\/p>\n<p>\t\t\t\t\t\t\t\t\t\t\t\t\t\t\t<img loading=\"lazy\" decoding=\"async\" width=\"404\" height=\"450\" src=\"https:\/\/gismedalgerie.dz\/wp-content\/uploads\/2021\/05\/capability-3d.png\" alt=\"\" loading=\"lazy\" srcset=\"https:\/\/gismedalgerie.dz\/wp-content\/uploads\/2021\/05\/capability-3d.png 404w, https:\/\/gismedalgerie.dz\/wp-content\/uploads\/2021\/05\/capability-3d-269x300.png 269w\" sizes=\"auto, (max-width: 404px) 100vw, 404px\" \/><\/p>\n<h3>SIG 3D<\/h3>\n<p>Le SIG 3D apporte un contexte de monde r\u00e9el \u00e0 vos cartes et donn\u00e9es. Transformez instantan\u00e9ment vos donn\u00e9es en visualisations et mod\u00e8les 3D intelligents qui vous aident \u00e0 analyser et \u00e0 r\u00e9soudre des probl\u00e8mes, ainsi qu\u2019\u00e0 partager des id\u00e9es et des concepts avec votre \u00e9quipe et vos clients.<br \/>\n<\/p>\n<p><a href=\"https:\/\/www.esri.com\/en-us\/arcgis\/3d-gis\/overview\" data-custom-analytics=\"true\" data-event=\"track-component\" data-component-name=\"text-link-stack-image-series\" data-component-link=\"SIG 3D - En savoir plus\" data-component-link-placement=\"text_link_stack_imag_1058164661\" data-component-link-type=\"text\">En savoir plus<\/a><\/p>\n<p>\t\t\t\t\t\t\t\t\t\t\t\t\t\t\t<img loading=\"lazy\" decoding=\"async\" width=\"404\" height=\"450\" src=\"https:\/\/gismedalgerie.dz\/wp-content\/uploads\/2021\/05\/capability-imagery.png\" alt=\"\" loading=\"lazy\" srcset=\"https:\/\/gismedalgerie.dz\/wp-content\/uploads\/2021\/05\/capability-imagery.png 404w, https:\/\/gismedalgerie.dz\/wp-content\/uploads\/2021\/05\/capability-imagery-269x300.png 269w\" sizes=\"auto, (max-width: 404px) 100vw, 404px\" \/><\/p>\n<h3>Imagerie et t\u00e9l\u00e9d\u00e9tection<\/h3>\n<p>ArcGIS vous offre tout ce dont vous avez besoin pour g\u00e9rer et extraire des r\u00e9ponses \u00e0 partir de donn\u00e9es d\u2019imagerie et donn\u00e9es t\u00e9l\u00e9d\u00e9tect\u00e9es. Il comprend des outils d\u2019imagerie et des processus pour la visualisation et l\u2019analyse, ainsi qu\u2019un acc\u00e8s \u00e0 la plus importante collection d\u2019images du monde entier.<br \/>\n<\/p>\n<p><a href=\"https:\/\/www.esri.com\/en-us\/arcgis\/products\/imagery-remote-sensing\/overview\" data-custom-analytics=\"true\" data-event=\"track-component\" data-component-name=\"text-link-stack-image-series\" data-component-link=\"Imagerie et t\u00e9l\u00e9d\u00e9tection - En savoir plus\" data-component-link-placement=\"text_link_stack_imag_204278605\" data-component-link-type=\"text\">En savoir plus<\/a><\/p>\n<p>\t\t\t\t\t\t\t\t\t\t\t\t\t\t\t<img loading=\"lazy\" decoding=\"async\" width=\"404\" height=\"450\" src=\"https:\/\/gismedalgerie.dz\/wp-content\/uploads\/2021\/05\/capability-data.png\" alt=\"\" loading=\"lazy\" srcset=\"https:\/\/gismedalgerie.dz\/wp-content\/uploads\/2021\/05\/capability-data.png 404w, https:\/\/gismedalgerie.dz\/wp-content\/uploads\/2021\/05\/capability-data-269x300.png 269w\" sizes=\"auto, (max-width: 404px) 100vw, 404px\" \/><\/p>\n<h3>Collecte et gestion des donn\u00e9es<\/h3>\n<p>Avec ArcGIS, vous pouvez facilement collecter, rassembler, stocker, acc\u00e9der et partager vos donn\u00e9es de mani\u00e8re efficace et s\u00e9curis\u00e9e. Vous pouvez int\u00e9grer les donn\u00e9es stock\u00e9es dans vos syst\u00e8mes m\u00e9tiers et spatialiser les donn\u00e9es provenant de toute source de donn\u00e9es pour en tirer le meilleur parti.<br \/>\n<\/p>\n<p><a href=\"https:\/\/www.esri.com\/en-us\/arcgis\/data-management\" data-custom-analytics=\"true\" data-event=\"track-component\" data-component-name=\"text-link-stack-image-series\" data-component-link=\"Collecte et gestion des donn\u00e9es - En savoir plus\" data-component-link-placement=\"text_link_stack_imag_2035441603\" data-component-link-type=\"text\">En savoir plus<\/a><\/p>\n<p>Interviews, reportages, conf\u00e9rences, d\u00e9monstrations,<br \/>ateliers, tout l&#8217;univers Esri en vid\u00e9os<\/p>\n<p>\t\t\t<a href=\"https:\/\/www.esrifrance.fr\/videotheque.aspx\" role=\"button\"><br \/>\n\t\t\t\t\t\tEn savoir plus<br \/>\n\t\t\t\t\t<\/a><\/p>\n<h2>Ce qui est inclus :<\/h2>\n<p>L\u2019utilisation d\u2019ArcGIS est un premier pas vers de meilleures prises de d\u00e9cision et une organisation plus efficace. \u00c0 peu pr\u00e8s tous les probl\u00e8mes et toutes les situations ont un aspect g\u00e9ographique. Lib\u00e9rez et d\u00e9veloppez la puissance de la g\u00e9ographie avec l\u2019un des meilleurs investissements technologiques que vous pouvez r\u00e9aliser.<\/p>\n<p>\t\t\t\t\t\t\t\t\t\t\t\t\t\t\t<img loading=\"lazy\" decoding=\"async\" width=\"70\" height=\"65\" src=\"https:\/\/gismedalgerie.dz\/wp-content\/uploads\/2021\/05\/local.jpg\" alt=\"\" loading=\"lazy\" \/><\/p>\n<h2>Applications<\/h2>\n<p>\t\tUne suite d\u2019applications qui vous aide \u00e0 faire votre travail sur tous les appareils, partout, \u00e0 tout moment.<\/p>\n<p>\u00a0<\/p>\n<p><a href=\"https:\/\/www.esri.com\/en-us\/arcgis\/products\/apps-for-everyone\/overview\" data-custom-analytics=\"true\" data-event=\"track-component\" data-component-name=\"text-link-stack-icon-series\" data-component-link=\"Applications - En savoir plus\" data-component-link-placement=\"par0\" data-component-link-type=\"text\" data-link-type=\"internal\">En savoir plus<\/a><\/p>\n<p>\t\t\t\t\t\t\t\t\t\t\t\t\t\t\t<img loading=\"lazy\" decoding=\"async\" width=\"59\" height=\"59\" src=\"https:\/\/gismedalgerie.dz\/wp-content\/uploads\/2021\/05\/base.jpg\" alt=\"\" loading=\"lazy\" \/><\/p>\n<h2>Donn\u00e9es et cartes<\/h2>\n<p>\t\tFonds de carte, images, donn\u00e9es d\u00e9mographiques et sur le mode de vie, d\u00e9penses li\u00e9es \u00e0 la consommation, donn\u00e9es m\u00e9tiers et cartes officielles sur des milliers de th\u00e9matiques.<\/p>\n<p>\u00a0<\/p>\n<p><a href=\"https:\/\/livingatlas.arcgis.com\/en\/\" target=\"_blank\" rel=\"noopener\" data-custom-analytics=\"true\" data-event=\"track-component\" data-component-name=\"text-link-stack-icon-series\" data-component-link=\"Donn\u00e9es et cartes - En savoir plus\" data-component-link-placement=\"par1\" data-component-link-type=\"text\" data-link-type=\"internal\">En savoir plus<\/a><\/p>\n<p>\t\t\t\t\t\t\t\t\t\t\t\t\t\t\t<img loading=\"lazy\" decoding=\"async\" width=\"70\" height=\"67\" src=\"https:\/\/gismedalgerie.dz\/wp-content\/uploads\/2021\/05\/settig.jpg\" alt=\"\" loading=\"lazy\" \/><\/p>\n<h2>Outils de d\u00e9veloppement<\/h2>\n<p>\t\tAPI et SDK pour cr\u00e9er des applications Web, mobiles et bureautiques personnalis\u00e9es pour la cartographie, la visualisation et l\u2019analyse.<\/p>\n<p>\u00a0<\/p>\n<p><a href=\"https:\/\/gismedalgerie.dz\/arcgis-developers\/\" data-custom-analytics=\"true\" data-event=\"track-component\" data-component-name=\"text-link-stack-icon-series\" data-component-link=\"Outils de d\u00e9veloppement - En savoir plus\" data-component-link-placement=\"par2\" data-component-link-type=\"text\" data-link-type=\"internal\">En savoir plus<\/a><\/p>\n<p>\t\t\t\t\t\t\t\t\t\t\t\t\t\t\t<img loading=\"lazy\" decoding=\"async\" width=\"70\" height=\"68\" src=\"https:\/\/gismedalgerie.dz\/wp-content\/uploads\/2021\/05\/form.jpg\" alt=\"\" loading=\"lazy\" \/><\/p>\n<h2>Formation<\/h2>\n<p>\t\tToutes les formations, en ligne et en pr\u00e9sentiel, pour vous accompagner \u00e0 tout moment, suivant votre profil et vos besoins.<\/p>\n<p>\u00a0<\/p>\n<p><a href=\"https:\/\/www.esri.com\/training\/\" target=\"_blank\" rel=\"noopener\" data-custom-analytics=\"true\" data-event=\"track-component\" data-component-name=\"text-link-stack-icon-series\" data-component-link=\"Formation - En savoir plus\" data-component-link-placement=\"par3\" data-component-link-type=\"text\" data-link-type=\"internal\">En savoir plus<\/a><\/p>\n<p>\t\t\t\t\t\t\t\t\t\t\t\t\t\t\t<img loading=\"lazy\" decoding=\"async\" width=\"55\" height=\"60\" src=\"https:\/\/gismedalgerie.dz\/wp-content\/uploads\/2021\/05\/support.jpg\" alt=\"\" loading=\"lazy\" \/><\/p>\n<h2>Support<\/h2>\n<p>\t\tUn support en fran\u00e7ais de la part de personnes pr\u00eates \u00e0 r\u00e9soudre toute question li\u00e9e \u00e0 ArcGIS.<\/p>\n<p><a href=\"https:\/\/www.esri.com\/en-us\/arcgis\/services\/overview\" data-custom-analytics=\"true\" data-event=\"track-component\" data-component-name=\"text-link-stack-icon-series\" data-component-link=\"Support - En savoir plus\" data-component-link-placement=\"par4\" data-component-link-type=\"text\" data-link-type=\"internal\">En savoir plus<\/a><\/p>\n<p>\t\t\t\t\t\t\t\t\t\t\t\t\t\t\t<img loading=\"lazy\" decoding=\"async\" width=\"52\" height=\"61\" src=\"https:\/\/gismedalgerie.dz\/wp-content\/uploads\/2021\/05\/security.jpg\" alt=\"\" loading=\"lazy\" \/><\/p>\n<h2>S\u00e9curit\u00e9<\/h2>\n<p>\t\tArcGIS est s\u00e9curis\u00e9 et digne de confiance tout en r\u00e9pondant \u00e0 vos attentes en mati\u00e8re de confidentialit\u00e9 et de conformit\u00e9.<\/p>\n<p><a href=\"https:\/\/trust.arcgis.com\/\" data-custom-analytics=\"true\" data-event=\"track-component\" data-component-name=\"text-link-stack-icon-series\" data-component-link=\"S\u00e9curit\u00e9 - En savoir plus\" data-component-link-placement=\"par5\" data-component-link-type=\"text\" data-link-type=\"internal\">En savoir plus<\/a><\/p>\n<p>\t\t\t\t\t\t\t\t\t\t\t\t\t\t\t<img loading=\"lazy\" decoding=\"async\" width=\"61\" height=\"71\" src=\"https:\/\/gismedalgerie.dz\/wp-content\/uploads\/2021\/05\/commm.jpg\" alt=\"\" loading=\"lazy\" \/><\/p>\n<h2>Communaut\u00e9<\/h2>\n<p>\t\tRejoignez la plus grande communaut\u00e9 de professionnels de la cartographie et de l\u2019intelligence g\u00e9ographique pour partager, discuter et collaborer.<\/p>\n<p><a href=\"https:\/\/community.esri.com\/\" data-custom-analytics=\"true\" data-event=\"track-component\" data-component-name=\"text-link-stack-icon-series\" data-component-link=\"Communaut\u00e9 - En savoir plus\" data-component-link-placement=\"par6\" data-component-link-type=\"text\" data-link-type=\"internal\">En savoir plus<\/a><\/p>\n<p>&nbsp;<br \/>\n\t\t\t\t\t\t\t\t\t\t\t\t\t\t\t<img loading=\"lazy\" decoding=\"async\" width=\"77\" height=\"67\" src=\"https:\/\/gismedalgerie.dz\/wp-content\/uploads\/2021\/05\/confi.jpg\" alt=\"\" loading=\"lazy\" \/><\/p>\n<h2>Esri User Conference<\/h2>\n<p>\t\tAssistez au plus grand \u00e9v\u00e9nement mondial li\u00e9 aux SIG et d\u00e9couvrez de quelle fa\u00e7on les SIG transforment le monde.<\/p>\n<p><a href=\"https:\/\/www.esri.com\/en-us\/about\/events\/uc\/overview\" data-custom-analytics=\"true\" data-event=\"track-component\" data-component-name=\"text-link-stack-icon-series\" data-component-link=\"Esri User Conference - En savoir plus\" data-component-link-placement=\"par7\" data-component-link-type=\"text\" data-link-type=\"internal\">En savoir plus<\/a><\/p>\n<h2>D\u00e9ploiement et syst\u00e8me de licence flexibles<\/h2>\n<p>Installez facilement et rapidement ArcGIS au sein de votre organisation. Esri permet de nombreuses options de d\u00e9ploiement et de licence afin de r\u00e9pondre \u00e0 vos pr\u00e9requis m\u00e9tiers.<\/p>\n<p>\t\t\t<a href=\"https:\/\/www.esri.com\/content\/dam\/esrisites\/en-us\/media\/technical-papers\/architecting-the-arcgis-system.pdf\" role=\"button\"><br \/>\n\t\t\t\t\t\tGestion de l\u2019architecture d\u2019ArcGIS<br \/>\n\t\t\t\t\t<\/a><\/p>\n<h2>Infrastructure Cloud d\u2019Esri<\/h2>\n<p>Disponible 24\/24h et 7\/7j et hautement \u00e9volutive, la plateforme ArcGIS en mode SaaS permet de vous affranchir de toute gestion d\u2019infrastructure IT. Vous avez juste besoin de vous connecter et vous pouvez commencer \u00e0 travailler.<\/p>\n<p>\t\t\t<a href=\"https:\/\/gismedalgerie.dz\/arcgis-online\/\" role=\"button\"><br \/>\n\t\t\t\t\t\tEn savoir plus<br \/>\n\t\t\t\t\t<\/a><\/p>\n<h2>Votre infrastructure sur le Cloud<\/h2>\n<p>ArcGIS fonctionne dans votre infrastructure, s\u00e9curis\u00e9 dans votre r\u00e9seau local ou sur des plateformes Cloud tels que AWS et Microsoft Azure. D\u00e9ployez ArcGIS sur une seule machine ou dans une architecture distribu\u00e9e.<\/p>\n<p>\t\t\t<a href=\"https:\/\/gismedalgerie.dz\/arcgis-enterprise\/\" role=\"button\"><br \/>\n\t\t\t\t\t\tEn savoir plus<br \/>\n\t\t\t\t\t<\/a><\/p>\n<h1>Nous contacter<\/h1>\n<h2>Envoyer un message<\/h2>\n<p>Obtenir une r\u00e9ponse par message \u00e9lectronique.<\/p>\n<p>\t\t\t<a href=\"https:\/\/gismedalgerie.dz\/contact\/\" role=\"button\"><br \/>\n\t\t\t\t\t\tCommencer mon message<br \/>\n\t\t\t\t\t<\/a><\/p>\n<h2>Nous appeler<\/h2>\n<p>Discuter par t\u00e9l\u00e9phone.<\/p>\n<p>\t\t\t<a href=\"#\" role=\"button\"><br \/>\n\t\t\t\t\t\t+213 (0) 023 13 58 43 \/ 32<br \/>\n\t\t\t\t\t<\/a><\/p>\n","protected":false},"excerpt":{"rendered":"<p>ArcGIS La plateforme de cartographie et d\u2019analyse D\u00e9couvrir l\u2019ensemble de vos possibilit\u00e9s gr\u00e2ce \u00e0 ArcGIS Fonctionnalit\u00e9s ArcGIS offre des fonctionnalit\u00e9s uniques et un syst\u00e8me de licence souple permettant d\u2019appliquer l\u2019analyse de vos donn\u00e9es de localisation \u00e0 vos probl\u00e9matiques m\u00e9tiers. Obtenez de meilleures informations en utilisant des outils contextuels pour visualiser et analyser vos donn\u00e9es. Collaborez [&hellip;]<\/p>\n","protected":false},"author":1,"featured_media":0,"parent":0,"menu_order":0,"comment_status":"closed","ping_status":"closed","template":"","meta":{"footnotes":""},"class_list":["post-2016","page","type-page","status-publish","hentry"],"blocksy_meta":{"styles_descriptor":{"styles":{"desktop":"","tablet":"","mobile":""},"google_fonts":[]}},"yoast_head":"<!-- This site is optimized with the Yoast SEO plugin v25.3 - https:\/\/yoast.com\/wordpress\/plugins\/seo\/ -->\n<title>ArcGIS Platform - Gismed spa<\/title>\n<meta name=\"robots\" content=\"index, follow, max-snippet:-1, max-image-preview:large, max-video-preview:-1\" \/>\n<link rel=\"canonical\" href=\"https:\/\/gismedalgerie.dz\/index.php\/arcgis-platform\/\" \/>\n<meta property=\"og:locale\" content=\"fr_FR\" \/>\n<meta property=\"og:type\" content=\"article\" \/>\n<meta property=\"og:title\" content=\"ArcGIS Platform - Gismed spa\" \/>\n<meta property=\"og:description\" content=\"ArcGIS La plateforme de cartographie et d\u2019analyse D\u00e9couvrir l\u2019ensemble de vos possibilit\u00e9s gr\u00e2ce \u00e0 ArcGIS Fonctionnalit\u00e9s ArcGIS offre des fonctionnalit\u00e9s uniques et un syst\u00e8me de licence souple permettant d\u2019appliquer l\u2019analyse de vos donn\u00e9es de localisation \u00e0 vos probl\u00e9matiques m\u00e9tiers. Obtenez de meilleures informations en utilisant des outils contextuels pour visualiser et analyser vos donn\u00e9es. Collaborez [&hellip;]\" \/>\n<meta property=\"og:url\" content=\"https:\/\/gismedalgerie.dz\/index.php\/arcgis-platform\/\" \/>\n<meta property=\"og:site_name\" content=\"Gismed spa\" \/>\n<meta property=\"og:image\" content=\"https:\/\/gismedalgerie.dz\/wp-content\/uploads\/2021\/05\/overview-banner-screen-2.png\" \/>\n<meta name=\"twitter:card\" content=\"summary_large_image\" \/>\n<meta name=\"twitter:label1\" content=\"Dur\u00e9e de lecture estim\u00e9e\" \/>\n\t<meta name=\"twitter:data1\" content=\"5 minutes\" \/>\n<script type=\"application\/ld+json\" class=\"yoast-schema-graph\">{\"@context\":\"https:\/\/schema.org\",\"@graph\":[{\"@type\":\"WebPage\",\"@id\":\"https:\/\/gismedalgerie.dz\/index.php\/arcgis-platform\/\",\"url\":\"https:\/\/gismedalgerie.dz\/index.php\/arcgis-platform\/\",\"name\":\"ArcGIS Platform - Gismed spa\",\"isPartOf\":{\"@id\":\"https:\/\/gismedalgerie.dz\/#website\"},\"primaryImageOfPage\":{\"@id\":\"https:\/\/gismedalgerie.dz\/index.php\/arcgis-platform\/#primaryimage\"},\"image\":{\"@id\":\"https:\/\/gismedalgerie.dz\/index.php\/arcgis-platform\/#primaryimage\"},\"thumbnailUrl\":\"https:\/\/gismedalgerie.dz\/wp-content\/uploads\/2021\/05\/overview-banner-screen-2.png\",\"datePublished\":\"2021-05-23T18:15:03+00:00\",\"breadcrumb\":{\"@id\":\"https:\/\/gismedalgerie.dz\/index.php\/arcgis-platform\/#breadcrumb\"},\"inLanguage\":\"fr-FR\",\"potentialAction\":[{\"@type\":\"ReadAction\",\"target\":[\"https:\/\/gismedalgerie.dz\/index.php\/arcgis-platform\/\"]}]},{\"@type\":\"ImageObject\",\"inLanguage\":\"fr-FR\",\"@id\":\"https:\/\/gismedalgerie.dz\/index.php\/arcgis-platform\/#primaryimage\",\"url\":\"https:\/\/gismedalgerie.dz\/wp-content\/uploads\/2021\/05\/overview-banner-screen-2.png\",\"contentUrl\":\"https:\/\/gismedalgerie.dz\/wp-content\/uploads\/2021\/05\/overview-banner-screen-2.png\"},{\"@type\":\"BreadcrumbList\",\"@id\":\"https:\/\/gismedalgerie.dz\/index.php\/arcgis-platform\/#breadcrumb\",\"itemListElement\":[{\"@type\":\"ListItem\",\"position\":1,\"name\":\"Accueil\",\"item\":\"https:\/\/gismedalgerie.dz\/\"},{\"@type\":\"ListItem\",\"position\":2,\"name\":\"ArcGIS Platform\"}]},{\"@type\":\"WebSite\",\"@id\":\"https:\/\/gismedalgerie.dz\/#website\",\"url\":\"https:\/\/gismedalgerie.dz\/\",\"name\":\"Gismed spa\",\"description\":\"\",\"potentialAction\":[{\"@type\":\"SearchAction\",\"target\":{\"@type\":\"EntryPoint\",\"urlTemplate\":\"https:\/\/gismedalgerie.dz\/?s={search_term_string}\"},\"query-input\":{\"@type\":\"PropertyValueSpecification\",\"valueRequired\":true,\"valueName\":\"search_term_string\"}}],\"inLanguage\":\"fr-FR\"}]}<\/script>\n<!-- \/ Yoast SEO plugin. -->","yoast_head_json":{"title":"ArcGIS Platform - Gismed spa","robots":{"index":"index","follow":"follow","max-snippet":"max-snippet:-1","max-image-preview":"max-image-preview:large","max-video-preview":"max-video-preview:-1"},"canonical":"https:\/\/gismedalgerie.dz\/index.php\/arcgis-platform\/","og_locale":"fr_FR","og_type":"article","og_title":"ArcGIS Platform - Gismed spa","og_description":"ArcGIS La plateforme de cartographie et d\u2019analyse D\u00e9couvrir l\u2019ensemble de vos possibilit\u00e9s gr\u00e2ce \u00e0 ArcGIS Fonctionnalit\u00e9s ArcGIS offre des fonctionnalit\u00e9s uniques et un syst\u00e8me de licence souple permettant d\u2019appliquer l\u2019analyse de vos donn\u00e9es de localisation \u00e0 vos probl\u00e9matiques m\u00e9tiers. Obtenez de meilleures informations en utilisant des outils contextuels pour visualiser et analyser vos donn\u00e9es. Collaborez [&hellip;]","og_url":"https:\/\/gismedalgerie.dz\/index.php\/arcgis-platform\/","og_site_name":"Gismed spa","og_image":[{"url":"https:\/\/gismedalgerie.dz\/wp-content\/uploads\/2021\/05\/overview-banner-screen-2.png","type":"","width":"","height":""}],"twitter_card":"summary_large_image","twitter_misc":{"Dur\u00e9e de lecture estim\u00e9e":"5 minutes"},"schema":{"@context":"https:\/\/schema.org","@graph":[{"@type":"WebPage","@id":"https:\/\/gismedalgerie.dz\/index.php\/arcgis-platform\/","url":"https:\/\/gismedalgerie.dz\/index.php\/arcgis-platform\/","name":"ArcGIS Platform - Gismed spa","isPartOf":{"@id":"https:\/\/gismedalgerie.dz\/#website"},"primaryImageOfPage":{"@id":"https:\/\/gismedalgerie.dz\/index.php\/arcgis-platform\/#primaryimage"},"image":{"@id":"https:\/\/gismedalgerie.dz\/index.php\/arcgis-platform\/#primaryimage"},"thumbnailUrl":"https:\/\/gismedalgerie.dz\/wp-content\/uploads\/2021\/05\/overview-banner-screen-2.png","datePublished":"2021-05-23T18:15:03+00:00","breadcrumb":{"@id":"https:\/\/gismedalgerie.dz\/index.php\/arcgis-platform\/#breadcrumb"},"inLanguage":"fr-FR","potentialAction":[{"@type":"ReadAction","target":["https:\/\/gismedalgerie.dz\/index.php\/arcgis-platform\/"]}]},{"@type":"ImageObject","inLanguage":"fr-FR","@id":"https:\/\/gismedalgerie.dz\/index.php\/arcgis-platform\/#primaryimage","url":"https:\/\/gismedalgerie.dz\/wp-content\/uploads\/2021\/05\/overview-banner-screen-2.png","contentUrl":"https:\/\/gismedalgerie.dz\/wp-content\/uploads\/2021\/05\/overview-banner-screen-2.png"},{"@type":"BreadcrumbList","@id":"https:\/\/gismedalgerie.dz\/index.php\/arcgis-platform\/#breadcrumb","itemListElement":[{"@type":"ListItem","position":1,"name":"Accueil","item":"https:\/\/gismedalgerie.dz\/"},{"@type":"ListItem","position":2,"name":"ArcGIS Platform"}]},{"@type":"WebSite","@id":"https:\/\/gismedalgerie.dz\/#website","url":"https:\/\/gismedalgerie.dz\/","name":"Gismed spa","description":"","potentialAction":[{"@type":"SearchAction","target":{"@type":"EntryPoint","urlTemplate":"https:\/\/gismedalgerie.dz\/?s={search_term_string}"},"query-input":{"@type":"PropertyValueSpecification","valueRequired":true,"valueName":"search_term_string"}}],"inLanguage":"fr-FR"}]}},"_links":{"self":[{"href":"https:\/\/gismedalgerie.dz\/index.php\/wp-json\/wp\/v2\/pages\/2016","targetHints":{"allow":["GET"]}}],"collection":[{"href":"https:\/\/gismedalgerie.dz\/index.php\/wp-json\/wp\/v2\/pages"}],"about":[{"href":"https:\/\/gismedalgerie.dz\/index.php\/wp-json\/wp\/v2\/types\/page"}],"author":[{"embeddable":true,"href":"https:\/\/gismedalgerie.dz\/index.php\/wp-json\/wp\/v2\/users\/1"}],"replies":[{"embeddable":true,"href":"https:\/\/gismedalgerie.dz\/index.php\/wp-json\/wp\/v2\/comments?post=2016"}],"version-history":[{"count":0,"href":"https:\/\/gismedalgerie.dz\/index.php\/wp-json\/wp\/v2\/pages\/2016\/revisions"}],"wp:attachment":[{"href":"https:\/\/gismedalgerie.dz\/index.php\/wp-json\/wp\/v2\/media?parent=2016"}],"curies":[{"name":"wp","href":"https:\/\/api.w.org\/{rel}","templated":true}]}}