{"id":1429,"date":"2021-05-18T13:13:26","date_gmt":"2021-05-18T11:13:26","guid":{"rendered":"https:\/\/gismedalgerie.dz\/?page_id=1429"},"modified":"2021-05-18T13:13:26","modified_gmt":"2021-05-18T11:13:26","slug":"arcgis-dashboards-3","status":"publish","type":"page","link":"https:\/\/gismedalgerie.dz\/index.php\/arcgis-dashboards-3\/","title":{"rendered":"ArcGIS Dashboards"},"content":{"rendered":"<p><img decoding=\"async\" src=\"https:\/\/gismedalgerie.dz\/wp-content\/uploads\/elementor\/thumbs\/arcgis-dashboards-p8bgovchz7dm9c93dl6fc6esf6rrq6olppi3c4ruhs.png\" title=\"arcgis-dashboards\" alt=\"arcgis-dashboards\" \/><\/p>\n<h2>\nArcGIS Dashboards<br \/>\n<\/h2>\n<p>Vos informations en un coup d\u2019\u0153il, \u00e0 destination de ceux qui en ont besoin<\/p>\n<p>\t\t\t\t\t\t\t\t\t\t\t\t\t\t\t<img loading=\"lazy\" decoding=\"async\" width=\"940\" height=\"576\" src=\"https:\/\/gismedalgerie.dz\/wp-content\/uploads\/2021\/06\/arcgis-dashboard-banner-fg.jpg\" alt=\"\" loading=\"lazy\" srcset=\"https:\/\/gismedalgerie.dz\/wp-content\/uploads\/2021\/06\/arcgis-dashboard-banner-fg.jpg 940w, https:\/\/gismedalgerie.dz\/wp-content\/uploads\/2021\/06\/arcgis-dashboard-banner-fg-300x184.jpg 300w, https:\/\/gismedalgerie.dz\/wp-content\/uploads\/2021\/06\/arcgis-dashboard-banner-fg-768x471.jpg 768w\" sizes=\"auto, (max-width: 940px) 100vw, 940px\" \/><\/p>\n<p>ArcGIS Dashboards permet aux utilisateurs de communiquer des informations en pr\u00e9sentant des analyses g\u00e9ographiques \u00e0 l\u2019aide de visualisations de donn\u00e9es intuitives et interactives sur un seul \u00e9cran. Toute organisation qui utilise la plateforme ArcGIS peut tirer parti d\u2019ArcGIS Dashboards pour faciliter la prise de d\u00e9cision, visualiser les tendances, surveiller le statut en temps r\u00e9el et informer ses communaut\u00e9s. Adaptez les tableaux de bord \u00e0 vos diff\u00e9rents publics pour leur permettre de ne garder que les donn\u00e9es qui les concernent et obtenir ainsi les r\u00e9ponses dont ils ont besoin. Les tableaux de bord sont des produits d\u2019information essentiels, comme les cartes et les applications, et constituent un \u00e9l\u00e9ment d\u00e9terminant pour votre infrastructure g\u00e9ospatiale.<\/p>\n<h2>Pourquoi ArcGIS Dashboards ?<\/h2>\n<p>\t\t\t\t\t\t\t\t\t\t\t\t\t\t\t<img loading=\"lazy\" decoding=\"async\" width=\"1024\" height=\"666\" src=\"https:\/\/gismedalgerie.dz\/wp-content\/uploads\/2021\/06\/feature-large-common-view-1024x666.jpg\" alt=\"\" loading=\"lazy\" srcset=\"https:\/\/gismedalgerie.dz\/wp-content\/uploads\/2021\/06\/feature-large-common-view-1024x666.jpg 1024w, https:\/\/gismedalgerie.dz\/wp-content\/uploads\/2021\/06\/feature-large-common-view-300x195.jpg 300w, https:\/\/gismedalgerie.dz\/wp-content\/uploads\/2021\/06\/feature-large-common-view-768x499.jpg 768w, https:\/\/gismedalgerie.dz\/wp-content\/uploads\/2021\/06\/feature-large-common-view.jpg 1440w\" sizes=\"auto, (max-width: 1024px) 100vw, 1024px\" \/><\/p>\n<h4> Vue unifi\u00e9e <\/h4>\n<p> Surveillez, suivez et \u00e9valuez vos indicateurs de performances en temps r\u00e9el par le biais d\u2019une seule interface afin de prendre les meilleures d\u00e9cisions.<br \/>\n\t\t\t\t\t\t\t\t\t\t\t\t\t\t\t<img loading=\"lazy\" decoding=\"async\" width=\"1024\" height=\"666\" src=\"https:\/\/gismedalgerie.dz\/wp-content\/uploads\/2021\/06\/feature-large-ready-to-use-1024x666.jpg\" alt=\"\" loading=\"lazy\" srcset=\"https:\/\/gismedalgerie.dz\/wp-content\/uploads\/2021\/06\/feature-large-ready-to-use-1024x666.jpg 1024w, https:\/\/gismedalgerie.dz\/wp-content\/uploads\/2021\/06\/feature-large-ready-to-use-300x195.jpg 300w, https:\/\/gismedalgerie.dz\/wp-content\/uploads\/2021\/06\/feature-large-ready-to-use-768x499.jpg 768w, https:\/\/gismedalgerie.dz\/wp-content\/uploads\/2021\/06\/feature-large-ready-to-use.jpg 1440w\" sizes=\"auto, (max-width: 1024px) 100vw, 1024px\" \/><\/p>\n<h4> Pr\u00eat \u00e0 l&#8217;emploi <\/h4>\n<p>\u00a0 Enrichissez vos donn\u00e9es avec un ensemble d&#8217;outils de visualisation pour permettre une prise de d\u00e9cision \u00e9clair\u00e9e. Donnez un aper\u00e7u des principaux indicateurs de performance aux principaux acteurs.<br \/>\n\t\t\t\t\t\t\t\t\t\t\t\t\t\t\t<img loading=\"lazy\" decoding=\"async\" width=\"1024\" height=\"666\" src=\"https:\/\/gismedalgerie.dz\/wp-content\/uploads\/2021\/06\/feature-large-flexible-1024x666.jpg\" alt=\"\" loading=\"lazy\" srcset=\"https:\/\/gismedalgerie.dz\/wp-content\/uploads\/2021\/06\/feature-large-flexible-1024x666.jpg 1024w, https:\/\/gismedalgerie.dz\/wp-content\/uploads\/2021\/06\/feature-large-flexible-300x195.jpg 300w, https:\/\/gismedalgerie.dz\/wp-content\/uploads\/2021\/06\/feature-large-flexible-768x499.jpg 768w, https:\/\/gismedalgerie.dz\/wp-content\/uploads\/2021\/06\/feature-large-flexible.jpg 1440w\" sizes=\"auto, (max-width: 1024px) 100vw, 1024px\" \/><\/p>\n<h4> Flexible <\/h4>\n<p>\u00a0 Adaptez-vous \u00e0 n&#8217;importe quelle situation ou \u00e9v\u00e9nement, qu&#8217;il soit simple ou complexe. Surveillez vos \u00e9quipes terrain, vos actions et vos \u00e9quipements les plus pertinents pour vos activit\u00e9s<br \/>\n\t\t\t\t\t\t\t\t\t\t\t\t\t\t\t<img loading=\"lazy\" decoding=\"async\" width=\"1024\" height=\"666\" src=\"https:\/\/gismedalgerie.dz\/wp-content\/uploads\/2021\/06\/feature-large-real-time-1024x666.jpg\" alt=\"\" loading=\"lazy\" srcset=\"https:\/\/gismedalgerie.dz\/wp-content\/uploads\/2021\/06\/feature-large-real-time-1024x666.jpg 1024w, https:\/\/gismedalgerie.dz\/wp-content\/uploads\/2021\/06\/feature-large-real-time-300x195.jpg 300w, https:\/\/gismedalgerie.dz\/wp-content\/uploads\/2021\/06\/feature-large-real-time-768x499.jpg 768w, https:\/\/gismedalgerie.dz\/wp-content\/uploads\/2021\/06\/feature-large-real-time.jpg 1440w\" sizes=\"auto, (max-width: 1024px) 100vw, 1024px\" \/><\/p>\n<h4> Temps r\u00e9el <\/h4>\n<p>\u00a0 Surveillez, suivez et \u00e9valuez les facteurs critiques pour que vos op\u00e9rations soient r\u00e9ussies et ce pendant que les op\u00e9rations se d\u00e9veloppent. Utilisez l&#8217;analyse de donn\u00e9es afin de faciliter les d\u00e9cisions strat\u00e9giques dans votre organisation.<br \/>\n\t\t\t\t\t\t\t\t\t\t\t\t\t\t\t<img loading=\"lazy\" decoding=\"async\" width=\"1024\" height=\"666\" src=\"https:\/\/gismedalgerie.dz\/wp-content\/uploads\/2021\/06\/feature-large-configurable-1024x666.jpg\" alt=\"\" loading=\"lazy\" srcset=\"https:\/\/gismedalgerie.dz\/wp-content\/uploads\/2021\/06\/feature-large-configurable-1024x666.jpg 1024w, https:\/\/gismedalgerie.dz\/wp-content\/uploads\/2021\/06\/feature-large-configurable-300x195.jpg 300w, https:\/\/gismedalgerie.dz\/wp-content\/uploads\/2021\/06\/feature-large-configurable-768x499.jpg 768w, https:\/\/gismedalgerie.dz\/wp-content\/uploads\/2021\/06\/feature-large-configurable.jpg 1440w\" sizes=\"auto, (max-width: 1024px) 100vw, 1024px\" \/><\/p>\n<h4> Configurable <\/h4>\n<p>\u00a0 Cr\u00e9ez et configurez des tableaux de bord pour qu&#8217;ils soient statiques ou interactifs. Fournissez une vue unifi\u00e9e sur le mur de votre centre d&#8217;op\u00e9rations ou obtenez une vue d\u00e9taill\u00e9e qui peut \u00eatre filtr\u00e9e sur votre ordinateur.<\/p>\n<h2>Des tableaux de bord pour tous les publics<\/h2>\n<p>Vous pouvez cr\u00e9er de nombreux types de tableaux de bord avec ArcGIS Dashboards ,D\u00e9couvrez ArcGIS Dashboards au travers de cas concrets\u00a0<\/p>\n<p>\t\t\t\t\t\t\t\t\t\t\t\t\t\t\t<img loading=\"lazy\" decoding=\"async\" width=\"342\" height=\"192\" src=\"https:\/\/gismedalgerie.dz\/wp-content\/uploads\/2021\/06\/arcgis-dashboard-card-strategic.jpg\" alt=\"\" loading=\"lazy\" srcset=\"https:\/\/gismedalgerie.dz\/wp-content\/uploads\/2021\/06\/arcgis-dashboard-card-strategic.jpg 342w, https:\/\/gismedalgerie.dz\/wp-content\/uploads\/2021\/06\/arcgis-dashboard-card-strategic-300x168.jpg 300w\" sizes=\"auto, (max-width: 342px) 100vw, 342px\" \/><\/p>\n<h3>Strat\u00e9gique<\/h3>\n<p>Les tableaux de bord strat\u00e9giques permettent aux dirigeants de suivre les indicateurs cl\u00e9s de performance (KPI) et de prendre des d\u00e9cisions strat\u00e9giques en \u00e9valuant les performances en fonction des objectifs de leur organisation.<\/p>\n<p><a href=\"https:\/\/arcgisdashboards.maps.arcgis.com\/apps\/opsdashboard\/index.html#\/22d65b51cf2c42b5af4215774c9c4814\" target=\"_blank\" rel=\"noopener\" data-custom-analytics=\"true\" data-event=\"track-component\" data-component-name=\"text-link-stack-image-series\" data-component-link=\"Strat\u00e9gique - D\u00e9couvrir ce tableau de bord\" data-component-link-placement=\"text_link_stack_imag\" data-component-link-type=\"text\">D\u00e9couvrir ce tableau de bord<\/a><\/p>\n<p>\t\t\t\t\t\t\t\t\t\t\t\t\t\t\t<img loading=\"lazy\" decoding=\"async\" width=\"342\" height=\"192\" src=\"https:\/\/gismedalgerie.dz\/wp-content\/uploads\/2021\/06\/arcgis-dashboard-card-tactical.jpg\" alt=\"\" loading=\"lazy\" srcset=\"https:\/\/gismedalgerie.dz\/wp-content\/uploads\/2021\/06\/arcgis-dashboard-card-tactical.jpg 342w, https:\/\/gismedalgerie.dz\/wp-content\/uploads\/2021\/06\/arcgis-dashboard-card-tactical-300x168.jpg 300w\" sizes=\"auto, (max-width: 342px) 100vw, 342px\" \/><\/p>\n<h3>Tactique<\/h3>\n<p>Les tableaux de bord tactiques permettent aux analystes et aux responsables op\u00e9rationnels d\u2019analyser les donn\u00e9es historiques et de visualiser les tendances pour mieux comprendre les donn\u00e9es.<\/p>\n<p>\u00a0<\/p>\n<p><a href=\"https:\/\/www.arcgis.com\/apps\/opsdashboard\/index.html#\/4b314711d252496d941048cd4867ab85\" data-custom-analytics=\"true\" data-event=\"track-component\" data-component-name=\"text-link-stack-image-series\" data-component-link=\"Tactique - D\u00e9couvrir ce tableau de bord\" data-component-link-placement=\"text_link_stack_imag_1235885116\" data-component-link-type=\"text\">D\u00e9couvrir ce tableau de bord<\/a><\/p>\n<p>\t\t\t\t\t\t\t\t\t\t\t\t\t\t\t<img loading=\"lazy\" decoding=\"async\" width=\"342\" height=\"192\" src=\"https:\/\/gismedalgerie.dz\/wp-content\/uploads\/2021\/06\/arcgis-dashboard-card-operational.jpg\" alt=\"\" loading=\"lazy\" srcset=\"https:\/\/gismedalgerie.dz\/wp-content\/uploads\/2021\/06\/arcgis-dashboard-card-operational.jpg 342w, https:\/\/gismedalgerie.dz\/wp-content\/uploads\/2021\/06\/arcgis-dashboard-card-operational-300x168.jpg 300w\" sizes=\"auto, (max-width: 342px) 100vw, 342px\" \/><\/p>\n<h3>Op\u00e9rationnel<\/h3>\n<p>Les tableaux de bord op\u00e9rationnels permettent aux \u00e9quipes op\u00e9rationnelles de comprendre les \u00e9v\u00e9nements, projets ou actifs en surveillant leur statut en temps r\u00e9el.<\/p>\n<p>\u00a0<\/p>\n<p><a href=\"https:\/\/fema.maps.arcgis.com\/apps\/opsdashboard\/index.html#\/a095b881a85a4dc6a09f77d49e99674d\" data-custom-analytics=\"true\" data-event=\"track-component\" data-component-name=\"text-link-stack-image-series\" data-component-link=\"Op\u00e9rationnel - D\u00e9couvrir ce tableau de bord\" data-component-link-placement=\"text_link_stack_imag_1094330410\" data-component-link-type=\"text\">D\u00e9couvrir ce tableau de bord<\/a><\/p>\n<p>\t\t\t\t\t\t\t\t\t\t\t\t\t\t\t<img loading=\"lazy\" decoding=\"async\" width=\"342\" height=\"192\" src=\"https:\/\/gismedalgerie.dz\/wp-content\/uploads\/2021\/06\/arcgis-dashboard-card-informational.jpg\" alt=\"\" loading=\"lazy\" srcset=\"https:\/\/gismedalgerie.dz\/wp-content\/uploads\/2021\/06\/arcgis-dashboard-card-informational.jpg 342w, https:\/\/gismedalgerie.dz\/wp-content\/uploads\/2021\/06\/arcgis-dashboard-card-informational-300x168.jpg 300w\" sizes=\"auto, (max-width: 342px) 100vw, 342px\" \/><\/p>\n<h3>Informatif<\/h3>\n<p>Les tableaux de bord informatifs permettent aux organisations d\u2019informer et d\u2019impliquer leur public \u00e0 travers la sensibilisation de la communaut\u00e9.<\/p>\n<p>\u00a0<\/p>\n<p><a href=\"https:\/\/geodecisions.maps.arcgis.com\/apps\/opsdashboard\/index.html#\/5e437e3c179241d499b5b1ad87d5f360\" data-custom-analytics=\"true\" data-event=\"track-component\" data-component-name=\"text-link-stack-image-series\" data-component-link=\"Informatif - D\u00e9couvrir ce tableau de bord\" data-component-link-placement=\"text_link_stack_imag_1635526630\" data-component-link-type=\"text\">D\u00e9couvrir ce tableau de bord<\/a><\/p>\n<h1>\nEnti\u00e8rement int\u00e9gr\u00e9 avec ArcGIS<\/h1>\n<p>ArcGIS Dashboards exploite l\u2019ensemble de vos donn\u00e9es ArcGIS et vous offre en outre la possibilit\u00e9 d\u2019importer des donn\u00e9es provenant d\u2019autres sources, notamment des flux en temps r\u00e9el, pour un contexte et une \u00e9tendue suppl\u00e9mentaires. ArcGIS Online vous permet de contr\u00f4ler int\u00e9gralement le partage de vos tableaux de bord. Vous pouvez ainsi d\u00e9terminer les personnes autoris\u00e9es \u00e0 les afficher : votre \u00e9quipe, votre organisation, ou m\u00eame le public.<\/p>\n<p>\t\t\t<a href=\"https:\/\/gismedalgerie.dz\/arcgis-platform\/\" role=\"button\"><br \/>\n\t\t\t\t\t\tEn savoir plus sur ArcGIS \u2192<br \/>\n\t\t\t\t\t<\/a><\/p>\n<h3>Lire les blogs\u00a0<\/h3>\n<p>L&#8217;\u00e9quipe de d\u00e9veloppement d&#8217;Esri est toujours ravie de partager conseils et astuces, nouvelles fonctionnalit\u00e9s et exp\u00e9riences utilisateurs via les blogs ArcGIS.<\/p>\n<p>\t\t\t<a href=\"https:\/\/www.esri.com\/search?filter=Blogs&#038;q=operations+dashboard&#038;search=Search\" target=\"_blank\" role=\"button\" rel=\"noopener\"><br \/>\n\t\t\t\t\t\tLire le blog ArcGIS<br \/>\n\t\t\t\t\t<\/a><\/p>\n<h3 style=\"text-align: center;\">Rejoindre la conversation<\/h3>\n<p style=\"text-align: center;\">Faites une halte pour apprendre des autres, obtenir des r\u00e9ponses aux questions, donner votre avis et acc\u00e9der aux informations les plus r\u00e9centes sur l&#8217;application.<\/p>\n<p>\t\t\t<a href=\"https:\/\/community.esri.com\/community\/gis\/applications\/operations-dashboard-for-arcgis\" target=\"_blank\" role=\"button\" rel=\"noopener\"><br \/>\n\t\t\t\t\t\tVisitez notre communaut\u00e9 Esri Community<br \/>\n\t\t\t\t\t<\/a><\/p>\n<h1>Testez ArcGIS Dashboards <\/h1>\n<p>\t\t\t<a href=\"https:\/\/www.esri.com\/en-us\/arcgis\/products\/operations-dashboard\/free-trial\" target=\"_blank\" role=\"button\" rel=\"noopener\"><br \/>\n\t\t\t\t\t\t D\u00e9marrez votre essai<br \/>\n\t\t\t\t\t<\/a><\/p>\n<h1>Vous avez une question ? c&#8217;est \u00e0 vous ! <\/h1>\n<p>\t\t[wpforms id=&#8221;2349&#8243; title=&#8221;false&#8221; description=&#8221;false&#8221;]<\/p>\n","protected":false},"excerpt":{"rendered":"<p>ArcGIS Dashboards Vos informations en un coup d\u2019\u0153il, \u00e0 destination de ceux qui en ont besoin ArcGIS Dashboards permet aux utilisateurs de communiquer des informations en pr\u00e9sentant des analyses g\u00e9ographiques \u00e0 l\u2019aide de visualisations de donn\u00e9es intuitives et interactives sur un seul \u00e9cran. Toute organisation qui utilise la plateforme ArcGIS peut tirer parti d\u2019ArcGIS Dashboards [&hellip;]<\/p>\n","protected":false},"author":1,"featured_media":0,"parent":0,"menu_order":0,"comment_status":"closed","ping_status":"closed","template":"","meta":{"footnotes":""},"class_list":["post-1429","page","type-page","status-publish","hentry"],"blocksy_meta":{"styles_descriptor":{"styles":{"desktop":"","tablet":"","mobile":""},"google_fonts":[]}},"yoast_head":"<!-- This site is optimized with the Yoast SEO plugin v25.3 - https:\/\/yoast.com\/wordpress\/plugins\/seo\/ -->\n<title>ArcGIS Dashboards - Gismed spa<\/title>\n<meta name=\"robots\" content=\"index, follow, max-snippet:-1, max-image-preview:large, max-video-preview:-1\" \/>\n<link rel=\"canonical\" href=\"https:\/\/gismedalgerie.dz\/index.php\/arcgis-dashboards-3\/\" \/>\n<meta property=\"og:locale\" content=\"fr_FR\" \/>\n<meta property=\"og:type\" content=\"article\" \/>\n<meta property=\"og:title\" content=\"ArcGIS Dashboards - Gismed spa\" \/>\n<meta property=\"og:description\" content=\"ArcGIS Dashboards Vos informations en un coup d\u2019\u0153il, \u00e0 destination de ceux qui en ont besoin ArcGIS Dashboards permet aux utilisateurs de communiquer des informations en pr\u00e9sentant des analyses g\u00e9ographiques \u00e0 l\u2019aide de visualisations de donn\u00e9es intuitives et interactives sur un seul \u00e9cran. Toute organisation qui utilise la plateforme ArcGIS peut tirer parti d\u2019ArcGIS Dashboards [&hellip;]\" \/>\n<meta property=\"og:url\" content=\"https:\/\/gismedalgerie.dz\/index.php\/arcgis-dashboards-3\/\" \/>\n<meta property=\"og:site_name\" content=\"Gismed spa\" \/>\n<meta property=\"og:image\" content=\"https:\/\/gismedalgerie.dz\/wp-content\/uploads\/elementor\/thumbs\/arcgis-dashboards-p8bgovchz7dm9c93dl6fc6esf6rrq6olppi3c4ruhs.png\" \/>\n<meta name=\"twitter:card\" content=\"summary_large_image\" \/>\n<meta name=\"twitter:label1\" content=\"Dur\u00e9e de lecture estim\u00e9e\" \/>\n\t<meta name=\"twitter:data1\" content=\"3 minutes\" \/>\n<script type=\"application\/ld+json\" class=\"yoast-schema-graph\">{\"@context\":\"https:\/\/schema.org\",\"@graph\":[{\"@type\":\"WebPage\",\"@id\":\"https:\/\/gismedalgerie.dz\/index.php\/arcgis-dashboards-3\/\",\"url\":\"https:\/\/gismedalgerie.dz\/index.php\/arcgis-dashboards-3\/\",\"name\":\"ArcGIS Dashboards - Gismed spa\",\"isPartOf\":{\"@id\":\"https:\/\/gismedalgerie.dz\/#website\"},\"primaryImageOfPage\":{\"@id\":\"https:\/\/gismedalgerie.dz\/index.php\/arcgis-dashboards-3\/#primaryimage\"},\"image\":{\"@id\":\"https:\/\/gismedalgerie.dz\/index.php\/arcgis-dashboards-3\/#primaryimage\"},\"thumbnailUrl\":\"https:\/\/gismedalgerie.dz\/wp-content\/uploads\/elementor\/thumbs\/arcgis-dashboards-p8bgovchz7dm9c93dl6fc6esf6rrq6olppi3c4ruhs.png\",\"datePublished\":\"2021-05-18T11:13:26+00:00\",\"breadcrumb\":{\"@id\":\"https:\/\/gismedalgerie.dz\/index.php\/arcgis-dashboards-3\/#breadcrumb\"},\"inLanguage\":\"fr-FR\",\"potentialAction\":[{\"@type\":\"ReadAction\",\"target\":[\"https:\/\/gismedalgerie.dz\/index.php\/arcgis-dashboards-3\/\"]}]},{\"@type\":\"ImageObject\",\"inLanguage\":\"fr-FR\",\"@id\":\"https:\/\/gismedalgerie.dz\/index.php\/arcgis-dashboards-3\/#primaryimage\",\"url\":\"https:\/\/gismedalgerie.dz\/wp-content\/uploads\/elementor\/thumbs\/arcgis-dashboards-p8bgovchz7dm9c93dl6fc6esf6rrq6olppi3c4ruhs.png\",\"contentUrl\":\"https:\/\/gismedalgerie.dz\/wp-content\/uploads\/elementor\/thumbs\/arcgis-dashboards-p8bgovchz7dm9c93dl6fc6esf6rrq6olppi3c4ruhs.png\"},{\"@type\":\"BreadcrumbList\",\"@id\":\"https:\/\/gismedalgerie.dz\/index.php\/arcgis-dashboards-3\/#breadcrumb\",\"itemListElement\":[{\"@type\":\"ListItem\",\"position\":1,\"name\":\"Accueil\",\"item\":\"https:\/\/gismedalgerie.dz\/\"},{\"@type\":\"ListItem\",\"position\":2,\"name\":\"ArcGIS Dashboards\"}]},{\"@type\":\"WebSite\",\"@id\":\"https:\/\/gismedalgerie.dz\/#website\",\"url\":\"https:\/\/gismedalgerie.dz\/\",\"name\":\"Gismed spa\",\"description\":\"\",\"potentialAction\":[{\"@type\":\"SearchAction\",\"target\":{\"@type\":\"EntryPoint\",\"urlTemplate\":\"https:\/\/gismedalgerie.dz\/?s={search_term_string}\"},\"query-input\":{\"@type\":\"PropertyValueSpecification\",\"valueRequired\":true,\"valueName\":\"search_term_string\"}}],\"inLanguage\":\"fr-FR\"}]}<\/script>\n<!-- \/ Yoast SEO plugin. -->","yoast_head_json":{"title":"ArcGIS Dashboards - Gismed spa","robots":{"index":"index","follow":"follow","max-snippet":"max-snippet:-1","max-image-preview":"max-image-preview:large","max-video-preview":"max-video-preview:-1"},"canonical":"https:\/\/gismedalgerie.dz\/index.php\/arcgis-dashboards-3\/","og_locale":"fr_FR","og_type":"article","og_title":"ArcGIS Dashboards - Gismed spa","og_description":"ArcGIS Dashboards Vos informations en un coup d\u2019\u0153il, \u00e0 destination de ceux qui en ont besoin ArcGIS Dashboards permet aux utilisateurs de communiquer des informations en pr\u00e9sentant des analyses g\u00e9ographiques \u00e0 l\u2019aide de visualisations de donn\u00e9es intuitives et interactives sur un seul \u00e9cran. Toute organisation qui utilise la plateforme ArcGIS peut tirer parti d\u2019ArcGIS Dashboards [&hellip;]","og_url":"https:\/\/gismedalgerie.dz\/index.php\/arcgis-dashboards-3\/","og_site_name":"Gismed spa","og_image":[{"url":"https:\/\/gismedalgerie.dz\/wp-content\/uploads\/elementor\/thumbs\/arcgis-dashboards-p8bgovchz7dm9c93dl6fc6esf6rrq6olppi3c4ruhs.png","type":"","width":"","height":""}],"twitter_card":"summary_large_image","twitter_misc":{"Dur\u00e9e de lecture estim\u00e9e":"3 minutes"},"schema":{"@context":"https:\/\/schema.org","@graph":[{"@type":"WebPage","@id":"https:\/\/gismedalgerie.dz\/index.php\/arcgis-dashboards-3\/","url":"https:\/\/gismedalgerie.dz\/index.php\/arcgis-dashboards-3\/","name":"ArcGIS Dashboards - Gismed spa","isPartOf":{"@id":"https:\/\/gismedalgerie.dz\/#website"},"primaryImageOfPage":{"@id":"https:\/\/gismedalgerie.dz\/index.php\/arcgis-dashboards-3\/#primaryimage"},"image":{"@id":"https:\/\/gismedalgerie.dz\/index.php\/arcgis-dashboards-3\/#primaryimage"},"thumbnailUrl":"https:\/\/gismedalgerie.dz\/wp-content\/uploads\/elementor\/thumbs\/arcgis-dashboards-p8bgovchz7dm9c93dl6fc6esf6rrq6olppi3c4ruhs.png","datePublished":"2021-05-18T11:13:26+00:00","breadcrumb":{"@id":"https:\/\/gismedalgerie.dz\/index.php\/arcgis-dashboards-3\/#breadcrumb"},"inLanguage":"fr-FR","potentialAction":[{"@type":"ReadAction","target":["https:\/\/gismedalgerie.dz\/index.php\/arcgis-dashboards-3\/"]}]},{"@type":"ImageObject","inLanguage":"fr-FR","@id":"https:\/\/gismedalgerie.dz\/index.php\/arcgis-dashboards-3\/#primaryimage","url":"https:\/\/gismedalgerie.dz\/wp-content\/uploads\/elementor\/thumbs\/arcgis-dashboards-p8bgovchz7dm9c93dl6fc6esf6rrq6olppi3c4ruhs.png","contentUrl":"https:\/\/gismedalgerie.dz\/wp-content\/uploads\/elementor\/thumbs\/arcgis-dashboards-p8bgovchz7dm9c93dl6fc6esf6rrq6olppi3c4ruhs.png"},{"@type":"BreadcrumbList","@id":"https:\/\/gismedalgerie.dz\/index.php\/arcgis-dashboards-3\/#breadcrumb","itemListElement":[{"@type":"ListItem","position":1,"name":"Accueil","item":"https:\/\/gismedalgerie.dz\/"},{"@type":"ListItem","position":2,"name":"ArcGIS Dashboards"}]},{"@type":"WebSite","@id":"https:\/\/gismedalgerie.dz\/#website","url":"https:\/\/gismedalgerie.dz\/","name":"Gismed spa","description":"","potentialAction":[{"@type":"SearchAction","target":{"@type":"EntryPoint","urlTemplate":"https:\/\/gismedalgerie.dz\/?s={search_term_string}"},"query-input":{"@type":"PropertyValueSpecification","valueRequired":true,"valueName":"search_term_string"}}],"inLanguage":"fr-FR"}]}},"_links":{"self":[{"href":"https:\/\/gismedalgerie.dz\/index.php\/wp-json\/wp\/v2\/pages\/1429","targetHints":{"allow":["GET"]}}],"collection":[{"href":"https:\/\/gismedalgerie.dz\/index.php\/wp-json\/wp\/v2\/pages"}],"about":[{"href":"https:\/\/gismedalgerie.dz\/index.php\/wp-json\/wp\/v2\/types\/page"}],"author":[{"embeddable":true,"href":"https:\/\/gismedalgerie.dz\/index.php\/wp-json\/wp\/v2\/users\/1"}],"replies":[{"embeddable":true,"href":"https:\/\/gismedalgerie.dz\/index.php\/wp-json\/wp\/v2\/comments?post=1429"}],"version-history":[{"count":1,"href":"https:\/\/gismedalgerie.dz\/index.php\/wp-json\/wp\/v2\/pages\/1429\/revisions"}],"predecessor-version":[{"id":5205,"href":"https:\/\/gismedalgerie.dz\/index.php\/wp-json\/wp\/v2\/pages\/1429\/revisions\/5205"}],"wp:attachment":[{"href":"https:\/\/gismedalgerie.dz\/index.php\/wp-json\/wp\/v2\/media?parent=1429"}],"curies":[{"name":"wp","href":"https:\/\/api.w.org\/{rel}","templated":true}]}}